{"id":1050,"date":"2017-08-18T14:40:06","date_gmt":"2017-08-18T12:40:06","guid":{"rendered":"https:\/\/chirurgie-main-pied.fr\/?page_id=1050"},"modified":"2020-08-18T15:09:42","modified_gmt":"2020-08-18T13:09:42","slug":"corinne-guide","status":"publish","type":"page","link":"https:\/\/hallux-valgus-nice.fr\/en\/corinne-guide\/","title":{"rendered":"corinne guide"},"content":{"rendered":"<p>[et_pb_section fb_built=\u00a0\u00bb1&Prime; _builder_version=\u00a0\u00bb3.23.3&Prime;][et_pb_row _builder_version=\u00a0\u00bb3.23.3&Prime;][et_pb_column type=\u00a0\u00bb1_4&Prime; _builder_version=\u00a0\u00bb3.23.3&Prime;][et_pb_image src=\u00a0\u00bbhttp:\/\/hallux-valgus-nice.fr\/wp-content\/uploads\/2020\/08\/nextnet-agence-communication-freelance-nice-corinne-animal-logo-10-guide.jpg\u00a0\u00bb _builder_version=\u00a0\u00bb3.23.3&Prime;][\/et_pb_image][\/et_pb_column][et_pb_column type=\u00a0\u00bb3_4&Prime; _builder_version=\u00a0\u00bb3.23.3&Prime;][et_pb_text _builder_version=\u00a0\u00bb3.23.3&Prime;]<\/p>\n<h2>Corinne Animal<\/h2>\n<p style=\"text-align: left;\">\nQu\u2019est ce que la Communication Animale ?<\/p>\n<p>Who hasn't dreamed of knowing what's going on in the head of their pet.<\/p>\n<p>Pourquoi pleure-t-il ? Pourquoi aboie-t-il ? Est-il heureux ? Et bien oui c\u2019est possible de communiquer avec son animal !<\/p>\n<p>Passionn\u00e9e d\u2019animaux depuis toujours, j\u2019ai choisi la communication animale afin de me rapprocher du monde animalier.<\/p>\n<p>Je souhaite vous transmettre mon enseignement afin qu\u2019il vous aide \u00e0 mieux comprendre les animaux, \u00e0 am\u00e9liorer leur bien-\u00eatre ainsi que le v\u00f4tre. Non, ce n\u2019est pas un don, c\u2019est accessible \u00e0 tout le monde m\u00eame aux enfants !<\/p>\n<p>Il suffit de se reconnecter \u00e0 nos 5 sens <\/p>\n<p>Apprenez \u00e0 communiquer avec eux, \u00e0 d\u00e9velopper vos intuitions, \u00e0 \u00eatre attentif \u00e0 leurs messages.\n<\/p>\n<p>[\/et_pb_text][et_pb_button button_text=\u00a0\u00bbAller sur le site\u00a0\u00bb _builder_version=\u00a0\u00bb3.23.3&Prime; button_url=\u00a0\u00bbhttps:\/\/corinne-com-animale.com\/\u00a0\u00bb][\/et_pb_button][\/et_pb_column][\/et_pb_row][\/et_pb_section]<\/p>","protected":false},"excerpt":{"rendered":"<p>Corinne Animal Qu\u2019est ce que la Communication Animale ? Qui n\u2019a pas r\u00eav\u00e9 de savoir ce qu\u2019il se passe dans la t\u00eate de son animal. Pourquoi pleure-t-il ? Pourquoi aboie-t-il ? Est-il heureux ? Et bien oui c\u2019est possible de communiquer avec son animal ! Passionn\u00e9e d\u2019animaux depuis toujours, j\u2019ai choisi la communication animale afin [&hellip;]<\/p>","protected":false},"author":4,"featured_media":0,"parent":0,"menu_order":0,"comment_status":"closed","ping_status":"closed","template":"","meta":{"_et_pb_use_builder":"on","_et_pb_old_content":"","_et_gb_content_width":""},"yoast_head":"<!-- This site is optimized with the Yoast SEO plugin v18.1 - https:\/\/yoast.com\/wordpress\/plugins\/seo\/ -->\n<title>corinne guide - Hallux Valgus Nice | Chirurgie pied Nice<\/title>\n<meta name=\"robots\" content=\"index, follow, max-snippet:-1, max-image-preview:large, max-video-preview:-1\" \/>\n<link rel=\"canonical\" href=\"https:\/\/hallux-valgus-nice.fr\/en\/corinne-guide\/\" \/>\n<meta property=\"og:locale\" content=\"en_US\" \/>\n<meta property=\"og:type\" content=\"article\" \/>\n<meta property=\"og:title\" content=\"corinne guide - Hallux Valgus Nice | Chirurgie pied Nice\" \/>\n<meta property=\"og:description\" content=\"Corinne Animal Qu\u2019est ce que la Communication Animale ? Qui n\u2019a pas r\u00eav\u00e9 de savoir ce qu\u2019il se passe dans la t\u00eate de son animal. Pourquoi pleure-t-il ? Pourquoi aboie-t-il ? Est-il heureux ? Et bien oui c\u2019est possible de communiquer avec son animal ! Passionn\u00e9e d\u2019animaux depuis toujours, j\u2019ai choisi la communication animale afin [&hellip;]\" \/>\n<meta property=\"og:url\" content=\"https:\/\/hallux-valgus-nice.fr\/en\/corinne-guide\/\" \/>\n<meta property=\"og:site_name\" content=\"Hallux Valgus Nice | Chirurgie pied Nice\" \/>\n<meta property=\"article:modified_time\" content=\"2020-08-18T13:09:42+00:00\" \/>\n<meta name=\"twitter:card\" content=\"summary_large_image\" \/>\n<meta name=\"twitter:label1\" content=\"Est. reading time\" \/>\n\t<meta name=\"twitter:data1\" content=\"1 minute\" \/>\n<script type=\"application\/ld+json\" class=\"yoast-schema-graph\">{\"@context\":\"https:\/\/schema.org\",\"@graph\":[{\"@type\":\"WebSite\",\"@id\":\"https:\/\/hallux-valgus-nice.fr\/#website\",\"url\":\"https:\/\/hallux-valgus-nice.fr\/\",\"name\":\"Hallux Valgus Nice | Chirurgie pied Nice\",\"description\":\"Docteur Eddy BECQUET | Chirurgien du pied et de la main \u00e0 Nice\",\"potentialAction\":[{\"@type\":\"SearchAction\",\"target\":{\"@type\":\"EntryPoint\",\"urlTemplate\":\"https:\/\/hallux-valgus-nice.fr\/?s={search_term_string}\"},\"query-input\":\"required name=search_term_string\"}],\"inLanguage\":\"en-US\"},{\"@type\":\"WebPage\",\"@id\":\"https:\/\/hallux-valgus-nice.fr\/corinne-guide\/#webpage\",\"url\":\"https:\/\/hallux-valgus-nice.fr\/corinne-guide\/\",\"name\":\"corinne guide - Hallux Valgus Nice | Chirurgie pied Nice\",\"isPartOf\":{\"@id\":\"https:\/\/hallux-valgus-nice.fr\/#website\"},\"datePublished\":\"2017-08-18T12:40:06+00:00\",\"dateModified\":\"2020-08-18T13:09:42+00:00\",\"breadcrumb\":{\"@id\":\"https:\/\/hallux-valgus-nice.fr\/corinne-guide\/#breadcrumb\"},\"inLanguage\":\"en-US\",\"potentialAction\":[{\"@type\":\"ReadAction\",\"target\":[\"https:\/\/hallux-valgus-nice.fr\/corinne-guide\/\"]}]},{\"@type\":\"BreadcrumbList\",\"@id\":\"https:\/\/hallux-valgus-nice.fr\/corinne-guide\/#breadcrumb\",\"itemListElement\":[{\"@type\":\"ListItem\",\"position\":1,\"name\":\"Accueil\",\"item\":\"https:\/\/hallux-valgus-nice.fr\/\"},{\"@type\":\"ListItem\",\"position\":2,\"name\":\"corinne guide\"}]}]}<\/script>\n<!-- \/ Yoast SEO plugin. -->","yoast_head_json":{"title":"corinne guide - Hallux Valgus Nice | Chirurgie pied Nice","robots":{"index":"index","follow":"follow","max-snippet":"max-snippet:-1","max-image-preview":"max-image-preview:large","max-video-preview":"max-video-preview:-1"},"canonical":"https:\/\/hallux-valgus-nice.fr\/en\/corinne-guide\/","og_locale":"en_US","og_type":"article","og_title":"corinne guide - Hallux Valgus Nice | Chirurgie pied Nice","og_description":"Corinne Animal Qu\u2019est ce que la Communication Animale ? Qui n\u2019a pas r\u00eav\u00e9 de savoir ce qu\u2019il se passe dans la t\u00eate de son animal. Pourquoi pleure-t-il ? Pourquoi aboie-t-il ? Est-il heureux ? Et bien oui c\u2019est possible de communiquer avec son animal ! Passionn\u00e9e d\u2019animaux depuis toujours, j\u2019ai choisi la communication animale afin [&hellip;]","og_url":"https:\/\/hallux-valgus-nice.fr\/en\/corinne-guide\/","og_site_name":"Hallux Valgus Nice | Chirurgie pied Nice","article_modified_time":"2020-08-18T13:09:42+00:00","twitter_card":"summary_large_image","twitter_misc":{"Est. reading time":"1 minute"},"schema":{"@context":"https:\/\/schema.org","@graph":[{"@type":"WebSite","@id":"https:\/\/hallux-valgus-nice.fr\/#website","url":"https:\/\/hallux-valgus-nice.fr\/","name":"Hallux Valgus Nice | Chirurgie pied Nice","description":"Docteur Eddy BECQUET | Chirurgien du pied et de la main \u00e0 Nice","potentialAction":[{"@type":"SearchAction","target":{"@type":"EntryPoint","urlTemplate":"https:\/\/hallux-valgus-nice.fr\/?s={search_term_string}"},"query-input":"required name=search_term_string"}],"inLanguage":"en-US"},{"@type":"WebPage","@id":"https:\/\/hallux-valgus-nice.fr\/corinne-guide\/#webpage","url":"https:\/\/hallux-valgus-nice.fr\/corinne-guide\/","name":"corinne guide - Hallux Valgus Nice | Chirurgie pied Nice","isPartOf":{"@id":"https:\/\/hallux-valgus-nice.fr\/#website"},"datePublished":"2017-08-18T12:40:06+00:00","dateModified":"2020-08-18T13:09:42+00:00","breadcrumb":{"@id":"https:\/\/hallux-valgus-nice.fr\/corinne-guide\/#breadcrumb"},"inLanguage":"en-US","potentialAction":[{"@type":"ReadAction","target":["https:\/\/hallux-valgus-nice.fr\/corinne-guide\/"]}]},{"@type":"BreadcrumbList","@id":"https:\/\/hallux-valgus-nice.fr\/corinne-guide\/#breadcrumb","itemListElement":[{"@type":"ListItem","position":1,"name":"Accueil","item":"https:\/\/hallux-valgus-nice.fr\/"},{"@type":"ListItem","position":2,"name":"corinne guide"}]}]}},"_links":{"self":[{"href":"https:\/\/hallux-valgus-nice.fr\/en\/wp-json\/wp\/v2\/pages\/1050"}],"collection":[{"href":"https:\/\/hallux-valgus-nice.fr\/en\/wp-json\/wp\/v2\/pages"}],"about":[{"href":"https:\/\/hallux-valgus-nice.fr\/en\/wp-json\/wp\/v2\/types\/page"}],"author":[{"embeddable":true,"href":"https:\/\/hallux-valgus-nice.fr\/en\/wp-json\/wp\/v2\/users\/4"}],"replies":[{"embeddable":true,"href":"https:\/\/hallux-valgus-nice.fr\/en\/wp-json\/wp\/v2\/comments?post=1050"}],"version-history":[{"count":4,"href":"https:\/\/hallux-valgus-nice.fr\/en\/wp-json\/wp\/v2\/pages\/1050\/revisions"}],"predecessor-version":[{"id":1184,"href":"https:\/\/hallux-valgus-nice.fr\/en\/wp-json\/wp\/v2\/pages\/1050\/revisions\/1184"}],"wp:attachment":[{"href":"https:\/\/hallux-valgus-nice.fr\/en\/wp-json\/wp\/v2\/media?parent=1050"}],"curies":[{"name":"wp","href":"https:\/\/api.w.org\/{rel}","templated":true}]}}