{"id":1077,"date":"2017-08-18T14:42:12","date_gmt":"2017-08-18T12:42:12","guid":{"rendered":"https:\/\/chirurgie-main-pied.fr\/?page_id=1077"},"modified":"2020-08-18T15:09:47","modified_gmt":"2020-08-18T13:09:47","slug":"guide-subvision","status":"publish","type":"page","link":"https:\/\/hallux-valgus-nice.fr\/en\/guide-subvision\/","title":{"rendered":"subvision guide"},"content":{"rendered":"<p>[et_pb_section fb_built=\u00a0\u00bb1&Prime; _builder_version=\u00a0\u00bb3.23.3&Prime;][et_pb_row _builder_version=\u00a0\u00bb3.23.3&Prime;][et_pb_column type=\u00a0\u00bb1_4&Prime; _builder_version=\u00a0\u00bb3.23.3&Prime;][et_pb_image src=\u00a0\u00bbhttp:\/\/hallux-valgus-nice.fr\/wp-content\/uploads\/2020\/08\/nextnet-agence-communication-freelance-nice-subvision-mockup-12-guide.jpg\u00a0\u00bb _builder_version=\u00a0\u00bb3.23.3&Prime;][\/et_pb_image][\/et_pb_column][et_pb_column type=\u00a0\u00bb3_4&Prime; _builder_version=\u00a0\u00bb3.23.3&Prime;][et_pb_text _builder_version=\u00a0\u00bb3.23.3&Prime;]<\/p>\n<h2>Subscription<\/h2>\n<p style=\"text-align: left;\">Plong\u00e9e Passion Professionnalisme<\/p>\n<p style=\"text-align: left;\">Le centre de plong\u00e9e Subvision est une structure professionnelle du 06 agr\u00e9\u00e9e par l\u2019organisation Scuba School International SSI, la CMAS (FSGT et FFESSM) dirig\u00e9e par deux moniteurs dipl\u00f4m\u00e9s d\u2019\u00e9tat reconnus pour leur professionnalisme.<\/p>\n<p>Notre \u00e9quipe \u00e0 pour objectif de faire profiter nos clients des magnifiques sites de plong\u00e9e du 06, en particulier ceux de la baie de Golfe Juan et des \u00eeles de L\u00e9rins, entre Cannes et Nice, en variant les sites au maximum. Nous proposons des sorties \u00e0 la journ\u00e9e avec d\u00e9jeuner sur les \u00eeles de L\u00e9rins ou des plong\u00e9es de nuit suivies d\u2019un barbecue \u00e0 bord, afin de varier les plaisir de nos clients, sans aucun compromis sur la s\u00e9curit\u00e9.<\/p>\n<p>[\/et_pb_text][et_pb_button button_text=\u00a0\u00bbAller sur le site\u00a0\u00bb _builder_version=\u00a0\u00bb3.23.3&Prime; button_url=\u00a0\u00bbhttps:\/\/nextnet.fr\/wp34b5\/\u00a0\u00bb][\/et_pb_button][\/et_pb_column][\/et_pb_row][\/et_pb_section]<\/p>","protected":false},"excerpt":{"rendered":"<p>Subvision Plong\u00e9e Passion Professionnalisme Le centre de plong\u00e9e Subvision est une structure professionnelle du 06 agr\u00e9\u00e9e par l\u2019organisation Scuba School International SSI, la CMAS (FSGT et FFESSM) dirig\u00e9e par deux moniteurs dipl\u00f4m\u00e9s d\u2019\u00e9tat reconnus pour leur professionnalisme. Notre \u00e9quipe \u00e0 pour objectif de faire profiter nos clients des magnifiques sites de plong\u00e9e du 06, en [&hellip;]<\/p>","protected":false},"author":4,"featured_media":0,"parent":0,"menu_order":0,"comment_status":"closed","ping_status":"closed","template":"","meta":{"_et_pb_use_builder":"on","_et_pb_old_content":"","_et_gb_content_width":""},"yoast_head":"<!-- This site is optimized with the Yoast SEO plugin v18.1 - https:\/\/yoast.com\/wordpress\/plugins\/seo\/ -->\n<title>guide subvision - Hallux Valgus Nice | Chirurgie pied Nice<\/title>\n<meta name=\"robots\" content=\"index, follow, max-snippet:-1, max-image-preview:large, max-video-preview:-1\" \/>\n<link rel=\"canonical\" href=\"https:\/\/hallux-valgus-nice.fr\/en\/guide-subvision\/\" \/>\n<meta property=\"og:locale\" content=\"en_US\" \/>\n<meta property=\"og:type\" content=\"article\" \/>\n<meta property=\"og:title\" content=\"guide subvision - Hallux Valgus Nice | Chirurgie pied Nice\" \/>\n<meta property=\"og:description\" content=\"Subvision Plong\u00e9e Passion Professionnalisme Le centre de plong\u00e9e Subvision est une structure professionnelle du 06 agr\u00e9\u00e9e par l\u2019organisation Scuba School International SSI, la CMAS (FSGT et FFESSM) dirig\u00e9e par deux moniteurs dipl\u00f4m\u00e9s d\u2019\u00e9tat reconnus pour leur professionnalisme. Notre \u00e9quipe \u00e0 pour objectif de faire profiter nos clients des magnifiques sites de plong\u00e9e du 06, en [&hellip;]\" \/>\n<meta property=\"og:url\" content=\"https:\/\/hallux-valgus-nice.fr\/en\/guide-subvision\/\" \/>\n<meta property=\"og:site_name\" content=\"Hallux Valgus Nice | Chirurgie pied Nice\" \/>\n<meta property=\"article:modified_time\" content=\"2020-08-18T13:09:47+00:00\" \/>\n<meta name=\"twitter:card\" content=\"summary_large_image\" \/>\n<meta name=\"twitter:label1\" content=\"Est. reading time\" \/>\n\t<meta name=\"twitter:data1\" content=\"1 minute\" \/>\n<script type=\"application\/ld+json\" class=\"yoast-schema-graph\">{\"@context\":\"https:\/\/schema.org\",\"@graph\":[{\"@type\":\"WebSite\",\"@id\":\"https:\/\/hallux-valgus-nice.fr\/#website\",\"url\":\"https:\/\/hallux-valgus-nice.fr\/\",\"name\":\"Hallux Valgus Nice | Chirurgie pied Nice\",\"description\":\"Docteur Eddy BECQUET | Chirurgien du pied et de la main \u00e0 Nice\",\"potentialAction\":[{\"@type\":\"SearchAction\",\"target\":{\"@type\":\"EntryPoint\",\"urlTemplate\":\"https:\/\/hallux-valgus-nice.fr\/?s={search_term_string}\"},\"query-input\":\"required name=search_term_string\"}],\"inLanguage\":\"en-US\"},{\"@type\":\"WebPage\",\"@id\":\"https:\/\/hallux-valgus-nice.fr\/guide-subvision\/#webpage\",\"url\":\"https:\/\/hallux-valgus-nice.fr\/guide-subvision\/\",\"name\":\"guide subvision - Hallux Valgus Nice | Chirurgie pied Nice\",\"isPartOf\":{\"@id\":\"https:\/\/hallux-valgus-nice.fr\/#website\"},\"datePublished\":\"2017-08-18T12:42:12+00:00\",\"dateModified\":\"2020-08-18T13:09:47+00:00\",\"breadcrumb\":{\"@id\":\"https:\/\/hallux-valgus-nice.fr\/guide-subvision\/#breadcrumb\"},\"inLanguage\":\"en-US\",\"potentialAction\":[{\"@type\":\"ReadAction\",\"target\":[\"https:\/\/hallux-valgus-nice.fr\/guide-subvision\/\"]}]},{\"@type\":\"BreadcrumbList\",\"@id\":\"https:\/\/hallux-valgus-nice.fr\/guide-subvision\/#breadcrumb\",\"itemListElement\":[{\"@type\":\"ListItem\",\"position\":1,\"name\":\"Accueil\",\"item\":\"https:\/\/hallux-valgus-nice.fr\/\"},{\"@type\":\"ListItem\",\"position\":2,\"name\":\"guide subvision\"}]}]}<\/script>\n<!-- \/ Yoast SEO plugin. -->","yoast_head_json":{"title":"guide subvision - Hallux Valgus Nice | Chirurgie pied Nice","robots":{"index":"index","follow":"follow","max-snippet":"max-snippet:-1","max-image-preview":"max-image-preview:large","max-video-preview":"max-video-preview:-1"},"canonical":"https:\/\/hallux-valgus-nice.fr\/en\/guide-subvision\/","og_locale":"en_US","og_type":"article","og_title":"guide subvision - Hallux Valgus Nice | Chirurgie pied Nice","og_description":"Subvision Plong\u00e9e Passion Professionnalisme Le centre de plong\u00e9e Subvision est une structure professionnelle du 06 agr\u00e9\u00e9e par l\u2019organisation Scuba School International SSI, la CMAS (FSGT et FFESSM) dirig\u00e9e par deux moniteurs dipl\u00f4m\u00e9s d\u2019\u00e9tat reconnus pour leur professionnalisme. Notre \u00e9quipe \u00e0 pour objectif de faire profiter nos clients des magnifiques sites de plong\u00e9e du 06, en [&hellip;]","og_url":"https:\/\/hallux-valgus-nice.fr\/en\/guide-subvision\/","og_site_name":"Hallux Valgus Nice | Chirurgie pied Nice","article_modified_time":"2020-08-18T13:09:47+00:00","twitter_card":"summary_large_image","twitter_misc":{"Est. reading time":"1 minute"},"schema":{"@context":"https:\/\/schema.org","@graph":[{"@type":"WebSite","@id":"https:\/\/hallux-valgus-nice.fr\/#website","url":"https:\/\/hallux-valgus-nice.fr\/","name":"Hallux Valgus Nice | Chirurgie pied Nice","description":"Docteur Eddy BECQUET | Chirurgien du pied et de la main \u00e0 Nice","potentialAction":[{"@type":"SearchAction","target":{"@type":"EntryPoint","urlTemplate":"https:\/\/hallux-valgus-nice.fr\/?s={search_term_string}"},"query-input":"required name=search_term_string"}],"inLanguage":"en-US"},{"@type":"WebPage","@id":"https:\/\/hallux-valgus-nice.fr\/guide-subvision\/#webpage","url":"https:\/\/hallux-valgus-nice.fr\/guide-subvision\/","name":"guide subvision - Hallux Valgus Nice | Chirurgie pied Nice","isPartOf":{"@id":"https:\/\/hallux-valgus-nice.fr\/#website"},"datePublished":"2017-08-18T12:42:12+00:00","dateModified":"2020-08-18T13:09:47+00:00","breadcrumb":{"@id":"https:\/\/hallux-valgus-nice.fr\/guide-subvision\/#breadcrumb"},"inLanguage":"en-US","potentialAction":[{"@type":"ReadAction","target":["https:\/\/hallux-valgus-nice.fr\/guide-subvision\/"]}]},{"@type":"BreadcrumbList","@id":"https:\/\/hallux-valgus-nice.fr\/guide-subvision\/#breadcrumb","itemListElement":[{"@type":"ListItem","position":1,"name":"Accueil","item":"https:\/\/hallux-valgus-nice.fr\/"},{"@type":"ListItem","position":2,"name":"guide subvision"}]}]}},"_links":{"self":[{"href":"https:\/\/hallux-valgus-nice.fr\/en\/wp-json\/wp\/v2\/pages\/1077"}],"collection":[{"href":"https:\/\/hallux-valgus-nice.fr\/en\/wp-json\/wp\/v2\/pages"}],"about":[{"href":"https:\/\/hallux-valgus-nice.fr\/en\/wp-json\/wp\/v2\/types\/page"}],"author":[{"embeddable":true,"href":"https:\/\/hallux-valgus-nice.fr\/en\/wp-json\/wp\/v2\/users\/4"}],"replies":[{"embeddable":true,"href":"https:\/\/hallux-valgus-nice.fr\/en\/wp-json\/wp\/v2\/comments?post=1077"}],"version-history":[{"count":3,"href":"https:\/\/hallux-valgus-nice.fr\/en\/wp-json\/wp\/v2\/pages\/1077\/revisions"}],"predecessor-version":[{"id":1190,"href":"https:\/\/hallux-valgus-nice.fr\/en\/wp-json\/wp\/v2\/pages\/1077\/revisions\/1190"}],"wp:attachment":[{"href":"https:\/\/hallux-valgus-nice.fr\/en\/wp-json\/wp\/v2\/media?parent=1077"}],"curies":[{"name":"wp","href":"https:\/\/api.w.org\/{rel}","templated":true}]}}