{"id":1080,"date":"2017-08-18T14:42:13","date_gmt":"2017-08-18T12:42:13","guid":{"rendered":"https:\/\/chirurgie-main-pied.fr\/?page_id=1080"},"modified":"2020-08-18T15:09:52","modified_gmt":"2020-08-18T13:09:52","slug":"guide-nouvel-hotel","status":"publish","type":"page","link":"https:\/\/hallux-valgus-nice.fr\/en\/guide-nouvel-hotel\/","title":{"rendered":"new hotel guide"},"content":{"rendered":"<p>[et_pb_section fb_built=\u00a0\u00bb1&Prime; _builder_version=\u00a0\u00bb3.23.3&Prime;][et_pb_row _builder_version=\u00a0\u00bb3.23.3&Prime;][et_pb_column type=\u00a0\u00bb1_4&Prime; _builder_version=\u00a0\u00bb3.23.3&Prime;][et_pb_image src=\u00a0\u00bbhttp:\/\/hallux-valgus-nice.fr\/wp-content\/uploads\/2020\/08\/nextnet-agence-communication-freelance-nice-nouvel-hotel-mockup-6-guide.jpg\u00a0\u00bb _builder_version=\u00a0\u00bb3.23.3&Prime;][\/et_pb_image][\/et_pb_column][et_pb_column type=\u00a0\u00bb3_4&Prime; _builder_version=\u00a0\u00bb3.23.3&Prime;][et_pb_text _builder_version=\u00a0\u00bb3.23.3&Prime;]<\/p>\n<h2>New Hotel<\/h2>\n<p style=\"text-align: left;\">Notre h\u00f4tel situ\u00e9 au bord de mer a une situation in\u00e9galable au centre-ville de Saint-Rapha\u00ebl, \u00e0 1 minute \u00e0 pied de la plage de sable fin, \u00e0 3 minutes \u00e0 pied des gares TGV et routi\u00e8re, \u00e0 5 minutes \u00e0 pied du Vieux port pour les d\u00e9parts de Saint-Rapha\u00ebl en bateau navette pour Saint-Tropez, Cannes ou \u00eeles de L\u00e9rins. <\/p>\n<p>Nous serons heureux de vous accueillir dans notre petit h\u00f4tel de bord de mer \u00e0 Saint-Rapha\u00ebl, o\u00f9 nous offrons \u00e0 nos clients, un service familial et convivial, vous vous sentirez chez vous avec un tarif accessible \u00e0 tous !<\/p>\n<p>D\u00e9tendez-vous en vous installant confortablement dans votre chambre. Toutes nos chambres de l\u2019h\u00f4tel offrent de nombreuses prestations telles qu\u2019une d\u00e9coration diff\u00e9rente, un t\u00e9l\u00e9viseur \u00e0 \u00e9cran plat, une connexion wifi gratuite.<\/p>\n<p>Pendant votre s\u00e9jour \u00e0 Saint-Rapha\u00ebl, vous pourrez d\u00e9guster une cuisine exceptionnelle m\u00e9diterran\u00e9enne ou profiter d\u2019une journ\u00e9e de d\u00e9tente \u00e0 la plage situ\u00e9e \u00e0 30 m\u00e8tres de l\u2019h\u00f4tel.<\/p>\n<p>Choisissez notre h\u00f4tel pour organiser vos vacances ou votre prochain week-end \u00e0 Saint-Rapha\u00ebl.<\/p>\n<p>[\/et_pb_text][et_pb_button button_text=\u00a0\u00bbAller sur le site\u00a0\u00bb _builder_version=\u00a0\u00bb3.23.3&Prime; button_url=\u00a0\u00bbhttps:\/\/nouvelhotel.net\/\u00a0\u00bb][\/et_pb_button][\/et_pb_column][\/et_pb_row][\/et_pb_section]<\/p>","protected":false},"excerpt":{"rendered":"<p>Nouvel H\u00f4tel Notre h\u00f4tel situ\u00e9 au bord de mer a une situation in\u00e9galable au centre-ville de Saint-Rapha\u00ebl, \u00e0 1 minute \u00e0 pied de la plage de sable fin, \u00e0 3 minutes \u00e0 pied des gares TGV et routi\u00e8re, \u00e0 5 minutes \u00e0 pied du Vieux port pour les d\u00e9parts de Saint-Rapha\u00ebl en bateau navette pour [&hellip;]<\/p>","protected":false},"author":4,"featured_media":0,"parent":0,"menu_order":0,"comment_status":"closed","ping_status":"closed","template":"","meta":{"_et_pb_use_builder":"on","_et_pb_old_content":"","_et_gb_content_width":""},"yoast_head":"<!-- This site is optimized with the Yoast SEO plugin v18.1 - https:\/\/yoast.com\/wordpress\/plugins\/seo\/ -->\n<title>guide nouvel hotel - Hallux Valgus Nice | Chirurgie pied Nice<\/title>\n<meta name=\"robots\" content=\"index, follow, max-snippet:-1, max-image-preview:large, max-video-preview:-1\" \/>\n<link rel=\"canonical\" href=\"https:\/\/hallux-valgus-nice.fr\/en\/guide-nouvel-hotel\/\" \/>\n<meta property=\"og:locale\" content=\"en_US\" \/>\n<meta property=\"og:type\" content=\"article\" \/>\n<meta property=\"og:title\" content=\"guide nouvel hotel - Hallux Valgus Nice | Chirurgie pied Nice\" \/>\n<meta property=\"og:description\" content=\"Nouvel H\u00f4tel Notre h\u00f4tel situ\u00e9 au bord de mer a une situation in\u00e9galable au centre-ville de Saint-Rapha\u00ebl, \u00e0 1 minute \u00e0 pied de la plage de sable fin, \u00e0 3 minutes \u00e0 pied des gares TGV et routi\u00e8re, \u00e0 5 minutes \u00e0 pied du Vieux port pour les d\u00e9parts de Saint-Rapha\u00ebl en bateau navette pour [&hellip;]\" \/>\n<meta property=\"og:url\" content=\"https:\/\/hallux-valgus-nice.fr\/en\/guide-nouvel-hotel\/\" \/>\n<meta property=\"og:site_name\" content=\"Hallux Valgus Nice | Chirurgie pied Nice\" \/>\n<meta property=\"article:modified_time\" content=\"2020-08-18T13:09:52+00:00\" \/>\n<meta name=\"twitter:card\" content=\"summary_large_image\" \/>\n<meta name=\"twitter:label1\" content=\"Est. reading time\" \/>\n\t<meta name=\"twitter:data1\" content=\"1 minute\" \/>\n<script type=\"application\/ld+json\" class=\"yoast-schema-graph\">{\"@context\":\"https:\/\/schema.org\",\"@graph\":[{\"@type\":\"WebSite\",\"@id\":\"https:\/\/hallux-valgus-nice.fr\/#website\",\"url\":\"https:\/\/hallux-valgus-nice.fr\/\",\"name\":\"Hallux Valgus Nice | Chirurgie pied Nice\",\"description\":\"Docteur Eddy BECQUET | Chirurgien du pied et de la main \u00e0 Nice\",\"potentialAction\":[{\"@type\":\"SearchAction\",\"target\":{\"@type\":\"EntryPoint\",\"urlTemplate\":\"https:\/\/hallux-valgus-nice.fr\/?s={search_term_string}\"},\"query-input\":\"required name=search_term_string\"}],\"inLanguage\":\"en-US\"},{\"@type\":\"WebPage\",\"@id\":\"https:\/\/hallux-valgus-nice.fr\/guide-nouvel-hotel\/#webpage\",\"url\":\"https:\/\/hallux-valgus-nice.fr\/guide-nouvel-hotel\/\",\"name\":\"guide nouvel hotel - Hallux Valgus Nice | Chirurgie pied Nice\",\"isPartOf\":{\"@id\":\"https:\/\/hallux-valgus-nice.fr\/#website\"},\"datePublished\":\"2017-08-18T12:42:13+00:00\",\"dateModified\":\"2020-08-18T13:09:52+00:00\",\"breadcrumb\":{\"@id\":\"https:\/\/hallux-valgus-nice.fr\/guide-nouvel-hotel\/#breadcrumb\"},\"inLanguage\":\"en-US\",\"potentialAction\":[{\"@type\":\"ReadAction\",\"target\":[\"https:\/\/hallux-valgus-nice.fr\/guide-nouvel-hotel\/\"]}]},{\"@type\":\"BreadcrumbList\",\"@id\":\"https:\/\/hallux-valgus-nice.fr\/guide-nouvel-hotel\/#breadcrumb\",\"itemListElement\":[{\"@type\":\"ListItem\",\"position\":1,\"name\":\"Accueil\",\"item\":\"https:\/\/hallux-valgus-nice.fr\/\"},{\"@type\":\"ListItem\",\"position\":2,\"name\":\"guide nouvel hotel\"}]}]}<\/script>\n<!-- \/ Yoast SEO plugin. -->","yoast_head_json":{"title":"guide nouvel hotel - Hallux Valgus Nice | Chirurgie pied Nice","robots":{"index":"index","follow":"follow","max-snippet":"max-snippet:-1","max-image-preview":"max-image-preview:large","max-video-preview":"max-video-preview:-1"},"canonical":"https:\/\/hallux-valgus-nice.fr\/en\/guide-nouvel-hotel\/","og_locale":"en_US","og_type":"article","og_title":"guide nouvel hotel - Hallux Valgus Nice | Chirurgie pied Nice","og_description":"Nouvel H\u00f4tel Notre h\u00f4tel situ\u00e9 au bord de mer a une situation in\u00e9galable au centre-ville de Saint-Rapha\u00ebl, \u00e0 1 minute \u00e0 pied de la plage de sable fin, \u00e0 3 minutes \u00e0 pied des gares TGV et routi\u00e8re, \u00e0 5 minutes \u00e0 pied du Vieux port pour les d\u00e9parts de Saint-Rapha\u00ebl en bateau navette pour [&hellip;]","og_url":"https:\/\/hallux-valgus-nice.fr\/en\/guide-nouvel-hotel\/","og_site_name":"Hallux Valgus Nice | Chirurgie pied Nice","article_modified_time":"2020-08-18T13:09:52+00:00","twitter_card":"summary_large_image","twitter_misc":{"Est. reading time":"1 minute"},"schema":{"@context":"https:\/\/schema.org","@graph":[{"@type":"WebSite","@id":"https:\/\/hallux-valgus-nice.fr\/#website","url":"https:\/\/hallux-valgus-nice.fr\/","name":"Hallux Valgus Nice | Chirurgie pied Nice","description":"Docteur Eddy BECQUET | Chirurgien du pied et de la main \u00e0 Nice","potentialAction":[{"@type":"SearchAction","target":{"@type":"EntryPoint","urlTemplate":"https:\/\/hallux-valgus-nice.fr\/?s={search_term_string}"},"query-input":"required name=search_term_string"}],"inLanguage":"en-US"},{"@type":"WebPage","@id":"https:\/\/hallux-valgus-nice.fr\/guide-nouvel-hotel\/#webpage","url":"https:\/\/hallux-valgus-nice.fr\/guide-nouvel-hotel\/","name":"guide nouvel hotel - Hallux Valgus Nice | Chirurgie pied Nice","isPartOf":{"@id":"https:\/\/hallux-valgus-nice.fr\/#website"},"datePublished":"2017-08-18T12:42:13+00:00","dateModified":"2020-08-18T13:09:52+00:00","breadcrumb":{"@id":"https:\/\/hallux-valgus-nice.fr\/guide-nouvel-hotel\/#breadcrumb"},"inLanguage":"en-US","potentialAction":[{"@type":"ReadAction","target":["https:\/\/hallux-valgus-nice.fr\/guide-nouvel-hotel\/"]}]},{"@type":"BreadcrumbList","@id":"https:\/\/hallux-valgus-nice.fr\/guide-nouvel-hotel\/#breadcrumb","itemListElement":[{"@type":"ListItem","position":1,"name":"Accueil","item":"https:\/\/hallux-valgus-nice.fr\/"},{"@type":"ListItem","position":2,"name":"guide nouvel hotel"}]}]}},"_links":{"self":[{"href":"https:\/\/hallux-valgus-nice.fr\/en\/wp-json\/wp\/v2\/pages\/1080"}],"collection":[{"href":"https:\/\/hallux-valgus-nice.fr\/en\/wp-json\/wp\/v2\/pages"}],"about":[{"href":"https:\/\/hallux-valgus-nice.fr\/en\/wp-json\/wp\/v2\/types\/page"}],"author":[{"embeddable":true,"href":"https:\/\/hallux-valgus-nice.fr\/en\/wp-json\/wp\/v2\/users\/4"}],"replies":[{"embeddable":true,"href":"https:\/\/hallux-valgus-nice.fr\/en\/wp-json\/wp\/v2\/comments?post=1080"}],"version-history":[{"count":3,"href":"https:\/\/hallux-valgus-nice.fr\/en\/wp-json\/wp\/v2\/pages\/1080\/revisions"}],"predecessor-version":[{"id":1195,"href":"https:\/\/hallux-valgus-nice.fr\/en\/wp-json\/wp\/v2\/pages\/1080\/revisions\/1195"}],"wp:attachment":[{"href":"https:\/\/hallux-valgus-nice.fr\/en\/wp-json\/wp\/v2\/media?parent=1080"}],"curies":[{"name":"wp","href":"https:\/\/api.w.org\/{rel}","templated":true}]}}