{"id":1082,"date":"2017-08-18T14:42:14","date_gmt":"2017-08-18T12:42:14","guid":{"rendered":"https:\/\/chirurgie-main-pied.fr\/?page_id=1082"},"modified":"2020-08-18T15:09:58","modified_gmt":"2020-08-18T13:09:58","slug":"guide-hugo-and-son","status":"publish","type":"page","link":"https:\/\/hallux-valgus-nice.fr\/en\/guide-hugo-and-son\/","title":{"rendered":"guide hugo and son"},"content":{"rendered":"<p>[et_pb_section fb_built=\u00a0\u00bb1&Prime; _builder_version=\u00a0\u00bb3.23.3&Prime;][et_pb_row _builder_version=\u00a0\u00bb3.23.3&Prime;][et_pb_column type=\u00a0\u00bb1_4&Prime; _builder_version=\u00a0\u00bb3.23.3&Prime;][et_pb_image src=\u00a0\u00bbhttp:\/\/hallux-valgus-nice.fr\/wp-content\/uploads\/2020\/08\/nextnet-agence-communication-freelance-nice-hugo-and-son-mockup-46-guide.jpg\u00a0\u00bb _builder_version=\u00a0\u00bb3.23.3&Prime;][\/et_pb_image][\/et_pb_column][et_pb_column type=\u00a0\u00bb3_4&Prime; _builder_version=\u00a0\u00bb3.23.3&Prime;][et_pb_text _builder_version=\u00a0\u00bb3.23.3&Prime;]<\/p>\n<h2>Hugo and Son<\/h2>\n<p style=\"text-align: left;\">Bracelets homme et enfant<br \/>\nCREATION ET FABRICATION FRANCAISE<\/p>\n<p>Nous garantissons une fabrication fran\u00e7aise, toutes nos pi\u00e8ces sont r\u00e9alis\u00e9es \u00e0 la main dans notre atelier de Beaulieu-sur-Mer, avec la plus grande attention sur les finitions. Vous recevrez votre bijou dans une pochette en toile comprenant notre logo HUGO &#038; SON.<\/p>\n<p>Les bijoux homme et enfant HUGO &#038; SON sont compos\u00e9s de pierres fines naturelles. Ces pierres semi pr\u00e9cieuses apportent aux cr\u00e9ations une \u00e9l\u00e9gance incomparable. Elles permettent aussi de garantir un bijou qui ne s&rsquo;alt\u00e8rera pas au fil du temps.<\/p>\n<p>La livraison est gratuite \u00e0 destination de la France et de Monaco, en lettre suivie. <\/p>\n<p>[\/et_pb_text][et_pb_button button_text=\u00a0\u00bbAller sur le site\u00a0\u00bb _builder_version=\u00a0\u00bb3.23.3&Prime; button_url=\u00a0\u00bbhttps:\/\/hugo-and-son.com\/\u00a0\u00bb][\/et_pb_button][\/et_pb_column][\/et_pb_row][\/et_pb_section]<\/p>","protected":false},"excerpt":{"rendered":"<p>Hugo and Son Bracelets homme et enfant CREATION ET FABRICATION FRANCAISE Nous garantissons une fabrication fran\u00e7aise, toutes nos pi\u00e8ces sont r\u00e9alis\u00e9es \u00e0 la main dans notre atelier de Beaulieu-sur-Mer, avec la plus grande attention sur les finitions. Vous recevrez votre bijou dans une pochette en toile comprenant notre logo HUGO &#038; SON. Les bijoux homme [&hellip;]<\/p>","protected":false},"author":4,"featured_media":0,"parent":0,"menu_order":0,"comment_status":"closed","ping_status":"closed","template":"","meta":{"_et_pb_use_builder":"on","_et_pb_old_content":"","_et_gb_content_width":""},"yoast_head":"<!-- This site is optimized with the Yoast SEO plugin v18.1 - https:\/\/yoast.com\/wordpress\/plugins\/seo\/ -->\n<title>guide hugo and son - Hallux Valgus Nice | Chirurgie pied Nice<\/title>\n<meta name=\"robots\" content=\"index, follow, max-snippet:-1, max-image-preview:large, max-video-preview:-1\" \/>\n<link rel=\"canonical\" href=\"https:\/\/hallux-valgus-nice.fr\/en\/guide-hugo-and-son\/\" \/>\n<meta property=\"og:locale\" content=\"en_US\" \/>\n<meta property=\"og:type\" content=\"article\" \/>\n<meta property=\"og:title\" content=\"guide hugo and son - Hallux Valgus Nice | Chirurgie pied Nice\" \/>\n<meta property=\"og:description\" content=\"Hugo and Son Bracelets homme et enfant CREATION ET FABRICATION FRANCAISE Nous garantissons une fabrication fran\u00e7aise, toutes nos pi\u00e8ces sont r\u00e9alis\u00e9es \u00e0 la main dans notre atelier de Beaulieu-sur-Mer, avec la plus grande attention sur les finitions. Vous recevrez votre bijou dans une pochette en toile comprenant notre logo HUGO &amp; SON. Les bijoux homme [&hellip;]\" \/>\n<meta property=\"og:url\" content=\"https:\/\/hallux-valgus-nice.fr\/en\/guide-hugo-and-son\/\" \/>\n<meta property=\"og:site_name\" content=\"Hallux Valgus Nice | Chirurgie pied Nice\" \/>\n<meta property=\"article:modified_time\" content=\"2020-08-18T13:09:58+00:00\" \/>\n<meta name=\"twitter:card\" content=\"summary_large_image\" \/>\n<meta name=\"twitter:label1\" content=\"Est. reading time\" \/>\n\t<meta name=\"twitter:data1\" content=\"1 minute\" \/>\n<script type=\"application\/ld+json\" class=\"yoast-schema-graph\">{\"@context\":\"https:\/\/schema.org\",\"@graph\":[{\"@type\":\"WebSite\",\"@id\":\"https:\/\/hallux-valgus-nice.fr\/#website\",\"url\":\"https:\/\/hallux-valgus-nice.fr\/\",\"name\":\"Hallux Valgus Nice | Chirurgie pied Nice\",\"description\":\"Docteur Eddy BECQUET | Chirurgien du pied et de la main \u00e0 Nice\",\"potentialAction\":[{\"@type\":\"SearchAction\",\"target\":{\"@type\":\"EntryPoint\",\"urlTemplate\":\"https:\/\/hallux-valgus-nice.fr\/?s={search_term_string}\"},\"query-input\":\"required name=search_term_string\"}],\"inLanguage\":\"en-US\"},{\"@type\":\"WebPage\",\"@id\":\"https:\/\/hallux-valgus-nice.fr\/guide-hugo-and-son\/#webpage\",\"url\":\"https:\/\/hallux-valgus-nice.fr\/guide-hugo-and-son\/\",\"name\":\"guide hugo and son - Hallux Valgus Nice | Chirurgie pied Nice\",\"isPartOf\":{\"@id\":\"https:\/\/hallux-valgus-nice.fr\/#website\"},\"datePublished\":\"2017-08-18T12:42:14+00:00\",\"dateModified\":\"2020-08-18T13:09:58+00:00\",\"breadcrumb\":{\"@id\":\"https:\/\/hallux-valgus-nice.fr\/guide-hugo-and-son\/#breadcrumb\"},\"inLanguage\":\"en-US\",\"potentialAction\":[{\"@type\":\"ReadAction\",\"target\":[\"https:\/\/hallux-valgus-nice.fr\/guide-hugo-and-son\/\"]}]},{\"@type\":\"BreadcrumbList\",\"@id\":\"https:\/\/hallux-valgus-nice.fr\/guide-hugo-and-son\/#breadcrumb\",\"itemListElement\":[{\"@type\":\"ListItem\",\"position\":1,\"name\":\"Accueil\",\"item\":\"https:\/\/hallux-valgus-nice.fr\/\"},{\"@type\":\"ListItem\",\"position\":2,\"name\":\"guide hugo and son\"}]}]}<\/script>\n<!-- \/ Yoast SEO plugin. -->","yoast_head_json":{"title":"guide hugo and son - Hallux Valgus Nice | Chirurgie pied Nice","robots":{"index":"index","follow":"follow","max-snippet":"max-snippet:-1","max-image-preview":"max-image-preview:large","max-video-preview":"max-video-preview:-1"},"canonical":"https:\/\/hallux-valgus-nice.fr\/en\/guide-hugo-and-son\/","og_locale":"en_US","og_type":"article","og_title":"guide hugo and son - Hallux Valgus Nice | Chirurgie pied Nice","og_description":"Hugo and Son Bracelets homme et enfant CREATION ET FABRICATION FRANCAISE Nous garantissons une fabrication fran\u00e7aise, toutes nos pi\u00e8ces sont r\u00e9alis\u00e9es \u00e0 la main dans notre atelier de Beaulieu-sur-Mer, avec la plus grande attention sur les finitions. Vous recevrez votre bijou dans une pochette en toile comprenant notre logo HUGO & SON. Les bijoux homme [&hellip;]","og_url":"https:\/\/hallux-valgus-nice.fr\/en\/guide-hugo-and-son\/","og_site_name":"Hallux Valgus Nice | Chirurgie pied Nice","article_modified_time":"2020-08-18T13:09:58+00:00","twitter_card":"summary_large_image","twitter_misc":{"Est. reading time":"1 minute"},"schema":{"@context":"https:\/\/schema.org","@graph":[{"@type":"WebSite","@id":"https:\/\/hallux-valgus-nice.fr\/#website","url":"https:\/\/hallux-valgus-nice.fr\/","name":"Hallux Valgus Nice | Chirurgie pied Nice","description":"Docteur Eddy BECQUET | Chirurgien du pied et de la main \u00e0 Nice","potentialAction":[{"@type":"SearchAction","target":{"@type":"EntryPoint","urlTemplate":"https:\/\/hallux-valgus-nice.fr\/?s={search_term_string}"},"query-input":"required name=search_term_string"}],"inLanguage":"en-US"},{"@type":"WebPage","@id":"https:\/\/hallux-valgus-nice.fr\/guide-hugo-and-son\/#webpage","url":"https:\/\/hallux-valgus-nice.fr\/guide-hugo-and-son\/","name":"guide hugo and son - Hallux Valgus Nice | Chirurgie pied Nice","isPartOf":{"@id":"https:\/\/hallux-valgus-nice.fr\/#website"},"datePublished":"2017-08-18T12:42:14+00:00","dateModified":"2020-08-18T13:09:58+00:00","breadcrumb":{"@id":"https:\/\/hallux-valgus-nice.fr\/guide-hugo-and-son\/#breadcrumb"},"inLanguage":"en-US","potentialAction":[{"@type":"ReadAction","target":["https:\/\/hallux-valgus-nice.fr\/guide-hugo-and-son\/"]}]},{"@type":"BreadcrumbList","@id":"https:\/\/hallux-valgus-nice.fr\/guide-hugo-and-son\/#breadcrumb","itemListElement":[{"@type":"ListItem","position":1,"name":"Accueil","item":"https:\/\/hallux-valgus-nice.fr\/"},{"@type":"ListItem","position":2,"name":"guide hugo and son"}]}]}},"_links":{"self":[{"href":"https:\/\/hallux-valgus-nice.fr\/en\/wp-json\/wp\/v2\/pages\/1082"}],"collection":[{"href":"https:\/\/hallux-valgus-nice.fr\/en\/wp-json\/wp\/v2\/pages"}],"about":[{"href":"https:\/\/hallux-valgus-nice.fr\/en\/wp-json\/wp\/v2\/types\/page"}],"author":[{"embeddable":true,"href":"https:\/\/hallux-valgus-nice.fr\/en\/wp-json\/wp\/v2\/users\/4"}],"replies":[{"embeddable":true,"href":"https:\/\/hallux-valgus-nice.fr\/en\/wp-json\/wp\/v2\/comments?post=1082"}],"version-history":[{"count":3,"href":"https:\/\/hallux-valgus-nice.fr\/en\/wp-json\/wp\/v2\/pages\/1082\/revisions"}],"predecessor-version":[{"id":1199,"href":"https:\/\/hallux-valgus-nice.fr\/en\/wp-json\/wp\/v2\/pages\/1082\/revisions\/1199"}],"wp:attachment":[{"href":"https:\/\/hallux-valgus-nice.fr\/en\/wp-json\/wp\/v2\/media?parent=1082"}],"curies":[{"name":"wp","href":"https:\/\/api.w.org\/{rel}","templated":true}]}}