{"id":1084,"date":"2017-08-18T14:42:14","date_gmt":"2017-08-18T12:42:14","guid":{"rendered":"https:\/\/chirurgie-main-pied.fr\/?page_id=1084"},"modified":"2020-08-18T15:13:39","modified_gmt":"2020-08-18T13:13:39","slug":"guide-manu-qualitoit","status":"publish","type":"page","link":"https:\/\/hallux-valgus-nice.fr\/en\/guide-manu-qualitoit\/","title":{"rendered":"guide manu qualitoit"},"content":{"rendered":"<p>[et_pb_section fb_built=\u00a0\u00bb1&Prime; _builder_version=\u00a0\u00bb3.23.3&Prime;][et_pb_row _builder_version=\u00a0\u00bb3.23.3&Prime;][et_pb_column type=\u00a0\u00bb1_4&Prime; _builder_version=\u00a0\u00bb3.23.3&Prime;][et_pb_image src=\u00a0\u00bbhttp:\/\/hallux-valgus-nice.fr\/wp-content\/uploads\/2020\/08\/nextnet-agence-communication-freelance-nice-manu-qualitoit-logo-2-guide.jpg\u00a0\u00bb _builder_version=\u00a0\u00bb3.23.3&Prime;][\/et_pb_image][\/et_pb_column][et_pb_column type=\u00a0\u00bb3_4&Prime; _builder_version=\u00a0\u00bb3.23.3&Prime;][et_pb_text _builder_version=\u00a0\u00bb3.23.3&Prime;]<\/p>\n<h2>Manu Qualitoit<\/h2>\n<p style=\"text-align: left;\">Analyzing your work, offering you freedom in your designs, allowing the integration of new materials, these are our skills.<\/p>\n<p>Pour tous vos travaux de charpente bois, zinguerie, couverture et \u00e9tanch\u00e9it\u00e9, Manu Qualitoit vous accompagne pour vos installations neuves et vos r\u00e9novations. <\/p>\n<p>Manu est un ma\u00eetre artisan sp\u00e9cialis\u00e9 dans les chantiers de couverture depuis plus de 20 ans et met \u00e0 votre disposition son exp\u00e9rience et sa comp\u00e9tence.<\/p>\n<p>Nous portons un soin important \u00e0 la qualit\u00e9 de nos chantiers, c\u2019est pourquoi nous travaillons principalement nos charpentes \u00e0 l\u2019ancienne.<br \/>\nUne technique fiable qui a fait ses preuves.<\/p>\n<p>De la pose d\u2019ardoise \u00e0 la zinguerie en passant par l\u2019ornementation, nous nous attachons \u00e0 servir les projets de chacun de nos clients, qu\u2019ils soient n\u00e9cessaire ou ambitieux.<\/p>\n<p>Notre \u00e9quipe vous conseille sur vos projets. Nous vous proposeront, sur DEVIS GRATUIT, des charpentes adapt\u00e9es \u00e0 votre maisons et tout type de couverture et zinguerie.<\/p>\n<p>[\/et_pb_text][et_pb_button button_text=\u00a0\u00bbAller sur le site\u00a0\u00bb _builder_version=\u00a0\u00bb3.23.3&Prime; button_url=\u00a0\u00bbhttps:\/\/manu-qualitoit.com\/wp1\/\u00a0\u00bb][\/et_pb_button][\/et_pb_column][\/et_pb_row][\/et_pb_section]<\/p>","protected":false},"excerpt":{"rendered":"<p>Manu Qualitoit Analyser vos travaux, vous offrir la libert\u00e9 dans vos conceptions, permettre l\u2019int\u00e9gration de nouveaux mat\u00e9riaux, ce sont nos savoir-faire. Pour tous vos travaux de charpente bois, zinguerie, couverture et \u00e9tanch\u00e9it\u00e9, Manu Qualitoit vous accompagne pour vos installations neuves et vos r\u00e9novations. Manu est un ma\u00eetre artisan sp\u00e9cialis\u00e9 dans les chantiers de couverture depuis [&hellip;]<\/p>","protected":false},"author":4,"featured_media":0,"parent":0,"menu_order":0,"comment_status":"closed","ping_status":"closed","template":"","meta":{"_et_pb_use_builder":"on","_et_pb_old_content":"","_et_gb_content_width":""},"yoast_head":"<!-- This site is optimized with the Yoast SEO plugin v18.1 - https:\/\/yoast.com\/wordpress\/plugins\/seo\/ -->\n<title>guide manu qualitoit - Hallux Valgus Nice | Chirurgie pied Nice<\/title>\n<meta name=\"robots\" content=\"index, follow, max-snippet:-1, max-image-preview:large, max-video-preview:-1\" \/>\n<link rel=\"canonical\" href=\"https:\/\/hallux-valgus-nice.fr\/en\/guide-manu-qualitoit\/\" \/>\n<meta property=\"og:locale\" content=\"en_US\" \/>\n<meta property=\"og:type\" content=\"article\" \/>\n<meta property=\"og:title\" content=\"guide manu qualitoit - Hallux Valgus Nice | Chirurgie pied Nice\" \/>\n<meta property=\"og:description\" content=\"Manu Qualitoit Analyser vos travaux, vous offrir la libert\u00e9 dans vos conceptions, permettre l\u2019int\u00e9gration de nouveaux mat\u00e9riaux, ce sont nos savoir-faire. Pour tous vos travaux de charpente bois, zinguerie, couverture et \u00e9tanch\u00e9it\u00e9, Manu Qualitoit vous accompagne pour vos installations neuves et vos r\u00e9novations. Manu est un ma\u00eetre artisan sp\u00e9cialis\u00e9 dans les chantiers de couverture depuis [&hellip;]\" \/>\n<meta property=\"og:url\" content=\"https:\/\/hallux-valgus-nice.fr\/en\/guide-manu-qualitoit\/\" \/>\n<meta property=\"og:site_name\" content=\"Hallux Valgus Nice | Chirurgie pied Nice\" \/>\n<meta property=\"article:modified_time\" content=\"2020-08-18T13:13:39+00:00\" \/>\n<meta name=\"twitter:card\" content=\"summary_large_image\" \/>\n<meta name=\"twitter:label1\" content=\"Est. reading time\" \/>\n\t<meta name=\"twitter:data1\" content=\"1 minute\" \/>\n<script type=\"application\/ld+json\" class=\"yoast-schema-graph\">{\"@context\":\"https:\/\/schema.org\",\"@graph\":[{\"@type\":\"WebSite\",\"@id\":\"https:\/\/hallux-valgus-nice.fr\/#website\",\"url\":\"https:\/\/hallux-valgus-nice.fr\/\",\"name\":\"Hallux Valgus Nice | Chirurgie pied Nice\",\"description\":\"Docteur Eddy BECQUET | Chirurgien du pied et de la main \u00e0 Nice\",\"potentialAction\":[{\"@type\":\"SearchAction\",\"target\":{\"@type\":\"EntryPoint\",\"urlTemplate\":\"https:\/\/hallux-valgus-nice.fr\/?s={search_term_string}\"},\"query-input\":\"required name=search_term_string\"}],\"inLanguage\":\"en-US\"},{\"@type\":\"WebPage\",\"@id\":\"https:\/\/hallux-valgus-nice.fr\/guide-manu-qualitoit\/#webpage\",\"url\":\"https:\/\/hallux-valgus-nice.fr\/guide-manu-qualitoit\/\",\"name\":\"guide manu qualitoit - Hallux Valgus Nice | Chirurgie pied Nice\",\"isPartOf\":{\"@id\":\"https:\/\/hallux-valgus-nice.fr\/#website\"},\"datePublished\":\"2017-08-18T12:42:14+00:00\",\"dateModified\":\"2020-08-18T13:13:39+00:00\",\"breadcrumb\":{\"@id\":\"https:\/\/hallux-valgus-nice.fr\/guide-manu-qualitoit\/#breadcrumb\"},\"inLanguage\":\"en-US\",\"potentialAction\":[{\"@type\":\"ReadAction\",\"target\":[\"https:\/\/hallux-valgus-nice.fr\/guide-manu-qualitoit\/\"]}]},{\"@type\":\"BreadcrumbList\",\"@id\":\"https:\/\/hallux-valgus-nice.fr\/guide-manu-qualitoit\/#breadcrumb\",\"itemListElement\":[{\"@type\":\"ListItem\",\"position\":1,\"name\":\"Accueil\",\"item\":\"https:\/\/hallux-valgus-nice.fr\/\"},{\"@type\":\"ListItem\",\"position\":2,\"name\":\"guide manu qualitoit\"}]}]}<\/script>\n<!-- \/ Yoast SEO plugin. -->","yoast_head_json":{"title":"guide manu qualitoit - Hallux Valgus Nice | Chirurgie pied Nice","robots":{"index":"index","follow":"follow","max-snippet":"max-snippet:-1","max-image-preview":"max-image-preview:large","max-video-preview":"max-video-preview:-1"},"canonical":"https:\/\/hallux-valgus-nice.fr\/en\/guide-manu-qualitoit\/","og_locale":"en_US","og_type":"article","og_title":"guide manu qualitoit - Hallux Valgus Nice | Chirurgie pied Nice","og_description":"Manu Qualitoit Analyser vos travaux, vous offrir la libert\u00e9 dans vos conceptions, permettre l\u2019int\u00e9gration de nouveaux mat\u00e9riaux, ce sont nos savoir-faire. Pour tous vos travaux de charpente bois, zinguerie, couverture et \u00e9tanch\u00e9it\u00e9, Manu Qualitoit vous accompagne pour vos installations neuves et vos r\u00e9novations. Manu est un ma\u00eetre artisan sp\u00e9cialis\u00e9 dans les chantiers de couverture depuis [&hellip;]","og_url":"https:\/\/hallux-valgus-nice.fr\/en\/guide-manu-qualitoit\/","og_site_name":"Hallux Valgus Nice | Chirurgie pied Nice","article_modified_time":"2020-08-18T13:13:39+00:00","twitter_card":"summary_large_image","twitter_misc":{"Est. reading time":"1 minute"},"schema":{"@context":"https:\/\/schema.org","@graph":[{"@type":"WebSite","@id":"https:\/\/hallux-valgus-nice.fr\/#website","url":"https:\/\/hallux-valgus-nice.fr\/","name":"Hallux Valgus Nice | Chirurgie pied Nice","description":"Docteur Eddy BECQUET | Chirurgien du pied et de la main \u00e0 Nice","potentialAction":[{"@type":"SearchAction","target":{"@type":"EntryPoint","urlTemplate":"https:\/\/hallux-valgus-nice.fr\/?s={search_term_string}"},"query-input":"required name=search_term_string"}],"inLanguage":"en-US"},{"@type":"WebPage","@id":"https:\/\/hallux-valgus-nice.fr\/guide-manu-qualitoit\/#webpage","url":"https:\/\/hallux-valgus-nice.fr\/guide-manu-qualitoit\/","name":"guide manu qualitoit - Hallux Valgus Nice | Chirurgie pied Nice","isPartOf":{"@id":"https:\/\/hallux-valgus-nice.fr\/#website"},"datePublished":"2017-08-18T12:42:14+00:00","dateModified":"2020-08-18T13:13:39+00:00","breadcrumb":{"@id":"https:\/\/hallux-valgus-nice.fr\/guide-manu-qualitoit\/#breadcrumb"},"inLanguage":"en-US","potentialAction":[{"@type":"ReadAction","target":["https:\/\/hallux-valgus-nice.fr\/guide-manu-qualitoit\/"]}]},{"@type":"BreadcrumbList","@id":"https:\/\/hallux-valgus-nice.fr\/guide-manu-qualitoit\/#breadcrumb","itemListElement":[{"@type":"ListItem","position":1,"name":"Accueil","item":"https:\/\/hallux-valgus-nice.fr\/"},{"@type":"ListItem","position":2,"name":"guide manu qualitoit"}]}]}},"_links":{"self":[{"href":"https:\/\/hallux-valgus-nice.fr\/en\/wp-json\/wp\/v2\/pages\/1084"}],"collection":[{"href":"https:\/\/hallux-valgus-nice.fr\/en\/wp-json\/wp\/v2\/pages"}],"about":[{"href":"https:\/\/hallux-valgus-nice.fr\/en\/wp-json\/wp\/v2\/types\/page"}],"author":[{"embeddable":true,"href":"https:\/\/hallux-valgus-nice.fr\/en\/wp-json\/wp\/v2\/users\/4"}],"replies":[{"embeddable":true,"href":"https:\/\/hallux-valgus-nice.fr\/en\/wp-json\/wp\/v2\/comments?post=1084"}],"version-history":[{"count":3,"href":"https:\/\/hallux-valgus-nice.fr\/en\/wp-json\/wp\/v2\/pages\/1084\/revisions"}],"predecessor-version":[{"id":1204,"href":"https:\/\/hallux-valgus-nice.fr\/en\/wp-json\/wp\/v2\/pages\/1084\/revisions\/1204"}],"wp:attachment":[{"href":"https:\/\/hallux-valgus-nice.fr\/en\/wp-json\/wp\/v2\/media?parent=1084"}],"curies":[{"name":"wp","href":"https:\/\/api.w.org\/{rel}","templated":true}]}}