{"id":1088,"date":"2017-08-18T14:42:23","date_gmt":"2017-08-18T12:42:23","guid":{"rendered":"https:\/\/chirurgie-main-pied.fr\/?page_id=1088"},"modified":"2020-08-18T15:13:46","modified_gmt":"2020-08-18T13:13:46","slug":"guide-9editions","status":"publish","type":"page","link":"https:\/\/hallux-valgus-nice.fr\/en\/guide-9editions\/","title":{"rendered":"9editions guide"},"content":{"rendered":"<p>[et_pb_section fb_built=\u00a0\u00bb1&Prime; _builder_version=\u00a0\u00bb3.23.3&Prime;][et_pb_row _builder_version=\u00a0\u00bb3.23.3&Prime;][et_pb_column type=\u00a0\u00bb1_4&Prime; _builder_version=\u00a0\u00bb3.23.3&Prime;][et_pb_image src=\u00a0\u00bbhttp:\/\/hallux-valgus-nice.fr\/wp-content\/uploads\/2020\/08\/nextnet-agence-communication-freelance-nice-9editions-mockup-guide.jpg\u00a0\u00bb _builder_version=\u00a0\u00bb3.23.3&Prime;][\/et_pb_image][\/et_pb_column][et_pb_column type=\u00a0\u00bb3_4&Prime; _builder_version=\u00a0\u00bb3.23.3&Prime;][et_pb_text _builder_version=\u00a0\u00bb3.23.3&Prime;]<\/p>\n<h2>9 editions<\/h2>\n<p style=\"text-align: left;\">Nos \u00e9quipes sont compos\u00e9es de sp\u00e9cialistes de la publication litt\u00e9raire : maquettistes, correctrices, biographes, infographistes\u2026 Nous sommes au c\u00f4t\u00e9 des auteurs pour les conseiller et les aider dans toutes les \u00e9tapes de la fabrication et\/ ou de la diffusion de leurs livres.<\/p>\n<p>Ainsi 9 \u00e9ditions met les expertises et comp\u00e9tences de chacun \u00e0 votre service ; pour permettre de faire conna\u00eetre les auteurs et leurs \u0153uvres dans un march\u00e9 du livre qui ne cesse de grandir chaque jour.<\/p>\n<p>En effet, nous utiliserons tous les outils de l\u2019information et de la communication \u00e0 notre disposition pour partager et faire d\u00e9couvrir vos \u00e9crits \u00e0 vos lecteurs. Aussi nous proposons des solutions adapt\u00e9es et personnalis\u00e9es pour tous et ce quels que soient leurs modes de publication.<br \/>\nComment am\u00e9liorer votre visibilit\u00e9 et votre promotion<\/p>\n<p>Vous pouvez nous retrouver sur les r\u00e9seaux sociaux comme Facebook, Twitter, Instagram ou encore LinkedIn et nous r\u00e9alisons de petits spots promotionnels pour les livres de nos auteurs gr\u00e2ce \u00e0 notre cha\u00eene YouTube.<\/p>\n<p>N\u2019h\u00e9sitez pas \u00e0 nous contacter afin que nous puissions parler de votre projet litt\u00e9raire !\u201d<\/p>\n<p>[\/et_pb_text][et_pb_button button_text=\u00a0\u00bbAller sur le site\u00a0\u00bb _builder_version=\u00a0\u00bb3.23.3&Prime; button_url=\u00a0\u00bbhttps:\/\/9editions.com\/\u00a0\u00bb][\/et_pb_button][\/et_pb_column][\/et_pb_row][\/et_pb_section]<\/p>","protected":false},"excerpt":{"rendered":"<p>9 \u00e9ditions Nos \u00e9quipes sont compos\u00e9es de sp\u00e9cialistes de la publication litt\u00e9raire : maquettistes, correctrices, biographes, infographistes\u2026 Nous sommes au c\u00f4t\u00e9 des auteurs pour les conseiller et les aider dans toutes les \u00e9tapes de la fabrication et\/ ou de la diffusion de leurs livres. Ainsi 9 \u00e9ditions met les expertises et comp\u00e9tences de chacun \u00e0 [&hellip;]<\/p>","protected":false},"author":4,"featured_media":0,"parent":0,"menu_order":0,"comment_status":"closed","ping_status":"closed","template":"","meta":{"_et_pb_use_builder":"on","_et_pb_old_content":"","_et_gb_content_width":""},"yoast_head":"<!-- This site is optimized with the Yoast SEO plugin v18.1 - https:\/\/yoast.com\/wordpress\/plugins\/seo\/ -->\n<title>guide 9editions - Hallux Valgus Nice | Chirurgie pied Nice<\/title>\n<meta name=\"robots\" content=\"index, follow, max-snippet:-1, max-image-preview:large, max-video-preview:-1\" \/>\n<link rel=\"canonical\" href=\"https:\/\/hallux-valgus-nice.fr\/en\/guide-9editions\/\" \/>\n<meta property=\"og:locale\" content=\"en_US\" \/>\n<meta property=\"og:type\" content=\"article\" \/>\n<meta property=\"og:title\" content=\"guide 9editions - Hallux Valgus Nice | Chirurgie pied Nice\" \/>\n<meta property=\"og:description\" content=\"9 \u00e9ditions Nos \u00e9quipes sont compos\u00e9es de sp\u00e9cialistes de la publication litt\u00e9raire : maquettistes, correctrices, biographes, infographistes\u2026 Nous sommes au c\u00f4t\u00e9 des auteurs pour les conseiller et les aider dans toutes les \u00e9tapes de la fabrication et\/ ou de la diffusion de leurs livres. Ainsi 9 \u00e9ditions met les expertises et comp\u00e9tences de chacun \u00e0 [&hellip;]\" \/>\n<meta property=\"og:url\" content=\"https:\/\/hallux-valgus-nice.fr\/en\/guide-9editions\/\" \/>\n<meta property=\"og:site_name\" content=\"Hallux Valgus Nice | Chirurgie pied Nice\" \/>\n<meta property=\"article:modified_time\" content=\"2020-08-18T13:13:46+00:00\" \/>\n<meta name=\"twitter:card\" content=\"summary_large_image\" \/>\n<meta name=\"twitter:label1\" content=\"Est. reading time\" \/>\n\t<meta name=\"twitter:data1\" content=\"1 minute\" \/>\n<script type=\"application\/ld+json\" class=\"yoast-schema-graph\">{\"@context\":\"https:\/\/schema.org\",\"@graph\":[{\"@type\":\"WebSite\",\"@id\":\"https:\/\/hallux-valgus-nice.fr\/#website\",\"url\":\"https:\/\/hallux-valgus-nice.fr\/\",\"name\":\"Hallux Valgus Nice | Chirurgie pied Nice\",\"description\":\"Docteur Eddy BECQUET | Chirurgien du pied et de la main \u00e0 Nice\",\"potentialAction\":[{\"@type\":\"SearchAction\",\"target\":{\"@type\":\"EntryPoint\",\"urlTemplate\":\"https:\/\/hallux-valgus-nice.fr\/?s={search_term_string}\"},\"query-input\":\"required name=search_term_string\"}],\"inLanguage\":\"en-US\"},{\"@type\":\"WebPage\",\"@id\":\"https:\/\/hallux-valgus-nice.fr\/guide-9editions\/#webpage\",\"url\":\"https:\/\/hallux-valgus-nice.fr\/guide-9editions\/\",\"name\":\"guide 9editions - Hallux Valgus Nice | Chirurgie pied Nice\",\"isPartOf\":{\"@id\":\"https:\/\/hallux-valgus-nice.fr\/#website\"},\"datePublished\":\"2017-08-18T12:42:23+00:00\",\"dateModified\":\"2020-08-18T13:13:46+00:00\",\"breadcrumb\":{\"@id\":\"https:\/\/hallux-valgus-nice.fr\/guide-9editions\/#breadcrumb\"},\"inLanguage\":\"en-US\",\"potentialAction\":[{\"@type\":\"ReadAction\",\"target\":[\"https:\/\/hallux-valgus-nice.fr\/guide-9editions\/\"]}]},{\"@type\":\"BreadcrumbList\",\"@id\":\"https:\/\/hallux-valgus-nice.fr\/guide-9editions\/#breadcrumb\",\"itemListElement\":[{\"@type\":\"ListItem\",\"position\":1,\"name\":\"Accueil\",\"item\":\"https:\/\/hallux-valgus-nice.fr\/\"},{\"@type\":\"ListItem\",\"position\":2,\"name\":\"guide 9editions\"}]}]}<\/script>\n<!-- \/ Yoast SEO plugin. -->","yoast_head_json":{"title":"guide 9editions - Hallux Valgus Nice | Chirurgie pied Nice","robots":{"index":"index","follow":"follow","max-snippet":"max-snippet:-1","max-image-preview":"max-image-preview:large","max-video-preview":"max-video-preview:-1"},"canonical":"https:\/\/hallux-valgus-nice.fr\/en\/guide-9editions\/","og_locale":"en_US","og_type":"article","og_title":"guide 9editions - Hallux Valgus Nice | Chirurgie pied Nice","og_description":"9 \u00e9ditions Nos \u00e9quipes sont compos\u00e9es de sp\u00e9cialistes de la publication litt\u00e9raire : maquettistes, correctrices, biographes, infographistes\u2026 Nous sommes au c\u00f4t\u00e9 des auteurs pour les conseiller et les aider dans toutes les \u00e9tapes de la fabrication et\/ ou de la diffusion de leurs livres. Ainsi 9 \u00e9ditions met les expertises et comp\u00e9tences de chacun \u00e0 [&hellip;]","og_url":"https:\/\/hallux-valgus-nice.fr\/en\/guide-9editions\/","og_site_name":"Hallux Valgus Nice | Chirurgie pied Nice","article_modified_time":"2020-08-18T13:13:46+00:00","twitter_card":"summary_large_image","twitter_misc":{"Est. reading time":"1 minute"},"schema":{"@context":"https:\/\/schema.org","@graph":[{"@type":"WebSite","@id":"https:\/\/hallux-valgus-nice.fr\/#website","url":"https:\/\/hallux-valgus-nice.fr\/","name":"Hallux Valgus Nice | Chirurgie pied Nice","description":"Docteur Eddy BECQUET | Chirurgien du pied et de la main \u00e0 Nice","potentialAction":[{"@type":"SearchAction","target":{"@type":"EntryPoint","urlTemplate":"https:\/\/hallux-valgus-nice.fr\/?s={search_term_string}"},"query-input":"required name=search_term_string"}],"inLanguage":"en-US"},{"@type":"WebPage","@id":"https:\/\/hallux-valgus-nice.fr\/guide-9editions\/#webpage","url":"https:\/\/hallux-valgus-nice.fr\/guide-9editions\/","name":"guide 9editions - Hallux Valgus Nice | Chirurgie pied Nice","isPartOf":{"@id":"https:\/\/hallux-valgus-nice.fr\/#website"},"datePublished":"2017-08-18T12:42:23+00:00","dateModified":"2020-08-18T13:13:46+00:00","breadcrumb":{"@id":"https:\/\/hallux-valgus-nice.fr\/guide-9editions\/#breadcrumb"},"inLanguage":"en-US","potentialAction":[{"@type":"ReadAction","target":["https:\/\/hallux-valgus-nice.fr\/guide-9editions\/"]}]},{"@type":"BreadcrumbList","@id":"https:\/\/hallux-valgus-nice.fr\/guide-9editions\/#breadcrumb","itemListElement":[{"@type":"ListItem","position":1,"name":"Accueil","item":"https:\/\/hallux-valgus-nice.fr\/"},{"@type":"ListItem","position":2,"name":"guide 9editions"}]}]}},"_links":{"self":[{"href":"https:\/\/hallux-valgus-nice.fr\/en\/wp-json\/wp\/v2\/pages\/1088"}],"collection":[{"href":"https:\/\/hallux-valgus-nice.fr\/en\/wp-json\/wp\/v2\/pages"}],"about":[{"href":"https:\/\/hallux-valgus-nice.fr\/en\/wp-json\/wp\/v2\/types\/page"}],"author":[{"embeddable":true,"href":"https:\/\/hallux-valgus-nice.fr\/en\/wp-json\/wp\/v2\/users\/4"}],"replies":[{"embeddable":true,"href":"https:\/\/hallux-valgus-nice.fr\/en\/wp-json\/wp\/v2\/comments?post=1088"}],"version-history":[{"count":3,"href":"https:\/\/hallux-valgus-nice.fr\/en\/wp-json\/wp\/v2\/pages\/1088\/revisions"}],"predecessor-version":[{"id":1208,"href":"https:\/\/hallux-valgus-nice.fr\/en\/wp-json\/wp\/v2\/pages\/1088\/revisions\/1208"}],"wp:attachment":[{"href":"https:\/\/hallux-valgus-nice.fr\/en\/wp-json\/wp\/v2\/media?parent=1088"}],"curies":[{"name":"wp","href":"https:\/\/api.w.org\/{rel}","templated":true}]}}