{"id":1089,"date":"2017-08-18T14:42:24","date_gmt":"2017-08-18T12:42:24","guid":{"rendered":"https:\/\/chirurgie-main-pied.fr\/?page_id=1089"},"modified":"2020-08-18T15:13:48","modified_gmt":"2020-08-18T13:13:48","slug":"guide-yachtingstock","status":"publish","type":"page","link":"https:\/\/hallux-valgus-nice.fr\/en\/guide-yachtingstock\/","title":{"rendered":"guide yachtingstock"},"content":{"rendered":"<p>[et_pb_section fb_built=\u00a0\u00bb1&Prime; _builder_version=\u00a0\u00bb3.23.3&Prime;][et_pb_row _builder_version=\u00a0\u00bb3.23.3&Prime;][et_pb_column type=\u00a0\u00bb1_4&Prime; _builder_version=\u00a0\u00bb3.23.3&Prime;][et_pb_image src=\u00a0\u00bbhttp:\/\/hallux-valgus-nice.fr\/wp-content\/uploads\/2020\/08\/nextnet-agence-communication-freelance-nice-yachting-stock-mockup-grand-guide.jpg\u00a0\u00bb _builder_version=\u00a0\u00bb3.23.3&Prime;][\/et_pb_image][\/et_pb_column][et_pb_column type=\u00a0\u00bb3_4&Prime; _builder_version=\u00a0\u00bb3.23.3&Prime;][et_pb_text _builder_version=\u00a0\u00bb3.23.3&Prime;]<\/p>\n<h2>Yachtingstock<\/h2>\n<p style=\"text-align: left;\">Yachtingstock.com is an online sales site for nautical equipment.<\/p>\n<p>Vous y trouverez toutes les cat\u00e9gories de produits : mat\u00e9riel de s\u00e9curit\u00e9 (brassi\u00e8re et gilet de sauvetage, harnais, sac d&rsquo;armement), \u00e9lectronique (vhf, gps, sondeur, combin\u00e9, antenne et support d&rsquo;antenne), \u00e9lectricit\u00e9 (chargeur, groupe), annexes pneumatiques et accessoires, moteurs hors-bord essence, moteurs hors-bord \u00e9lectriques, h\u00e9lices Maxprop, voiles low-cost, voiles d&rsquo;occasion, enrouleurs de g\u00e9nois, produits d&rsquo;entretien et de maintenance (antifouling, primaire, peinture antid\u00e9rapante, lubrifiant), etc.<\/p>\n<p>De tr\u00e8s nombreuses marques sont pr\u00e9sentes sur notre site : Plastimo, Max Prop, Navicom, Cristec, Facnor, International, Kvh, Suzuki, Yamaha, Torqeedo, Osculati,  Teak Wonder, Velox Plus, etc.<\/p>\n<p>Yachtingstock.com est un site dont la volont\u00e9 est de vous proposer les meilleurs produits des meilleures marques aux meilleurs prix, le tout avec des conseils, un service de qualit\u00e9 et une disponibilit\u00e9 totale. Notre hotline 7 jours sur 7 vous accueille en permanence. N&rsquo;h\u00e9sitez pas \u00e0 nous joindre !<\/p>\n<p>[\/et_pb_text][et_pb_button button_text=\u00a0\u00bbAller sur le site\u00a0\u00bb _builder_version=\u00a0\u00bb3.23.3&Prime; button_url=\u00a0\u00bbhttps:\/\/yachtingstock.com\/\u00a0\u00bb][\/et_pb_button][\/et_pb_column][\/et_pb_row][\/et_pb_section]<\/p>","protected":false},"excerpt":{"rendered":"<p>Yachtingstock Yachtingstock.com est un site de vente en ligne de mat\u00e9riel pour le nautisme. Vous y trouverez toutes les cat\u00e9gories de produits : mat\u00e9riel de s\u00e9curit\u00e9 (brassi\u00e8re et gilet de sauvetage, harnais, sac d&rsquo;armement), \u00e9lectronique (vhf, gps, sondeur, combin\u00e9, antenne et support d&rsquo;antenne), \u00e9lectricit\u00e9 (chargeur, groupe), annexes pneumatiques et accessoires, moteurs hors-bord essence, moteurs hors-bord [&hellip;]<\/p>","protected":false},"author":4,"featured_media":0,"parent":0,"menu_order":0,"comment_status":"closed","ping_status":"closed","template":"","meta":{"_et_pb_use_builder":"on","_et_pb_old_content":"","_et_gb_content_width":""},"yoast_head":"<!-- This site is optimized with the Yoast SEO plugin v18.1 - https:\/\/yoast.com\/wordpress\/plugins\/seo\/ -->\n<title>guide yachtingstock - Hallux Valgus Nice | Chirurgie pied Nice<\/title>\n<meta name=\"robots\" content=\"index, follow, max-snippet:-1, max-image-preview:large, max-video-preview:-1\" \/>\n<link rel=\"canonical\" href=\"https:\/\/hallux-valgus-nice.fr\/en\/guide-yachtingstock\/\" \/>\n<meta property=\"og:locale\" content=\"en_US\" \/>\n<meta property=\"og:type\" content=\"article\" \/>\n<meta property=\"og:title\" content=\"guide yachtingstock - Hallux Valgus Nice | Chirurgie pied Nice\" \/>\n<meta property=\"og:description\" content=\"Yachtingstock Yachtingstock.com est un site de vente en ligne de mat\u00e9riel pour le nautisme. Vous y trouverez toutes les cat\u00e9gories de produits : mat\u00e9riel de s\u00e9curit\u00e9 (brassi\u00e8re et gilet de sauvetage, harnais, sac d&#039;armement), \u00e9lectronique (vhf, gps, sondeur, combin\u00e9, antenne et support d&#039;antenne), \u00e9lectricit\u00e9 (chargeur, groupe), annexes pneumatiques et accessoires, moteurs hors-bord essence, moteurs hors-bord [&hellip;]\" \/>\n<meta property=\"og:url\" content=\"https:\/\/hallux-valgus-nice.fr\/en\/guide-yachtingstock\/\" \/>\n<meta property=\"og:site_name\" content=\"Hallux Valgus Nice | Chirurgie pied Nice\" \/>\n<meta property=\"article:modified_time\" content=\"2020-08-18T13:13:48+00:00\" \/>\n<meta name=\"twitter:card\" content=\"summary_large_image\" \/>\n<meta name=\"twitter:label1\" content=\"Est. reading time\" \/>\n\t<meta name=\"twitter:data1\" content=\"1 minute\" \/>\n<script type=\"application\/ld+json\" class=\"yoast-schema-graph\">{\"@context\":\"https:\/\/schema.org\",\"@graph\":[{\"@type\":\"WebSite\",\"@id\":\"https:\/\/hallux-valgus-nice.fr\/#website\",\"url\":\"https:\/\/hallux-valgus-nice.fr\/\",\"name\":\"Hallux Valgus Nice | Chirurgie pied Nice\",\"description\":\"Docteur Eddy BECQUET | Chirurgien du pied et de la main \u00e0 Nice\",\"potentialAction\":[{\"@type\":\"SearchAction\",\"target\":{\"@type\":\"EntryPoint\",\"urlTemplate\":\"https:\/\/hallux-valgus-nice.fr\/?s={search_term_string}\"},\"query-input\":\"required name=search_term_string\"}],\"inLanguage\":\"en-US\"},{\"@type\":\"WebPage\",\"@id\":\"https:\/\/hallux-valgus-nice.fr\/guide-yachtingstock\/#webpage\",\"url\":\"https:\/\/hallux-valgus-nice.fr\/guide-yachtingstock\/\",\"name\":\"guide yachtingstock - Hallux Valgus Nice | Chirurgie pied Nice\",\"isPartOf\":{\"@id\":\"https:\/\/hallux-valgus-nice.fr\/#website\"},\"datePublished\":\"2017-08-18T12:42:24+00:00\",\"dateModified\":\"2020-08-18T13:13:48+00:00\",\"breadcrumb\":{\"@id\":\"https:\/\/hallux-valgus-nice.fr\/guide-yachtingstock\/#breadcrumb\"},\"inLanguage\":\"en-US\",\"potentialAction\":[{\"@type\":\"ReadAction\",\"target\":[\"https:\/\/hallux-valgus-nice.fr\/guide-yachtingstock\/\"]}]},{\"@type\":\"BreadcrumbList\",\"@id\":\"https:\/\/hallux-valgus-nice.fr\/guide-yachtingstock\/#breadcrumb\",\"itemListElement\":[{\"@type\":\"ListItem\",\"position\":1,\"name\":\"Accueil\",\"item\":\"https:\/\/hallux-valgus-nice.fr\/\"},{\"@type\":\"ListItem\",\"position\":2,\"name\":\"guide yachtingstock\"}]}]}<\/script>\n<!-- \/ Yoast SEO plugin. -->","yoast_head_json":{"title":"guide yachtingstock - Hallux Valgus Nice | Chirurgie pied Nice","robots":{"index":"index","follow":"follow","max-snippet":"max-snippet:-1","max-image-preview":"max-image-preview:large","max-video-preview":"max-video-preview:-1"},"canonical":"https:\/\/hallux-valgus-nice.fr\/en\/guide-yachtingstock\/","og_locale":"en_US","og_type":"article","og_title":"guide yachtingstock - Hallux Valgus Nice | Chirurgie pied Nice","og_description":"Yachtingstock Yachtingstock.com est un site de vente en ligne de mat\u00e9riel pour le nautisme. Vous y trouverez toutes les cat\u00e9gories de produits : mat\u00e9riel de s\u00e9curit\u00e9 (brassi\u00e8re et gilet de sauvetage, harnais, sac d'armement), \u00e9lectronique (vhf, gps, sondeur, combin\u00e9, antenne et support d'antenne), \u00e9lectricit\u00e9 (chargeur, groupe), annexes pneumatiques et accessoires, moteurs hors-bord essence, moteurs hors-bord [&hellip;]","og_url":"https:\/\/hallux-valgus-nice.fr\/en\/guide-yachtingstock\/","og_site_name":"Hallux Valgus Nice | Chirurgie pied Nice","article_modified_time":"2020-08-18T13:13:48+00:00","twitter_card":"summary_large_image","twitter_misc":{"Est. reading time":"1 minute"},"schema":{"@context":"https:\/\/schema.org","@graph":[{"@type":"WebSite","@id":"https:\/\/hallux-valgus-nice.fr\/#website","url":"https:\/\/hallux-valgus-nice.fr\/","name":"Hallux Valgus Nice | Chirurgie pied Nice","description":"Docteur Eddy BECQUET | Chirurgien du pied et de la main \u00e0 Nice","potentialAction":[{"@type":"SearchAction","target":{"@type":"EntryPoint","urlTemplate":"https:\/\/hallux-valgus-nice.fr\/?s={search_term_string}"},"query-input":"required name=search_term_string"}],"inLanguage":"en-US"},{"@type":"WebPage","@id":"https:\/\/hallux-valgus-nice.fr\/guide-yachtingstock\/#webpage","url":"https:\/\/hallux-valgus-nice.fr\/guide-yachtingstock\/","name":"guide yachtingstock - Hallux Valgus Nice | Chirurgie pied Nice","isPartOf":{"@id":"https:\/\/hallux-valgus-nice.fr\/#website"},"datePublished":"2017-08-18T12:42:24+00:00","dateModified":"2020-08-18T13:13:48+00:00","breadcrumb":{"@id":"https:\/\/hallux-valgus-nice.fr\/guide-yachtingstock\/#breadcrumb"},"inLanguage":"en-US","potentialAction":[{"@type":"ReadAction","target":["https:\/\/hallux-valgus-nice.fr\/guide-yachtingstock\/"]}]},{"@type":"BreadcrumbList","@id":"https:\/\/hallux-valgus-nice.fr\/guide-yachtingstock\/#breadcrumb","itemListElement":[{"@type":"ListItem","position":1,"name":"Accueil","item":"https:\/\/hallux-valgus-nice.fr\/"},{"@type":"ListItem","position":2,"name":"guide yachtingstock"}]}]}},"_links":{"self":[{"href":"https:\/\/hallux-valgus-nice.fr\/en\/wp-json\/wp\/v2\/pages\/1089"}],"collection":[{"href":"https:\/\/hallux-valgus-nice.fr\/en\/wp-json\/wp\/v2\/pages"}],"about":[{"href":"https:\/\/hallux-valgus-nice.fr\/en\/wp-json\/wp\/v2\/types\/page"}],"author":[{"embeddable":true,"href":"https:\/\/hallux-valgus-nice.fr\/en\/wp-json\/wp\/v2\/users\/4"}],"replies":[{"embeddable":true,"href":"https:\/\/hallux-valgus-nice.fr\/en\/wp-json\/wp\/v2\/comments?post=1089"}],"version-history":[{"count":3,"href":"https:\/\/hallux-valgus-nice.fr\/en\/wp-json\/wp\/v2\/pages\/1089\/revisions"}],"predecessor-version":[{"id":1209,"href":"https:\/\/hallux-valgus-nice.fr\/en\/wp-json\/wp\/v2\/pages\/1089\/revisions\/1209"}],"wp:attachment":[{"href":"https:\/\/hallux-valgus-nice.fr\/en\/wp-json\/wp\/v2\/media?parent=1089"}],"curies":[{"name":"wp","href":"https:\/\/api.w.org\/{rel}","templated":true}]}}