{"id":1091,"date":"2017-08-18T14:42:24","date_gmt":"2017-08-18T12:42:24","guid":{"rendered":"https:\/\/chirurgie-main-pied.fr\/?page_id=1091"},"modified":"2020-08-18T15:13:52","modified_gmt":"2020-08-18T13:13:52","slug":"guide-smalt-design","status":"publish","type":"page","link":"https:\/\/hallux-valgus-nice.fr\/en\/guide-smalt-design\/","title":{"rendered":"smalt design guide"},"content":{"rendered":"<p>[et_pb_section fb_built=\u00a0\u00bb1&Prime; _builder_version=\u00a0\u00bb3.23.3&Prime;][et_pb_row _builder_version=\u00a0\u00bb3.23.3&Prime;][et_pb_column type=\u00a0\u00bb1_4&Prime; _builder_version=\u00a0\u00bb3.23.3&Prime;][et_pb_image src=\u00a0\u00bbhttp:\/\/hallux-valgus-nice.fr\/wp-content\/uploads\/2020\/08\/nextnet-agence-communication-freelance-nice-smalt-1-guide.jpg\u00a0\u00bb _builder_version=\u00a0\u00bb3.23.3&Prime;][\/et_pb_image][\/et_pb_column][et_pb_column type=\u00a0\u00bb3_4&Prime; _builder_version=\u00a0\u00bb3.23.3&Prime;][et_pb_text _builder_version=\u00a0\u00bb3.23.3&Prime;]<\/p>\n<h2>Smalt Design<\/h2>\n<p style=\"text-align: left;\">Architecte d\u2019int\u00e9rieur \u00e0 Nice et Cannes, l\u2019agence SMALT DESIGN r\u00e9alise des projets pour des espaces priv\u00e9s ou professionnels sur la C\u00f4te d\u2019Azur. Notre agence vous conseille sur l\u2019am\u00e9nagement d\u2019espace (redistribution des pi\u00e8ces, optimisation des volumes, fonctionnalit\u00e9, agencement sur mesure) et sur la d\u00e9coration d\u2019int\u00e9rieur (couleurs, mat\u00e9riaux, mobilier, luminaires).<\/p>\n<p>\u201cIl n\u2019existe pas un d\u00e9cor id\u00e9al, l\u2019id\u00e9al est un d\u00e9cor qui vous ressemble\u201d<\/p>\n<p>Notre approche est globale, nous mettons \u00e0 votre disposition notre passion, notre savoir faire et notre \u00e9nergie afin de vous accompagner dans la r\u00e9flexion, l\u2019\u00e9tude et la mise en oeuvre de votre projet sur mesure (plans, choix des mat\u00e9riaux, devis, coordination des travaux, mobilier, d\u00e9coration). Des esquisses, plans et rendus 3D vous aideront \u00e0 vous projeter dans votre nouvel int\u00e9rieur. <\/p>\n<p>[\/et_pb_text][et_pb_button button_text=\u00a0\u00bbAller sur le site\u00a0\u00bb _builder_version=\u00a0\u00bb3.23.3&Prime; button_url=\u00a0\u00bbhttps:\/\/smaltdesign.com\/\u00a0\u00bb][\/et_pb_button][\/et_pb_column][\/et_pb_row][\/et_pb_section]<\/p>","protected":false},"excerpt":{"rendered":"<p>Smalt Design Architecte d\u2019int\u00e9rieur \u00e0 Nice et Cannes, l\u2019agence SMALT DESIGN r\u00e9alise des projets pour des espaces priv\u00e9s ou professionnels sur la C\u00f4te d\u2019Azur. Notre agence vous conseille sur l\u2019am\u00e9nagement d\u2019espace (redistribution des pi\u00e8ces, optimisation des volumes, fonctionnalit\u00e9, agencement sur mesure) et sur la d\u00e9coration d\u2019int\u00e9rieur (couleurs, mat\u00e9riaux, mobilier, luminaires). \u201cIl n\u2019existe pas un d\u00e9cor [&hellip;]<\/p>","protected":false},"author":4,"featured_media":0,"parent":0,"menu_order":0,"comment_status":"closed","ping_status":"closed","template":"","meta":{"_et_pb_use_builder":"on","_et_pb_old_content":"","_et_gb_content_width":""},"yoast_head":"<!-- This site is optimized with the Yoast SEO plugin v18.1 - https:\/\/yoast.com\/wordpress\/plugins\/seo\/ -->\n<title>guide smalt design - Hallux Valgus Nice | Chirurgie pied Nice<\/title>\n<meta name=\"robots\" content=\"index, follow, max-snippet:-1, max-image-preview:large, max-video-preview:-1\" \/>\n<link rel=\"canonical\" href=\"https:\/\/hallux-valgus-nice.fr\/en\/guide-smalt-design\/\" \/>\n<meta property=\"og:locale\" content=\"en_US\" \/>\n<meta property=\"og:type\" content=\"article\" \/>\n<meta property=\"og:title\" content=\"guide smalt design - Hallux Valgus Nice | Chirurgie pied Nice\" \/>\n<meta property=\"og:description\" content=\"Smalt Design Architecte d\u2019int\u00e9rieur \u00e0 Nice et Cannes, l\u2019agence SMALT DESIGN r\u00e9alise des projets pour des espaces priv\u00e9s ou professionnels sur la C\u00f4te d\u2019Azur. Notre agence vous conseille sur l\u2019am\u00e9nagement d\u2019espace (redistribution des pi\u00e8ces, optimisation des volumes, fonctionnalit\u00e9, agencement sur mesure) et sur la d\u00e9coration d\u2019int\u00e9rieur (couleurs, mat\u00e9riaux, mobilier, luminaires). \u201cIl n\u2019existe pas un d\u00e9cor [&hellip;]\" \/>\n<meta property=\"og:url\" content=\"https:\/\/hallux-valgus-nice.fr\/en\/guide-smalt-design\/\" \/>\n<meta property=\"og:site_name\" content=\"Hallux Valgus Nice | Chirurgie pied Nice\" \/>\n<meta property=\"article:modified_time\" content=\"2020-08-18T13:13:52+00:00\" \/>\n<meta name=\"twitter:card\" content=\"summary_large_image\" \/>\n<meta name=\"twitter:label1\" content=\"Est. reading time\" \/>\n\t<meta name=\"twitter:data1\" content=\"1 minute\" \/>\n<script type=\"application\/ld+json\" class=\"yoast-schema-graph\">{\"@context\":\"https:\/\/schema.org\",\"@graph\":[{\"@type\":\"WebSite\",\"@id\":\"https:\/\/hallux-valgus-nice.fr\/#website\",\"url\":\"https:\/\/hallux-valgus-nice.fr\/\",\"name\":\"Hallux Valgus Nice | Chirurgie pied Nice\",\"description\":\"Docteur Eddy BECQUET | Chirurgien du pied et de la main \u00e0 Nice\",\"potentialAction\":[{\"@type\":\"SearchAction\",\"target\":{\"@type\":\"EntryPoint\",\"urlTemplate\":\"https:\/\/hallux-valgus-nice.fr\/?s={search_term_string}\"},\"query-input\":\"required name=search_term_string\"}],\"inLanguage\":\"en-US\"},{\"@type\":\"WebPage\",\"@id\":\"https:\/\/hallux-valgus-nice.fr\/guide-smalt-design\/#webpage\",\"url\":\"https:\/\/hallux-valgus-nice.fr\/guide-smalt-design\/\",\"name\":\"guide smalt design - Hallux Valgus Nice | Chirurgie pied Nice\",\"isPartOf\":{\"@id\":\"https:\/\/hallux-valgus-nice.fr\/#website\"},\"datePublished\":\"2017-08-18T12:42:24+00:00\",\"dateModified\":\"2020-08-18T13:13:52+00:00\",\"breadcrumb\":{\"@id\":\"https:\/\/hallux-valgus-nice.fr\/guide-smalt-design\/#breadcrumb\"},\"inLanguage\":\"en-US\",\"potentialAction\":[{\"@type\":\"ReadAction\",\"target\":[\"https:\/\/hallux-valgus-nice.fr\/guide-smalt-design\/\"]}]},{\"@type\":\"BreadcrumbList\",\"@id\":\"https:\/\/hallux-valgus-nice.fr\/guide-smalt-design\/#breadcrumb\",\"itemListElement\":[{\"@type\":\"ListItem\",\"position\":1,\"name\":\"Accueil\",\"item\":\"https:\/\/hallux-valgus-nice.fr\/\"},{\"@type\":\"ListItem\",\"position\":2,\"name\":\"guide smalt design\"}]}]}<\/script>\n<!-- \/ Yoast SEO plugin. -->","yoast_head_json":{"title":"guide smalt design - Hallux Valgus Nice | Chirurgie pied Nice","robots":{"index":"index","follow":"follow","max-snippet":"max-snippet:-1","max-image-preview":"max-image-preview:large","max-video-preview":"max-video-preview:-1"},"canonical":"https:\/\/hallux-valgus-nice.fr\/en\/guide-smalt-design\/","og_locale":"en_US","og_type":"article","og_title":"guide smalt design - Hallux Valgus Nice | Chirurgie pied Nice","og_description":"Smalt Design Architecte d\u2019int\u00e9rieur \u00e0 Nice et Cannes, l\u2019agence SMALT DESIGN r\u00e9alise des projets pour des espaces priv\u00e9s ou professionnels sur la C\u00f4te d\u2019Azur. Notre agence vous conseille sur l\u2019am\u00e9nagement d\u2019espace (redistribution des pi\u00e8ces, optimisation des volumes, fonctionnalit\u00e9, agencement sur mesure) et sur la d\u00e9coration d\u2019int\u00e9rieur (couleurs, mat\u00e9riaux, mobilier, luminaires). \u201cIl n\u2019existe pas un d\u00e9cor [&hellip;]","og_url":"https:\/\/hallux-valgus-nice.fr\/en\/guide-smalt-design\/","og_site_name":"Hallux Valgus Nice | Chirurgie pied Nice","article_modified_time":"2020-08-18T13:13:52+00:00","twitter_card":"summary_large_image","twitter_misc":{"Est. reading time":"1 minute"},"schema":{"@context":"https:\/\/schema.org","@graph":[{"@type":"WebSite","@id":"https:\/\/hallux-valgus-nice.fr\/#website","url":"https:\/\/hallux-valgus-nice.fr\/","name":"Hallux Valgus Nice | Chirurgie pied Nice","description":"Docteur Eddy BECQUET | Chirurgien du pied et de la main \u00e0 Nice","potentialAction":[{"@type":"SearchAction","target":{"@type":"EntryPoint","urlTemplate":"https:\/\/hallux-valgus-nice.fr\/?s={search_term_string}"},"query-input":"required name=search_term_string"}],"inLanguage":"en-US"},{"@type":"WebPage","@id":"https:\/\/hallux-valgus-nice.fr\/guide-smalt-design\/#webpage","url":"https:\/\/hallux-valgus-nice.fr\/guide-smalt-design\/","name":"guide smalt design - Hallux Valgus Nice | Chirurgie pied Nice","isPartOf":{"@id":"https:\/\/hallux-valgus-nice.fr\/#website"},"datePublished":"2017-08-18T12:42:24+00:00","dateModified":"2020-08-18T13:13:52+00:00","breadcrumb":{"@id":"https:\/\/hallux-valgus-nice.fr\/guide-smalt-design\/#breadcrumb"},"inLanguage":"en-US","potentialAction":[{"@type":"ReadAction","target":["https:\/\/hallux-valgus-nice.fr\/guide-smalt-design\/"]}]},{"@type":"BreadcrumbList","@id":"https:\/\/hallux-valgus-nice.fr\/guide-smalt-design\/#breadcrumb","itemListElement":[{"@type":"ListItem","position":1,"name":"Accueil","item":"https:\/\/hallux-valgus-nice.fr\/"},{"@type":"ListItem","position":2,"name":"guide smalt design"}]}]}},"_links":{"self":[{"href":"https:\/\/hallux-valgus-nice.fr\/en\/wp-json\/wp\/v2\/pages\/1091"}],"collection":[{"href":"https:\/\/hallux-valgus-nice.fr\/en\/wp-json\/wp\/v2\/pages"}],"about":[{"href":"https:\/\/hallux-valgus-nice.fr\/en\/wp-json\/wp\/v2\/types\/page"}],"author":[{"embeddable":true,"href":"https:\/\/hallux-valgus-nice.fr\/en\/wp-json\/wp\/v2\/users\/4"}],"replies":[{"embeddable":true,"href":"https:\/\/hallux-valgus-nice.fr\/en\/wp-json\/wp\/v2\/comments?post=1091"}],"version-history":[{"count":3,"href":"https:\/\/hallux-valgus-nice.fr\/en\/wp-json\/wp\/v2\/pages\/1091\/revisions"}],"predecessor-version":[{"id":1211,"href":"https:\/\/hallux-valgus-nice.fr\/en\/wp-json\/wp\/v2\/pages\/1091\/revisions\/1211"}],"wp:attachment":[{"href":"https:\/\/hallux-valgus-nice.fr\/en\/wp-json\/wp\/v2\/media?parent=1091"}],"curies":[{"name":"wp","href":"https:\/\/api.w.org\/{rel}","templated":true}]}}