{"id":1092,"date":"2017-08-18T14:42:25","date_gmt":"2017-08-18T12:42:25","guid":{"rendered":"https:\/\/chirurgie-main-pied.fr\/?page_id=1092"},"modified":"2020-08-18T15:13:53","modified_gmt":"2020-08-18T13:13:53","slug":"guide-martini","status":"publish","type":"page","link":"https:\/\/hallux-valgus-nice.fr\/en\/guide-martini\/","title":{"rendered":"martini guide"},"content":{"rendered":"<p>[et_pb_section fb_built=\u00a0\u00bb1&Prime; _builder_version=\u00a0\u00bb3.23.3&Prime;][et_pb_row _builder_version=\u00a0\u00bb3.23.3&Prime;][et_pb_column type=\u00a0\u00bb1_4&Prime; _builder_version=\u00a0\u00bb3.23.3&Prime;][et_pb_image src=\u00a0\u00bbhttp:\/\/hallux-valgus-nice.fr\/wp-content\/uploads\/2020\/08\/nextnet-agence-communication-freelance-nice-martini-compagnie-mockup-3.png\u00a0\u00bb _builder_version=\u00a0\u00bb3.23.3&Prime;][\/et_pb_image][\/et_pb_column][et_pb_column type=\u00a0\u00bb3_4&Prime; _builder_version=\u00a0\u00bb3.23.3&Prime;][et_pb_text _builder_version=\u00a0\u00bb3.23.3&Prime;]<\/p>\n<h2>Martini Transport<\/h2>\n<p style=\"text-align: left;\">MARTINI & CIE, created in 1840... celebrates in 2015 its 175th anniversary!<\/p>\n<p>Dernier dirigeant, issu de la famille du cr\u00e9ateur de la soci\u00e9t\u00e9 MARTINI &#038; CIE, et derni\u00e8re m\u00e9moire de cette ancienne maison, je voulais rendre un hommage \u00e0 tous ces hommes et femmes qui, durant 175 ans, ont permis \u00e0 l\u2019entreprise de traverser ces longues ann\u00e9es. P\u00e9riode de contrastes, de 3 guerres mondiales, mais aussi t\u00e9moins de cette merveilleuse \u00e9volution industrielle et sociale.<\/p>\n<p>La maison MARTINI &#038; CIE, cr\u00e9\u00e9 en 1840\u2026 f\u00eate en 2015 ses 175 ans ! Peu d\u2019entreprises peuvent \u00e9galer cette r\u00e9f\u00e9rence, et je vous invite en entrant dans ce site non commercial, \u00e0 venir d\u00e9couvrir son histoire, les implantations \u00e0 travers ses diff\u00e9rentes adresses, mais aussi ses diff\u00e9rents m\u00e9tiers. La r\u00e9ussite, mais aussi le d\u00e9clin, \u00e0 travers le souvenir des anciens qui m\u2019ont transmis parfois des anecdotes int\u00e9ressantes, agr\u00e9ment\u00e9 de quelques photos anciennes. <\/p>\n<p>[\/et_pb_text][et_pb_button button_text=\u00a0\u00bbAller sur le site\u00a0\u00bb _builder_version=\u00a0\u00bb3.23.3&Prime; button_url=\u00a0\u00bbhttp:\/\/trans-martini.fr\/\u00a0\u00bb][\/et_pb_button][\/et_pb_column][\/et_pb_row][\/et_pb_section]<\/p>","protected":false},"excerpt":{"rendered":"<p>Martini Transport La maison MARTINI &#038; CIE, cr\u00e9\u00e9 en 1840\u2026 f\u00eate en 2015 ses 175 ans ! Dernier dirigeant, issu de la famille du cr\u00e9ateur de la soci\u00e9t\u00e9 MARTINI &#038; CIE, et derni\u00e8re m\u00e9moire de cette ancienne maison, je voulais rendre un hommage \u00e0 tous ces hommes et femmes qui, durant 175 ans, ont permis [&hellip;]<\/p>","protected":false},"author":4,"featured_media":0,"parent":0,"menu_order":0,"comment_status":"closed","ping_status":"closed","template":"","meta":{"_et_pb_use_builder":"on","_et_pb_old_content":"","_et_gb_content_width":""},"yoast_head":"<!-- This site is optimized with the Yoast SEO plugin v18.1 - https:\/\/yoast.com\/wordpress\/plugins\/seo\/ -->\n<title>guide martini - Hallux Valgus Nice | Chirurgie pied Nice<\/title>\n<meta name=\"robots\" content=\"index, follow, max-snippet:-1, max-image-preview:large, max-video-preview:-1\" \/>\n<link rel=\"canonical\" href=\"https:\/\/hallux-valgus-nice.fr\/en\/guide-martini\/\" \/>\n<meta property=\"og:locale\" content=\"en_US\" \/>\n<meta property=\"og:type\" content=\"article\" \/>\n<meta property=\"og:title\" content=\"guide martini - Hallux Valgus Nice | Chirurgie pied Nice\" \/>\n<meta property=\"og:description\" content=\"Martini Transport La maison MARTINI &amp; CIE, cr\u00e9\u00e9 en 1840\u2026 f\u00eate en 2015 ses 175 ans ! Dernier dirigeant, issu de la famille du cr\u00e9ateur de la soci\u00e9t\u00e9 MARTINI &amp; CIE, et derni\u00e8re m\u00e9moire de cette ancienne maison, je voulais rendre un hommage \u00e0 tous ces hommes et femmes qui, durant 175 ans, ont permis [&hellip;]\" \/>\n<meta property=\"og:url\" content=\"https:\/\/hallux-valgus-nice.fr\/en\/guide-martini\/\" \/>\n<meta property=\"og:site_name\" content=\"Hallux Valgus Nice | Chirurgie pied Nice\" \/>\n<meta property=\"article:modified_time\" content=\"2020-08-18T13:13:53+00:00\" \/>\n<meta name=\"twitter:card\" content=\"summary_large_image\" \/>\n<meta name=\"twitter:label1\" content=\"Est. reading time\" \/>\n\t<meta name=\"twitter:data1\" content=\"1 minute\" \/>\n<script type=\"application\/ld+json\" class=\"yoast-schema-graph\">{\"@context\":\"https:\/\/schema.org\",\"@graph\":[{\"@type\":\"WebSite\",\"@id\":\"https:\/\/hallux-valgus-nice.fr\/#website\",\"url\":\"https:\/\/hallux-valgus-nice.fr\/\",\"name\":\"Hallux Valgus Nice | Chirurgie pied Nice\",\"description\":\"Docteur Eddy BECQUET | Chirurgien du pied et de la main \u00e0 Nice\",\"potentialAction\":[{\"@type\":\"SearchAction\",\"target\":{\"@type\":\"EntryPoint\",\"urlTemplate\":\"https:\/\/hallux-valgus-nice.fr\/?s={search_term_string}\"},\"query-input\":\"required name=search_term_string\"}],\"inLanguage\":\"en-US\"},{\"@type\":\"WebPage\",\"@id\":\"https:\/\/hallux-valgus-nice.fr\/guide-martini\/#webpage\",\"url\":\"https:\/\/hallux-valgus-nice.fr\/guide-martini\/\",\"name\":\"guide martini - Hallux Valgus Nice | Chirurgie pied Nice\",\"isPartOf\":{\"@id\":\"https:\/\/hallux-valgus-nice.fr\/#website\"},\"datePublished\":\"2017-08-18T12:42:25+00:00\",\"dateModified\":\"2020-08-18T13:13:53+00:00\",\"breadcrumb\":{\"@id\":\"https:\/\/hallux-valgus-nice.fr\/guide-martini\/#breadcrumb\"},\"inLanguage\":\"en-US\",\"potentialAction\":[{\"@type\":\"ReadAction\",\"target\":[\"https:\/\/hallux-valgus-nice.fr\/guide-martini\/\"]}]},{\"@type\":\"BreadcrumbList\",\"@id\":\"https:\/\/hallux-valgus-nice.fr\/guide-martini\/#breadcrumb\",\"itemListElement\":[{\"@type\":\"ListItem\",\"position\":1,\"name\":\"Accueil\",\"item\":\"https:\/\/hallux-valgus-nice.fr\/\"},{\"@type\":\"ListItem\",\"position\":2,\"name\":\"guide martini\"}]}]}<\/script>\n<!-- \/ Yoast SEO plugin. -->","yoast_head_json":{"title":"guide martini - Hallux Valgus Nice | Chirurgie pied Nice","robots":{"index":"index","follow":"follow","max-snippet":"max-snippet:-1","max-image-preview":"max-image-preview:large","max-video-preview":"max-video-preview:-1"},"canonical":"https:\/\/hallux-valgus-nice.fr\/en\/guide-martini\/","og_locale":"en_US","og_type":"article","og_title":"guide martini - Hallux Valgus Nice | Chirurgie pied Nice","og_description":"Martini Transport La maison MARTINI & CIE, cr\u00e9\u00e9 en 1840\u2026 f\u00eate en 2015 ses 175 ans ! Dernier dirigeant, issu de la famille du cr\u00e9ateur de la soci\u00e9t\u00e9 MARTINI & CIE, et derni\u00e8re m\u00e9moire de cette ancienne maison, je voulais rendre un hommage \u00e0 tous ces hommes et femmes qui, durant 175 ans, ont permis [&hellip;]","og_url":"https:\/\/hallux-valgus-nice.fr\/en\/guide-martini\/","og_site_name":"Hallux Valgus Nice | Chirurgie pied Nice","article_modified_time":"2020-08-18T13:13:53+00:00","twitter_card":"summary_large_image","twitter_misc":{"Est. reading time":"1 minute"},"schema":{"@context":"https:\/\/schema.org","@graph":[{"@type":"WebSite","@id":"https:\/\/hallux-valgus-nice.fr\/#website","url":"https:\/\/hallux-valgus-nice.fr\/","name":"Hallux Valgus Nice | Chirurgie pied Nice","description":"Docteur Eddy BECQUET | Chirurgien du pied et de la main \u00e0 Nice","potentialAction":[{"@type":"SearchAction","target":{"@type":"EntryPoint","urlTemplate":"https:\/\/hallux-valgus-nice.fr\/?s={search_term_string}"},"query-input":"required name=search_term_string"}],"inLanguage":"en-US"},{"@type":"WebPage","@id":"https:\/\/hallux-valgus-nice.fr\/guide-martini\/#webpage","url":"https:\/\/hallux-valgus-nice.fr\/guide-martini\/","name":"guide martini - Hallux Valgus Nice | Chirurgie pied Nice","isPartOf":{"@id":"https:\/\/hallux-valgus-nice.fr\/#website"},"datePublished":"2017-08-18T12:42:25+00:00","dateModified":"2020-08-18T13:13:53+00:00","breadcrumb":{"@id":"https:\/\/hallux-valgus-nice.fr\/guide-martini\/#breadcrumb"},"inLanguage":"en-US","potentialAction":[{"@type":"ReadAction","target":["https:\/\/hallux-valgus-nice.fr\/guide-martini\/"]}]},{"@type":"BreadcrumbList","@id":"https:\/\/hallux-valgus-nice.fr\/guide-martini\/#breadcrumb","itemListElement":[{"@type":"ListItem","position":1,"name":"Accueil","item":"https:\/\/hallux-valgus-nice.fr\/"},{"@type":"ListItem","position":2,"name":"guide martini"}]}]}},"_links":{"self":[{"href":"https:\/\/hallux-valgus-nice.fr\/en\/wp-json\/wp\/v2\/pages\/1092"}],"collection":[{"href":"https:\/\/hallux-valgus-nice.fr\/en\/wp-json\/wp\/v2\/pages"}],"about":[{"href":"https:\/\/hallux-valgus-nice.fr\/en\/wp-json\/wp\/v2\/types\/page"}],"author":[{"embeddable":true,"href":"https:\/\/hallux-valgus-nice.fr\/en\/wp-json\/wp\/v2\/users\/4"}],"replies":[{"embeddable":true,"href":"https:\/\/hallux-valgus-nice.fr\/en\/wp-json\/wp\/v2\/comments?post=1092"}],"version-history":[{"count":3,"href":"https:\/\/hallux-valgus-nice.fr\/en\/wp-json\/wp\/v2\/pages\/1092\/revisions"}],"predecessor-version":[{"id":1212,"href":"https:\/\/hallux-valgus-nice.fr\/en\/wp-json\/wp\/v2\/pages\/1092\/revisions\/1212"}],"wp:attachment":[{"href":"https:\/\/hallux-valgus-nice.fr\/en\/wp-json\/wp\/v2\/media?parent=1092"}],"curies":[{"name":"wp","href":"https:\/\/api.w.org\/{rel}","templated":true}]}}