{"id":1093,"date":"2017-08-18T14:42:25","date_gmt":"2017-08-18T12:42:25","guid":{"rendered":"https:\/\/chirurgie-main-pied.fr\/?page_id=1093"},"modified":"2020-08-18T15:13:54","modified_gmt":"2020-08-18T13:13:54","slug":"guide-irc-france","status":"publish","type":"page","link":"https:\/\/hallux-valgus-nice.fr\/en\/guide-irc-france\/","title":{"rendered":"guide irc france"},"content":{"rendered":"<p>[et_pb_section fb_built=\u00a0\u00bb1&Prime; _builder_version=\u00a0\u00bb3.23.3&Prime;][et_pb_row _builder_version=\u00a0\u00bb3.23.3&Prime;][et_pb_column type=\u00a0\u00bb1_4&Prime; _builder_version=\u00a0\u00bb3.23.3&Prime;][et_pb_image src=\u00a0\u00bbhttp:\/\/hallux-valgus-nice.fr\/wp-content\/uploads\/2020\/08\/nextnet-agence-communication-freelance-nice-irc-france-logo-10-guide.jpg\u00a0\u00bb _builder_version=\u00a0\u00bb3.23.3&Prime;][\/et_pb_image][\/et_pb_column][et_pb_column type=\u00a0\u00bb3_4&Prime; _builder_version=\u00a0\u00bb3.23.3&Prime;][et_pb_text _builder_version=\u00a0\u00bb3.23.3&Prime;]<\/p>\n<h2>IRC France<\/h2>\n<p style=\"text-align: left;\">IRC France is a computer store based in Antibes and operating in the Provence-Alpes-C\u00f4te d'Azur region and the eastern Var.<\/p>\n<p>Ouverte en 2007, la soci\u00e9t\u00e9 a \u00e9tendu ses activit\u00e9s \u00e0 la cr\u00e9ation, l&rsquo;h\u00e9bergement et l&rsquo;administration de sites Internet, l&rsquo;installation et la maintenance de syst\u00e8mes d&rsquo;alarme et de vid\u00e9osurveillance, ainsi que la r\u00e9paration de t\u00e9l\u00e9phones mobiles et de tablettes. Notre mission : prendre en charge l&rsquo;ensemble de vos besoins informatiques, vous conseiller et vous assister dans l&rsquo;utilisation quotidienne de vos diff\u00e9rents outils logiciels et mat\u00e9riels et vous d\u00e9pannez en cas de probl\u00e8me.<\/p>\n<p>Le c\u0153ur de notre m\u00e9tier, l\u2019Informatique. Vous pouvez nous consulter pour une recherche de panne ainsi que sa r\u00e9solution, l\u2019achat de mat\u00e9riel qui vous ressemble, ou encore la reprise de votre ancien ordinateur.<\/p>\n<p>[\/et_pb_text][et_pb_button button_text=\u00a0\u00bbAller sur le site\u00a0\u00bb _builder_version=\u00a0\u00bb3.23.3&Prime; button_url=\u00a0\u00bbhttps:\/\/ircfrance.fr\/\u00a0\u00bb][\/et_pb_button][\/et_pb_column][\/et_pb_row][\/et_pb_section]<\/p>","protected":false},"excerpt":{"rendered":"<p>IRC France IRC France est magasin informatique bas\u00e9 sur Antibes et intervenant sur la r\u00e9gion Provence-Alpes-C\u00f4te d&rsquo;Azur et l&rsquo;est du Var. Ouverte en 2007, la soci\u00e9t\u00e9 a \u00e9tendu ses activit\u00e9s \u00e0 la cr\u00e9ation, l&rsquo;h\u00e9bergement et l&rsquo;administration de sites Internet, l&rsquo;installation et la maintenance de syst\u00e8mes d&rsquo;alarme et de vid\u00e9osurveillance, ainsi que la r\u00e9paration de t\u00e9l\u00e9phones [&hellip;]<\/p>","protected":false},"author":4,"featured_media":0,"parent":0,"menu_order":0,"comment_status":"closed","ping_status":"closed","template":"","meta":{"_et_pb_use_builder":"on","_et_pb_old_content":"","_et_gb_content_width":""},"yoast_head":"<!-- This site is optimized with the Yoast SEO plugin v18.1 - https:\/\/yoast.com\/wordpress\/plugins\/seo\/ -->\n<title>guide irc france - Hallux Valgus Nice | Chirurgie pied Nice<\/title>\n<meta name=\"robots\" content=\"index, follow, max-snippet:-1, max-image-preview:large, max-video-preview:-1\" \/>\n<link rel=\"canonical\" href=\"https:\/\/hallux-valgus-nice.fr\/en\/guide-irc-france\/\" \/>\n<meta property=\"og:locale\" content=\"en_US\" \/>\n<meta property=\"og:type\" content=\"article\" \/>\n<meta property=\"og:title\" content=\"guide irc france - Hallux Valgus Nice | Chirurgie pied Nice\" \/>\n<meta property=\"og:description\" content=\"IRC France IRC France est magasin informatique bas\u00e9 sur Antibes et intervenant sur la r\u00e9gion Provence-Alpes-C\u00f4te d&#039;Azur et l&#039;est du Var. Ouverte en 2007, la soci\u00e9t\u00e9 a \u00e9tendu ses activit\u00e9s \u00e0 la cr\u00e9ation, l&#039;h\u00e9bergement et l&#039;administration de sites Internet, l&#039;installation et la maintenance de syst\u00e8mes d&#039;alarme et de vid\u00e9osurveillance, ainsi que la r\u00e9paration de t\u00e9l\u00e9phones [&hellip;]\" \/>\n<meta property=\"og:url\" content=\"https:\/\/hallux-valgus-nice.fr\/en\/guide-irc-france\/\" \/>\n<meta property=\"og:site_name\" content=\"Hallux Valgus Nice | Chirurgie pied Nice\" \/>\n<meta property=\"article:modified_time\" content=\"2020-08-18T13:13:54+00:00\" \/>\n<meta name=\"twitter:card\" content=\"summary_large_image\" \/>\n<meta name=\"twitter:label1\" content=\"Est. reading time\" \/>\n\t<meta name=\"twitter:data1\" content=\"1 minute\" \/>\n<script type=\"application\/ld+json\" class=\"yoast-schema-graph\">{\"@context\":\"https:\/\/schema.org\",\"@graph\":[{\"@type\":\"WebSite\",\"@id\":\"https:\/\/hallux-valgus-nice.fr\/#website\",\"url\":\"https:\/\/hallux-valgus-nice.fr\/\",\"name\":\"Hallux Valgus Nice | Chirurgie pied Nice\",\"description\":\"Docteur Eddy BECQUET | Chirurgien du pied et de la main \u00e0 Nice\",\"potentialAction\":[{\"@type\":\"SearchAction\",\"target\":{\"@type\":\"EntryPoint\",\"urlTemplate\":\"https:\/\/hallux-valgus-nice.fr\/?s={search_term_string}\"},\"query-input\":\"required name=search_term_string\"}],\"inLanguage\":\"en-US\"},{\"@type\":\"WebPage\",\"@id\":\"https:\/\/hallux-valgus-nice.fr\/guide-irc-france\/#webpage\",\"url\":\"https:\/\/hallux-valgus-nice.fr\/guide-irc-france\/\",\"name\":\"guide irc france - Hallux Valgus Nice | Chirurgie pied Nice\",\"isPartOf\":{\"@id\":\"https:\/\/hallux-valgus-nice.fr\/#website\"},\"datePublished\":\"2017-08-18T12:42:25+00:00\",\"dateModified\":\"2020-08-18T13:13:54+00:00\",\"breadcrumb\":{\"@id\":\"https:\/\/hallux-valgus-nice.fr\/guide-irc-france\/#breadcrumb\"},\"inLanguage\":\"en-US\",\"potentialAction\":[{\"@type\":\"ReadAction\",\"target\":[\"https:\/\/hallux-valgus-nice.fr\/guide-irc-france\/\"]}]},{\"@type\":\"BreadcrumbList\",\"@id\":\"https:\/\/hallux-valgus-nice.fr\/guide-irc-france\/#breadcrumb\",\"itemListElement\":[{\"@type\":\"ListItem\",\"position\":1,\"name\":\"Accueil\",\"item\":\"https:\/\/hallux-valgus-nice.fr\/\"},{\"@type\":\"ListItem\",\"position\":2,\"name\":\"guide irc france\"}]}]}<\/script>\n<!-- \/ Yoast SEO plugin. -->","yoast_head_json":{"title":"guide irc france - Hallux Valgus Nice | Chirurgie pied Nice","robots":{"index":"index","follow":"follow","max-snippet":"max-snippet:-1","max-image-preview":"max-image-preview:large","max-video-preview":"max-video-preview:-1"},"canonical":"https:\/\/hallux-valgus-nice.fr\/en\/guide-irc-france\/","og_locale":"en_US","og_type":"article","og_title":"guide irc france - Hallux Valgus Nice | Chirurgie pied Nice","og_description":"IRC France IRC France est magasin informatique bas\u00e9 sur Antibes et intervenant sur la r\u00e9gion Provence-Alpes-C\u00f4te d'Azur et l'est du Var. Ouverte en 2007, la soci\u00e9t\u00e9 a \u00e9tendu ses activit\u00e9s \u00e0 la cr\u00e9ation, l'h\u00e9bergement et l'administration de sites Internet, l'installation et la maintenance de syst\u00e8mes d'alarme et de vid\u00e9osurveillance, ainsi que la r\u00e9paration de t\u00e9l\u00e9phones [&hellip;]","og_url":"https:\/\/hallux-valgus-nice.fr\/en\/guide-irc-france\/","og_site_name":"Hallux Valgus Nice | Chirurgie pied Nice","article_modified_time":"2020-08-18T13:13:54+00:00","twitter_card":"summary_large_image","twitter_misc":{"Est. reading time":"1 minute"},"schema":{"@context":"https:\/\/schema.org","@graph":[{"@type":"WebSite","@id":"https:\/\/hallux-valgus-nice.fr\/#website","url":"https:\/\/hallux-valgus-nice.fr\/","name":"Hallux Valgus Nice | Chirurgie pied Nice","description":"Docteur Eddy BECQUET | Chirurgien du pied et de la main \u00e0 Nice","potentialAction":[{"@type":"SearchAction","target":{"@type":"EntryPoint","urlTemplate":"https:\/\/hallux-valgus-nice.fr\/?s={search_term_string}"},"query-input":"required name=search_term_string"}],"inLanguage":"en-US"},{"@type":"WebPage","@id":"https:\/\/hallux-valgus-nice.fr\/guide-irc-france\/#webpage","url":"https:\/\/hallux-valgus-nice.fr\/guide-irc-france\/","name":"guide irc france - Hallux Valgus Nice | Chirurgie pied Nice","isPartOf":{"@id":"https:\/\/hallux-valgus-nice.fr\/#website"},"datePublished":"2017-08-18T12:42:25+00:00","dateModified":"2020-08-18T13:13:54+00:00","breadcrumb":{"@id":"https:\/\/hallux-valgus-nice.fr\/guide-irc-france\/#breadcrumb"},"inLanguage":"en-US","potentialAction":[{"@type":"ReadAction","target":["https:\/\/hallux-valgus-nice.fr\/guide-irc-france\/"]}]},{"@type":"BreadcrumbList","@id":"https:\/\/hallux-valgus-nice.fr\/guide-irc-france\/#breadcrumb","itemListElement":[{"@type":"ListItem","position":1,"name":"Accueil","item":"https:\/\/hallux-valgus-nice.fr\/"},{"@type":"ListItem","position":2,"name":"guide irc france"}]}]}},"_links":{"self":[{"href":"https:\/\/hallux-valgus-nice.fr\/en\/wp-json\/wp\/v2\/pages\/1093"}],"collection":[{"href":"https:\/\/hallux-valgus-nice.fr\/en\/wp-json\/wp\/v2\/pages"}],"about":[{"href":"https:\/\/hallux-valgus-nice.fr\/en\/wp-json\/wp\/v2\/types\/page"}],"author":[{"embeddable":true,"href":"https:\/\/hallux-valgus-nice.fr\/en\/wp-json\/wp\/v2\/users\/4"}],"replies":[{"embeddable":true,"href":"https:\/\/hallux-valgus-nice.fr\/en\/wp-json\/wp\/v2\/comments?post=1093"}],"version-history":[{"count":3,"href":"https:\/\/hallux-valgus-nice.fr\/en\/wp-json\/wp\/v2\/pages\/1093\/revisions"}],"predecessor-version":[{"id":1213,"href":"https:\/\/hallux-valgus-nice.fr\/en\/wp-json\/wp\/v2\/pages\/1093\/revisions\/1213"}],"wp:attachment":[{"href":"https:\/\/hallux-valgus-nice.fr\/en\/wp-json\/wp\/v2\/media?parent=1093"}],"curies":[{"name":"wp","href":"https:\/\/api.w.org\/{rel}","templated":true}]}}