{"id":1094,"date":"2017-08-18T14:42:25","date_gmt":"2017-08-18T12:42:25","guid":{"rendered":"https:\/\/chirurgie-main-pied.fr\/?page_id=1094"},"modified":"2020-08-18T15:13:59","modified_gmt":"2020-08-18T13:13:59","slug":"guide-bernard-fauroux","status":"publish","type":"page","link":"https:\/\/hallux-valgus-nice.fr\/en\/guide-bernard-fauroux\/","title":{"rendered":"guide bernard fauroux"},"content":{"rendered":"<p>[et_pb_section fb_built=\u00a0\u00bb1&Prime; _builder_version=\u00a0\u00bb3.23.3&Prime;][et_pb_row _builder_version=\u00a0\u00bb3.23.3&Prime;][et_pb_column type=\u00a0\u00bb1_4&Prime; _builder_version=\u00a0\u00bb3.23.3&Prime;][et_pb_image src=\u00a0\u00bbhttp:\/\/hallux-valgus-nice.fr\/wp-content\/uploads\/2020\/08\/nextnet-agence-communication-freelance-nice-bernard-fauroux-mockup-5-guide.jpg\u00a0\u00bb _builder_version=\u00a0\u00bb3.23.3&Prime;][\/et_pb_image][\/et_pb_column][et_pb_column type=\u00a0\u00bb3_4&Prime; _builder_version=\u00a0\u00bb3.23.3&Prime;][et_pb_text _builder_version=\u00a0\u00bb3.23.3&Prime;]<\/p>\n<h2>Bernard Fauroux<\/h2>\n<p style=\"text-align: left;\">Ce site Web pr\u00e9sentant les r\u00e9alisations de notre agence d\u2019architecture et d\u2019urbanisme ne pourrait aujourd\u2019hui exister sans la confiance de nos clients, ma\u00eetres d\u2019ouvrage priv\u00e9s ou publics, qui nous ont charg\u00e9 de leurs projets, sans le savoir-faire des entreprises qui les ont b\u00e2tis, et sans, bien s\u00fbr, le travail de notre \u00e9quipe qui les a con\u00e7us, dessin\u00e9s et port\u00e9s tout au long de leur r\u00e9alisation. Soyez-en ici tous remerci\u00e9s !<\/p>\n<p>Qu\u2019ils sont nombreux les clients qui nous confient, sur le pas de la porte, qu\u2019ils auraient voulu \u00ab \u00eatre \u00bb architecte ! Ce m\u00e9tier exaltant, tout comme celui des artisans, fait partie de ceux o\u00f9 le fruit du travail est concret. Choisi par vocation il est devenu une passion\u2026 souvent d\u00e9vorante. Car cette profession demande engagement, exigence, et surtout une vigilance permanente pour que le projet une fois imagin\u00e9, puis dessin\u00e9 devienne une r\u00e9alit\u00e9\u2026 fid\u00e8le \u00e0 sa conception.<\/p>\n<p>Au fil des ann\u00e9es nous avons fait n\u00f4tre cette phrase de Bruno ZEVI qui place l\u2019humain au centre de tout projet : \u00ab l\u2019architecture est comme une grande sculpture \u00e9vid\u00e9e \u00e0 l\u2019int\u00e9rieur de laquelle l\u2019homme p\u00e9n\u00e8tre, marche, vit\u2026 \u00bb ( Apprendre \u00e0 voir l\u2019architecture \u2013 Les \u00e9ditions de minuit  ). Lorsque cette dimension est oubli\u00e9e l\u2019architecture ne reste-t-elle pas froide, sans vie comme un concept intellectuel ?<\/p>\n<p>Il nous est aujourd\u2019hui devenu \u00e9vident que nous puisons notre inspiration aux sources de l\u2019architecture du bassin m\u00e9diterran\u00e9en dans lequel nous inscrivons nos racines. Offrir sans cesse au regard de nouvelles d\u00e9couvertes, lui permettre de traverser le projet devenant d\u2019un coup transparent ou l\u2019ouvrir sur un patio int\u00e9rieur, et par-dessus tout le laisser s\u2019enrichir du jeu changeant des lumi\u00e8res du sud, voil\u00e0 ce qui nous fait vibrer et ce que nous souhaiterions vous faire partager au fil de ces pages.<\/p>\n<p>[\/et_pb_text][et_pb_button button_text=\u00a0\u00bbAller sur le site\u00a0\u00bb _builder_version=\u00a0\u00bb3.23.3&Prime; button_url=\u00a0\u00bbhttps:\/\/fauroux.fr\/\u00a0\u00bb][\/et_pb_button][\/et_pb_column][\/et_pb_row][\/et_pb_section]<\/p>","protected":false},"excerpt":{"rendered":"<p>Bernard Fauroux Ce site Web pr\u00e9sentant les r\u00e9alisations de notre agence d\u2019architecture et d\u2019urbanisme ne pourrait aujourd\u2019hui exister sans la confiance de nos clients, ma\u00eetres d\u2019ouvrage priv\u00e9s ou publics, qui nous ont charg\u00e9 de leurs projets, sans le savoir-faire des entreprises qui les ont b\u00e2tis, et sans, bien s\u00fbr, le travail de notre \u00e9quipe qui [&hellip;]<\/p>","protected":false},"author":4,"featured_media":0,"parent":0,"menu_order":0,"comment_status":"closed","ping_status":"closed","template":"","meta":{"_et_pb_use_builder":"on","_et_pb_old_content":"","_et_gb_content_width":""},"yoast_head":"<!-- This site is optimized with the Yoast SEO plugin v18.1 - https:\/\/yoast.com\/wordpress\/plugins\/seo\/ -->\n<title>guide bernard fauroux - Hallux Valgus Nice | Chirurgie pied Nice<\/title>\n<meta name=\"robots\" content=\"index, follow, max-snippet:-1, max-image-preview:large, max-video-preview:-1\" \/>\n<link rel=\"canonical\" href=\"https:\/\/hallux-valgus-nice.fr\/en\/guide-bernard-fauroux\/\" \/>\n<meta property=\"og:locale\" content=\"en_US\" \/>\n<meta property=\"og:type\" content=\"article\" \/>\n<meta property=\"og:title\" content=\"guide bernard fauroux - Hallux Valgus Nice | Chirurgie pied Nice\" \/>\n<meta property=\"og:description\" content=\"Bernard Fauroux Ce site Web pr\u00e9sentant les r\u00e9alisations de notre agence d\u2019architecture et d\u2019urbanisme ne pourrait aujourd\u2019hui exister sans la confiance de nos clients, ma\u00eetres d\u2019ouvrage priv\u00e9s ou publics, qui nous ont charg\u00e9 de leurs projets, sans le savoir-faire des entreprises qui les ont b\u00e2tis, et sans, bien s\u00fbr, le travail de notre \u00e9quipe qui [&hellip;]\" \/>\n<meta property=\"og:url\" content=\"https:\/\/hallux-valgus-nice.fr\/en\/guide-bernard-fauroux\/\" \/>\n<meta property=\"og:site_name\" content=\"Hallux Valgus Nice | Chirurgie pied Nice\" \/>\n<meta property=\"article:modified_time\" content=\"2020-08-18T13:13:59+00:00\" \/>\n<meta name=\"twitter:card\" content=\"summary_large_image\" \/>\n<meta name=\"twitter:label1\" content=\"Est. reading time\" \/>\n\t<meta name=\"twitter:data1\" content=\"2 minutes\" \/>\n<script type=\"application\/ld+json\" class=\"yoast-schema-graph\">{\"@context\":\"https:\/\/schema.org\",\"@graph\":[{\"@type\":\"WebSite\",\"@id\":\"https:\/\/hallux-valgus-nice.fr\/#website\",\"url\":\"https:\/\/hallux-valgus-nice.fr\/\",\"name\":\"Hallux Valgus Nice | Chirurgie pied Nice\",\"description\":\"Docteur Eddy BECQUET | Chirurgien du pied et de la main \u00e0 Nice\",\"potentialAction\":[{\"@type\":\"SearchAction\",\"target\":{\"@type\":\"EntryPoint\",\"urlTemplate\":\"https:\/\/hallux-valgus-nice.fr\/?s={search_term_string}\"},\"query-input\":\"required name=search_term_string\"}],\"inLanguage\":\"en-US\"},{\"@type\":\"WebPage\",\"@id\":\"https:\/\/hallux-valgus-nice.fr\/guide-bernard-fauroux\/#webpage\",\"url\":\"https:\/\/hallux-valgus-nice.fr\/guide-bernard-fauroux\/\",\"name\":\"guide bernard fauroux - Hallux Valgus Nice | Chirurgie pied Nice\",\"isPartOf\":{\"@id\":\"https:\/\/hallux-valgus-nice.fr\/#website\"},\"datePublished\":\"2017-08-18T12:42:25+00:00\",\"dateModified\":\"2020-08-18T13:13:59+00:00\",\"breadcrumb\":{\"@id\":\"https:\/\/hallux-valgus-nice.fr\/guide-bernard-fauroux\/#breadcrumb\"},\"inLanguage\":\"en-US\",\"potentialAction\":[{\"@type\":\"ReadAction\",\"target\":[\"https:\/\/hallux-valgus-nice.fr\/guide-bernard-fauroux\/\"]}]},{\"@type\":\"BreadcrumbList\",\"@id\":\"https:\/\/hallux-valgus-nice.fr\/guide-bernard-fauroux\/#breadcrumb\",\"itemListElement\":[{\"@type\":\"ListItem\",\"position\":1,\"name\":\"Accueil\",\"item\":\"https:\/\/hallux-valgus-nice.fr\/\"},{\"@type\":\"ListItem\",\"position\":2,\"name\":\"guide bernard fauroux\"}]}]}<\/script>\n<!-- \/ Yoast SEO plugin. -->","yoast_head_json":{"title":"guide bernard fauroux - Hallux Valgus Nice | Chirurgie pied Nice","robots":{"index":"index","follow":"follow","max-snippet":"max-snippet:-1","max-image-preview":"max-image-preview:large","max-video-preview":"max-video-preview:-1"},"canonical":"https:\/\/hallux-valgus-nice.fr\/en\/guide-bernard-fauroux\/","og_locale":"en_US","og_type":"article","og_title":"guide bernard fauroux - Hallux Valgus Nice | Chirurgie pied Nice","og_description":"Bernard Fauroux Ce site Web pr\u00e9sentant les r\u00e9alisations de notre agence d\u2019architecture et d\u2019urbanisme ne pourrait aujourd\u2019hui exister sans la confiance de nos clients, ma\u00eetres d\u2019ouvrage priv\u00e9s ou publics, qui nous ont charg\u00e9 de leurs projets, sans le savoir-faire des entreprises qui les ont b\u00e2tis, et sans, bien s\u00fbr, le travail de notre \u00e9quipe qui [&hellip;]","og_url":"https:\/\/hallux-valgus-nice.fr\/en\/guide-bernard-fauroux\/","og_site_name":"Hallux Valgus Nice | Chirurgie pied Nice","article_modified_time":"2020-08-18T13:13:59+00:00","twitter_card":"summary_large_image","twitter_misc":{"Est. reading time":"2 minutes"},"schema":{"@context":"https:\/\/schema.org","@graph":[{"@type":"WebSite","@id":"https:\/\/hallux-valgus-nice.fr\/#website","url":"https:\/\/hallux-valgus-nice.fr\/","name":"Hallux Valgus Nice | Chirurgie pied Nice","description":"Docteur Eddy BECQUET | Chirurgien du pied et de la main \u00e0 Nice","potentialAction":[{"@type":"SearchAction","target":{"@type":"EntryPoint","urlTemplate":"https:\/\/hallux-valgus-nice.fr\/?s={search_term_string}"},"query-input":"required name=search_term_string"}],"inLanguage":"en-US"},{"@type":"WebPage","@id":"https:\/\/hallux-valgus-nice.fr\/guide-bernard-fauroux\/#webpage","url":"https:\/\/hallux-valgus-nice.fr\/guide-bernard-fauroux\/","name":"guide bernard fauroux - Hallux Valgus Nice | Chirurgie pied Nice","isPartOf":{"@id":"https:\/\/hallux-valgus-nice.fr\/#website"},"datePublished":"2017-08-18T12:42:25+00:00","dateModified":"2020-08-18T13:13:59+00:00","breadcrumb":{"@id":"https:\/\/hallux-valgus-nice.fr\/guide-bernard-fauroux\/#breadcrumb"},"inLanguage":"en-US","potentialAction":[{"@type":"ReadAction","target":["https:\/\/hallux-valgus-nice.fr\/guide-bernard-fauroux\/"]}]},{"@type":"BreadcrumbList","@id":"https:\/\/hallux-valgus-nice.fr\/guide-bernard-fauroux\/#breadcrumb","itemListElement":[{"@type":"ListItem","position":1,"name":"Accueil","item":"https:\/\/hallux-valgus-nice.fr\/"},{"@type":"ListItem","position":2,"name":"guide bernard fauroux"}]}]}},"_links":{"self":[{"href":"https:\/\/hallux-valgus-nice.fr\/en\/wp-json\/wp\/v2\/pages\/1094"}],"collection":[{"href":"https:\/\/hallux-valgus-nice.fr\/en\/wp-json\/wp\/v2\/pages"}],"about":[{"href":"https:\/\/hallux-valgus-nice.fr\/en\/wp-json\/wp\/v2\/types\/page"}],"author":[{"embeddable":true,"href":"https:\/\/hallux-valgus-nice.fr\/en\/wp-json\/wp\/v2\/users\/4"}],"replies":[{"embeddable":true,"href":"https:\/\/hallux-valgus-nice.fr\/en\/wp-json\/wp\/v2\/comments?post=1094"}],"version-history":[{"count":2,"href":"https:\/\/hallux-valgus-nice.fr\/en\/wp-json\/wp\/v2\/pages\/1094\/revisions"}],"predecessor-version":[{"id":1214,"href":"https:\/\/hallux-valgus-nice.fr\/en\/wp-json\/wp\/v2\/pages\/1094\/revisions\/1214"}],"wp:attachment":[{"href":"https:\/\/hallux-valgus-nice.fr\/en\/wp-json\/wp\/v2\/media?parent=1094"}],"curies":[{"name":"wp","href":"https:\/\/api.w.org\/{rel}","templated":true}]}}