{"id":1095,"date":"2017-08-18T14:42:31","date_gmt":"2017-08-18T12:42:31","guid":{"rendered":"https:\/\/chirurgie-main-pied.fr\/?page_id=1095"},"modified":"2020-08-18T15:14:02","modified_gmt":"2020-08-18T13:14:02","slug":"guide-ecole-temps-danse","status":"publish","type":"page","link":"https:\/\/hallux-valgus-nice.fr\/en\/guide-ecole-temps-danse\/","title":{"rendered":"dance time school guide"},"content":{"rendered":"<p>[et_pb_section fb_built=\u00a0\u00bb1&Prime; _builder_version=\u00a0\u00bb3.23.3&Prime;][et_pb_row _builder_version=\u00a0\u00bb3.23.3&Prime;][et_pb_column type=\u00a0\u00bb1_4&Prime; _builder_version=\u00a0\u00bb3.23.3&Prime;][et_pb_image src=\u00a0\u00bbhttp:\/\/hallux-valgus-nice.fr\/wp-content\/uploads\/2020\/08\/nextnet-agence-communication-freelance-nice-ecole-temps-danse-mockup-3-guide.jpg\u00a0\u00bb _builder_version=\u00a0\u00bb3.23.3&Prime;][\/et_pb_image][\/et_pb_column][et_pb_column type=\u00a0\u00bb3_4&Prime; _builder_version=\u00a0\u00bb3.23.3&Prime;][et_pb_text _builder_version=\u00a0\u00bb3.23.3&Prime;]<\/p>\n<h2>School Temps Danse<\/h2>\n<p style=\"text-align: left;\">A large choice of shows will be proposed to you, all composed of professional and recognized artists on the French Riviera.<\/p>\n<p>all composed of professional artists and recognized on the French Riviera.<\/p>\n<p>The time of an evening you will be transported in a fairy universe, bewitching with wonderful dancers and sublime costumes.<\/p>\n<p>In order to make your evenings unforgettable, we offer you a quality service adapted to your needs, your moods and your budgets. The company is itinerant, and moves in all France.<\/p>\n<p>[\/et_pb_text][et_pb_button button_text=\u00a0\u00bbAller sur le site\u00a0\u00bb _builder_version=\u00a0\u00bb3.23.3&Prime; button_url=\u00a0\u00bbhttp:\/\/www.ecole-temps-danse.com\/\u00a0\u00bb][\/et_pb_button][\/et_pb_column][\/et_pb_row][\/et_pb_section]<\/p>","protected":false},"excerpt":{"rendered":"<p>Ecole Temps Danse Un large choix de spectacles vous sera propos\u00e9e, tous compos\u00e9s d&rsquo;artistes professionnels et reconnus sur la C\u00f4te d&rsquo;Azur. tous compos\u00e9s d&rsquo;artistes professionnels et reconnus sur la C\u00f4te d&rsquo;Azur. Le temps d&rsquo;une soir\u00e9e vous allez \u00eatre transport\u00e9s dans un univers f\u00e9erique, envo\u00fbtant avec de merveilleuses danseuses et de sublimes costumes. Afin que vos [&hellip;]<\/p>","protected":false},"author":4,"featured_media":0,"parent":0,"menu_order":0,"comment_status":"closed","ping_status":"closed","template":"","meta":{"_et_pb_use_builder":"on","_et_pb_old_content":"","_et_gb_content_width":""},"yoast_head":"<!-- This site is optimized with the Yoast SEO plugin v18.1 - https:\/\/yoast.com\/wordpress\/plugins\/seo\/ -->\n<title>guide ecole temps danse - Hallux Valgus Nice | Chirurgie pied Nice<\/title>\n<meta name=\"robots\" content=\"index, follow, max-snippet:-1, max-image-preview:large, max-video-preview:-1\" \/>\n<link rel=\"canonical\" href=\"https:\/\/hallux-valgus-nice.fr\/en\/guide-ecole-temps-danse\/\" \/>\n<meta property=\"og:locale\" content=\"en_US\" \/>\n<meta property=\"og:type\" content=\"article\" \/>\n<meta property=\"og:title\" content=\"guide ecole temps danse - Hallux Valgus Nice | Chirurgie pied Nice\" \/>\n<meta property=\"og:description\" content=\"Ecole Temps Danse Un large choix de spectacles vous sera propos\u00e9e, tous compos\u00e9s d&#039;artistes professionnels et reconnus sur la C\u00f4te d&#039;Azur. tous compos\u00e9s d&#039;artistes professionnels et reconnus sur la C\u00f4te d&#039;Azur. Le temps d&#039;une soir\u00e9e vous allez \u00eatre transport\u00e9s dans un univers f\u00e9erique, envo\u00fbtant avec de merveilleuses danseuses et de sublimes costumes. Afin que vos [&hellip;]\" \/>\n<meta property=\"og:url\" content=\"https:\/\/hallux-valgus-nice.fr\/en\/guide-ecole-temps-danse\/\" \/>\n<meta property=\"og:site_name\" content=\"Hallux Valgus Nice | Chirurgie pied Nice\" \/>\n<meta property=\"article:modified_time\" content=\"2020-08-18T13:14:02+00:00\" \/>\n<meta name=\"twitter:card\" content=\"summary_large_image\" \/>\n<meta name=\"twitter:label1\" content=\"Est. reading time\" \/>\n\t<meta name=\"twitter:data1\" content=\"1 minute\" \/>\n<script type=\"application\/ld+json\" class=\"yoast-schema-graph\">{\"@context\":\"https:\/\/schema.org\",\"@graph\":[{\"@type\":\"WebSite\",\"@id\":\"https:\/\/hallux-valgus-nice.fr\/#website\",\"url\":\"https:\/\/hallux-valgus-nice.fr\/\",\"name\":\"Hallux Valgus Nice | Chirurgie pied Nice\",\"description\":\"Docteur Eddy BECQUET | Chirurgien du pied et de la main \u00e0 Nice\",\"potentialAction\":[{\"@type\":\"SearchAction\",\"target\":{\"@type\":\"EntryPoint\",\"urlTemplate\":\"https:\/\/hallux-valgus-nice.fr\/?s={search_term_string}\"},\"query-input\":\"required name=search_term_string\"}],\"inLanguage\":\"en-US\"},{\"@type\":\"WebPage\",\"@id\":\"https:\/\/hallux-valgus-nice.fr\/guide-ecole-temps-danse\/#webpage\",\"url\":\"https:\/\/hallux-valgus-nice.fr\/guide-ecole-temps-danse\/\",\"name\":\"guide ecole temps danse - Hallux Valgus Nice | Chirurgie pied Nice\",\"isPartOf\":{\"@id\":\"https:\/\/hallux-valgus-nice.fr\/#website\"},\"datePublished\":\"2017-08-18T12:42:31+00:00\",\"dateModified\":\"2020-08-18T13:14:02+00:00\",\"breadcrumb\":{\"@id\":\"https:\/\/hallux-valgus-nice.fr\/guide-ecole-temps-danse\/#breadcrumb\"},\"inLanguage\":\"en-US\",\"potentialAction\":[{\"@type\":\"ReadAction\",\"target\":[\"https:\/\/hallux-valgus-nice.fr\/guide-ecole-temps-danse\/\"]}]},{\"@type\":\"BreadcrumbList\",\"@id\":\"https:\/\/hallux-valgus-nice.fr\/guide-ecole-temps-danse\/#breadcrumb\",\"itemListElement\":[{\"@type\":\"ListItem\",\"position\":1,\"name\":\"Accueil\",\"item\":\"https:\/\/hallux-valgus-nice.fr\/\"},{\"@type\":\"ListItem\",\"position\":2,\"name\":\"guide ecole temps danse\"}]}]}<\/script>\n<!-- \/ Yoast SEO plugin. -->","yoast_head_json":{"title":"guide ecole temps danse - Hallux Valgus Nice | Chirurgie pied Nice","robots":{"index":"index","follow":"follow","max-snippet":"max-snippet:-1","max-image-preview":"max-image-preview:large","max-video-preview":"max-video-preview:-1"},"canonical":"https:\/\/hallux-valgus-nice.fr\/en\/guide-ecole-temps-danse\/","og_locale":"en_US","og_type":"article","og_title":"guide ecole temps danse - Hallux Valgus Nice | Chirurgie pied Nice","og_description":"Ecole Temps Danse Un large choix de spectacles vous sera propos\u00e9e, tous compos\u00e9s d'artistes professionnels et reconnus sur la C\u00f4te d'Azur. tous compos\u00e9s d'artistes professionnels et reconnus sur la C\u00f4te d'Azur. Le temps d'une soir\u00e9e vous allez \u00eatre transport\u00e9s dans un univers f\u00e9erique, envo\u00fbtant avec de merveilleuses danseuses et de sublimes costumes. Afin que vos [&hellip;]","og_url":"https:\/\/hallux-valgus-nice.fr\/en\/guide-ecole-temps-danse\/","og_site_name":"Hallux Valgus Nice | Chirurgie pied Nice","article_modified_time":"2020-08-18T13:14:02+00:00","twitter_card":"summary_large_image","twitter_misc":{"Est. reading time":"1 minute"},"schema":{"@context":"https:\/\/schema.org","@graph":[{"@type":"WebSite","@id":"https:\/\/hallux-valgus-nice.fr\/#website","url":"https:\/\/hallux-valgus-nice.fr\/","name":"Hallux Valgus Nice | Chirurgie pied Nice","description":"Docteur Eddy BECQUET | Chirurgien du pied et de la main \u00e0 Nice","potentialAction":[{"@type":"SearchAction","target":{"@type":"EntryPoint","urlTemplate":"https:\/\/hallux-valgus-nice.fr\/?s={search_term_string}"},"query-input":"required name=search_term_string"}],"inLanguage":"en-US"},{"@type":"WebPage","@id":"https:\/\/hallux-valgus-nice.fr\/guide-ecole-temps-danse\/#webpage","url":"https:\/\/hallux-valgus-nice.fr\/guide-ecole-temps-danse\/","name":"guide ecole temps danse - Hallux Valgus Nice | Chirurgie pied Nice","isPartOf":{"@id":"https:\/\/hallux-valgus-nice.fr\/#website"},"datePublished":"2017-08-18T12:42:31+00:00","dateModified":"2020-08-18T13:14:02+00:00","breadcrumb":{"@id":"https:\/\/hallux-valgus-nice.fr\/guide-ecole-temps-danse\/#breadcrumb"},"inLanguage":"en-US","potentialAction":[{"@type":"ReadAction","target":["https:\/\/hallux-valgus-nice.fr\/guide-ecole-temps-danse\/"]}]},{"@type":"BreadcrumbList","@id":"https:\/\/hallux-valgus-nice.fr\/guide-ecole-temps-danse\/#breadcrumb","itemListElement":[{"@type":"ListItem","position":1,"name":"Accueil","item":"https:\/\/hallux-valgus-nice.fr\/"},{"@type":"ListItem","position":2,"name":"guide ecole temps danse"}]}]}},"_links":{"self":[{"href":"https:\/\/hallux-valgus-nice.fr\/en\/wp-json\/wp\/v2\/pages\/1095"}],"collection":[{"href":"https:\/\/hallux-valgus-nice.fr\/en\/wp-json\/wp\/v2\/pages"}],"about":[{"href":"https:\/\/hallux-valgus-nice.fr\/en\/wp-json\/wp\/v2\/types\/page"}],"author":[{"embeddable":true,"href":"https:\/\/hallux-valgus-nice.fr\/en\/wp-json\/wp\/v2\/users\/4"}],"replies":[{"embeddable":true,"href":"https:\/\/hallux-valgus-nice.fr\/en\/wp-json\/wp\/v2\/comments?post=1095"}],"version-history":[{"count":2,"href":"https:\/\/hallux-valgus-nice.fr\/en\/wp-json\/wp\/v2\/pages\/1095\/revisions"}],"predecessor-version":[{"id":1215,"href":"https:\/\/hallux-valgus-nice.fr\/en\/wp-json\/wp\/v2\/pages\/1095\/revisions\/1215"}],"wp:attachment":[{"href":"https:\/\/hallux-valgus-nice.fr\/en\/wp-json\/wp\/v2\/media?parent=1095"}],"curies":[{"name":"wp","href":"https:\/\/api.w.org\/{rel}","templated":true}]}}