{"id":1097,"date":"2017-08-18T14:42:32","date_gmt":"2017-08-18T12:42:32","guid":{"rendered":"https:\/\/chirurgie-main-pied.fr\/?page_id=1097"},"modified":"2020-08-18T15:14:05","modified_gmt":"2020-08-18T13:14:05","slug":"guide-philippe-tran-studio","status":"publish","type":"page","link":"https:\/\/hallux-valgus-nice.fr\/en\/guide-philippe-tran-studio\/","title":{"rendered":"guide philippe tran studio"},"content":{"rendered":"<p>[et_pb_section fb_built=\u00a0\u00bb1&Prime; _builder_version=\u00a0\u00bb3.23.3&Prime;][et_pb_row _builder_version=\u00a0\u00bb3.23.3&Prime;][et_pb_column type=\u00a0\u00bb1_4&Prime; _builder_version=\u00a0\u00bb3.23.3&Prime;][et_pb_image src=\u00a0\u00bbhttp:\/\/hallux-valgus-nice.fr\/wp-content\/uploads\/2020\/08\/nextnet-agence-communication-freelance-nice-philippe-tran-studio-mockup-guide.jpg\u00a0\u00bb _builder_version=\u00a0\u00bb3.23.3&Prime;][\/et_pb_image][\/et_pb_column][et_pb_column type=\u00a0\u00bb3_4&Prime; _builder_version=\u00a0\u00bb3.23.3&Prime;][et_pb_text _builder_version=\u00a0\u00bb3.23.3&Prime;]<\/p>\n<h2>PhilippeTran Studio<\/h2>\n<p><span>De la mise en place de votre strat\u00e9gie digitale au d\u00e9ploiement et \u00e0 la gestion de vos supports de communication, mon profil de chef de projet digital vous permet d&rsquo;\u00eatre accompagn\u00e9 par un seul et m\u00eame interlocuteur.<\/span><\/p>\n<p><span>Expert, j&rsquo;accompagne mes clients, grands groupes et PME, dans la gestion de leur site existant, dans leurs projets de refonte ou de cr\u00e9ation de site corporate.<\/span><\/p>\n<p>[\/et_pb_text][et_pb_button button_text=\u00a0\u00bbAller sur le site\u00a0\u00bb _builder_version=\u00a0\u00bb3.23.3&Prime; button_url=\u00a0\u00bbhttps:\/\/philippetran.com\/\u00a0\u00bb][\/et_pb_button][\/et_pb_column][\/et_pb_row][\/et_pb_section]<\/p>","protected":false},"excerpt":{"rendered":"<p>PhilippeTran Studio De la mise en place de votre strat\u00e9gie digitale au d\u00e9ploiement et \u00e0 la gestion de vos supports de communication, mon profil de chef de projet digital vous permet d&rsquo;\u00eatre accompagn\u00e9 par un seul et m\u00eame interlocuteur. Expert, j&rsquo;accompagne mes clients, grands groupes et PME, dans la gestion de leur site existant, dans [&hellip;]<\/p>","protected":false},"author":4,"featured_media":0,"parent":0,"menu_order":0,"comment_status":"closed","ping_status":"closed","template":"","meta":{"_et_pb_use_builder":"on","_et_pb_old_content":"","_et_gb_content_width":""},"yoast_head":"<!-- This site is optimized with the Yoast SEO plugin v18.1 - https:\/\/yoast.com\/wordpress\/plugins\/seo\/ -->\n<title>guide philippe tran studio - Hallux Valgus Nice | Chirurgie pied Nice<\/title>\n<meta name=\"robots\" content=\"index, follow, max-snippet:-1, max-image-preview:large, max-video-preview:-1\" \/>\n<link rel=\"canonical\" href=\"https:\/\/hallux-valgus-nice.fr\/en\/guide-philippe-tran-studio\/\" \/>\n<meta property=\"og:locale\" content=\"en_US\" \/>\n<meta property=\"og:type\" content=\"article\" \/>\n<meta property=\"og:title\" content=\"guide philippe tran studio - Hallux Valgus Nice | Chirurgie pied Nice\" \/>\n<meta property=\"og:description\" content=\"PhilippeTran Studio De la mise en place de votre strat\u00e9gie digitale au d\u00e9ploiement et \u00e0 la gestion de vos supports de communication, mon profil de chef de projet digital vous permet d&#039;\u00eatre accompagn\u00e9 par un seul et m\u00eame interlocuteur. Expert, j&#039;accompagne mes clients, grands groupes et PME, dans la gestion de leur site existant, dans [&hellip;]\" \/>\n<meta property=\"og:url\" content=\"https:\/\/hallux-valgus-nice.fr\/en\/guide-philippe-tran-studio\/\" \/>\n<meta property=\"og:site_name\" content=\"Hallux Valgus Nice | Chirurgie pied Nice\" \/>\n<meta property=\"article:modified_time\" content=\"2020-08-18T13:14:05+00:00\" \/>\n<meta name=\"twitter:card\" content=\"summary_large_image\" \/>\n<meta name=\"twitter:label1\" content=\"Est. reading time\" \/>\n\t<meta name=\"twitter:data1\" content=\"1 minute\" \/>\n<script type=\"application\/ld+json\" class=\"yoast-schema-graph\">{\"@context\":\"https:\/\/schema.org\",\"@graph\":[{\"@type\":\"WebSite\",\"@id\":\"https:\/\/hallux-valgus-nice.fr\/#website\",\"url\":\"https:\/\/hallux-valgus-nice.fr\/\",\"name\":\"Hallux Valgus Nice | Chirurgie pied Nice\",\"description\":\"Docteur Eddy BECQUET | Chirurgien du pied et de la main \u00e0 Nice\",\"potentialAction\":[{\"@type\":\"SearchAction\",\"target\":{\"@type\":\"EntryPoint\",\"urlTemplate\":\"https:\/\/hallux-valgus-nice.fr\/?s={search_term_string}\"},\"query-input\":\"required name=search_term_string\"}],\"inLanguage\":\"en-US\"},{\"@type\":\"WebPage\",\"@id\":\"https:\/\/hallux-valgus-nice.fr\/guide-philippe-tran-studio\/#webpage\",\"url\":\"https:\/\/hallux-valgus-nice.fr\/guide-philippe-tran-studio\/\",\"name\":\"guide philippe tran studio - Hallux Valgus Nice | Chirurgie pied Nice\",\"isPartOf\":{\"@id\":\"https:\/\/hallux-valgus-nice.fr\/#website\"},\"datePublished\":\"2017-08-18T12:42:32+00:00\",\"dateModified\":\"2020-08-18T13:14:05+00:00\",\"breadcrumb\":{\"@id\":\"https:\/\/hallux-valgus-nice.fr\/guide-philippe-tran-studio\/#breadcrumb\"},\"inLanguage\":\"en-US\",\"potentialAction\":[{\"@type\":\"ReadAction\",\"target\":[\"https:\/\/hallux-valgus-nice.fr\/guide-philippe-tran-studio\/\"]}]},{\"@type\":\"BreadcrumbList\",\"@id\":\"https:\/\/hallux-valgus-nice.fr\/guide-philippe-tran-studio\/#breadcrumb\",\"itemListElement\":[{\"@type\":\"ListItem\",\"position\":1,\"name\":\"Accueil\",\"item\":\"https:\/\/hallux-valgus-nice.fr\/\"},{\"@type\":\"ListItem\",\"position\":2,\"name\":\"guide philippe tran studio\"}]}]}<\/script>\n<!-- \/ Yoast SEO plugin. -->","yoast_head_json":{"title":"guide philippe tran studio - Hallux Valgus Nice | Chirurgie pied Nice","robots":{"index":"index","follow":"follow","max-snippet":"max-snippet:-1","max-image-preview":"max-image-preview:large","max-video-preview":"max-video-preview:-1"},"canonical":"https:\/\/hallux-valgus-nice.fr\/en\/guide-philippe-tran-studio\/","og_locale":"en_US","og_type":"article","og_title":"guide philippe tran studio - Hallux Valgus Nice | Chirurgie pied Nice","og_description":"PhilippeTran Studio De la mise en place de votre strat\u00e9gie digitale au d\u00e9ploiement et \u00e0 la gestion de vos supports de communication, mon profil de chef de projet digital vous permet d'\u00eatre accompagn\u00e9 par un seul et m\u00eame interlocuteur. Expert, j'accompagne mes clients, grands groupes et PME, dans la gestion de leur site existant, dans [&hellip;]","og_url":"https:\/\/hallux-valgus-nice.fr\/en\/guide-philippe-tran-studio\/","og_site_name":"Hallux Valgus Nice | Chirurgie pied Nice","article_modified_time":"2020-08-18T13:14:05+00:00","twitter_card":"summary_large_image","twitter_misc":{"Est. reading time":"1 minute"},"schema":{"@context":"https:\/\/schema.org","@graph":[{"@type":"WebSite","@id":"https:\/\/hallux-valgus-nice.fr\/#website","url":"https:\/\/hallux-valgus-nice.fr\/","name":"Hallux Valgus Nice | Chirurgie pied Nice","description":"Docteur Eddy BECQUET | Chirurgien du pied et de la main \u00e0 Nice","potentialAction":[{"@type":"SearchAction","target":{"@type":"EntryPoint","urlTemplate":"https:\/\/hallux-valgus-nice.fr\/?s={search_term_string}"},"query-input":"required name=search_term_string"}],"inLanguage":"en-US"},{"@type":"WebPage","@id":"https:\/\/hallux-valgus-nice.fr\/guide-philippe-tran-studio\/#webpage","url":"https:\/\/hallux-valgus-nice.fr\/guide-philippe-tran-studio\/","name":"guide philippe tran studio - Hallux Valgus Nice | Chirurgie pied Nice","isPartOf":{"@id":"https:\/\/hallux-valgus-nice.fr\/#website"},"datePublished":"2017-08-18T12:42:32+00:00","dateModified":"2020-08-18T13:14:05+00:00","breadcrumb":{"@id":"https:\/\/hallux-valgus-nice.fr\/guide-philippe-tran-studio\/#breadcrumb"},"inLanguage":"en-US","potentialAction":[{"@type":"ReadAction","target":["https:\/\/hallux-valgus-nice.fr\/guide-philippe-tran-studio\/"]}]},{"@type":"BreadcrumbList","@id":"https:\/\/hallux-valgus-nice.fr\/guide-philippe-tran-studio\/#breadcrumb","itemListElement":[{"@type":"ListItem","position":1,"name":"Accueil","item":"https:\/\/hallux-valgus-nice.fr\/"},{"@type":"ListItem","position":2,"name":"guide philippe tran studio"}]}]}},"_links":{"self":[{"href":"https:\/\/hallux-valgus-nice.fr\/en\/wp-json\/wp\/v2\/pages\/1097"}],"collection":[{"href":"https:\/\/hallux-valgus-nice.fr\/en\/wp-json\/wp\/v2\/pages"}],"about":[{"href":"https:\/\/hallux-valgus-nice.fr\/en\/wp-json\/wp\/v2\/types\/page"}],"author":[{"embeddable":true,"href":"https:\/\/hallux-valgus-nice.fr\/en\/wp-json\/wp\/v2\/users\/4"}],"replies":[{"embeddable":true,"href":"https:\/\/hallux-valgus-nice.fr\/en\/wp-json\/wp\/v2\/comments?post=1097"}],"version-history":[{"count":3,"href":"https:\/\/hallux-valgus-nice.fr\/en\/wp-json\/wp\/v2\/pages\/1097\/revisions"}],"predecessor-version":[{"id":1216,"href":"https:\/\/hallux-valgus-nice.fr\/en\/wp-json\/wp\/v2\/pages\/1097\/revisions\/1216"}],"wp:attachment":[{"href":"https:\/\/hallux-valgus-nice.fr\/en\/wp-json\/wp\/v2\/media?parent=1097"}],"curies":[{"name":"wp","href":"https:\/\/api.w.org\/{rel}","templated":true}]}}