{"id":1098,"date":"2017-08-18T14:42:33","date_gmt":"2017-08-18T12:42:33","guid":{"rendered":"https:\/\/chirurgie-main-pied.fr\/?page_id=1098"},"modified":"2020-08-18T15:14:06","modified_gmt":"2020-08-18T13:14:06","slug":"guide-netxnet-studio","status":"publish","type":"page","link":"https:\/\/hallux-valgus-nice.fr\/en\/guide-netxnet-studio\/","title":{"rendered":"netxnet studio guide"},"content":{"rendered":"<p>[et_pb_section fb_built=\u00a0\u00bb1&Prime; _builder_version=\u00a0\u00bb3.23.3&Prime;][et_pb_row _builder_version=\u00a0\u00bb3.23.3&Prime;][et_pb_column type=\u00a0\u00bb1_4&Prime; _builder_version=\u00a0\u00bb3.23.3&Prime;][et_pb_image src=\u00a0\u00bbhttp:\/\/hallux-valgus-nice.fr\/wp-content\/uploads\/2020\/08\/nextnet-agence-communication-freelance-nice-nextnet-studio-mockup-guide.jpg\u00a0\u00bb _builder_version=\u00a0\u00bb3.23.3&Prime;][\/et_pb_image][\/et_pb_column][et_pb_column type=\u00a0\u00bb3_4&Prime; _builder_version=\u00a0\u00bb3.23.3&Prime;][et_pb_text _builder_version=\u00a0\u00bb3.23.3&Prime;]<\/p>\n<h2>Nextnet Studio<\/h2>\n<p style=\"text-align: left;\">Notre agence de communication bas\u00e9e \u00e0 Nice vous propose, plus qu\u2019un service de communication, une offre globale de communication. Nous cr\u00e9ons l&rsquo;identit\u00e9 visuelle de votre marque et la valeur de votre projet. Nous d\u00e9veloppons des solutions digitales innovantes, qu&rsquo;il s&rsquo;agisse d&rsquo;une application mobile, d&rsquo;un site vitrine ou e-commerce. <\/p>\n<p>Nous cr\u00e9ons des solutions graphiques tous les supports print et num\u00e9rique. Notre agence de communication assure un suivi complet, de la production \u00e0 la diffusion pour vous garantir un rendu esth\u00e9tique irr\u00e9prochable !<\/p>\n<p>[\/et_pb_text][et_pb_button button_text=\u00a0\u00bbAller sur le site\u00a0\u00bb _builder_version=\u00a0\u00bb3.23.3&Prime; button_url=\u00a0\u00bbhttps:\/\/www.nextnet.fr\/\u00a0\u00bb][\/et_pb_button][\/et_pb_column][\/et_pb_row][\/et_pb_section]<\/p>","protected":false},"excerpt":{"rendered":"<p>Nextnet Studio Notre agence de communication bas\u00e9e \u00e0 Nice vous propose, plus qu\u2019un service de communication, une offre globale de communication. Nous cr\u00e9ons l&rsquo;identit\u00e9 visuelle de votre marque et la valeur de votre projet. Nous d\u00e9veloppons des solutions digitales innovantes, qu&rsquo;il s&rsquo;agisse d&rsquo;une application mobile, d&rsquo;un site vitrine ou e-commerce. Nous cr\u00e9ons des solutions graphiques [&hellip;]<\/p>","protected":false},"author":4,"featured_media":0,"parent":0,"menu_order":0,"comment_status":"closed","ping_status":"closed","template":"","meta":{"_et_pb_use_builder":"on","_et_pb_old_content":"","_et_gb_content_width":""},"yoast_head":"<!-- This site is optimized with the Yoast SEO plugin v18.1 - https:\/\/yoast.com\/wordpress\/plugins\/seo\/ -->\n<title>guide netxnet studio - Hallux Valgus Nice | Chirurgie pied Nice<\/title>\n<meta name=\"robots\" content=\"index, follow, max-snippet:-1, max-image-preview:large, max-video-preview:-1\" \/>\n<link rel=\"canonical\" href=\"https:\/\/hallux-valgus-nice.fr\/en\/guide-netxnet-studio\/\" \/>\n<meta property=\"og:locale\" content=\"en_US\" \/>\n<meta property=\"og:type\" content=\"article\" \/>\n<meta property=\"og:title\" content=\"guide netxnet studio - Hallux Valgus Nice | Chirurgie pied Nice\" \/>\n<meta property=\"og:description\" content=\"Nextnet Studio Notre agence de communication bas\u00e9e \u00e0 Nice vous propose, plus qu\u2019un service de communication, une offre globale de communication. Nous cr\u00e9ons l&#039;identit\u00e9 visuelle de votre marque et la valeur de votre projet. Nous d\u00e9veloppons des solutions digitales innovantes, qu&#039;il s&#039;agisse d&#039;une application mobile, d&#039;un site vitrine ou e-commerce. Nous cr\u00e9ons des solutions graphiques [&hellip;]\" \/>\n<meta property=\"og:url\" content=\"https:\/\/hallux-valgus-nice.fr\/en\/guide-netxnet-studio\/\" \/>\n<meta property=\"og:site_name\" content=\"Hallux Valgus Nice | Chirurgie pied Nice\" \/>\n<meta property=\"article:modified_time\" content=\"2020-08-18T13:14:06+00:00\" \/>\n<meta name=\"twitter:card\" content=\"summary_large_image\" \/>\n<meta name=\"twitter:label1\" content=\"Est. reading time\" \/>\n\t<meta name=\"twitter:data1\" content=\"1 minute\" \/>\n<script type=\"application\/ld+json\" class=\"yoast-schema-graph\">{\"@context\":\"https:\/\/schema.org\",\"@graph\":[{\"@type\":\"WebSite\",\"@id\":\"https:\/\/hallux-valgus-nice.fr\/#website\",\"url\":\"https:\/\/hallux-valgus-nice.fr\/\",\"name\":\"Hallux Valgus Nice | Chirurgie pied Nice\",\"description\":\"Docteur Eddy BECQUET | Chirurgien du pied et de la main \u00e0 Nice\",\"potentialAction\":[{\"@type\":\"SearchAction\",\"target\":{\"@type\":\"EntryPoint\",\"urlTemplate\":\"https:\/\/hallux-valgus-nice.fr\/?s={search_term_string}\"},\"query-input\":\"required name=search_term_string\"}],\"inLanguage\":\"en-US\"},{\"@type\":\"WebPage\",\"@id\":\"https:\/\/hallux-valgus-nice.fr\/guide-netxnet-studio\/#webpage\",\"url\":\"https:\/\/hallux-valgus-nice.fr\/guide-netxnet-studio\/\",\"name\":\"guide netxnet studio - Hallux Valgus Nice | Chirurgie pied Nice\",\"isPartOf\":{\"@id\":\"https:\/\/hallux-valgus-nice.fr\/#website\"},\"datePublished\":\"2017-08-18T12:42:33+00:00\",\"dateModified\":\"2020-08-18T13:14:06+00:00\",\"breadcrumb\":{\"@id\":\"https:\/\/hallux-valgus-nice.fr\/guide-netxnet-studio\/#breadcrumb\"},\"inLanguage\":\"en-US\",\"potentialAction\":[{\"@type\":\"ReadAction\",\"target\":[\"https:\/\/hallux-valgus-nice.fr\/guide-netxnet-studio\/\"]}]},{\"@type\":\"BreadcrumbList\",\"@id\":\"https:\/\/hallux-valgus-nice.fr\/guide-netxnet-studio\/#breadcrumb\",\"itemListElement\":[{\"@type\":\"ListItem\",\"position\":1,\"name\":\"Accueil\",\"item\":\"https:\/\/hallux-valgus-nice.fr\/\"},{\"@type\":\"ListItem\",\"position\":2,\"name\":\"guide netxnet studio\"}]}]}<\/script>\n<!-- \/ Yoast SEO plugin. -->","yoast_head_json":{"title":"guide netxnet studio - Hallux Valgus Nice | Chirurgie pied Nice","robots":{"index":"index","follow":"follow","max-snippet":"max-snippet:-1","max-image-preview":"max-image-preview:large","max-video-preview":"max-video-preview:-1"},"canonical":"https:\/\/hallux-valgus-nice.fr\/en\/guide-netxnet-studio\/","og_locale":"en_US","og_type":"article","og_title":"guide netxnet studio - Hallux Valgus Nice | Chirurgie pied Nice","og_description":"Nextnet Studio Notre agence de communication bas\u00e9e \u00e0 Nice vous propose, plus qu\u2019un service de communication, une offre globale de communication. Nous cr\u00e9ons l'identit\u00e9 visuelle de votre marque et la valeur de votre projet. Nous d\u00e9veloppons des solutions digitales innovantes, qu'il s'agisse d'une application mobile, d'un site vitrine ou e-commerce. Nous cr\u00e9ons des solutions graphiques [&hellip;]","og_url":"https:\/\/hallux-valgus-nice.fr\/en\/guide-netxnet-studio\/","og_site_name":"Hallux Valgus Nice | Chirurgie pied Nice","article_modified_time":"2020-08-18T13:14:06+00:00","twitter_card":"summary_large_image","twitter_misc":{"Est. reading time":"1 minute"},"schema":{"@context":"https:\/\/schema.org","@graph":[{"@type":"WebSite","@id":"https:\/\/hallux-valgus-nice.fr\/#website","url":"https:\/\/hallux-valgus-nice.fr\/","name":"Hallux Valgus Nice | Chirurgie pied Nice","description":"Docteur Eddy BECQUET | Chirurgien du pied et de la main \u00e0 Nice","potentialAction":[{"@type":"SearchAction","target":{"@type":"EntryPoint","urlTemplate":"https:\/\/hallux-valgus-nice.fr\/?s={search_term_string}"},"query-input":"required name=search_term_string"}],"inLanguage":"en-US"},{"@type":"WebPage","@id":"https:\/\/hallux-valgus-nice.fr\/guide-netxnet-studio\/#webpage","url":"https:\/\/hallux-valgus-nice.fr\/guide-netxnet-studio\/","name":"guide netxnet studio - Hallux Valgus Nice | Chirurgie pied Nice","isPartOf":{"@id":"https:\/\/hallux-valgus-nice.fr\/#website"},"datePublished":"2017-08-18T12:42:33+00:00","dateModified":"2020-08-18T13:14:06+00:00","breadcrumb":{"@id":"https:\/\/hallux-valgus-nice.fr\/guide-netxnet-studio\/#breadcrumb"},"inLanguage":"en-US","potentialAction":[{"@type":"ReadAction","target":["https:\/\/hallux-valgus-nice.fr\/guide-netxnet-studio\/"]}]},{"@type":"BreadcrumbList","@id":"https:\/\/hallux-valgus-nice.fr\/guide-netxnet-studio\/#breadcrumb","itemListElement":[{"@type":"ListItem","position":1,"name":"Accueil","item":"https:\/\/hallux-valgus-nice.fr\/"},{"@type":"ListItem","position":2,"name":"guide netxnet studio"}]}]}},"_links":{"self":[{"href":"https:\/\/hallux-valgus-nice.fr\/en\/wp-json\/wp\/v2\/pages\/1098"}],"collection":[{"href":"https:\/\/hallux-valgus-nice.fr\/en\/wp-json\/wp\/v2\/pages"}],"about":[{"href":"https:\/\/hallux-valgus-nice.fr\/en\/wp-json\/wp\/v2\/types\/page"}],"author":[{"embeddable":true,"href":"https:\/\/hallux-valgus-nice.fr\/en\/wp-json\/wp\/v2\/users\/4"}],"replies":[{"embeddable":true,"href":"https:\/\/hallux-valgus-nice.fr\/en\/wp-json\/wp\/v2\/comments?post=1098"}],"version-history":[{"count":3,"href":"https:\/\/hallux-valgus-nice.fr\/en\/wp-json\/wp\/v2\/pages\/1098\/revisions"}],"predecessor-version":[{"id":1217,"href":"https:\/\/hallux-valgus-nice.fr\/en\/wp-json\/wp\/v2\/pages\/1098\/revisions\/1217"}],"wp:attachment":[{"href":"https:\/\/hallux-valgus-nice.fr\/en\/wp-json\/wp\/v2\/media?parent=1098"}],"curies":[{"name":"wp","href":"https:\/\/api.w.org\/{rel}","templated":true}]}}