{"id":1132,"date":"2017-08-18T14:50:50","date_gmt":"2017-08-18T12:50:50","guid":{"rendered":"https:\/\/chirurgie-main-pied.fr\/?page_id=1132"},"modified":"2020-08-18T15:09:55","modified_gmt":"2020-08-18T13:09:55","slug":"guide-dr-becquet","status":"publish","type":"page","link":"https:\/\/hallux-valgus-nice.fr\/en\/guide-dr-becquet\/","title":{"rendered":"guide dr becquet"},"content":{"rendered":"<p>[et_pb_section fb_built=\u00a0\u00bb1&Prime; _builder_version=\u00a0\u00bb3.23.3&Prime;][et_pb_row _builder_version=\u00a0\u00bb3.23.3&Prime;][et_pb_column type=\u00a0\u00bb1_4&Prime; _builder_version=\u00a0\u00bb3.23.3&Prime;][et_pb_image src=\u00a0\u00bbhttp:\/\/hallux-valgus-nice.fr\/wp-content\/uploads\/2020\/08\/nextnet-agence-communication-freelance-nice-dr-becquet-2-mockup-4-guide.jpg\u00a0\u00bb _builder_version=\u00a0\u00bb3.23.3&Prime;][\/et_pb_image][\/et_pb_column][et_pb_column type=\u00a0\u00bb3_4&Prime; _builder_version=\u00a0\u00bb3.23.3&Prime;][et_pb_text _builder_version=\u00a0\u00bb3.23.3&Prime;]<\/p>\n<h2>Doctor Becquet<\/h2>\n<p style=\"text-align: left;\">A graduate of the Faculty of Medicine in Lille, and a former intern and head of clinic at the Lille hospitals, Dr. Becquet turned to hand and foot surgery in 1997, making it his specialty.<\/p>\n<p>Depuis plus de 15 ans, Docteur Becquet | orthop\u00e9diste se passionne pour la chirurgie de l&rsquo;hallux valgus. Conscient que les techniques traditionnelles pour op\u00e9rer cette pathologie donnaient des suites longues et douloureuses, il s&rsquo;est int\u00e9ress\u00e9 tr\u00e8s rapidement aux techniques mini-invasive et percutan\u00e9e qui permettent au chirurgien de travailler avec de petites incisions : l&rsquo;impact traumatique est bien moindre sur l&rsquo;hallux valgus op\u00e9r\u00e9 et permet ainsi une r\u00e9cup\u00e9ration rapide, tant sur la reprise de l&rsquo;appui qui est imm\u00e9diat qu&rsquo;en mati\u00e8re de douleurs qui deviennent inexistantes ou tr\u00e8s supportables. <\/p>\n<p>[\/et_pb_text][et_pb_button button_text=\u00a0\u00bbAller sur le site\u00a0\u00bb _builder_version=\u00a0\u00bb3.23.3&Prime; button_url=\u00a0\u00bbhttps:\/\/chirurgie-percutanee-pied-nice.fr\/\u00a0\u00bb][\/et_pb_button][\/et_pb_column][\/et_pb_row][\/et_pb_section]<\/p>","protected":false},"excerpt":{"rendered":"<p>Docteur Becquet Dipl\u00f4m\u00e9 de la facult\u00e9 de M\u00e9decine de Lille, ancien interne et chef de clinique des h\u00f4pitaux de Lille, le Docteur Becquet s&rsquo;est orient\u00e9 d\u00e8s 1997 vers la chirurgie de la main et du pied dont il a fait sa sp\u00e9cialit\u00e9. Depuis plus de 15 ans, Docteur Becquet | orthop\u00e9diste se passionne pour la [&hellip;]<\/p>","protected":false},"author":4,"featured_media":0,"parent":0,"menu_order":0,"comment_status":"closed","ping_status":"closed","template":"","meta":{"_et_pb_use_builder":"on","_et_pb_old_content":"","_et_gb_content_width":""},"yoast_head":"<!-- This site is optimized with the Yoast SEO plugin v18.1 - https:\/\/yoast.com\/wordpress\/plugins\/seo\/ -->\n<title>guide dr becquet - Hallux Valgus Nice | Chirurgie pied Nice<\/title>\n<meta name=\"robots\" content=\"index, follow, max-snippet:-1, max-image-preview:large, max-video-preview:-1\" \/>\n<link rel=\"canonical\" href=\"https:\/\/hallux-valgus-nice.fr\/en\/guide-dr-becquet\/\" \/>\n<meta property=\"og:locale\" content=\"en_US\" \/>\n<meta property=\"og:type\" content=\"article\" \/>\n<meta property=\"og:title\" content=\"guide dr becquet - Hallux Valgus Nice | Chirurgie pied Nice\" \/>\n<meta property=\"og:description\" content=\"Docteur Becquet Dipl\u00f4m\u00e9 de la facult\u00e9 de M\u00e9decine de Lille, ancien interne et chef de clinique des h\u00f4pitaux de Lille, le Docteur Becquet s&#039;est orient\u00e9 d\u00e8s 1997 vers la chirurgie de la main et du pied dont il a fait sa sp\u00e9cialit\u00e9. Depuis plus de 15 ans, Docteur Becquet | orthop\u00e9diste se passionne pour la [&hellip;]\" \/>\n<meta property=\"og:url\" content=\"https:\/\/hallux-valgus-nice.fr\/en\/guide-dr-becquet\/\" \/>\n<meta property=\"og:site_name\" content=\"Hallux Valgus Nice | Chirurgie pied Nice\" \/>\n<meta property=\"article:modified_time\" content=\"2020-08-18T13:09:55+00:00\" \/>\n<meta name=\"twitter:card\" content=\"summary_large_image\" \/>\n<meta name=\"twitter:label1\" content=\"Est. reading time\" \/>\n\t<meta name=\"twitter:data1\" content=\"1 minute\" \/>\n<script type=\"application\/ld+json\" class=\"yoast-schema-graph\">{\"@context\":\"https:\/\/schema.org\",\"@graph\":[{\"@type\":\"WebSite\",\"@id\":\"https:\/\/hallux-valgus-nice.fr\/#website\",\"url\":\"https:\/\/hallux-valgus-nice.fr\/\",\"name\":\"Hallux Valgus Nice | Chirurgie pied Nice\",\"description\":\"Docteur Eddy BECQUET | Chirurgien du pied et de la main \u00e0 Nice\",\"potentialAction\":[{\"@type\":\"SearchAction\",\"target\":{\"@type\":\"EntryPoint\",\"urlTemplate\":\"https:\/\/hallux-valgus-nice.fr\/?s={search_term_string}\"},\"query-input\":\"required name=search_term_string\"}],\"inLanguage\":\"en-US\"},{\"@type\":\"WebPage\",\"@id\":\"https:\/\/hallux-valgus-nice.fr\/guide-dr-becquet\/#webpage\",\"url\":\"https:\/\/hallux-valgus-nice.fr\/guide-dr-becquet\/\",\"name\":\"guide dr becquet - Hallux Valgus Nice | Chirurgie pied Nice\",\"isPartOf\":{\"@id\":\"https:\/\/hallux-valgus-nice.fr\/#website\"},\"datePublished\":\"2017-08-18T12:50:50+00:00\",\"dateModified\":\"2020-08-18T13:09:55+00:00\",\"breadcrumb\":{\"@id\":\"https:\/\/hallux-valgus-nice.fr\/guide-dr-becquet\/#breadcrumb\"},\"inLanguage\":\"en-US\",\"potentialAction\":[{\"@type\":\"ReadAction\",\"target\":[\"https:\/\/hallux-valgus-nice.fr\/guide-dr-becquet\/\"]}]},{\"@type\":\"BreadcrumbList\",\"@id\":\"https:\/\/hallux-valgus-nice.fr\/guide-dr-becquet\/#breadcrumb\",\"itemListElement\":[{\"@type\":\"ListItem\",\"position\":1,\"name\":\"Accueil\",\"item\":\"https:\/\/hallux-valgus-nice.fr\/\"},{\"@type\":\"ListItem\",\"position\":2,\"name\":\"guide dr becquet\"}]}]}<\/script>\n<!-- \/ Yoast SEO plugin. -->","yoast_head_json":{"title":"guide dr becquet - Hallux Valgus Nice | Chirurgie pied Nice","robots":{"index":"index","follow":"follow","max-snippet":"max-snippet:-1","max-image-preview":"max-image-preview:large","max-video-preview":"max-video-preview:-1"},"canonical":"https:\/\/hallux-valgus-nice.fr\/en\/guide-dr-becquet\/","og_locale":"en_US","og_type":"article","og_title":"guide dr becquet - Hallux Valgus Nice | Chirurgie pied Nice","og_description":"Docteur Becquet Dipl\u00f4m\u00e9 de la facult\u00e9 de M\u00e9decine de Lille, ancien interne et chef de clinique des h\u00f4pitaux de Lille, le Docteur Becquet s'est orient\u00e9 d\u00e8s 1997 vers la chirurgie de la main et du pied dont il a fait sa sp\u00e9cialit\u00e9. Depuis plus de 15 ans, Docteur Becquet | orthop\u00e9diste se passionne pour la [&hellip;]","og_url":"https:\/\/hallux-valgus-nice.fr\/en\/guide-dr-becquet\/","og_site_name":"Hallux Valgus Nice | Chirurgie pied Nice","article_modified_time":"2020-08-18T13:09:55+00:00","twitter_card":"summary_large_image","twitter_misc":{"Est. reading time":"1 minute"},"schema":{"@context":"https:\/\/schema.org","@graph":[{"@type":"WebSite","@id":"https:\/\/hallux-valgus-nice.fr\/#website","url":"https:\/\/hallux-valgus-nice.fr\/","name":"Hallux Valgus Nice | Chirurgie pied Nice","description":"Docteur Eddy BECQUET | Chirurgien du pied et de la main \u00e0 Nice","potentialAction":[{"@type":"SearchAction","target":{"@type":"EntryPoint","urlTemplate":"https:\/\/hallux-valgus-nice.fr\/?s={search_term_string}"},"query-input":"required name=search_term_string"}],"inLanguage":"en-US"},{"@type":"WebPage","@id":"https:\/\/hallux-valgus-nice.fr\/guide-dr-becquet\/#webpage","url":"https:\/\/hallux-valgus-nice.fr\/guide-dr-becquet\/","name":"guide dr becquet - Hallux Valgus Nice | Chirurgie pied Nice","isPartOf":{"@id":"https:\/\/hallux-valgus-nice.fr\/#website"},"datePublished":"2017-08-18T12:50:50+00:00","dateModified":"2020-08-18T13:09:55+00:00","breadcrumb":{"@id":"https:\/\/hallux-valgus-nice.fr\/guide-dr-becquet\/#breadcrumb"},"inLanguage":"en-US","potentialAction":[{"@type":"ReadAction","target":["https:\/\/hallux-valgus-nice.fr\/guide-dr-becquet\/"]}]},{"@type":"BreadcrumbList","@id":"https:\/\/hallux-valgus-nice.fr\/guide-dr-becquet\/#breadcrumb","itemListElement":[{"@type":"ListItem","position":1,"name":"Accueil","item":"https:\/\/hallux-valgus-nice.fr\/"},{"@type":"ListItem","position":2,"name":"guide dr becquet"}]}]}},"_links":{"self":[{"href":"https:\/\/hallux-valgus-nice.fr\/en\/wp-json\/wp\/v2\/pages\/1132"}],"collection":[{"href":"https:\/\/hallux-valgus-nice.fr\/en\/wp-json\/wp\/v2\/pages"}],"about":[{"href":"https:\/\/hallux-valgus-nice.fr\/en\/wp-json\/wp\/v2\/types\/page"}],"author":[{"embeddable":true,"href":"https:\/\/hallux-valgus-nice.fr\/en\/wp-json\/wp\/v2\/users\/4"}],"replies":[{"embeddable":true,"href":"https:\/\/hallux-valgus-nice.fr\/en\/wp-json\/wp\/v2\/comments?post=1132"}],"version-history":[{"count":3,"href":"https:\/\/hallux-valgus-nice.fr\/en\/wp-json\/wp\/v2\/pages\/1132\/revisions"}],"predecessor-version":[{"id":1197,"href":"https:\/\/hallux-valgus-nice.fr\/en\/wp-json\/wp\/v2\/pages\/1132\/revisions\/1197"}],"wp:attachment":[{"href":"https:\/\/hallux-valgus-nice.fr\/en\/wp-json\/wp\/v2\/media?parent=1132"}],"curies":[{"name":"wp","href":"https:\/\/api.w.org\/{rel}","templated":true}]}}