{"id":143,"date":"2019-05-31T17:30:01","date_gmt":"2019-05-31T15:30:01","guid":{"rendered":"http:\/\/nextnet.fr\/wp30\/?page_id=143"},"modified":"2019-07-29T00:12:18","modified_gmt":"2019-07-28T22:12:18","slug":"actualite","status":"publish","type":"page","link":"https:\/\/hallux-valgus-nice.fr\/en\/actualite\/","title":{"rendered":"News"},"content":{"rendered":"[et_pb_section fb_built=\u00a0\u00bb1&Prime; admin_label=\u00a0\u00bbHero\u00a0\u00bb _builder_version=\u00a0\u00bb3.22.3&Prime; custom_padding=\u00a0\u00bb100px|0px|100px|0px|true|false\u00a0\u00bb bottom_divider_height=\u00a0\u00bb0px\u00a0\u00bb][et_pb_row custom_padding=\u00a0\u00bb|||\u00a0\u00bb custom_margin=\u00a0\u00bb|||\u00a0\u00bb padding_1_tablet=\u00a0\u00bb0px|50px|50px|50px\u00a0\u00bb padding_1_last_edited=\u00a0\u00bboff|desktop\u00a0\u00bb _builder_version=\u00a0\u00bb3.22.3&Prime; custom_margin_tablet=\u00a0\u00bb||0px|\u00a0\u00bb custom_margin_last_edited=\u00a0\u00bboff|desktop\u00a0\u00bb][et_pb_column type=\u00a0\u00bb4_4&Prime; _builder_version=\u00a0\u00bb3.0.106&Prime;][et_pb_image src=\u00a0\u00bbhttp:\/\/hallux-valgus-nice.fr\/wp-content\/uploads\/2019\/05\/health-icon-13-3.png\u00a0\u00bb _builder_version=\u00a0\u00bb3.23&Prime; always_center_on_mobile=\u00a0\u00bboff\u00a0\u00bb][\/et_pb_image][et_pb_text _builder_version=\u00a0\u00bb3.2&Prime; text_font=\u00a0\u00bbMontserrat|300|||||||\u00a0\u00bb text_text_color=\u00a0\u00bb#677a92&Prime; text_font_size=\u00a0\u00bb16px\u00a0\u00bb text_line_height=\u00a0\u00bb1.8em\u00a0\u00bb header_font=\u00a0\u00bbMontserrat||||||||\u00a0\u00bb header_font_size=\u00a0\u00bb50px\u00a0\u00bb header_line_height=\u00a0\u00bb1.3em\u00a0\u00bb header_2_font=\u00a0\u00bb||||||||\u00a0\u00bb max_width=\u00a0\u00bb750px\u00a0\u00bb custom_margin=\u00a0\u00bb|||\u00a0\u00bb custom_margin_tablet=\u00a0\u00bb0px|50px||50px\u00a0\u00bb custom_margin_phone=\u00a0\u00bb|20px||\u00a0\u00bb custom_margin_last_edited=\u00a0\u00bboff|desktop\u00a0\u00bb custom_padding=\u00a0\u00bb|||\u00a0\u00bb text_line_height_tablet=\u00a0\u00bb1.8em\u00a0\u00bb text_line_height_phone=\u00a0\u00bb1.8em\u00a0\u00bb text_line_height_last_edited=\u00a0\u00bbon|phone\u00a0\u00bb header_font_size_phone=\u00a0\u00bb36px\u00a0\u00bb header_font_size_last_edited=\u00a0\u00bbon|phone\u00a0\u00bb header_2_font_size_phone=\u00a0\u00bb30px\u00a0\u00bb header_2_font_size_last_edited=\u00a0\u00bboff|desktop\u00a0\u00bb locked=\u00a0\u00bboff\u00a0\u00bb]<h1>Your Medical Blog<\/h1>[\/et_pb_text][et_pb_text _builder_version=\u00a0\u00bb3.2&Prime; text_font=\u00a0\u00bbMontserrat|300|||||||\u00a0\u00bb text_font_size=\u00a0\u00bb16px\u00a0\u00bb text_line_height=\u00a0\u00bb2em\u00a0\u00bb link_font=\u00a0\u00bb||||||||\u00a0\u00bb ul_font=\u00a0\u00bb||||||||\u00a0\u00bb ol_font=\u00a0\u00bb||||||||\u00a0\u00bb quote_font=\u00a0\u00bb||||||||\u00a0\u00bb header_font=\u00a0\u00bb||||||||\u00a0\u00bb header_2_font=\u00a0\u00bbMontserrat|300|||||||\u00a0\u00bb header_2_text_color=\u00a0\u00bb#212d3b\u00a0\u00bb header_2_font_size=\u00a0\u00bb40px\u00a0\u00bb header_2_line_height=\u00a0\u00bb1.5em\u00a0\u00bb max_width=\u00a0\u00bb750px\u00a0\u00bb custom_margin=\u00a0\u00bb|||\u00a0\u00bb custom_margin_tablet=\u00a0\u00bb0px|50px||50px\u00a0\u00bb custom_margin_last_edited=\u00a0\u00bboff|desktop\u00a0\u00bb custom_padding=\u00a0\u00bb|||\u00a0\u00bb locked=\u00a0\u00bboff\u00a0\u00bb]<p>Follow the latest innovations in surgical techniques<\/p>[\/et_pb_text][\/et_pb_column][\/et_pb_row][\/et_pb_section][et_pb_section fb_built=\u00a0\u00bb1&Prime; admin_label=\u00a0\u00bbBlog\u00a0\u00bb _builder_version=\u00a0\u00bb3.22.3&Prime; background_color=\u00a0\u00bb#f1f5f7&Prime; border_radii=\u00a0\u00bb||15vw||\u00a0\u00bb custom_margin=\u00a0\u00bb|||\u00a0\u00bb custom_padding=\u00a0\u00bb100px|0|100px|0px|true|false\u00a0\u00bb][et_pb_row _builder_version=\u00a0\u00bb3.22.3&Prime;][et_pb_column type=\u00a0\u00bb4_4&Prime; _builder_version=\u00a0\u00bb3.0.106&Prime;][et_pb_blog fullwidth=\u00a0\u00bboff\u00a0\u00bb posts_number=\u00a0\u00bb6&Prime; include_categories=\u00a0\u00bb65&Prime; show_author=\u00a0\u00bboff\u00a0\u00bb _builder_version=\u00a0\u00bb3.2&Prime; header_level=\u00a0\u00bbh4&Prime; header_font=\u00a0\u00bbMontserrat||||||||\u00a0\u00bb header_line_height=\u00a0\u00bb1.5em\u00a0\u00bb body_font=\u00a0\u00bbMontserrat|300|||||||\u00a0\u00bb body_font_size=\u00a0\u00bb15px\u00a0\u00bb body_line_height=\u00a0\u00bb2em\u00a0\u00bb meta_font=\u00a0\u00bbMontserrat|300|||||||\u00a0\u00bb pagination_font=\u00a0\u00bbMontserrat||||||||\u00a0\u00bb pagination_text_color=\u00a0\u00bb#2f8cff\u00a0\u00bb pagination_font_size=\u00a0\u00bb16px\u00a0\u00bb pagination_line_height=\u00a0\u00bb2em\u00a0\u00bb border_radii=\u00a0\u00bbon|25px|25px|25px|25px\u00a0\u00bb border_width_all=\u00a0\u00bb0px\u00a0\u00bb box_shadow_style=\u00a0\u00bbpreset3&Prime; box_shadow_vertical=\u00a0\u00bb30px\u00a0\u00bb box_shadow_blur=\u00a0\u00bb50px\u00a0\u00bb box_shadow_spread=\u00a0\u00bb-30px\u00a0\u00bb box_shadow_color=\u00a0\u00bbrgba(0,0,0,0.1)\u00a0\u00bb][\/et_pb_blog][\/et_pb_column][\/et_pb_row][\/et_pb_section][et_pb_section fb_built=\u00a0\u00bb1&Prime; admin_label=\u00a0\u00bbFooter\u00a0\u00bb _builder_version=\u00a0\u00bb3.22.3&Prime; background_color=\u00a0\u00bb#2f8cff\u00a0\u00bb custom_padding=\u00a0\u00bb120px||120px||false|false\u00a0\u00bb top_divider_height=\u00a0\u00bb660px\u00a0\u00bb top_divider_flip=\u00a0\u00bbhorizontal\u00a0\u00bb bottom_divider_style=\u00a0\u00bbclouds2&Prime; bottom_divider_color=\u00a0\u00bbrgba(255,255,255,0.08)\u00a0\u00bb bottom_divider_height=\u00a0\u00bb600px\u00a0\u00bb bottom_divider_flip=\u00a0\u00bbvertical\u00a0\u00bb global_module=\u00a0\u00bb662&Prime;][et_pb_row _builder_version=\u00a0\u00bb3.22.3&Prime;][et_pb_column type=\u00a0\u00bb1_3&Prime; _builder_version=\u00a0\u00bb3.0.106&Prime;][et_pb_text _builder_version=\u00a0\u00bb3.23.3&Prime; text_font=\u00a0\u00bb||||||||\u00a0\u00bb text_font_size=\u00a0\u00bb30px\u00a0\u00bb]<p><span style=\"color: #ffffff;\"><strong>QUICK LINKS<\/strong><\/span><\/p>[\/et_pb_text][et_pb_text _builder_version=\u00a0\u00bb3.23.3&Prime; text_font=\u00a0\u00bb||||||||\u00a0\u00bb text_font_size=\u00a0\u00bb15px\u00a0\u00bb text_line_height=\u00a0\u00bb1.8em\u00a0\u00bb]<p><span style=\"color: #ffffff;\"><a href=\"http:\/\/hallux-valgus-nice.fr\/en\/index.php\/hallux-valgus\/\" style=\"color: #ffffff;\" target=\"_blank\" rel=\"noopener noreferrer\">Chirurgie de l&rsquo;hallux valgus<\/a><br \/> <a href=\"https:\/\/hallux-valgus-nice.fr\/en\/nevrome-de-morton\/\" target=\"_blank\" rel=\"noopener noreferrer\" style=\"color: #ffffff;\">Chirurgie du n\u00e9vrome de Morton<\/a><br \/> <a href=\"https:\/\/hallux-valgus-nice.fr\/en\/orteils-en-griffe\/\" target=\"_blank\" rel=\"noopener noreferrer\" style=\"color: #ffffff;\">Chirurgie des orteils en griffe<\/a><br \/> <a href=\"https:\/\/hallux-valgus-nice.fr\/en\/ongle-incarne\/\" target=\"_blank\" rel=\"noopener noreferrer\" style=\"color: #ffffff;\">Ongles incarn\u00e9s<\/a><br \/> <a href=\"http:\/\/hallux-valgus-nice.fr\/en\/index.php\/chirurgie-du-pied\/\" target=\"_blank\" rel=\"noopener noreferrer\" style=\"color: #ffffff;\">Toutes les pathologies du pied&#8230;<\/a><\/span><\/p>[\/et_pb_text][\/et_pb_column][et_pb_column type=\u00a0\u00bb1_3&Prime; _builder_version=\u00a0\u00bb3.0.106&Prime;][et_pb_text _builder_version=\u00a0\u00bb3.23.3&Prime; text_font=\u00a0\u00bb||||||||\u00a0\u00bb text_font_size=\u00a0\u00bb15px\u00a0\u00bb text_line_height=\u00a0\u00bb1.8em\u00a0\u00bb custom_margin=\u00a0\u00bb60px||\u00a0\u00bb]<p><span style=\"color: #ffffff;\"><a href=\"https:\/\/hallux-valgus-nice.fr\/en\/syndrome-du-canal-caprien\/\" target=\"_blank\" rel=\"noopener noreferrer\" style=\"color: #ffffff;\">Chirurgie du canal carpien<\/a><\/span><br \/> <span style=\"color: #ffffff;\"><a href=\"https:\/\/hallux-valgus-nice.fr\/en\/maladie-de-dupuytren\/\" target=\"_blank\" rel=\"noopener noreferrer\" style=\"color: #ffffff;\">Dupuytren's disease<\/a><\/span><br \/> <span style=\"color: #ffffff;\"><a href=\"https:\/\/hallux-valgus-nice.fr\/en\/rhizarthrose\/\" target=\"_blank\" rel=\"noopener noreferrer\" style=\"color: #ffffff;\"> Rhizarthrosis<\/a><br \/> <a href=\"https:\/\/hallux-valgus-nice.fr\/en\/doigt-a-ressaut\/\" target=\"_blank\" rel=\"noopener noreferrer\" style=\"color: #ffffff;\">Protruding finger<\/a><\/span><br \/> <span style=\"color: #ffffff;\"><a href=\"https:\/\/hallux-valgus-nice.fr\/en\/chirurgie-de-main\/\" target=\"_blank\" rel=\"noopener noreferrer\" style=\"color: #ffffff;\"> Toutes les pathologies de la main&#8230;<\/a><\/span><\/p>[\/et_pb_text][\/et_pb_column][et_pb_column type=\u00a0\u00bb1_3&Prime; _builder_version=\u00a0\u00bb3.0.106&Prime;][et_pb_text _builder_version=\u00a0\u00bb3.23.3&Prime; text_font=\u00a0\u00bb||||||||\u00a0\u00bb text_font_size=\u00a0\u00bb30px\u00a0\u00bb]<p><span style=\"color: #ffffff;\">Cabinet<\/span><\/p>[\/et_pb_text][et_pb_text _builder_version=\u00a0\u00bb3.23.3&Prime; text_font=\u00a0\u00bb||||||||\u00a0\u00bb text_font_size=\u00a0\u00bb23px\u00a0\u00bb text_line_height=\u00a0\u00bb1.6em\u00a0\u00bb custom_margin=\u00a0\u00bb0px||\u00a0\u00bb]<p><span style=\"color: #ffffff;\">Saint-George Clinic<\/span><br \/><span style=\"color: #ffffff;\">2 Avenue de Rimiez<\/span><br \/><span style=\"color: #ffffff;\">Bat H, 3rd floor<\/span><br \/><span style=\"color: #ffffff;\">06100 Nice &#8211; France<\/span><\/p>[\/et_pb_text][\/et_pb_column][\/et_pb_row][et_pb_row admin_label=\u00a0\u00bbContent Area\u00a0\u00bb _builder_version=\u00a0\u00bb3.22.3&Prime;][et_pb_column type=\u00a0\u00bb1_3&Prime; _builder_version=\u00a0\u00bb3.0.106&Prime;][et_pb_blurb title=\u00a0\u00bbT\u00e9l. : 04 93 16 91 69&Prime; use_icon=\u00a0\u00bbon\u00a0\u00bb font_icon=\u00a0\u00bb%%264%%\u00a0\u00bb icon_color=\u00a0\u00bb#2f8cff\u00a0\u00bb use_circle=\u00a0\u00bbon\u00a0\u00bb circle_color=\u00a0\u00bb#ffffff\u00a0\u00bb icon_placement=\u00a0\u00bbleft\u00a0\u00bb use_icon_font_size=\u00a0\u00bbon\u00a0\u00bb icon_font_size=\u00a0\u00bb16px\u00a0\u00bb _builder_version=\u00a0\u00bb3.23.3&Prime; header_font=\u00a0\u00bbMontserrat||||||||\u00a0\u00bb header_text_color=\u00a0\u00bb#ffffff\u00a0\u00bb header_font_size=\u00a0\u00bb20px\u00a0\u00bb header_line_height=\u00a0\u00bb1.7em\u00a0\u00bb][\/et_pb_blurb][\/et_pb_column][et_pb_column type=\u00a0\u00bb1_3&Prime; _builder_version=\u00a0\u00bb3.0.106&Prime;][et_pb_blurb title=\u00a0\u00bbNous contacter\u00a0\u00bb use_icon=\u00a0\u00bbon\u00a0\u00bb font_icon=\u00a0\u00bb%%238%%\u00a0\u00bb icon_color=\u00a0\u00bb#2f8cff\u00a0\u00bb use_circle=\u00a0\u00bbon\u00a0\u00bb circle_color=\u00a0\u00bb#ffffff\u00a0\u00bb icon_placement=\u00a0\u00bbleft\u00a0\u00bb use_icon_font_size=\u00a0\u00bbon\u00a0\u00bb icon_font_size=\u00a0\u00bb16px\u00a0\u00bb _builder_version=\u00a0\u00bb3.23.3&Prime; header_font=\u00a0\u00bbMontserrat||||||||\u00a0\u00bb header_text_color=\u00a0\u00bb#ffffff\u00a0\u00bb header_font_size=\u00a0\u00bb20px\u00a0\u00bb header_line_height=\u00a0\u00bb1.7em\u00a0\u00bb link_option_url=\u00a0\u00bbhttp:\/\/hallux-valgus-nice.fr\/index.php\/contact\/\u00a0\u00bb locked=\u00a0\u00bboff\u00a0\u00bb][\/et_pb_blurb][\/et_pb_column][et_pb_column type=\u00a0\u00bb1_3&Prime; _builder_version=\u00a0\u00bb3.0.106&Prime;][et_pb_blurb title=\u00a0\u00bbPrendre RDV\u00a0\u00bb url=\u00a0\u00bbhttps:\/\/www.doctolib.fr\/chirurgien-orthopediste\/nice\/eddy-becquet\u00a0\u00bb use_icon=\u00a0\u00bbon\u00a0\u00bb font_icon=\u00a0\u00bb%%131%%\u00a0\u00bb icon_color=\u00a0\u00bb#2f8cff\u00a0\u00bb use_circle=\u00a0\u00bbon\u00a0\u00bb circle_color=\u00a0\u00bb#ffffff\u00a0\u00bb icon_placement=\u00a0\u00bbleft\u00a0\u00bb use_icon_font_size=\u00a0\u00bbon\u00a0\u00bb icon_font_size=\u00a0\u00bb16px\u00a0\u00bb _builder_version=\u00a0\u00bb3.23.3&Prime; header_font=\u00a0\u00bbMontserrat||||||||\u00a0\u00bb header_text_color=\u00a0\u00bb#ffffff\u00a0\u00bb header_font_size=\u00a0\u00bb20px\u00a0\u00bb header_line_height=\u00a0\u00bb1.7em\u00a0\u00bb locked=\u00a0\u00bboff\u00a0\u00bb][\/et_pb_blurb][\/et_pb_column][\/et_pb_row][\/et_pb_section]","protected":false},"excerpt":{"rendered":"<p>Votre Blog M\u00e9dicalSuivez les derni\u00e8res innovations sur les techniques de chirurgiesLIENS RAPIDESChirurgie de l&rsquo;hallux valgus Chirurgie du n\u00e9vrome de Morton Chirurgie des orteils en griffe Ongles incarn\u00e9s Toutes les pathologies du pied&#8230;Chirurgie du canal carpien Maladie de Dupuytren Rhizarthrose Doigt \u00e0 ressaut Toutes les pathologies de la main&#8230;CabinetClinique Saint-George2 Avenue de RimiezBat H, 3\u00e8me \u00e9tage06100 [&hellip;]<\/p>","protected":false},"author":1,"featured_media":0,"parent":0,"menu_order":0,"comment_status":"closed","ping_status":"closed","template":"","meta":{"_et_pb_use_builder":"on","_et_pb_old_content":"","_et_gb_content_width":""},"yoast_head":"<!-- This site is optimized with the Yoast SEO plugin v18.1 - https:\/\/yoast.com\/wordpress\/plugins\/seo\/ -->\n<title>Actualit\u00e9 - Hallux Valgus Nice | Chirurgie pied Nice<\/title>\n<meta name=\"description\" content=\"Dr Becquet Chirurgien du Pied \u00e0 Nice. Informations sur la chirurgie du pied \/ mini-invasive et percutan\u00e9e \/ Hallux Valgus | Nice. Info TEL: 04 93 169 169.\" \/>\n<meta name=\"robots\" content=\"index, follow, max-snippet:-1, max-image-preview:large, max-video-preview:-1\" \/>\n<link rel=\"canonical\" href=\"https:\/\/hallux-valgus-nice.fr\/en\/actualite\/\" \/>\n<meta property=\"og:locale\" content=\"en_US\" \/>\n<meta property=\"og:type\" content=\"article\" \/>\n<meta property=\"og:title\" content=\"Actualit\u00e9 - Hallux Valgus Nice | Chirurgie pied Nice\" \/>\n<meta property=\"og:description\" content=\"Dr Becquet Chirurgien du Pied \u00e0 Nice. Informations sur la chirurgie du pied \/ mini-invasive et percutan\u00e9e \/ Hallux Valgus | Nice. Info TEL: 04 93 169 169.\" \/>\n<meta property=\"og:url\" content=\"https:\/\/hallux-valgus-nice.fr\/en\/actualite\/\" \/>\n<meta property=\"og:site_name\" content=\"Hallux Valgus Nice | Chirurgie pied Nice\" \/>\n<meta property=\"article:modified_time\" content=\"2019-07-28T22:12:18+00:00\" \/>\n<meta name=\"twitter:card\" content=\"summary_large_image\" \/>\n<meta name=\"twitter:label1\" content=\"Est. reading time\" \/>\n\t<meta name=\"twitter:data1\" content=\"4 minutes\" \/>\n<script type=\"application\/ld+json\" class=\"yoast-schema-graph\">{\"@context\":\"https:\/\/schema.org\",\"@graph\":[{\"@type\":\"WebSite\",\"@id\":\"https:\/\/hallux-valgus-nice.fr\/#website\",\"url\":\"https:\/\/hallux-valgus-nice.fr\/\",\"name\":\"Hallux Valgus Nice | Chirurgie pied Nice\",\"description\":\"Docteur Eddy BECQUET | Chirurgien du pied et de la main \u00e0 Nice\",\"potentialAction\":[{\"@type\":\"SearchAction\",\"target\":{\"@type\":\"EntryPoint\",\"urlTemplate\":\"https:\/\/hallux-valgus-nice.fr\/?s={search_term_string}\"},\"query-input\":\"required name=search_term_string\"}],\"inLanguage\":\"en-US\"},{\"@type\":\"WebPage\",\"@id\":\"https:\/\/hallux-valgus-nice.fr\/actualite\/#webpage\",\"url\":\"https:\/\/hallux-valgus-nice.fr\/actualite\/\",\"name\":\"Actualit\u00e9 - Hallux Valgus Nice | Chirurgie pied Nice\",\"isPartOf\":{\"@id\":\"https:\/\/hallux-valgus-nice.fr\/#website\"},\"datePublished\":\"2019-05-31T15:30:01+00:00\",\"dateModified\":\"2019-07-28T22:12:18+00:00\",\"description\":\"Dr Becquet Chirurgien du Pied \u00e0 Nice. Informations sur la chirurgie du pied \/ mini-invasive et percutan\u00e9e \/ Hallux Valgus | Nice. Info TEL: 04 93 169 169.\",\"breadcrumb\":{\"@id\":\"https:\/\/hallux-valgus-nice.fr\/actualite\/#breadcrumb\"},\"inLanguage\":\"en-US\",\"potentialAction\":[{\"@type\":\"ReadAction\",\"target\":[\"https:\/\/hallux-valgus-nice.fr\/actualite\/\"]}]},{\"@type\":\"BreadcrumbList\",\"@id\":\"https:\/\/hallux-valgus-nice.fr\/actualite\/#breadcrumb\",\"itemListElement\":[{\"@type\":\"ListItem\",\"position\":1,\"name\":\"Accueil\",\"item\":\"https:\/\/hallux-valgus-nice.fr\/\"},{\"@type\":\"ListItem\",\"position\":2,\"name\":\"Actualit\u00e9\"}]}]}<\/script>\n<!-- \/ Yoast SEO plugin. -->","yoast_head_json":{"title":"Actualit\u00e9 - Hallux Valgus Nice | Chirurgie pied Nice","description":"Dr Becquet Chirurgien du Pied \u00e0 Nice. Informations sur la chirurgie du pied \/ mini-invasive et percutan\u00e9e \/ Hallux Valgus | Nice. Info TEL: 04 93 169 169.","robots":{"index":"index","follow":"follow","max-snippet":"max-snippet:-1","max-image-preview":"max-image-preview:large","max-video-preview":"max-video-preview:-1"},"canonical":"https:\/\/hallux-valgus-nice.fr\/en\/actualite\/","og_locale":"en_US","og_type":"article","og_title":"Actualit\u00e9 - Hallux Valgus Nice | Chirurgie pied Nice","og_description":"Dr Becquet Chirurgien du Pied \u00e0 Nice. Informations sur la chirurgie du pied \/ mini-invasive et percutan\u00e9e \/ Hallux Valgus | Nice. Info TEL: 04 93 169 169.","og_url":"https:\/\/hallux-valgus-nice.fr\/en\/actualite\/","og_site_name":"Hallux Valgus Nice | Chirurgie pied Nice","article_modified_time":"2019-07-28T22:12:18+00:00","twitter_card":"summary_large_image","twitter_misc":{"Est. reading time":"4 minutes"},"schema":{"@context":"https:\/\/schema.org","@graph":[{"@type":"WebSite","@id":"https:\/\/hallux-valgus-nice.fr\/#website","url":"https:\/\/hallux-valgus-nice.fr\/","name":"Hallux Valgus Nice | Chirurgie pied Nice","description":"Docteur Eddy BECQUET | Chirurgien du pied et de la main \u00e0 Nice","potentialAction":[{"@type":"SearchAction","target":{"@type":"EntryPoint","urlTemplate":"https:\/\/hallux-valgus-nice.fr\/?s={search_term_string}"},"query-input":"required name=search_term_string"}],"inLanguage":"en-US"},{"@type":"WebPage","@id":"https:\/\/hallux-valgus-nice.fr\/actualite\/#webpage","url":"https:\/\/hallux-valgus-nice.fr\/actualite\/","name":"Actualit\u00e9 - Hallux Valgus Nice | Chirurgie pied Nice","isPartOf":{"@id":"https:\/\/hallux-valgus-nice.fr\/#website"},"datePublished":"2019-05-31T15:30:01+00:00","dateModified":"2019-07-28T22:12:18+00:00","description":"Dr Becquet Chirurgien du Pied \u00e0 Nice. Informations sur la chirurgie du pied \/ mini-invasive et percutan\u00e9e \/ Hallux Valgus | Nice. Info TEL: 04 93 169 169.","breadcrumb":{"@id":"https:\/\/hallux-valgus-nice.fr\/actualite\/#breadcrumb"},"inLanguage":"en-US","potentialAction":[{"@type":"ReadAction","target":["https:\/\/hallux-valgus-nice.fr\/actualite\/"]}]},{"@type":"BreadcrumbList","@id":"https:\/\/hallux-valgus-nice.fr\/actualite\/#breadcrumb","itemListElement":[{"@type":"ListItem","position":1,"name":"Accueil","item":"https:\/\/hallux-valgus-nice.fr\/"},{"@type":"ListItem","position":2,"name":"Actualit\u00e9"}]}]}},"_links":{"self":[{"href":"https:\/\/hallux-valgus-nice.fr\/en\/wp-json\/wp\/v2\/pages\/143"}],"collection":[{"href":"https:\/\/hallux-valgus-nice.fr\/en\/wp-json\/wp\/v2\/pages"}],"about":[{"href":"https:\/\/hallux-valgus-nice.fr\/en\/wp-json\/wp\/v2\/types\/page"}],"author":[{"embeddable":true,"href":"https:\/\/hallux-valgus-nice.fr\/en\/wp-json\/wp\/v2\/users\/1"}],"replies":[{"embeddable":true,"href":"https:\/\/hallux-valgus-nice.fr\/en\/wp-json\/wp\/v2\/comments?post=143"}],"version-history":[{"count":4,"href":"https:\/\/hallux-valgus-nice.fr\/en\/wp-json\/wp\/v2\/pages\/143\/revisions"}],"predecessor-version":[{"id":769,"href":"https:\/\/hallux-valgus-nice.fr\/en\/wp-json\/wp\/v2\/pages\/143\/revisions\/769"}],"wp:attachment":[{"href":"https:\/\/hallux-valgus-nice.fr\/en\/wp-json\/wp\/v2\/media?parent=143"}],"curies":[{"name":"wp","href":"https:\/\/api.w.org\/{rel}","templated":true}]}}