{"id":390,"date":"2019-06-04T09:55:34","date_gmt":"2019-06-04T07:55:34","guid":{"rendered":"http:\/\/nextnet.fr\/wp30\/?page_id=390"},"modified":"2019-07-29T00:18:40","modified_gmt":"2019-07-28T22:18:40","slug":"pole-dexcellence","status":"publish","type":"page","link":"https:\/\/hallux-valgus-nice.fr\/en\/pole-dexcellence\/","title":{"rendered":"Pole of excellence"},"content":{"rendered":"[et_pb_section fb_built=\u00a0\u00bb1&Prime; _builder_version=\u00a0\u00bb3.22.3&Prime; custom_padding=\u00a0\u00bb54px|0px|100px|0px|false|false\u00a0\u00bb locked=\u00a0\u00bboff\u00a0\u00bb][et_pb_row _builder_version=\u00a0\u00bb3.23.3&Prime;][et_pb_column type=\u00a0\u00bb4_4&Prime; _builder_version=\u00a0\u00bb3.23.3&Prime;][et_pb_text _builder_version=\u00a0\u00bb3.23.3&Prime; text_font=\u00a0\u00bb||||||||\u00a0\u00bb text_font_size=\u00a0\u00bb72px\u00a0\u00bb]<p style=\"text-align: center;\">Pole of excellence<\/p>[\/et_pb_text][\/et_pb_column][\/et_pb_row][et_pb_row _builder_version=\u00a0\u00bb3.23.3&Prime;][et_pb_column type=\u00a0\u00bb4_4&Prime; _builder_version=\u00a0\u00bb3.23.3&Prime;][et_pb_text _builder_version=\u00a0\u00bb3.23.3&Prime; text_font=\u00a0\u00bb||||||||\u00a0\u00bb text_font_size=\u00a0\u00bb16px\u00a0\u00bb]<p>La prise en charge globale du patient en chirurgie du pied n\u00e9cessite d\u2019une part une maitrise des techniques op\u00e9ratoires sp\u00e9cifiques, et d\u2019autre part une gestion de l\u2019anesth\u00e9sie adapt\u00e9e \u00e0 ce type de chirurgie (anesth\u00e9sie loco-r\u00e9gionale).<\/p>\n<p>L\u2019hypersp\u00e9cialisation des techniques op\u00e9ratoires, des types d\u2019anesth\u00e9sies ainsi qu\u2019une convergence entre les diff\u00e9rentes \u00e9quipes m\u00e9dico-chirurgicales et soignantes permettent l\u2019am\u00e9lioration de la prise en charge en chirurgie du pied avec pour objectif de rendre celle ci encore plus s\u00fbre, plus rapide et plus efficace.<\/p>\n<p>Notre \u00e9quipe m\u00e9dico-chirurgicale ainsi que nos structures partenaires se sont inscrites dans une d\u00e9marche qualit\u00e9 men\u00e9e sur plusieurs axes :<\/p>[\/et_pb_text][\/et_pb_column][\/et_pb_row][et_pb_row _builder_version=\u00a0\u00bb3.23.3&Prime;][et_pb_column type=\u00a0\u00bb4_4&Prime; _builder_version=\u00a0\u00bb3.23.3&Prime;][et_pb_accordion _builder_version=\u00a0\u00bb3.23.3&Prime;][et_pb_accordion_item title=\u00a0\u00bb1 \u2013 L\u2019information aux patients :\u00a0\u00bb open=\u00a0\u00bbon\u00a0\u00bb _builder_version=\u00a0\u00bb3.23.3&Prime; title_text_shadow_horizontal_length=\u00a0\u00bb0em\u00a0\u00bb title_text_shadow_vertical_length=\u00a0\u00bb0em\u00a0\u00bb title_text_shadow_blur_strength=\u00a0\u00bb0em\u00a0\u00bb closed_title_text_shadow_horizontal_length=\u00a0\u00bb0em\u00a0\u00bb closed_title_text_shadow_vertical_length=\u00a0\u00bb0em\u00a0\u00bb closed_title_text_shadow_blur_strength=\u00a0\u00bb0em\u00a0\u00bb]<p>Ceci par l\u2019\u00e9laboration du livret d\u2019information ( le livret est disponible en t\u00e9l\u00e9chargement ici ), ainsi que par la r\u00e9alisation de ce site internet.<\/p>[\/et_pb_accordion_item][et_pb_accordion_item title=\u00a0\u00bb2 \u2013 Evaluation des pratiques professionnelles :\u00a0\u00bb open=\u00a0\u00bboff\u00a0\u00bb _builder_version=\u00a0\u00bb3.23.3&Prime; title_text_shadow_horizontal_length=\u00a0\u00bb0em\u00a0\u00bb title_text_shadow_vertical_length=\u00a0\u00bb0em\u00a0\u00bb title_text_shadow_blur_strength=\u00a0\u00bb0em\u00a0\u00bb closed_title_text_shadow_horizontal_length=\u00a0\u00bb0em\u00a0\u00bb closed_title_text_shadow_vertical_length=\u00a0\u00bb0em\u00a0\u00bb closed_title_text_shadow_blur_strength=\u00a0\u00bb0em\u00a0\u00bb]Qui consiste \u00e0 faire une analyse constante de notre activit\u00e9 par rapport aux recommandations professionnelles disponibles, en d\u00e9coulent la mise en place d\u2019outils et de m\u00e9thodes d\u2019am\u00e9lioration des pratiques professionnelles, l\u2019implication des praticiens dans les diff\u00e9rents indicateurs de qualit\u00e9 et d\u2019efficacit\u00e9 dans les structures partenaires.[\/et_pb_accordion_item][et_pb_accordion_item title=\u00a0\u00bb3 \u2013 Une politique de formation m\u00e9dicale continue :\u00a0\u00bb open=\u00a0\u00bboff\u00a0\u00bb _builder_version=\u00a0\u00bb3.23.3&Prime; title_text_shadow_horizontal_length=\u00a0\u00bb0em\u00a0\u00bb title_text_shadow_vertical_length=\u00a0\u00bb0em\u00a0\u00bb title_text_shadow_blur_strength=\u00a0\u00bb0em\u00a0\u00bb closed_title_text_shadow_horizontal_length=\u00a0\u00bb0em\u00a0\u00bb closed_title_text_shadow_vertical_length=\u00a0\u00bb0em\u00a0\u00bb closed_title_text_shadow_blur_strength=\u00a0\u00bb0em\u00a0\u00bb]<p>Pour notre \u00e9quipe m\u00e9dico-chirugicale, en gardant toujours en esprit la convergence des connaissances, n\u00e9cessaire pour toute prise en charge qui se veut efficace.<\/p>\n<p>La politique de formation passe aussi par le personnel soignant pour qui des sessions de formation ont \u00e9t\u00e9 et seront organis\u00e9es, ce qui renforce l\u2019implication de tout le personnel dans la d\u00e9marche d\u2019am\u00e9lioration des soins.<\/p>[\/et_pb_accordion_item][et_pb_accordion_item title=\u00a0\u00bb4 \u2013 Le d\u00e9veloppement d\u2019un plateau technique performant :\u00a0\u00bb open=\u00a0\u00bboff\u00a0\u00bb _builder_version=\u00a0\u00bb3.23.3&Prime; title_text_shadow_horizontal_length=\u00a0\u00bb0em\u00a0\u00bb title_text_shadow_vertical_length=\u00a0\u00bb0em\u00a0\u00bb title_text_shadow_blur_strength=\u00a0\u00bb0em\u00a0\u00bb closed_title_text_shadow_horizontal_length=\u00a0\u00bb0em\u00a0\u00bb closed_title_text_shadow_vertical_length=\u00a0\u00bb0em\u00a0\u00bb closed_title_text_shadow_blur_strength=\u00a0\u00bb0em\u00a0\u00bb]R\u00e9pondant aux derni\u00e8res normes et exigences en mati\u00e8re de chirurgie du pied.[\/et_pb_accordion_item][\/et_pb_accordion][\/et_pb_column][\/et_pb_row][\/et_pb_section]","protected":false},"excerpt":{"rendered":"<p>P\u00f4le d&rsquo;excellenceLa prise en charge globale du patient en chirurgie du pied n\u00e9cessite d\u2019une part une maitrise des techniques op\u00e9ratoires sp\u00e9cifiques, et d\u2019autre part une gestion de l\u2019anesth\u00e9sie adapt\u00e9e \u00e0 ce type de chirurgie (anesth\u00e9sie loco-r\u00e9gionale). L\u2019hypersp\u00e9cialisation des techniques op\u00e9ratoires, des types d\u2019anesth\u00e9sies ainsi qu\u2019une convergence entre les diff\u00e9rentes \u00e9quipes m\u00e9dico-chirurgicales et soignantes permettent l\u2019am\u00e9lioration [&hellip;]<\/p>","protected":false},"author":1,"featured_media":0,"parent":0,"menu_order":0,"comment_status":"closed","ping_status":"closed","template":"","meta":{"_et_pb_use_builder":"on","_et_pb_old_content":"","_et_gb_content_width":""},"yoast_head":"<!-- This site is optimized with the Yoast SEO plugin v18.1 - https:\/\/yoast.com\/wordpress\/plugins\/seo\/ -->\n<title>P\u00f4le d&#039;excellence - Hallux Valgus Nice | Chirurgie pied Nice<\/title>\n<meta name=\"description\" content=\"Dr Becquet Chirurgien du Pied \u00e0 Nice. Informations sur la chirurgie du pied \/ mini-invasive et percutan\u00e9e \/ Hallux Valgus | Nice. Info TEL: 04 93 169 169.\" \/>\n<meta name=\"robots\" content=\"index, follow, max-snippet:-1, max-image-preview:large, max-video-preview:-1\" \/>\n<link rel=\"canonical\" href=\"https:\/\/hallux-valgus-nice.fr\/en\/pole-dexcellence\/\" \/>\n<meta property=\"og:locale\" content=\"en_US\" \/>\n<meta property=\"og:type\" content=\"article\" \/>\n<meta property=\"og:title\" content=\"P\u00f4le d&#039;excellence - Hallux Valgus Nice | Chirurgie pied Nice\" \/>\n<meta property=\"og:description\" content=\"Dr Becquet Chirurgien du Pied \u00e0 Nice. Informations sur la chirurgie du pied \/ mini-invasive et percutan\u00e9e \/ Hallux Valgus | Nice. Info TEL: 04 93 169 169.\" \/>\n<meta property=\"og:url\" content=\"https:\/\/hallux-valgus-nice.fr\/en\/pole-dexcellence\/\" \/>\n<meta property=\"og:site_name\" content=\"Hallux Valgus Nice | Chirurgie pied Nice\" \/>\n<meta property=\"article:modified_time\" content=\"2019-07-28T22:18:40+00:00\" \/>\n<meta name=\"twitter:card\" content=\"summary_large_image\" \/>\n<meta name=\"twitter:label1\" content=\"Est. reading time\" \/>\n\t<meta name=\"twitter:data1\" content=\"3 minutes\" \/>\n<script type=\"application\/ld+json\" class=\"yoast-schema-graph\">{\"@context\":\"https:\/\/schema.org\",\"@graph\":[{\"@type\":\"WebSite\",\"@id\":\"https:\/\/hallux-valgus-nice.fr\/#website\",\"url\":\"https:\/\/hallux-valgus-nice.fr\/\",\"name\":\"Hallux Valgus Nice | Chirurgie pied Nice\",\"description\":\"Docteur Eddy BECQUET | Chirurgien du pied et de la main \u00e0 Nice\",\"potentialAction\":[{\"@type\":\"SearchAction\",\"target\":{\"@type\":\"EntryPoint\",\"urlTemplate\":\"https:\/\/hallux-valgus-nice.fr\/?s={search_term_string}\"},\"query-input\":\"required name=search_term_string\"}],\"inLanguage\":\"en-US\"},{\"@type\":\"WebPage\",\"@id\":\"https:\/\/hallux-valgus-nice.fr\/pole-dexcellence\/#webpage\",\"url\":\"https:\/\/hallux-valgus-nice.fr\/pole-dexcellence\/\",\"name\":\"P\u00f4le d'excellence - Hallux Valgus Nice | Chirurgie pied Nice\",\"isPartOf\":{\"@id\":\"https:\/\/hallux-valgus-nice.fr\/#website\"},\"datePublished\":\"2019-06-04T07:55:34+00:00\",\"dateModified\":\"2019-07-28T22:18:40+00:00\",\"description\":\"Dr Becquet Chirurgien du Pied \u00e0 Nice. Informations sur la chirurgie du pied \/ mini-invasive et percutan\u00e9e \/ Hallux Valgus | Nice. Info TEL: 04 93 169 169.\",\"breadcrumb\":{\"@id\":\"https:\/\/hallux-valgus-nice.fr\/pole-dexcellence\/#breadcrumb\"},\"inLanguage\":\"en-US\",\"potentialAction\":[{\"@type\":\"ReadAction\",\"target\":[\"https:\/\/hallux-valgus-nice.fr\/pole-dexcellence\/\"]}]},{\"@type\":\"BreadcrumbList\",\"@id\":\"https:\/\/hallux-valgus-nice.fr\/pole-dexcellence\/#breadcrumb\",\"itemListElement\":[{\"@type\":\"ListItem\",\"position\":1,\"name\":\"Accueil\",\"item\":\"https:\/\/hallux-valgus-nice.fr\/\"},{\"@type\":\"ListItem\",\"position\":2,\"name\":\"P\u00f4le d&rsquo;excellence\"}]}]}<\/script>\n<!-- \/ Yoast SEO plugin. -->","yoast_head_json":{"title":"P\u00f4le d'excellence - Hallux Valgus Nice | Chirurgie pied Nice","description":"Dr Becquet Chirurgien du Pied \u00e0 Nice. Informations sur la chirurgie du pied \/ mini-invasive et percutan\u00e9e \/ Hallux Valgus | Nice. Info TEL: 04 93 169 169.","robots":{"index":"index","follow":"follow","max-snippet":"max-snippet:-1","max-image-preview":"max-image-preview:large","max-video-preview":"max-video-preview:-1"},"canonical":"https:\/\/hallux-valgus-nice.fr\/en\/pole-dexcellence\/","og_locale":"en_US","og_type":"article","og_title":"P\u00f4le d'excellence - Hallux Valgus Nice | Chirurgie pied Nice","og_description":"Dr Becquet Chirurgien du Pied \u00e0 Nice. Informations sur la chirurgie du pied \/ mini-invasive et percutan\u00e9e \/ Hallux Valgus | Nice. Info TEL: 04 93 169 169.","og_url":"https:\/\/hallux-valgus-nice.fr\/en\/pole-dexcellence\/","og_site_name":"Hallux Valgus Nice | Chirurgie pied Nice","article_modified_time":"2019-07-28T22:18:40+00:00","twitter_card":"summary_large_image","twitter_misc":{"Est. reading time":"3 minutes"},"schema":{"@context":"https:\/\/schema.org","@graph":[{"@type":"WebSite","@id":"https:\/\/hallux-valgus-nice.fr\/#website","url":"https:\/\/hallux-valgus-nice.fr\/","name":"Hallux Valgus Nice | Chirurgie pied Nice","description":"Docteur Eddy BECQUET | Chirurgien du pied et de la main \u00e0 Nice","potentialAction":[{"@type":"SearchAction","target":{"@type":"EntryPoint","urlTemplate":"https:\/\/hallux-valgus-nice.fr\/?s={search_term_string}"},"query-input":"required name=search_term_string"}],"inLanguage":"en-US"},{"@type":"WebPage","@id":"https:\/\/hallux-valgus-nice.fr\/pole-dexcellence\/#webpage","url":"https:\/\/hallux-valgus-nice.fr\/pole-dexcellence\/","name":"P\u00f4le d'excellence - Hallux Valgus Nice | Chirurgie pied Nice","isPartOf":{"@id":"https:\/\/hallux-valgus-nice.fr\/#website"},"datePublished":"2019-06-04T07:55:34+00:00","dateModified":"2019-07-28T22:18:40+00:00","description":"Dr Becquet Chirurgien du Pied \u00e0 Nice. Informations sur la chirurgie du pied \/ mini-invasive et percutan\u00e9e \/ Hallux Valgus | Nice. Info TEL: 04 93 169 169.","breadcrumb":{"@id":"https:\/\/hallux-valgus-nice.fr\/pole-dexcellence\/#breadcrumb"},"inLanguage":"en-US","potentialAction":[{"@type":"ReadAction","target":["https:\/\/hallux-valgus-nice.fr\/pole-dexcellence\/"]}]},{"@type":"BreadcrumbList","@id":"https:\/\/hallux-valgus-nice.fr\/pole-dexcellence\/#breadcrumb","itemListElement":[{"@type":"ListItem","position":1,"name":"Accueil","item":"https:\/\/hallux-valgus-nice.fr\/"},{"@type":"ListItem","position":2,"name":"P\u00f4le d&rsquo;excellence"}]}]}},"_links":{"self":[{"href":"https:\/\/hallux-valgus-nice.fr\/en\/wp-json\/wp\/v2\/pages\/390"}],"collection":[{"href":"https:\/\/hallux-valgus-nice.fr\/en\/wp-json\/wp\/v2\/pages"}],"about":[{"href":"https:\/\/hallux-valgus-nice.fr\/en\/wp-json\/wp\/v2\/types\/page"}],"author":[{"embeddable":true,"href":"https:\/\/hallux-valgus-nice.fr\/en\/wp-json\/wp\/v2\/users\/1"}],"replies":[{"embeddable":true,"href":"https:\/\/hallux-valgus-nice.fr\/en\/wp-json\/wp\/v2\/comments?post=390"}],"version-history":[{"count":6,"href":"https:\/\/hallux-valgus-nice.fr\/en\/wp-json\/wp\/v2\/pages\/390\/revisions"}],"predecessor-version":[{"id":410,"href":"https:\/\/hallux-valgus-nice.fr\/en\/wp-json\/wp\/v2\/pages\/390\/revisions\/410"}],"wp:attachment":[{"href":"https:\/\/hallux-valgus-nice.fr\/en\/wp-json\/wp\/v2\/media?parent=390"}],"curies":[{"name":"wp","href":"https:\/\/api.w.org\/{rel}","templated":true}]}}