{"id":454,"date":"2019-06-04T11:29:06","date_gmt":"2019-06-04T09:29:06","guid":{"rendered":"http:\/\/nextnet.fr\/wp30\/?page_id=454"},"modified":"2019-07-29T00:16:33","modified_gmt":"2019-07-28T22:16:33","slug":"lanesthesie-loco-regionale","status":"publish","type":"page","link":"https:\/\/hallux-valgus-nice.fr\/en\/lanesthesie-loco-regionale\/","title":{"rendered":"Local anesthesia"},"content":{"rendered":"[et_pb_section fb_built=\u00a0\u00bb1&Prime; _builder_version=\u00a0\u00bb3.22.3&Prime; custom_padding=\u00a0\u00bb54px|0px|100px|0px|false|false\u00a0\u00bb locked=\u00a0\u00bboff\u00a0\u00bb][et_pb_row _builder_version=\u00a0\u00bb3.23.3&Prime; custom_margin=\u00a0\u00bb|auto|-167px|auto||\u00a0\u00bb][et_pb_column type=\u00a0\u00bb4_4&Prime; _builder_version=\u00a0\u00bb3.23.3&Prime;][et_pb_text _builder_version=\u00a0\u00bb3.23.3&Prime; text_font=\u00a0\u00bb||||||||\u00a0\u00bb text_font_size=\u00a0\u00bb72px\u00a0\u00bb custom_padding=\u00a0\u00bb||0px|||\u00a0\u00bb text_line_height=\u00a0\u00bb1.8em\u00a0\u00bb min_height=\u00a0\u00bb261px\u00a0\u00bb]<p style=\"text-align: center;\">L&rsquo;anesth\u00e9sie\u00a0<span style=\"font-size: 72px;\">loco-r\u00e9gionale<\/span><\/p>[\/et_pb_text][\/et_pb_column][\/et_pb_row][et_pb_row _builder_version=\u00a0\u00bb3.23.3&Prime;][et_pb_column type=\u00a0\u00bb4_4&Prime; _builder_version=\u00a0\u00bb3.23.3&Prime;][et_pb_text _builder_version=\u00a0\u00bb3.23.3&Prime;]Toute anesth\u00e9sie envisag\u00e9e pour un acte chirurgical non urgent et programm\u00e9, qu\u2019elle soit g\u00e9n\u00e9rale (AG) ou loco- r\u00e9gionale (ALR), n\u00e9cessite une consultation m\u00e9dicale dans les jours qui pr\u00e9c\u00e8dent, et une visite par l\u2019anesth\u00e9siste le jour de l\u2019intervention.\nCette premi\u00e8re consultation distante de l\u2019intervention, permet au m\u00e9decin anesth\u00e9siste, gr\u00e2ce aux informations recueillies par l\u2019interrogatoire, \u00e0 l\u2019analyse des documents en votre possession (examens de sang, radiographies, ECG\u2026), et \u00e0 l\u2019examen clinique pratiqu\u00e9, de choisir, avec vous, le type d\u2019anesth\u00e9sie le mieux adapt\u00e9 \u00e0 l\u2019op\u00e9ration envisag\u00e9e. Vous pourrez alors lui parler d\u2019\u00e9ventuelles allergies (Iode, antibiotiques\u2026) et lui apporterez la liste des m\u00e9dicaments que vous prenez r\u00e9guli\u00e8rement (notamment un traitement anticoagulant ou de l\u2019aspirine).Vous lui pr\u00e9ciserez \u00e9galement la prise r\u00e9guli\u00e8re de tabac.\nDes examens compl\u00e9mentaires (prise de sang, radiographie, consultation cardiologique), peuvent \u00eatre prescrits en fonction de votre \u00e9tat de sant\u00e9, de vos ant\u00e9c\u00e9dents et des traitements en cours. Ils ne sont ni obligatoires, ni syst\u00e9matiques, et ont comme seule finalit\u00e9 de r\u00e9duire tout risque pr\u00e9visible et de mieux vous pr\u00e9parer aussi bien \u00e0 l\u2019anesth\u00e9sie qu\u2019\u00e0 l\u2019intervention.\nLors de cette consultation, l\u2019anesth\u00e9siste sera \u00e0 m\u00eame de vous donner oralement des informations venant en compl\u00e9ment des diff\u00e9rents documents \u00e9crits en votre possession.\nAfin de dissiper vos doutes ou inqui\u00e9tudes, nous vous recommandons vivement de lui poser toutes les questions qui vous viennent \u00e0 l\u2019esprit.\n\nPour que votre intervention du pied soit r\u00e9alis\u00e9e dans les meilleures conditions, le m\u00e9decin anesth\u00e9siste vous proposera le plus souvent une anesth\u00e9sie loco-r\u00e9gionale (ALR) .\nDiff\u00e9rentes techniques d\u2019ALR permettent de n\u2019endormir que la partie du corps concern\u00e9e par l\u2019op\u00e9ration, l\u2019injection d\u2019un produit anesth\u00e9sique \u00e0 proximit\u00e9 des nerfs supprimant la sensation douloureuse dans cette partie du corps. Dans le cas d\u2019une chirurgie du pied, l\u2019ALR ne concernera que la jambe et le pied.\nUn garrot pneumatique mis au niveau de la jambe permet d\u2019\u00e9viter tout saignement pendant l\u2019intervention, et facilite les techniques de chirurgie mini-invasive. Il sera enlev\u00e9 \u00e0 la fin de l\u2019intervention: vous ressentirez alors des picotements dans le pied pendant quelques minutes. Ce type d\u2019anesth\u00e9sie vous permet de conserver toute votre conscience et vos facult\u00e9s intellectuelles. Pour favoriser votre relaxation, il faudra  \u00bboublier \u00bb l\u2019ensemble de votre jambe et surtout ne pas essayer de bouger les membres inferieurs.\n\nEn anesth\u00e9sie, comme pour tout acte m\u00e9dical ou chirurgical, le risque z\u00e9ro n\u2019existe pas.\nDe fa\u00e7on exceptionnelle, des complications \u00e0 type de convulsions, d\u2019arr\u00eat cardiaque ou respiratoire ont \u00e9t\u00e9 d\u00e9crites pour les anesth\u00e9sies loco-r\u00e9gionales (ALR).\nDes ecchymoses autour des points de ponctions ( \u00bb bleus \u00ab ), ne doivent pas vous inqui\u00e9ter car elles disparaissent habituellement en 3 \u00e0 6 semaines.\nLa persistance de douleurs ou d\u2019une irritation locale dans la zone d\u2019injection du produit d\u2019anesth\u00e9sie, ou bien des sensations anormales dans le territoire du nerf, \u00e0 type de fourmillements, ne sont pas exceptionnelles, et s\u2019estompent g\u00e9n\u00e9ralement pour dispara\u00eetre en quelques semaines. Ces troubles correspondent, en g\u00e9n\u00e9ral, \u00e0 une perte du glissement du nerf avec les tissus voisins (peau, tendons, muscles).\nL\u2019allergie, comme l\u2019infection secondaire sont extr\u00eamement rares.\nQuelques cas seulement de l\u00e9sion nerveuse r\u00e9siduelle sont d\u00e9crits, alors que des centaines de milliers d\u2019anesth\u00e9sies loco-r\u00e9gionales sont r\u00e9alis\u00e9es chaque ann\u00e9e dans le monde.[\/et_pb_text][\/et_pb_column][\/et_pb_row][\/et_pb_section]","protected":false},"excerpt":{"rendered":"<p>L&rsquo;anesth\u00e9sie\u00a0loco-r\u00e9gionaleToute anesth\u00e9sie envisag\u00e9e pour un acte chirurgical non urgent et programm\u00e9, qu\u2019elle soit g\u00e9n\u00e9rale (AG) ou loco- r\u00e9gionale (ALR), n\u00e9cessite une consultation m\u00e9dicale dans les jours qui pr\u00e9c\u00e8dent, et une visite par l\u2019anesth\u00e9siste le jour de l\u2019intervention. Cette premi\u00e8re consultation distante de l\u2019intervention, permet au m\u00e9decin anesth\u00e9siste, gr\u00e2ce aux informations recueillies par l\u2019interrogatoire, \u00e0 l\u2019analyse [&hellip;]<\/p>","protected":false},"author":1,"featured_media":0,"parent":0,"menu_order":0,"comment_status":"closed","ping_status":"closed","template":"","meta":{"_et_pb_use_builder":"on","_et_pb_old_content":"","_et_gb_content_width":""},"yoast_head":"<!-- This site is optimized with the Yoast SEO plugin v18.1 - https:\/\/yoast.com\/wordpress\/plugins\/seo\/ -->\n<title>L&#039;anesth\u00e9sie loco-r\u00e9gionale - Hallux Valgus Nice | Chirurgie pied Nice<\/title>\n<meta name=\"description\" content=\"Dr Becquet Chirurgien du Pied \u00e0 Nice. Informations sur la chirurgie du pied \/ mini-invasive et percutan\u00e9e \/ Hallux Valgus | Nice. Info TEL: 04 93 169 169.\" \/>\n<meta name=\"robots\" content=\"index, follow, max-snippet:-1, max-image-preview:large, max-video-preview:-1\" \/>\n<link rel=\"canonical\" href=\"https:\/\/hallux-valgus-nice.fr\/en\/lanesthesie-loco-regionale\/\" \/>\n<meta property=\"og:locale\" content=\"en_US\" \/>\n<meta property=\"og:type\" content=\"article\" \/>\n<meta property=\"og:title\" content=\"L&#039;anesth\u00e9sie loco-r\u00e9gionale - Hallux Valgus Nice | Chirurgie pied Nice\" \/>\n<meta property=\"og:description\" content=\"Dr Becquet Chirurgien du Pied \u00e0 Nice. Informations sur la chirurgie du pied \/ mini-invasive et percutan\u00e9e \/ Hallux Valgus | Nice. Info TEL: 04 93 169 169.\" \/>\n<meta property=\"og:url\" content=\"https:\/\/hallux-valgus-nice.fr\/en\/lanesthesie-loco-regionale\/\" \/>\n<meta property=\"og:site_name\" content=\"Hallux Valgus Nice | Chirurgie pied Nice\" \/>\n<meta property=\"article:modified_time\" content=\"2019-07-28T22:16:33+00:00\" \/>\n<meta name=\"twitter:card\" content=\"summary_large_image\" \/>\n<meta name=\"twitter:label1\" content=\"Est. reading time\" \/>\n\t<meta name=\"twitter:data1\" content=\"4 minutes\" \/>\n<script type=\"application\/ld+json\" class=\"yoast-schema-graph\">{\"@context\":\"https:\/\/schema.org\",\"@graph\":[{\"@type\":\"WebSite\",\"@id\":\"https:\/\/hallux-valgus-nice.fr\/#website\",\"url\":\"https:\/\/hallux-valgus-nice.fr\/\",\"name\":\"Hallux Valgus Nice | Chirurgie pied Nice\",\"description\":\"Docteur Eddy BECQUET | Chirurgien du pied et de la main \u00e0 Nice\",\"potentialAction\":[{\"@type\":\"SearchAction\",\"target\":{\"@type\":\"EntryPoint\",\"urlTemplate\":\"https:\/\/hallux-valgus-nice.fr\/?s={search_term_string}\"},\"query-input\":\"required name=search_term_string\"}],\"inLanguage\":\"en-US\"},{\"@type\":\"WebPage\",\"@id\":\"https:\/\/hallux-valgus-nice.fr\/lanesthesie-loco-regionale\/#webpage\",\"url\":\"https:\/\/hallux-valgus-nice.fr\/lanesthesie-loco-regionale\/\",\"name\":\"L'anesth\u00e9sie loco-r\u00e9gionale - Hallux Valgus Nice | Chirurgie pied Nice\",\"isPartOf\":{\"@id\":\"https:\/\/hallux-valgus-nice.fr\/#website\"},\"datePublished\":\"2019-06-04T09:29:06+00:00\",\"dateModified\":\"2019-07-28T22:16:33+00:00\",\"description\":\"Dr Becquet Chirurgien du Pied \u00e0 Nice. Informations sur la chirurgie du pied \/ mini-invasive et percutan\u00e9e \/ Hallux Valgus | Nice. Info TEL: 04 93 169 169.\",\"breadcrumb\":{\"@id\":\"https:\/\/hallux-valgus-nice.fr\/lanesthesie-loco-regionale\/#breadcrumb\"},\"inLanguage\":\"en-US\",\"potentialAction\":[{\"@type\":\"ReadAction\",\"target\":[\"https:\/\/hallux-valgus-nice.fr\/lanesthesie-loco-regionale\/\"]}]},{\"@type\":\"BreadcrumbList\",\"@id\":\"https:\/\/hallux-valgus-nice.fr\/lanesthesie-loco-regionale\/#breadcrumb\",\"itemListElement\":[{\"@type\":\"ListItem\",\"position\":1,\"name\":\"Accueil\",\"item\":\"https:\/\/hallux-valgus-nice.fr\/\"},{\"@type\":\"ListItem\",\"position\":2,\"name\":\"L&rsquo;anesth\u00e9sie loco-r\u00e9gionale\"}]}]}<\/script>\n<!-- \/ Yoast SEO plugin. -->","yoast_head_json":{"title":"L'anesth\u00e9sie loco-r\u00e9gionale - Hallux Valgus Nice | Chirurgie pied Nice","description":"Dr Becquet Chirurgien du Pied \u00e0 Nice. Informations sur la chirurgie du pied \/ mini-invasive et percutan\u00e9e \/ Hallux Valgus | Nice. Info TEL: 04 93 169 169.","robots":{"index":"index","follow":"follow","max-snippet":"max-snippet:-1","max-image-preview":"max-image-preview:large","max-video-preview":"max-video-preview:-1"},"canonical":"https:\/\/hallux-valgus-nice.fr\/en\/lanesthesie-loco-regionale\/","og_locale":"en_US","og_type":"article","og_title":"L'anesth\u00e9sie loco-r\u00e9gionale - Hallux Valgus Nice | Chirurgie pied Nice","og_description":"Dr Becquet Chirurgien du Pied \u00e0 Nice. Informations sur la chirurgie du pied \/ mini-invasive et percutan\u00e9e \/ Hallux Valgus | Nice. Info TEL: 04 93 169 169.","og_url":"https:\/\/hallux-valgus-nice.fr\/en\/lanesthesie-loco-regionale\/","og_site_name":"Hallux Valgus Nice | Chirurgie pied Nice","article_modified_time":"2019-07-28T22:16:33+00:00","twitter_card":"summary_large_image","twitter_misc":{"Est. reading time":"4 minutes"},"schema":{"@context":"https:\/\/schema.org","@graph":[{"@type":"WebSite","@id":"https:\/\/hallux-valgus-nice.fr\/#website","url":"https:\/\/hallux-valgus-nice.fr\/","name":"Hallux Valgus Nice | Chirurgie pied Nice","description":"Docteur Eddy BECQUET | Chirurgien du pied et de la main \u00e0 Nice","potentialAction":[{"@type":"SearchAction","target":{"@type":"EntryPoint","urlTemplate":"https:\/\/hallux-valgus-nice.fr\/?s={search_term_string}"},"query-input":"required name=search_term_string"}],"inLanguage":"en-US"},{"@type":"WebPage","@id":"https:\/\/hallux-valgus-nice.fr\/lanesthesie-loco-regionale\/#webpage","url":"https:\/\/hallux-valgus-nice.fr\/lanesthesie-loco-regionale\/","name":"L'anesth\u00e9sie loco-r\u00e9gionale - Hallux Valgus Nice | Chirurgie pied Nice","isPartOf":{"@id":"https:\/\/hallux-valgus-nice.fr\/#website"},"datePublished":"2019-06-04T09:29:06+00:00","dateModified":"2019-07-28T22:16:33+00:00","description":"Dr Becquet Chirurgien du Pied \u00e0 Nice. Informations sur la chirurgie du pied \/ mini-invasive et percutan\u00e9e \/ Hallux Valgus | Nice. Info TEL: 04 93 169 169.","breadcrumb":{"@id":"https:\/\/hallux-valgus-nice.fr\/lanesthesie-loco-regionale\/#breadcrumb"},"inLanguage":"en-US","potentialAction":[{"@type":"ReadAction","target":["https:\/\/hallux-valgus-nice.fr\/lanesthesie-loco-regionale\/"]}]},{"@type":"BreadcrumbList","@id":"https:\/\/hallux-valgus-nice.fr\/lanesthesie-loco-regionale\/#breadcrumb","itemListElement":[{"@type":"ListItem","position":1,"name":"Accueil","item":"https:\/\/hallux-valgus-nice.fr\/"},{"@type":"ListItem","position":2,"name":"L&rsquo;anesth\u00e9sie loco-r\u00e9gionale"}]}]}},"_links":{"self":[{"href":"https:\/\/hallux-valgus-nice.fr\/en\/wp-json\/wp\/v2\/pages\/454"}],"collection":[{"href":"https:\/\/hallux-valgus-nice.fr\/en\/wp-json\/wp\/v2\/pages"}],"about":[{"href":"https:\/\/hallux-valgus-nice.fr\/en\/wp-json\/wp\/v2\/types\/page"}],"author":[{"embeddable":true,"href":"https:\/\/hallux-valgus-nice.fr\/en\/wp-json\/wp\/v2\/users\/1"}],"replies":[{"embeddable":true,"href":"https:\/\/hallux-valgus-nice.fr\/en\/wp-json\/wp\/v2\/comments?post=454"}],"version-history":[{"count":4,"href":"https:\/\/hallux-valgus-nice.fr\/en\/wp-json\/wp\/v2\/pages\/454\/revisions"}],"predecessor-version":[{"id":781,"href":"https:\/\/hallux-valgus-nice.fr\/en\/wp-json\/wp\/v2\/pages\/454\/revisions\/781"}],"wp:attachment":[{"href":"https:\/\/hallux-valgus-nice.fr\/en\/wp-json\/wp\/v2\/media?parent=454"}],"curies":[{"name":"wp","href":"https:\/\/api.w.org\/{rel}","templated":true}]}}