{"id":97,"date":"2019-05-31T16:16:55","date_gmt":"2019-05-31T14:16:55","guid":{"rendered":"http:\/\/nextnet.fr\/wp30\/?page_id=97"},"modified":"2019-07-29T00:15:00","modified_gmt":"2019-07-28T22:15:00","slug":"clinique-saint-antoine","status":"publish","type":"page","link":"https:\/\/hallux-valgus-nice.fr\/en\/clinique-saint-antoine\/","title":{"rendered":"Saint-Antoine Clinic"},"content":{"rendered":"[et_pb_section fb_built=\u00a0\u00bb1&Prime; _builder_version=\u00a0\u00bb3.23.3&Prime;][et_pb_row _builder_version=\u00a0\u00bb3.23.3&Prime;][et_pb_column type=\u00a0\u00bb1_2&Prime; _builder_version=\u00a0\u00bb3.23.3&Prime;][et_pb_text _builder_version=\u00a0\u00bb3.23.3&Prime; text_font=\u00a0\u00bb||on||||||\u00a0\u00bb text_font_size=\u00a0\u00bb32px\u00a0\u00bb]<p><strong>La Clinique saint-Antoine<\/strong><\/p>[\/et_pb_text][et_pb_image src=\u00a0\u00bbhttp:\/\/hallux-valgus-nice.fr\/wp-content\/uploads\/2019\/06\/saint-antoine.png\u00a0\u00bb _builder_version=\u00a0\u00bb3.23.3&Prime; box_shadow_style=\u00a0\u00bbpreset4&Prime;][\/et_pb_image][\/et_pb_column][et_pb_column type=\u00a0\u00bb1_2&Prime; _builder_version=\u00a0\u00bb3.23.3&Prime;][et_pb_text _builder_version=\u00a0\u00bb3.23.3&Prime; text_font=\u00a0\u00bb||||||||\u00a0\u00bb text_font_size=\u00a0\u00bb16px\u00a0\u00bb text_line_height=\u00a0\u00bb2em\u00a0\u00bb custom_margin=\u00a0\u00bb39px||\u00a0\u00bb]<p>Cr\u00e9\u00e9e en 1925, la clinique, situ\u00e9e en plein centre de Nice, a \u00e9t\u00e9 rattach\u00e9e au Groupe Saint GEORGE en 1993. Cette clinique m\u00e9dicochirurgicale comprend 129 lits et places (104 lits de chirurgie dont 6 lits de r\u00e9animation, 6 places en chirurgie ambulatoire et 15 lits de m\u00e9decine).<\/p>[\/et_pb_text][\/et_pb_column][\/et_pb_row][et_pb_row _builder_version=\u00a0\u00bb3.23.3&Prime;][et_pb_column type=\u00a0\u00bb4_4&Prime; _builder_version=\u00a0\u00bb3.23.3&Prime;][et_pb_text _builder_version=\u00a0\u00bb3.23.3&Prime;]<p>Des extensions successives et des travaux r\u00e9guliers de modernisation ont permis de la positionner au meilleur niveau tant sur le plan hospitalier que sur le plan technique. La chirurgie et la m\u00e9decine, sont les deux principales activit\u00e9s de la clinique.<br \/> Le respect des droits du patient est un des axes majeurs de l\u2019\u00e9tablissement. Cela se traduit par un accueil personnalis\u00e9 respectant la confidentialit\u00e9 du bureau des admissions jusqu\u2019aux services de soins.<\/p>\n<p>L\u2019informatisation du dossier du patient et notamment du circuit du m\u00e9dicament est en cours de d\u00e9ploiement depuis 2007.<br \/> L\u2019organisation du bloc op\u00e9ratoire est fonctionnelle, associe les diff\u00e9rents professionnels et permet une prise en charge optimale et s\u00e9curis\u00e9e du patient.<br \/> Le CLIN avec sa repr\u00e9sentation par l\u2019\u00e9quipe op\u00e9rationnelle d\u2019hygi\u00e8ne s\u2019implique sur tous les secteurs d\u2019activit\u00e9 de la clinique. La ma\u00eetrise des risques passe par la mise en place effective des vigilances corr\u00e9l\u00e9es au sein du comit\u00e9 des vigilances et de gestion des risques qui se r\u00e9unit de mani\u00e8re hebdomadaire.<\/p>[\/et_pb_text][\/et_pb_column][\/et_pb_row][et_pb_row _builder_version=\u00a0\u00bb3.23.3&Prime;][et_pb_column type=\u00a0\u00bb4_4&Prime; _builder_version=\u00a0\u00bb3.23.3&Prime;][et_pb_accordion _builder_version=\u00a0\u00bb3.23.3&Prime; toggle_font=\u00a0\u00bb||||||||\u00a0\u00bb][et_pb_accordion_item title=\u00a0\u00bbActivit\u00e9 m\u00e9dico-chirurgicale\u00a0\u00bb open=\u00a0\u00bbon\u00a0\u00bb _builder_version=\u00a0\u00bb3.23.3&Prime; title_text_shadow_horizontal_length=\u00a0\u00bb0em\u00a0\u00bb title_text_shadow_vertical_length=\u00a0\u00bb0em\u00a0\u00bb title_text_shadow_blur_strength=\u00a0\u00bb0em\u00a0\u00bb closed_title_text_shadow_horizontal_length=\u00a0\u00bb0em\u00a0\u00bb closed_title_text_shadow_vertical_length=\u00a0\u00bb0em\u00a0\u00bb closed_title_text_shadow_blur_strength=\u00a0\u00bb0em\u00a0\u00bb]<p>Elle s\u2019organise autour des sp\u00e9cialit\u00e9 suivantes :<\/p>\n<p>&nbsp;<\/p>\n<div class=\"list arrow\">\n<ul class=\"styled\">\n<li>sp\u00e9cialit\u00e9s chirurgicales\u00a0: chirurgie orthop\u00e9dique, digestive, vasculaire, ophtalmologique\u2026<\/li>\n<li>sp\u00e9cialit\u00e9s m\u00e9dicochirurgicales\u00a0: urologie, ORL, gyn\u00e9cologie\u2026<\/li>\n<li>chirurgie plastique et reconstructrice<\/li>\n<li>sp\u00e9cialit\u00e9s m\u00e9dicales\u00a0: g\u00e9rontologie, gastroent\u00e9rologie, dermatologie, oncologie\u2026<\/li>\n<\/ul>\n<p>Les patients b\u00e9n\u00e9ficient selon leurs besoins d\u2019actions de kin\u00e9sith\u00e9rapie et ceci 7 jours\/7. En cas de besoin sp\u00e9cifique, il peut \u00eatre fait appel \u00e0 une psychologue.<\/p>\n<\/div>[\/et_pb_accordion_item][et_pb_accordion_item title=\u00a0\u00bbL\u2019h\u00f4tellerie et le confort\u00a0\u00bb open=\u00a0\u00bboff\u00a0\u00bb _builder_version=\u00a0\u00bb3.23.3&Prime; title_text_shadow_horizontal_length=\u00a0\u00bb0em\u00a0\u00bb title_text_shadow_vertical_length=\u00a0\u00bb0em\u00a0\u00bb title_text_shadow_blur_strength=\u00a0\u00bb0em\u00a0\u00bb closed_title_text_shadow_horizontal_length=\u00a0\u00bb0em\u00a0\u00bb closed_title_text_shadow_vertical_length=\u00a0\u00bb0em\u00a0\u00bb closed_title_text_shadow_blur_strength=\u00a0\u00bb0em\u00a0\u00bb]<p>Il existe deux types de chambres, la chambre \u00e0 deux lits et la chambre individuelle.<\/p>\n<p>Toutes les chambres sont \u00e9quip\u00e9es de :<\/p>\n<div class=\"list check\">\n<ul class=\"styled\">\n<li>Salle d\u2019eau et WC<\/li>\n<li>Syst\u00e8me d\u2019appel du personnel soignant<\/li>\n<li>T\u00e9l\u00e9vision<\/li>\n<li>T\u00e9l\u00e9phone avec ligne directe<\/li>\n<li>Coffre fort individuel.<\/li>\n<li>Climatisation.<\/li>\n<\/ul>\n<\/div>\n<p>Un lit accompagnant peut \u00eatre mis \u00e0 votre disposition en chambre individuelle moyennant un suppl\u00e9ment<br \/> h\u00f4telier<\/p>[\/et_pb_accordion_item][et_pb_accordion_item title=\u00a0\u00bbEquipements\u00a0\u00bb open=\u00a0\u00bboff\u00a0\u00bb _builder_version=\u00a0\u00bb3.23.3&Prime; title_text_shadow_horizontal_length=\u00a0\u00bb0em\u00a0\u00bb title_text_shadow_vertical_length=\u00a0\u00bb0em\u00a0\u00bb title_text_shadow_blur_strength=\u00a0\u00bb0em\u00a0\u00bb closed_title_text_shadow_horizontal_length=\u00a0\u00bb0em\u00a0\u00bb closed_title_text_shadow_vertical_length=\u00a0\u00bb0em\u00a0\u00bb closed_title_text_shadow_blur_strength=\u00a0\u00bb0em\u00a0\u00bb]<ul>\n<li>Services d\u2019hospitalisation :<br \/>\n<div class=\"list minus\"><\/div>\n<ul class=\"styled\">\n<li>3 services de chirurgie<\/li>\n<li>1 service de m\u00e9decine<\/li>\n<li>1 service de six postes de surveillance continue\u00a0 postop\u00e9ratoire<\/li>\n<\/ul>\n<p>&nbsp;<\/p>\n<\/li>\n<li>Deux Blocs op\u00e9ratoires\u00a0regroupant 7 salles d\u2019op\u00e9ration\u00a0:<br \/>\n<div class=\"list minus\"><\/div>\n<ul class=\"styled\">\n<li>4 salles d\u2019op\u00e9ration aseptique, \u00e9quip\u00e9es d\u2019un flux laminaire avec box de pr\u00e9 anesth\u00e9sie<\/li>\n<li>1 salle d\u2019op\u00e9ration septique, \u00e9quip\u00e9e d\u2019un flux laminaire avec box de pr\u00e9 anesth\u00e9sie<\/li>\n<li>2 salles d\u2019op\u00e9ration pour la chirurgie ambulatoire \u00e9quip\u00e9es d\u2019un flux laminaire avec box de pr\u00e9-anesth\u00e9sie<\/li>\n<li>1 salle de surveillance post-interventionnelle de 12 postes<\/li>\n<li>1 service de st\u00e9rilisation centrale<\/li>\n<\/ul>\n<p>&nbsp;<\/p>\n<\/li>\n<li>Service d\u2019endoscopie :<br \/>\n<div class=\"list minus\"><\/div>\n<ul class=\"styled\">\n<li>1 salle d\u2019examen<\/li>\n<li>1 salle de traitement des endoscopes<\/li>\n<\/ul>\n<p>&nbsp;<\/p>\n<\/li>\n<li>Service de radiologie\u00a0:<br \/>\n<div class=\"list minus\"><\/div>\n<ul class=\"styled\">\n<li>2 salles \u00e9quip\u00e9es d\u2019une table t\u00e9l\u00e9command\u00e9e et ampli de brillance<\/li>\n<li>1 salle d\u2019\u00e9chographie<\/li>\n<\/ul>\n<p>&nbsp;<\/p>\n<\/li>\n<li>Autres locaux\u00a0:<br \/>\n<div class=\"list minus\"><\/div>\n<ul class=\"styled\">\n<li>1 service ambulatoire de 6 places et 1 salle de surveillance post-interventionnelle<\/li>\n<li>1 service de consultations externes (3 salles de petite chirurgie et soins externes\u2026)<\/li>\n<\/ul>\n<\/li>\n<\/ul>[\/et_pb_accordion_item][\/et_pb_accordion][\/et_pb_column][\/et_pb_row][et_pb_row _builder_version=\u00a0\u00bb3.23.3&Prime;][et_pb_column type=\u00a0\u00bb4_4&Prime; _builder_version=\u00a0\u00bb3.23.3&Prime;][et_pb_button button_url=\u00a0\u00bbhttps:\/\/www.clinique-saint-antoine.com\/\u00a0\u00bb button_text=\u00a0\u00bbAcc\u00e9der au site de la clinique Saint Antoine\u00a0\u00bb _builder_version=\u00a0\u00bb3.23.3&Prime;][\/et_pb_button][\/et_pb_column][\/et_pb_row][\/et_pb_section][et_pb_section fb_built=\u00a0\u00bb1&Prime; admin_label=\u00a0\u00bbFooter\u00a0\u00bb _builder_version=\u00a0\u00bb3.22.3&Prime; background_color=\u00a0\u00bb#2f8cff\u00a0\u00bb custom_padding=\u00a0\u00bb120px||120px||false|false\u00a0\u00bb top_divider_height=\u00a0\u00bb660px\u00a0\u00bb top_divider_flip=\u00a0\u00bbhorizontal\u00a0\u00bb bottom_divider_style=\u00a0\u00bbclouds2&Prime; bottom_divider_color=\u00a0\u00bbrgba(255,255,255,0.08)\u00a0\u00bb bottom_divider_height=\u00a0\u00bb600px\u00a0\u00bb bottom_divider_flip=\u00a0\u00bbvertical\u00a0\u00bb global_module=\u00a0\u00bb662&Prime;][et_pb_row _builder_version=\u00a0\u00bb3.22.3&Prime;][et_pb_column type=\u00a0\u00bb1_3&Prime; _builder_version=\u00a0\u00bb3.0.106&Prime;][et_pb_text _builder_version=\u00a0\u00bb3.23.3&Prime; text_font=\u00a0\u00bb||||||||\u00a0\u00bb text_font_size=\u00a0\u00bb30px\u00a0\u00bb]<p><span style=\"color: #ffffff;\"><strong>QUICK LINKS<\/strong><\/span><\/p>[\/et_pb_text][et_pb_text _builder_version=\u00a0\u00bb3.23.3&Prime; text_font=\u00a0\u00bb||||||||\u00a0\u00bb text_font_size=\u00a0\u00bb15px\u00a0\u00bb text_line_height=\u00a0\u00bb1.8em\u00a0\u00bb]<p><span style=\"color: #ffffff;\"><a href=\"http:\/\/hallux-valgus-nice.fr\/en\/index.php\/hallux-valgus\/\" style=\"color: #ffffff;\" target=\"_blank\" rel=\"noopener noreferrer\">Chirurgie de l&rsquo;hallux valgus<\/a><br \/> <a href=\"https:\/\/hallux-valgus-nice.fr\/en\/nevrome-de-morton\/\" target=\"_blank\" rel=\"noopener noreferrer\" style=\"color: #ffffff;\">Chirurgie du n\u00e9vrome de Morton<\/a><br \/> <a href=\"https:\/\/hallux-valgus-nice.fr\/en\/orteils-en-griffe\/\" target=\"_blank\" rel=\"noopener noreferrer\" style=\"color: #ffffff;\">Chirurgie des orteils en griffe<\/a><br \/> <a href=\"https:\/\/hallux-valgus-nice.fr\/en\/ongle-incarne\/\" target=\"_blank\" rel=\"noopener noreferrer\" style=\"color: #ffffff;\">Ongles incarn\u00e9s<\/a><br \/> <a href=\"http:\/\/hallux-valgus-nice.fr\/en\/index.php\/chirurgie-du-pied\/\" target=\"_blank\" rel=\"noopener noreferrer\" style=\"color: #ffffff;\">Toutes les pathologies du pied&#8230;<\/a><\/span><\/p>[\/et_pb_text][\/et_pb_column][et_pb_column type=\u00a0\u00bb1_3&Prime; _builder_version=\u00a0\u00bb3.0.106&Prime;][et_pb_text _builder_version=\u00a0\u00bb3.23.3&Prime; text_font=\u00a0\u00bb||||||||\u00a0\u00bb text_font_size=\u00a0\u00bb15px\u00a0\u00bb text_line_height=\u00a0\u00bb1.8em\u00a0\u00bb custom_margin=\u00a0\u00bb60px||\u00a0\u00bb]<p><span style=\"color: #ffffff;\"><a href=\"https:\/\/hallux-valgus-nice.fr\/en\/syndrome-du-canal-caprien\/\" target=\"_blank\" rel=\"noopener noreferrer\" style=\"color: #ffffff;\">Chirurgie du canal carpien<\/a><\/span><br \/> <span style=\"color: #ffffff;\"><a href=\"https:\/\/hallux-valgus-nice.fr\/en\/maladie-de-dupuytren\/\" target=\"_blank\" rel=\"noopener noreferrer\" style=\"color: #ffffff;\">Dupuytren's disease<\/a><\/span><br \/> <span style=\"color: #ffffff;\"><a href=\"https:\/\/hallux-valgus-nice.fr\/en\/rhizarthrose\/\" target=\"_blank\" rel=\"noopener noreferrer\" style=\"color: #ffffff;\"> Rhizarthrosis<\/a><br \/> <a href=\"https:\/\/hallux-valgus-nice.fr\/en\/doigt-a-ressaut\/\" target=\"_blank\" rel=\"noopener noreferrer\" style=\"color: #ffffff;\">Protruding finger<\/a><\/span><br \/> <span style=\"color: #ffffff;\"><a href=\"https:\/\/hallux-valgus-nice.fr\/en\/chirurgie-de-main\/\" target=\"_blank\" rel=\"noopener noreferrer\" style=\"color: #ffffff;\"> Toutes les pathologies de la main&#8230;<\/a><\/span><\/p>[\/et_pb_text][\/et_pb_column][et_pb_column type=\u00a0\u00bb1_3&Prime; _builder_version=\u00a0\u00bb3.0.106&Prime;][et_pb_text _builder_version=\u00a0\u00bb3.23.3&Prime; text_font=\u00a0\u00bb||||||||\u00a0\u00bb text_font_size=\u00a0\u00bb30px\u00a0\u00bb]<p><span style=\"color: #ffffff;\">Cabinet<\/span><\/p>[\/et_pb_text][et_pb_text _builder_version=\u00a0\u00bb3.23.3&Prime; text_font=\u00a0\u00bb||||||||\u00a0\u00bb text_font_size=\u00a0\u00bb23px\u00a0\u00bb text_line_height=\u00a0\u00bb1.6em\u00a0\u00bb custom_margin=\u00a0\u00bb0px||\u00a0\u00bb]<p><span style=\"color: #ffffff;\">Saint-George Clinic<\/span><br \/><span style=\"color: #ffffff;\">2 Avenue de Rimiez<\/span><br \/><span style=\"color: #ffffff;\">Bat H, 3rd floor<\/span><br \/><span style=\"color: #ffffff;\">06100 Nice &#8211; France<\/span><\/p>[\/et_pb_text][\/et_pb_column][\/et_pb_row][et_pb_row admin_label=\u00a0\u00bbContent Area\u00a0\u00bb _builder_version=\u00a0\u00bb3.22.3&Prime;][et_pb_column type=\u00a0\u00bb1_3&Prime; _builder_version=\u00a0\u00bb3.0.106&Prime;][et_pb_blurb title=\u00a0\u00bbT\u00e9l. : 04 93 16 91 69&Prime; use_icon=\u00a0\u00bbon\u00a0\u00bb font_icon=\u00a0\u00bb%%264%%\u00a0\u00bb icon_color=\u00a0\u00bb#2f8cff\u00a0\u00bb use_circle=\u00a0\u00bbon\u00a0\u00bb circle_color=\u00a0\u00bb#ffffff\u00a0\u00bb icon_placement=\u00a0\u00bbleft\u00a0\u00bb use_icon_font_size=\u00a0\u00bbon\u00a0\u00bb icon_font_size=\u00a0\u00bb16px\u00a0\u00bb _builder_version=\u00a0\u00bb3.23.3&Prime; header_font=\u00a0\u00bbMontserrat||||||||\u00a0\u00bb header_text_color=\u00a0\u00bb#ffffff\u00a0\u00bb header_font_size=\u00a0\u00bb20px\u00a0\u00bb header_line_height=\u00a0\u00bb1.7em\u00a0\u00bb][\/et_pb_blurb][\/et_pb_column][et_pb_column type=\u00a0\u00bb1_3&Prime; _builder_version=\u00a0\u00bb3.0.106&Prime;][et_pb_blurb title=\u00a0\u00bbNous contacter\u00a0\u00bb use_icon=\u00a0\u00bbon\u00a0\u00bb font_icon=\u00a0\u00bb%%238%%\u00a0\u00bb icon_color=\u00a0\u00bb#2f8cff\u00a0\u00bb use_circle=\u00a0\u00bbon\u00a0\u00bb circle_color=\u00a0\u00bb#ffffff\u00a0\u00bb icon_placement=\u00a0\u00bbleft\u00a0\u00bb use_icon_font_size=\u00a0\u00bbon\u00a0\u00bb icon_font_size=\u00a0\u00bb16px\u00a0\u00bb _builder_version=\u00a0\u00bb3.23.3&Prime; header_font=\u00a0\u00bbMontserrat||||||||\u00a0\u00bb header_text_color=\u00a0\u00bb#ffffff\u00a0\u00bb header_font_size=\u00a0\u00bb20px\u00a0\u00bb header_line_height=\u00a0\u00bb1.7em\u00a0\u00bb link_option_url=\u00a0\u00bbhttp:\/\/hallux-valgus-nice.fr\/index.php\/contact\/\u00a0\u00bb locked=\u00a0\u00bboff\u00a0\u00bb][\/et_pb_blurb][\/et_pb_column][et_pb_column type=\u00a0\u00bb1_3&Prime; _builder_version=\u00a0\u00bb3.0.106&Prime;][et_pb_blurb title=\u00a0\u00bbPrendre RDV\u00a0\u00bb url=\u00a0\u00bbhttps:\/\/www.doctolib.fr\/chirurgien-orthopediste\/nice\/eddy-becquet\u00a0\u00bb use_icon=\u00a0\u00bbon\u00a0\u00bb font_icon=\u00a0\u00bb%%131%%\u00a0\u00bb icon_color=\u00a0\u00bb#2f8cff\u00a0\u00bb use_circle=\u00a0\u00bbon\u00a0\u00bb circle_color=\u00a0\u00bb#ffffff\u00a0\u00bb icon_placement=\u00a0\u00bbleft\u00a0\u00bb use_icon_font_size=\u00a0\u00bbon\u00a0\u00bb icon_font_size=\u00a0\u00bb16px\u00a0\u00bb _builder_version=\u00a0\u00bb3.23.3&Prime; header_font=\u00a0\u00bbMontserrat||||||||\u00a0\u00bb header_text_color=\u00a0\u00bb#ffffff\u00a0\u00bb header_font_size=\u00a0\u00bb20px\u00a0\u00bb header_line_height=\u00a0\u00bb1.7em\u00a0\u00bb locked=\u00a0\u00bboff\u00a0\u00bb][\/et_pb_blurb][\/et_pb_column][\/et_pb_row][\/et_pb_section]","protected":false},"excerpt":{"rendered":"<p>La Clinique saint-AntoineCr\u00e9\u00e9e en 1925, la clinique, situ\u00e9e en plein centre de Nice, a \u00e9t\u00e9 rattach\u00e9e au Groupe Saint GEORGE en 1993. Cette clinique m\u00e9dicochirurgicale comprend 129 lits et places (104 lits de chirurgie dont 6 lits de r\u00e9animation, 6 places en chirurgie ambulatoire et 15 lits de m\u00e9decine).Des extensions successives et des travaux r\u00e9guliers [&hellip;]<\/p>","protected":false},"author":1,"featured_media":0,"parent":0,"menu_order":0,"comment_status":"closed","ping_status":"closed","template":"","meta":{"_et_pb_use_builder":"on","_et_pb_old_content":"","_et_gb_content_width":""},"yoast_head":"<!-- This site is optimized with the Yoast SEO plugin v18.1 - https:\/\/yoast.com\/wordpress\/plugins\/seo\/ -->\n<title>Clinique Saint-Antoine - Hallux Valgus Nice | Chirurgie pied Nice<\/title>\n<meta name=\"description\" content=\"Dr Becquet Chirurgien du Pied \u00e0 Nice. Informations sur la chirurgie du pied \/ mini-invasive et percutan\u00e9e \/ Hallux Valgus | Nice. Info TEL: 04 93 169 169.\" \/>\n<meta name=\"robots\" content=\"index, follow, max-snippet:-1, max-image-preview:large, max-video-preview:-1\" \/>\n<link rel=\"canonical\" href=\"https:\/\/hallux-valgus-nice.fr\/en\/clinique-saint-antoine\/\" \/>\n<meta property=\"og:locale\" content=\"en_US\" \/>\n<meta property=\"og:type\" content=\"article\" \/>\n<meta property=\"og:title\" content=\"Clinique Saint-Antoine - Hallux Valgus Nice | Chirurgie pied Nice\" \/>\n<meta property=\"og:description\" content=\"Dr Becquet Chirurgien du Pied \u00e0 Nice. Informations sur la chirurgie du pied \/ mini-invasive et percutan\u00e9e \/ Hallux Valgus | Nice. Info TEL: 04 93 169 169.\" \/>\n<meta property=\"og:url\" content=\"https:\/\/hallux-valgus-nice.fr\/en\/clinique-saint-antoine\/\" \/>\n<meta property=\"og:site_name\" content=\"Hallux Valgus Nice | Chirurgie pied Nice\" \/>\n<meta property=\"article:modified_time\" content=\"2019-07-28T22:15:00+00:00\" \/>\n<meta name=\"twitter:card\" content=\"summary_large_image\" \/>\n<meta name=\"twitter:label1\" content=\"Est. reading time\" \/>\n\t<meta name=\"twitter:data1\" content=\"7 minutes\" \/>\n<script type=\"application\/ld+json\" class=\"yoast-schema-graph\">{\"@context\":\"https:\/\/schema.org\",\"@graph\":[{\"@type\":\"WebSite\",\"@id\":\"https:\/\/hallux-valgus-nice.fr\/#website\",\"url\":\"https:\/\/hallux-valgus-nice.fr\/\",\"name\":\"Hallux Valgus Nice | Chirurgie pied Nice\",\"description\":\"Docteur Eddy BECQUET | Chirurgien du pied et de la main \u00e0 Nice\",\"potentialAction\":[{\"@type\":\"SearchAction\",\"target\":{\"@type\":\"EntryPoint\",\"urlTemplate\":\"https:\/\/hallux-valgus-nice.fr\/?s={search_term_string}\"},\"query-input\":\"required name=search_term_string\"}],\"inLanguage\":\"en-US\"},{\"@type\":\"WebPage\",\"@id\":\"https:\/\/hallux-valgus-nice.fr\/clinique-saint-antoine\/#webpage\",\"url\":\"https:\/\/hallux-valgus-nice.fr\/clinique-saint-antoine\/\",\"name\":\"Clinique Saint-Antoine - Hallux Valgus Nice | Chirurgie pied Nice\",\"isPartOf\":{\"@id\":\"https:\/\/hallux-valgus-nice.fr\/#website\"},\"datePublished\":\"2019-05-31T14:16:55+00:00\",\"dateModified\":\"2019-07-28T22:15:00+00:00\",\"description\":\"Dr Becquet Chirurgien du Pied \u00e0 Nice. Informations sur la chirurgie du pied \/ mini-invasive et percutan\u00e9e \/ Hallux Valgus | Nice. Info TEL: 04 93 169 169.\",\"breadcrumb\":{\"@id\":\"https:\/\/hallux-valgus-nice.fr\/clinique-saint-antoine\/#breadcrumb\"},\"inLanguage\":\"en-US\",\"potentialAction\":[{\"@type\":\"ReadAction\",\"target\":[\"https:\/\/hallux-valgus-nice.fr\/clinique-saint-antoine\/\"]}]},{\"@type\":\"BreadcrumbList\",\"@id\":\"https:\/\/hallux-valgus-nice.fr\/clinique-saint-antoine\/#breadcrumb\",\"itemListElement\":[{\"@type\":\"ListItem\",\"position\":1,\"name\":\"Accueil\",\"item\":\"https:\/\/hallux-valgus-nice.fr\/\"},{\"@type\":\"ListItem\",\"position\":2,\"name\":\"Clinique Saint-Antoine\"}]}]}<\/script>\n<!-- \/ Yoast SEO plugin. -->","yoast_head_json":{"title":"Clinique Saint-Antoine - Hallux Valgus Nice | Chirurgie pied Nice","description":"Dr Becquet Chirurgien du Pied \u00e0 Nice. Informations sur la chirurgie du pied \/ mini-invasive et percutan\u00e9e \/ Hallux Valgus | Nice. Info TEL: 04 93 169 169.","robots":{"index":"index","follow":"follow","max-snippet":"max-snippet:-1","max-image-preview":"max-image-preview:large","max-video-preview":"max-video-preview:-1"},"canonical":"https:\/\/hallux-valgus-nice.fr\/en\/clinique-saint-antoine\/","og_locale":"en_US","og_type":"article","og_title":"Clinique Saint-Antoine - Hallux Valgus Nice | Chirurgie pied Nice","og_description":"Dr Becquet Chirurgien du Pied \u00e0 Nice. Informations sur la chirurgie du pied \/ mini-invasive et percutan\u00e9e \/ Hallux Valgus | Nice. Info TEL: 04 93 169 169.","og_url":"https:\/\/hallux-valgus-nice.fr\/en\/clinique-saint-antoine\/","og_site_name":"Hallux Valgus Nice | Chirurgie pied Nice","article_modified_time":"2019-07-28T22:15:00+00:00","twitter_card":"summary_large_image","twitter_misc":{"Est. reading time":"7 minutes"},"schema":{"@context":"https:\/\/schema.org","@graph":[{"@type":"WebSite","@id":"https:\/\/hallux-valgus-nice.fr\/#website","url":"https:\/\/hallux-valgus-nice.fr\/","name":"Hallux Valgus Nice | Chirurgie pied Nice","description":"Docteur Eddy BECQUET | Chirurgien du pied et de la main \u00e0 Nice","potentialAction":[{"@type":"SearchAction","target":{"@type":"EntryPoint","urlTemplate":"https:\/\/hallux-valgus-nice.fr\/?s={search_term_string}"},"query-input":"required name=search_term_string"}],"inLanguage":"en-US"},{"@type":"WebPage","@id":"https:\/\/hallux-valgus-nice.fr\/clinique-saint-antoine\/#webpage","url":"https:\/\/hallux-valgus-nice.fr\/clinique-saint-antoine\/","name":"Clinique Saint-Antoine - Hallux Valgus Nice | Chirurgie pied Nice","isPartOf":{"@id":"https:\/\/hallux-valgus-nice.fr\/#website"},"datePublished":"2019-05-31T14:16:55+00:00","dateModified":"2019-07-28T22:15:00+00:00","description":"Dr Becquet Chirurgien du Pied \u00e0 Nice. Informations sur la chirurgie du pied \/ mini-invasive et percutan\u00e9e \/ Hallux Valgus | Nice. Info TEL: 04 93 169 169.","breadcrumb":{"@id":"https:\/\/hallux-valgus-nice.fr\/clinique-saint-antoine\/#breadcrumb"},"inLanguage":"en-US","potentialAction":[{"@type":"ReadAction","target":["https:\/\/hallux-valgus-nice.fr\/clinique-saint-antoine\/"]}]},{"@type":"BreadcrumbList","@id":"https:\/\/hallux-valgus-nice.fr\/clinique-saint-antoine\/#breadcrumb","itemListElement":[{"@type":"ListItem","position":1,"name":"Accueil","item":"https:\/\/hallux-valgus-nice.fr\/"},{"@type":"ListItem","position":2,"name":"Clinique Saint-Antoine"}]}]}},"_links":{"self":[{"href":"https:\/\/hallux-valgus-nice.fr\/en\/wp-json\/wp\/v2\/pages\/97"}],"collection":[{"href":"https:\/\/hallux-valgus-nice.fr\/en\/wp-json\/wp\/v2\/pages"}],"about":[{"href":"https:\/\/hallux-valgus-nice.fr\/en\/wp-json\/wp\/v2\/types\/page"}],"author":[{"embeddable":true,"href":"https:\/\/hallux-valgus-nice.fr\/en\/wp-json\/wp\/v2\/users\/1"}],"replies":[{"embeddable":true,"href":"https:\/\/hallux-valgus-nice.fr\/en\/wp-json\/wp\/v2\/comments?post=97"}],"version-history":[{"count":8,"href":"https:\/\/hallux-valgus-nice.fr\/en\/wp-json\/wp\/v2\/pages\/97\/revisions"}],"predecessor-version":[{"id":774,"href":"https:\/\/hallux-valgus-nice.fr\/en\/wp-json\/wp\/v2\/pages\/97\/revisions\/774"}],"wp:attachment":[{"href":"https:\/\/hallux-valgus-nice.fr\/en\/wp-json\/wp\/v2\/media?parent=97"}],"curies":[{"name":"wp","href":"https:\/\/api.w.org\/{rel}","templated":true}]}}