{"id":1076,"date":"2017-08-18T14:42:12","date_gmt":"2017-08-18T12:42:12","guid":{"rendered":"https:\/\/chirurgie-main-pied.fr\/?page_id=1076"},"modified":"2020-08-18T15:09:45","modified_gmt":"2020-08-18T13:09:45","slug":"guide-rpc","status":"publish","type":"page","link":"https:\/\/hallux-valgus-nice.fr\/it\/guide-rpc\/","title":{"rendered":"guida rpc"},"content":{"rendered":"<p>[et_pb_section fb_built=\u00a0\u00bb1&Prime; _builder_version=\u00a0\u00bb3.23.3&Prime;][et_pb_row _builder_version=\u00a0\u00bb3.23.3&Prime;][et_pb_column type=\u00a0\u00bb1_4&Prime; _builder_version=\u00a0\u00bb3.23.3&Prime;][et_pb_image src=\u00a0\u00bbhttp:\/\/hallux-valgus-nice.fr\/wp-content\/uploads\/2020\/08\/nextnet-agence-communication-freelance-nice-rpc-logo-4-guide.jpg\u00a0\u00bb _builder_version=\u00a0\u00bb3.23.3&Prime;][\/et_pb_image][\/et_pb_column][et_pb_column type=\u00a0\u00bb3_4&Prime; _builder_version=\u00a0\u00bb3.23.3&Prime;][et_pb_text _builder_version=\u00a0\u00bb3.23.3&Prime;]<\/p>\n<h2>Costruzione passiva Riviera<\/h2>\n<p>Eco-design, case economiche ed efficienti<\/p>\n<p>Vous l\u2019ignorez peut-\u00eatre mais il est tout \u00e0 fait possible de vivre dans une maison sans climatisation ou sans aucun chauffage central. Toutefois, pour acc\u00e9der \u00e0 cette cat\u00e9gorie de maison, il faut faire un certain nombre de choix au niveau de la construction ou de la r\u00e9novation pour r\u00e9ussir \u00e0 mettre en place un syst\u00e8me efficace capable de recevoir et stocker l\u2019\u00e9nergie du soleil au fil des saisons. En choisissant une maison autonome, vous faites le choix de vous diriger vers une construction avec une architecture bioclimatique qui cherche l\u2019effet de vivre en suivant le climat et non pas de vivre en luttant contre lui.<\/p>\n<p>Par exemple, durant l\u2019hiver il est important de mettre en avant l\u2019apport de chaleur gratuite tout en optimisant l\u2019installation thermique pour diminuer la perte de chaleur, alors ne passez pas \u00e0 c\u00f4t\u00e9 d\u2019une bonne isolation. A l\u2019inverse, durant l\u2019\u00e9t\u00e9 il faudra faire en sorte de soigner l\u2019installation pour r\u00e9ussir \u00e0 diminuer efficacement l\u2019apport calorique et le rafraichissement. Pour r\u00e9ussir \u00e0 profiter des avantages en toute saison avec votre maison autonome, il faudra prendre le temps de bien adapter la construction et plus pr\u00e9cis\u00e9ment les parois. Alors prenez le temps de bien r\u00e9fl\u00e9chir pour profiter de la situation g\u00e9ographique, de l\u2019exposition, du climat et de l\u2019\u00e9nergie solaire.<\/p>\n<p>[\/et_pb_text][et_pb_button button_text=\u00a0\u00bbAller sur le site\u00a0\u00bb _builder_version=\u00a0\u00bb3.23.3&Prime; button_url=\u00a0\u00bbhttps:\/\/riviera-passive-construction.fr\/\u00a0\u00bb][\/et_pb_button][\/et_pb_column][\/et_pb_row][\/et_pb_section]<\/p>","protected":false},"excerpt":{"rendered":"<p>Riviera Passive Construction Des maisons eco-design, \u00e9conomiques et performants Vous l\u2019ignorez peut-\u00eatre mais il est tout \u00e0 fait possible de vivre dans une maison sans climatisation ou sans aucun chauffage central. Toutefois, pour acc\u00e9der \u00e0 cette cat\u00e9gorie de maison, il faut faire un certain nombre de choix au niveau de la construction ou de la [&hellip;]<\/p>","protected":false},"author":4,"featured_media":0,"parent":0,"menu_order":0,"comment_status":"closed","ping_status":"closed","template":"","meta":{"_et_pb_use_builder":"on","_et_pb_old_content":"","_et_gb_content_width":""},"yoast_head":"<!-- This site is optimized with the Yoast SEO plugin v18.1 - https:\/\/yoast.com\/wordpress\/plugins\/seo\/ -->\n<title>guide rpc - Hallux Valgus Nice | Chirurgie pied Nice<\/title>\n<meta name=\"robots\" content=\"index, follow, max-snippet:-1, max-image-preview:large, max-video-preview:-1\" \/>\n<link rel=\"canonical\" href=\"https:\/\/hallux-valgus-nice.fr\/it\/guide-rpc\/\" \/>\n<meta property=\"og:locale\" content=\"it_IT\" \/>\n<meta property=\"og:type\" content=\"article\" \/>\n<meta property=\"og:title\" content=\"guide rpc - Hallux Valgus Nice | Chirurgie pied Nice\" \/>\n<meta property=\"og:description\" content=\"Riviera Passive Construction Des maisons eco-design, \u00e9conomiques et performants Vous l\u2019ignorez peut-\u00eatre mais il est tout \u00e0 fait possible de vivre dans une maison sans climatisation ou sans aucun chauffage central. Toutefois, pour acc\u00e9der \u00e0 cette cat\u00e9gorie de maison, il faut faire un certain nombre de choix au niveau de la construction ou de la [&hellip;]\" \/>\n<meta property=\"og:url\" content=\"https:\/\/hallux-valgus-nice.fr\/it\/guide-rpc\/\" \/>\n<meta property=\"og:site_name\" content=\"Hallux Valgus Nice | Chirurgie pied Nice\" \/>\n<meta property=\"article:modified_time\" content=\"2020-08-18T13:09:45+00:00\" \/>\n<meta name=\"twitter:card\" content=\"summary_large_image\" \/>\n<meta name=\"twitter:label1\" content=\"Tempo di lettura stimato\" \/>\n\t<meta name=\"twitter:data1\" content=\"2 minuti\" \/>\n<script type=\"application\/ld+json\" class=\"yoast-schema-graph\">{\"@context\":\"https:\/\/schema.org\",\"@graph\":[{\"@type\":\"WebSite\",\"@id\":\"https:\/\/hallux-valgus-nice.fr\/#website\",\"url\":\"https:\/\/hallux-valgus-nice.fr\/\",\"name\":\"Hallux Valgus Nice | Chirurgie pied Nice\",\"description\":\"Docteur Eddy BECQUET | Chirurgien du pied et de la main \u00e0 Nice\",\"potentialAction\":[{\"@type\":\"SearchAction\",\"target\":{\"@type\":\"EntryPoint\",\"urlTemplate\":\"https:\/\/hallux-valgus-nice.fr\/?s={search_term_string}\"},\"query-input\":\"required name=search_term_string\"}],\"inLanguage\":\"it-IT\"},{\"@type\":\"WebPage\",\"@id\":\"https:\/\/hallux-valgus-nice.fr\/guide-rpc\/#webpage\",\"url\":\"https:\/\/hallux-valgus-nice.fr\/guide-rpc\/\",\"name\":\"guide rpc - Hallux Valgus Nice | Chirurgie pied Nice\",\"isPartOf\":{\"@id\":\"https:\/\/hallux-valgus-nice.fr\/#website\"},\"datePublished\":\"2017-08-18T12:42:12+00:00\",\"dateModified\":\"2020-08-18T13:09:45+00:00\",\"breadcrumb\":{\"@id\":\"https:\/\/hallux-valgus-nice.fr\/guide-rpc\/#breadcrumb\"},\"inLanguage\":\"it-IT\",\"potentialAction\":[{\"@type\":\"ReadAction\",\"target\":[\"https:\/\/hallux-valgus-nice.fr\/guide-rpc\/\"]}]},{\"@type\":\"BreadcrumbList\",\"@id\":\"https:\/\/hallux-valgus-nice.fr\/guide-rpc\/#breadcrumb\",\"itemListElement\":[{\"@type\":\"ListItem\",\"position\":1,\"name\":\"Accueil\",\"item\":\"https:\/\/hallux-valgus-nice.fr\/\"},{\"@type\":\"ListItem\",\"position\":2,\"name\":\"guide rpc\"}]}]}<\/script>\n<!-- \/ Yoast SEO plugin. -->","yoast_head_json":{"title":"guide rpc - Hallux Valgus Nice | Chirurgie pied Nice","robots":{"index":"index","follow":"follow","max-snippet":"max-snippet:-1","max-image-preview":"max-image-preview:large","max-video-preview":"max-video-preview:-1"},"canonical":"https:\/\/hallux-valgus-nice.fr\/it\/guide-rpc\/","og_locale":"it_IT","og_type":"article","og_title":"guide rpc - Hallux Valgus Nice | Chirurgie pied Nice","og_description":"Riviera Passive Construction Des maisons eco-design, \u00e9conomiques et performants Vous l\u2019ignorez peut-\u00eatre mais il est tout \u00e0 fait possible de vivre dans une maison sans climatisation ou sans aucun chauffage central. Toutefois, pour acc\u00e9der \u00e0 cette cat\u00e9gorie de maison, il faut faire un certain nombre de choix au niveau de la construction ou de la [&hellip;]","og_url":"https:\/\/hallux-valgus-nice.fr\/it\/guide-rpc\/","og_site_name":"Hallux Valgus Nice | Chirurgie pied Nice","article_modified_time":"2020-08-18T13:09:45+00:00","twitter_card":"summary_large_image","twitter_misc":{"Tempo di lettura stimato":"2 minuti"},"schema":{"@context":"https:\/\/schema.org","@graph":[{"@type":"WebSite","@id":"https:\/\/hallux-valgus-nice.fr\/#website","url":"https:\/\/hallux-valgus-nice.fr\/","name":"Hallux Valgus Nice | Chirurgie pied Nice","description":"Docteur Eddy BECQUET | Chirurgien du pied et de la main \u00e0 Nice","potentialAction":[{"@type":"SearchAction","target":{"@type":"EntryPoint","urlTemplate":"https:\/\/hallux-valgus-nice.fr\/?s={search_term_string}"},"query-input":"required name=search_term_string"}],"inLanguage":"it-IT"},{"@type":"WebPage","@id":"https:\/\/hallux-valgus-nice.fr\/guide-rpc\/#webpage","url":"https:\/\/hallux-valgus-nice.fr\/guide-rpc\/","name":"guide rpc - Hallux Valgus Nice | Chirurgie pied Nice","isPartOf":{"@id":"https:\/\/hallux-valgus-nice.fr\/#website"},"datePublished":"2017-08-18T12:42:12+00:00","dateModified":"2020-08-18T13:09:45+00:00","breadcrumb":{"@id":"https:\/\/hallux-valgus-nice.fr\/guide-rpc\/#breadcrumb"},"inLanguage":"it-IT","potentialAction":[{"@type":"ReadAction","target":["https:\/\/hallux-valgus-nice.fr\/guide-rpc\/"]}]},{"@type":"BreadcrumbList","@id":"https:\/\/hallux-valgus-nice.fr\/guide-rpc\/#breadcrumb","itemListElement":[{"@type":"ListItem","position":1,"name":"Accueil","item":"https:\/\/hallux-valgus-nice.fr\/"},{"@type":"ListItem","position":2,"name":"guide rpc"}]}]}},"_links":{"self":[{"href":"https:\/\/hallux-valgus-nice.fr\/it\/wp-json\/wp\/v2\/pages\/1076"}],"collection":[{"href":"https:\/\/hallux-valgus-nice.fr\/it\/wp-json\/wp\/v2\/pages"}],"about":[{"href":"https:\/\/hallux-valgus-nice.fr\/it\/wp-json\/wp\/v2\/types\/page"}],"author":[{"embeddable":true,"href":"https:\/\/hallux-valgus-nice.fr\/it\/wp-json\/wp\/v2\/users\/4"}],"replies":[{"embeddable":true,"href":"https:\/\/hallux-valgus-nice.fr\/it\/wp-json\/wp\/v2\/comments?post=1076"}],"version-history":[{"count":3,"href":"https:\/\/hallux-valgus-nice.fr\/it\/wp-json\/wp\/v2\/pages\/1076\/revisions"}],"predecessor-version":[{"id":1188,"href":"https:\/\/hallux-valgus-nice.fr\/it\/wp-json\/wp\/v2\/pages\/1076\/revisions\/1188"}],"wp:attachment":[{"href":"https:\/\/hallux-valgus-nice.fr\/it\/wp-json\/wp\/v2\/media?parent=1076"}],"curies":[{"name":"wp","href":"https:\/\/api.w.org\/{rel}","templated":true}]}}