{"id":1081,"date":"2017-08-18T14:42:13","date_gmt":"2017-08-18T12:42:13","guid":{"rendered":"https:\/\/chirurgie-main-pied.fr\/?page_id=1081"},"modified":"2020-08-18T15:09:57","modified_gmt":"2020-08-18T13:09:57","slug":"guide-boucherie-belu","status":"publish","type":"page","link":"https:\/\/hallux-valgus-nice.fr\/it\/guide-boucherie-belu\/","title":{"rendered":"guida macellaio belu"},"content":{"rendered":"<p>[et_pb_section fb_built=\u00a0\u00bb1&Prime; _builder_version=\u00a0\u00bb3.23.3&Prime;][et_pb_row _builder_version=\u00a0\u00bb3.23.3&Prime;][et_pb_column type=\u00a0\u00bb1_4&Prime; _builder_version=\u00a0\u00bb3.23.3&Prime;][et_pb_image src=\u00a0\u00bbhttp:\/\/hallux-valgus-nice.fr\/wp-content\/uploads\/2020\/08\/nextnet-agence-communication-freelance-nice-boucherie-belu-mockup-4-guide.jpg\u00a0\u00bb _builder_version=\u00a0\u00bb3.23.3&Prime;][\/et_pb_image][\/et_pb_column][et_pb_column type=\u00a0\u00bb3_4&Prime; _builder_version=\u00a0\u00bb3.23.3&Prime;][et_pb_text _builder_version=\u00a0\u00bb3.23.3&Prime;]<\/p>\n<h2>Macelleria Belu<\/h2>\n<p style=\"text-align: left;\">Un commerce au service de la qualit\u00e9 depuis 1932 Fils et petit-fils de boucher-charcutier et maintenant traiteur, Lucien B\u00e9lu met en avant l\u2019histoire d\u2019une famille d\u2019artisan pour le meilleur et l\u2019excellence du m\u00e9tier. C\u2019est avant tout une histoire de passion et d\u2019exigence ou les comp\u00e9tences se transmettent, au fil des g\u00e9n\u00e9rations, avec une ma\u00eetrise et un irr\u00e9sistible d\u00e9sir d\u2019offrir aux clients le meilleur dans chacune des viandes s\u00e9lectionn\u00e9es. Le suivi du produit dans sa tra\u00e7abilit\u00e9 et sa transformation est une priorit\u00e9 dans ce commerce de proximit\u00e9. Et pour garantir cette qualit\u00e9, la boucherie va s\u2019orienter vers d\u2019autres terroirs pour trouver les meilleures viandes aupr\u00e8s d\u2019\u00e9leveurs nationaux ; du Limousin pour le b\u0153uf, du Sud-Ouest pour le veau, de Sisteron pour l\u2019agneau, des Landes pour les volailles \u00bb.<\/p>\n<p>La boucherie B\u00e9lu n\u2019est pas un marchand de steaks emball\u00e9s sous vide mais bien un transformateur de viande : Un vrai boucher et compagnon du go\u00fbt qui ach\u00e8te les meilleurs produits pour ensuite les transformer dans son laboratoire. Une \u00e9quipe de six bouchers dont une femme et 3 apprentis pour d\u00e9sosser les carcasses, d\u00e9biter les quartiers de viandes, pr\u00e9parer les r\u00f4tis, fabriquer les saucisses et merguez, une dizaine de vari\u00e9t\u00e9 d\u2019\u00e9t\u00e9, les boudins noirs \u00ab avec du sang de porc fran\u00e7ais \u00bb, les boudins blancs et les foies gras pour les f\u00eates de fin d\u2019ann\u00e9e, la charcuterie comme les terrines de t\u00eates et de campagne, la salade de museau, le c\u00f4t\u00e9 traiteur avec les plats cuisin\u00e9s comme les lasagnes maisons, la caillette varoise, une des sp\u00e9cialit\u00e9s de ce temple du bon go\u00fbt, et bien d\u2019autres gourmandises pr\u00e9sent\u00e9es sur l\u2019\u00e9tal de ce professionnel fr\u00e9jussien.<\/p>\n<p>Un m\u00e9tier tr\u00e8s difficile me dira Lucien mais la passion l\u2019emporte sur le labeur surtout quand le client exprime sa satisfaction et sa fid\u00e9lit\u00e9, parce qu\u2019ici la viande est trait\u00e9e avec amour, un savoir-faire qui offre un assortiment renouvel\u00e9 de c\u00f4tes de b\u0153uf, de gigots d\u2019agneau, de foies de veau et d\u2019autres abats, de volailles fermi\u00e8res. Un savoir-\u00eatre, aussi, car la philosophie de la famille B\u00e9lu est l\u2019accueil et le service du client. A ce propos n\u2019h\u00e9sitez pas \u00e0 demander des conseils \u00e0 Lucien ou \u00e0 ses bouchers, ils vous r\u00e9pondront avec le sourire, toujours dans la bonne humeur.<\/p>\n<p>[\/et_pb_text][et_pb_button button_text=\u00a0\u00bbAller sur le site\u00a0\u00bb _builder_version=\u00a0\u00bb3.23.3&Prime; button_url=\u00a0\u00bbhttp:\/\/www.boucheriebelu.fr\/\u00a0\u00bb][\/et_pb_button][\/et_pb_column][\/et_pb_row][\/et_pb_section]<\/p>","protected":false},"excerpt":{"rendered":"<p>Boucherie Belu Un commerce au service de la qualit\u00e9 depuis 1932 Fils et petit-fils de boucher-charcutier et maintenant traiteur, Lucien B\u00e9lu met en avant l\u2019histoire d\u2019une famille d\u2019artisan pour le meilleur et l\u2019excellence du m\u00e9tier. C\u2019est avant tout une histoire de passion et d\u2019exigence ou les comp\u00e9tences se transmettent, au fil des g\u00e9n\u00e9rations, avec une [&hellip;]<\/p>","protected":false},"author":4,"featured_media":0,"parent":0,"menu_order":0,"comment_status":"closed","ping_status":"closed","template":"","meta":{"_et_pb_use_builder":"on","_et_pb_old_content":"","_et_gb_content_width":""},"yoast_head":"<!-- This site is optimized with the Yoast SEO plugin v18.1 - https:\/\/yoast.com\/wordpress\/plugins\/seo\/ -->\n<title>guide boucherie belu - Hallux Valgus Nice | Chirurgie pied Nice<\/title>\n<meta name=\"robots\" content=\"index, follow, max-snippet:-1, max-image-preview:large, max-video-preview:-1\" \/>\n<link rel=\"canonical\" href=\"https:\/\/hallux-valgus-nice.fr\/it\/guide-boucherie-belu\/\" \/>\n<meta property=\"og:locale\" content=\"it_IT\" \/>\n<meta property=\"og:type\" content=\"article\" \/>\n<meta property=\"og:title\" content=\"guide boucherie belu - Hallux Valgus Nice | Chirurgie pied Nice\" \/>\n<meta property=\"og:description\" content=\"Boucherie Belu Un commerce au service de la qualit\u00e9 depuis 1932 Fils et petit-fils de boucher-charcutier et maintenant traiteur, Lucien B\u00e9lu met en avant l\u2019histoire d\u2019une famille d\u2019artisan pour le meilleur et l\u2019excellence du m\u00e9tier. C\u2019est avant tout une histoire de passion et d\u2019exigence ou les comp\u00e9tences se transmettent, au fil des g\u00e9n\u00e9rations, avec une [&hellip;]\" \/>\n<meta property=\"og:url\" content=\"https:\/\/hallux-valgus-nice.fr\/it\/guide-boucherie-belu\/\" \/>\n<meta property=\"og:site_name\" content=\"Hallux Valgus Nice | Chirurgie pied Nice\" \/>\n<meta property=\"article:modified_time\" content=\"2020-08-18T13:09:57+00:00\" \/>\n<meta name=\"twitter:card\" content=\"summary_large_image\" \/>\n<meta name=\"twitter:label1\" content=\"Tempo di lettura stimato\" \/>\n\t<meta name=\"twitter:data1\" content=\"3 minuti\" \/>\n<script type=\"application\/ld+json\" class=\"yoast-schema-graph\">{\"@context\":\"https:\/\/schema.org\",\"@graph\":[{\"@type\":\"WebSite\",\"@id\":\"https:\/\/hallux-valgus-nice.fr\/#website\",\"url\":\"https:\/\/hallux-valgus-nice.fr\/\",\"name\":\"Hallux Valgus Nice | Chirurgie pied Nice\",\"description\":\"Docteur Eddy BECQUET | Chirurgien du pied et de la main \u00e0 Nice\",\"potentialAction\":[{\"@type\":\"SearchAction\",\"target\":{\"@type\":\"EntryPoint\",\"urlTemplate\":\"https:\/\/hallux-valgus-nice.fr\/?s={search_term_string}\"},\"query-input\":\"required name=search_term_string\"}],\"inLanguage\":\"it-IT\"},{\"@type\":\"WebPage\",\"@id\":\"https:\/\/hallux-valgus-nice.fr\/guide-boucherie-belu\/#webpage\",\"url\":\"https:\/\/hallux-valgus-nice.fr\/guide-boucherie-belu\/\",\"name\":\"guide boucherie belu - Hallux Valgus Nice | Chirurgie pied Nice\",\"isPartOf\":{\"@id\":\"https:\/\/hallux-valgus-nice.fr\/#website\"},\"datePublished\":\"2017-08-18T12:42:13+00:00\",\"dateModified\":\"2020-08-18T13:09:57+00:00\",\"breadcrumb\":{\"@id\":\"https:\/\/hallux-valgus-nice.fr\/guide-boucherie-belu\/#breadcrumb\"},\"inLanguage\":\"it-IT\",\"potentialAction\":[{\"@type\":\"ReadAction\",\"target\":[\"https:\/\/hallux-valgus-nice.fr\/guide-boucherie-belu\/\"]}]},{\"@type\":\"BreadcrumbList\",\"@id\":\"https:\/\/hallux-valgus-nice.fr\/guide-boucherie-belu\/#breadcrumb\",\"itemListElement\":[{\"@type\":\"ListItem\",\"position\":1,\"name\":\"Accueil\",\"item\":\"https:\/\/hallux-valgus-nice.fr\/\"},{\"@type\":\"ListItem\",\"position\":2,\"name\":\"guide boucherie belu\"}]}]}<\/script>\n<!-- \/ Yoast SEO plugin. -->","yoast_head_json":{"title":"guide boucherie belu - Hallux Valgus Nice | Chirurgie pied Nice","robots":{"index":"index","follow":"follow","max-snippet":"max-snippet:-1","max-image-preview":"max-image-preview:large","max-video-preview":"max-video-preview:-1"},"canonical":"https:\/\/hallux-valgus-nice.fr\/it\/guide-boucherie-belu\/","og_locale":"it_IT","og_type":"article","og_title":"guide boucherie belu - Hallux Valgus Nice | Chirurgie pied Nice","og_description":"Boucherie Belu Un commerce au service de la qualit\u00e9 depuis 1932 Fils et petit-fils de boucher-charcutier et maintenant traiteur, Lucien B\u00e9lu met en avant l\u2019histoire d\u2019une famille d\u2019artisan pour le meilleur et l\u2019excellence du m\u00e9tier. C\u2019est avant tout une histoire de passion et d\u2019exigence ou les comp\u00e9tences se transmettent, au fil des g\u00e9n\u00e9rations, avec une [&hellip;]","og_url":"https:\/\/hallux-valgus-nice.fr\/it\/guide-boucherie-belu\/","og_site_name":"Hallux Valgus Nice | Chirurgie pied Nice","article_modified_time":"2020-08-18T13:09:57+00:00","twitter_card":"summary_large_image","twitter_misc":{"Tempo di lettura stimato":"3 minuti"},"schema":{"@context":"https:\/\/schema.org","@graph":[{"@type":"WebSite","@id":"https:\/\/hallux-valgus-nice.fr\/#website","url":"https:\/\/hallux-valgus-nice.fr\/","name":"Hallux Valgus Nice | Chirurgie pied Nice","description":"Docteur Eddy BECQUET | Chirurgien du pied et de la main \u00e0 Nice","potentialAction":[{"@type":"SearchAction","target":{"@type":"EntryPoint","urlTemplate":"https:\/\/hallux-valgus-nice.fr\/?s={search_term_string}"},"query-input":"required name=search_term_string"}],"inLanguage":"it-IT"},{"@type":"WebPage","@id":"https:\/\/hallux-valgus-nice.fr\/guide-boucherie-belu\/#webpage","url":"https:\/\/hallux-valgus-nice.fr\/guide-boucherie-belu\/","name":"guide boucherie belu - Hallux Valgus Nice | Chirurgie pied Nice","isPartOf":{"@id":"https:\/\/hallux-valgus-nice.fr\/#website"},"datePublished":"2017-08-18T12:42:13+00:00","dateModified":"2020-08-18T13:09:57+00:00","breadcrumb":{"@id":"https:\/\/hallux-valgus-nice.fr\/guide-boucherie-belu\/#breadcrumb"},"inLanguage":"it-IT","potentialAction":[{"@type":"ReadAction","target":["https:\/\/hallux-valgus-nice.fr\/guide-boucherie-belu\/"]}]},{"@type":"BreadcrumbList","@id":"https:\/\/hallux-valgus-nice.fr\/guide-boucherie-belu\/#breadcrumb","itemListElement":[{"@type":"ListItem","position":1,"name":"Accueil","item":"https:\/\/hallux-valgus-nice.fr\/"},{"@type":"ListItem","position":2,"name":"guide boucherie belu"}]}]}},"_links":{"self":[{"href":"https:\/\/hallux-valgus-nice.fr\/it\/wp-json\/wp\/v2\/pages\/1081"}],"collection":[{"href":"https:\/\/hallux-valgus-nice.fr\/it\/wp-json\/wp\/v2\/pages"}],"about":[{"href":"https:\/\/hallux-valgus-nice.fr\/it\/wp-json\/wp\/v2\/types\/page"}],"author":[{"embeddable":true,"href":"https:\/\/hallux-valgus-nice.fr\/it\/wp-json\/wp\/v2\/users\/4"}],"replies":[{"embeddable":true,"href":"https:\/\/hallux-valgus-nice.fr\/it\/wp-json\/wp\/v2\/comments?post=1081"}],"version-history":[{"count":3,"href":"https:\/\/hallux-valgus-nice.fr\/it\/wp-json\/wp\/v2\/pages\/1081\/revisions"}],"predecessor-version":[{"id":1198,"href":"https:\/\/hallux-valgus-nice.fr\/it\/wp-json\/wp\/v2\/pages\/1081\/revisions\/1198"}],"wp:attachment":[{"href":"https:\/\/hallux-valgus-nice.fr\/it\/wp-json\/wp\/v2\/media?parent=1081"}],"curies":[{"name":"wp","href":"https:\/\/api.w.org\/{rel}","templated":true}]}}