{"id":1083,"date":"2017-08-18T14:42:14","date_gmt":"2017-08-18T12:42:14","guid":{"rendered":"https:\/\/chirurgie-main-pied.fr\/?page_id=1083"},"modified":"2020-08-18T15:10:00","modified_gmt":"2020-08-18T13:10:00","slug":"guide-curry-house","status":"publish","type":"page","link":"https:\/\/hallux-valgus-nice.fr\/it\/guide-curry-house\/","title":{"rendered":"guida al curry house"},"content":{"rendered":"<p>[et_pb_section fb_built=\u00a0\u00bb1&Prime; _builder_version=\u00a0\u00bb3.23.3&Prime;][et_pb_row _builder_version=\u00a0\u00bb3.23.3&Prime;][et_pb_column type=\u00a0\u00bb1_4&Prime; _builder_version=\u00a0\u00bb3.23.3&Prime;][et_pb_image src=\u00a0\u00bbhttp:\/\/hallux-valgus-nice.fr\/wp-content\/uploads\/2020\/08\/nextnet-agence-communication-freelance-nice-curry-house-mockup-10-guide.jpg\u00a0\u00bb _builder_version=\u00a0\u00bb3.23.3&Prime;][\/et_pb_image][\/et_pb_column][et_pb_column type=\u00a0\u00bb3_4&Prime; _builder_version=\u00a0\u00bb3.23.3&Prime;][et_pb_text _builder_version=\u00a0\u00bb3.23.3&Prime;]<\/p>\n<h2>Casa del Curry<\/h2>\n<p style=\"text-align: left;\">Au c\u0153ur de Mougins, la maison du Curry vous propose un accueil chaleureux et de d\u00e9licieux plats indiens soigneusement pr\u00e9par\u00e9s par son chef indien avec les ingr\u00e9dients les meilleurs et les plus frais. Laissez-vous tenter ! Shejan et son \u00e9quipe accueillante vous assureront de passer une soir\u00e9e agr\u00e9able avec des plats indiens haut de gamme !<\/p>\n<p>D\u00e8s votre entr\u00e9e au restaurant, vous serez enti\u00e8rement immerg\u00e9 dans une ambiance insolite, propre au d\u00e9paysement. On vous propose une cuisine faite \u00e0 base de produits frais et d\u2019\u00e9pices indiennes de tr\u00e8s bonne qualit\u00e9. D\u00e9couvrez la sp\u00e9cialit\u00e9 du chef : le tandoori, de la viande marin\u00e9e dans des \u00e9pices puis r\u00f4tie dans un four en argile. <\/p>\n<p>[\/et_pb_text][et_pb_button button_text=\u00a0\u00bbAller sur le site\u00a0\u00bb _builder_version=\u00a0\u00bb3.23.3&Prime; button_url=\u00a0\u00bbhttps:\/\/www.curryhouse06.fr\/?l=fr\u00a0\u00bb][\/et_pb_button][\/et_pb_column][\/et_pb_row][\/et_pb_section]<\/p>","protected":false},"excerpt":{"rendered":"<p>Curry House Au c\u0153ur de Mougins, la maison du Curry vous propose un accueil chaleureux et de d\u00e9licieux plats indiens soigneusement pr\u00e9par\u00e9s par son chef indien avec les ingr\u00e9dients les meilleurs et les plus frais. Laissez-vous tenter ! Shejan et son \u00e9quipe accueillante vous assureront de passer une soir\u00e9e agr\u00e9able avec des plats indiens haut [&hellip;]<\/p>","protected":false},"author":4,"featured_media":0,"parent":0,"menu_order":0,"comment_status":"closed","ping_status":"closed","template":"","meta":{"_et_pb_use_builder":"on","_et_pb_old_content":"","_et_gb_content_width":""},"yoast_head":"<!-- This site is optimized with the Yoast SEO plugin v18.1 - https:\/\/yoast.com\/wordpress\/plugins\/seo\/ -->\n<title>guide curry house - Hallux Valgus Nice | Chirurgie pied Nice<\/title>\n<meta name=\"robots\" content=\"index, follow, max-snippet:-1, max-image-preview:large, max-video-preview:-1\" \/>\n<link rel=\"canonical\" href=\"https:\/\/hallux-valgus-nice.fr\/it\/guide-curry-house\/\" \/>\n<meta property=\"og:locale\" content=\"it_IT\" \/>\n<meta property=\"og:type\" content=\"article\" \/>\n<meta property=\"og:title\" content=\"guide curry house - Hallux Valgus Nice | Chirurgie pied Nice\" \/>\n<meta property=\"og:description\" content=\"Curry House Au c\u0153ur de Mougins, la maison du Curry vous propose un accueil chaleureux et de d\u00e9licieux plats indiens soigneusement pr\u00e9par\u00e9s par son chef indien avec les ingr\u00e9dients les meilleurs et les plus frais. Laissez-vous tenter ! Shejan et son \u00e9quipe accueillante vous assureront de passer une soir\u00e9e agr\u00e9able avec des plats indiens haut [&hellip;]\" \/>\n<meta property=\"og:url\" content=\"https:\/\/hallux-valgus-nice.fr\/it\/guide-curry-house\/\" \/>\n<meta property=\"og:site_name\" content=\"Hallux Valgus Nice | Chirurgie pied Nice\" \/>\n<meta property=\"article:modified_time\" content=\"2020-08-18T13:10:00+00:00\" \/>\n<meta name=\"twitter:card\" content=\"summary_large_image\" \/>\n<meta name=\"twitter:label1\" content=\"Tempo di lettura stimato\" \/>\n\t<meta name=\"twitter:data1\" content=\"1 minuto\" \/>\n<script type=\"application\/ld+json\" class=\"yoast-schema-graph\">{\"@context\":\"https:\/\/schema.org\",\"@graph\":[{\"@type\":\"WebSite\",\"@id\":\"https:\/\/hallux-valgus-nice.fr\/#website\",\"url\":\"https:\/\/hallux-valgus-nice.fr\/\",\"name\":\"Hallux Valgus Nice | Chirurgie pied Nice\",\"description\":\"Docteur Eddy BECQUET | Chirurgien du pied et de la main \u00e0 Nice\",\"potentialAction\":[{\"@type\":\"SearchAction\",\"target\":{\"@type\":\"EntryPoint\",\"urlTemplate\":\"https:\/\/hallux-valgus-nice.fr\/?s={search_term_string}\"},\"query-input\":\"required name=search_term_string\"}],\"inLanguage\":\"it-IT\"},{\"@type\":\"WebPage\",\"@id\":\"https:\/\/hallux-valgus-nice.fr\/guide-curry-house\/#webpage\",\"url\":\"https:\/\/hallux-valgus-nice.fr\/guide-curry-house\/\",\"name\":\"guide curry house - Hallux Valgus Nice | Chirurgie pied Nice\",\"isPartOf\":{\"@id\":\"https:\/\/hallux-valgus-nice.fr\/#website\"},\"datePublished\":\"2017-08-18T12:42:14+00:00\",\"dateModified\":\"2020-08-18T13:10:00+00:00\",\"breadcrumb\":{\"@id\":\"https:\/\/hallux-valgus-nice.fr\/guide-curry-house\/#breadcrumb\"},\"inLanguage\":\"it-IT\",\"potentialAction\":[{\"@type\":\"ReadAction\",\"target\":[\"https:\/\/hallux-valgus-nice.fr\/guide-curry-house\/\"]}]},{\"@type\":\"BreadcrumbList\",\"@id\":\"https:\/\/hallux-valgus-nice.fr\/guide-curry-house\/#breadcrumb\",\"itemListElement\":[{\"@type\":\"ListItem\",\"position\":1,\"name\":\"Accueil\",\"item\":\"https:\/\/hallux-valgus-nice.fr\/\"},{\"@type\":\"ListItem\",\"position\":2,\"name\":\"guide curry house\"}]}]}<\/script>\n<!-- \/ Yoast SEO plugin. -->","yoast_head_json":{"title":"guide curry house - Hallux Valgus Nice | Chirurgie pied Nice","robots":{"index":"index","follow":"follow","max-snippet":"max-snippet:-1","max-image-preview":"max-image-preview:large","max-video-preview":"max-video-preview:-1"},"canonical":"https:\/\/hallux-valgus-nice.fr\/it\/guide-curry-house\/","og_locale":"it_IT","og_type":"article","og_title":"guide curry house - Hallux Valgus Nice | Chirurgie pied Nice","og_description":"Curry House Au c\u0153ur de Mougins, la maison du Curry vous propose un accueil chaleureux et de d\u00e9licieux plats indiens soigneusement pr\u00e9par\u00e9s par son chef indien avec les ingr\u00e9dients les meilleurs et les plus frais. Laissez-vous tenter ! Shejan et son \u00e9quipe accueillante vous assureront de passer une soir\u00e9e agr\u00e9able avec des plats indiens haut [&hellip;]","og_url":"https:\/\/hallux-valgus-nice.fr\/it\/guide-curry-house\/","og_site_name":"Hallux Valgus Nice | Chirurgie pied Nice","article_modified_time":"2020-08-18T13:10:00+00:00","twitter_card":"summary_large_image","twitter_misc":{"Tempo di lettura stimato":"1 minuto"},"schema":{"@context":"https:\/\/schema.org","@graph":[{"@type":"WebSite","@id":"https:\/\/hallux-valgus-nice.fr\/#website","url":"https:\/\/hallux-valgus-nice.fr\/","name":"Hallux Valgus Nice | Chirurgie pied Nice","description":"Docteur Eddy BECQUET | Chirurgien du pied et de la main \u00e0 Nice","potentialAction":[{"@type":"SearchAction","target":{"@type":"EntryPoint","urlTemplate":"https:\/\/hallux-valgus-nice.fr\/?s={search_term_string}"},"query-input":"required name=search_term_string"}],"inLanguage":"it-IT"},{"@type":"WebPage","@id":"https:\/\/hallux-valgus-nice.fr\/guide-curry-house\/#webpage","url":"https:\/\/hallux-valgus-nice.fr\/guide-curry-house\/","name":"guide curry house - Hallux Valgus Nice | Chirurgie pied Nice","isPartOf":{"@id":"https:\/\/hallux-valgus-nice.fr\/#website"},"datePublished":"2017-08-18T12:42:14+00:00","dateModified":"2020-08-18T13:10:00+00:00","breadcrumb":{"@id":"https:\/\/hallux-valgus-nice.fr\/guide-curry-house\/#breadcrumb"},"inLanguage":"it-IT","potentialAction":[{"@type":"ReadAction","target":["https:\/\/hallux-valgus-nice.fr\/guide-curry-house\/"]}]},{"@type":"BreadcrumbList","@id":"https:\/\/hallux-valgus-nice.fr\/guide-curry-house\/#breadcrumb","itemListElement":[{"@type":"ListItem","position":1,"name":"Accueil","item":"https:\/\/hallux-valgus-nice.fr\/"},{"@type":"ListItem","position":2,"name":"guide curry house"}]}]}},"_links":{"self":[{"href":"https:\/\/hallux-valgus-nice.fr\/it\/wp-json\/wp\/v2\/pages\/1083"}],"collection":[{"href":"https:\/\/hallux-valgus-nice.fr\/it\/wp-json\/wp\/v2\/pages"}],"about":[{"href":"https:\/\/hallux-valgus-nice.fr\/it\/wp-json\/wp\/v2\/types\/page"}],"author":[{"embeddable":true,"href":"https:\/\/hallux-valgus-nice.fr\/it\/wp-json\/wp\/v2\/users\/4"}],"replies":[{"embeddable":true,"href":"https:\/\/hallux-valgus-nice.fr\/it\/wp-json\/wp\/v2\/comments?post=1083"}],"version-history":[{"count":3,"href":"https:\/\/hallux-valgus-nice.fr\/it\/wp-json\/wp\/v2\/pages\/1083\/revisions"}],"predecessor-version":[{"id":1200,"href":"https:\/\/hallux-valgus-nice.fr\/it\/wp-json\/wp\/v2\/pages\/1083\/revisions\/1200"}],"wp:attachment":[{"href":"https:\/\/hallux-valgus-nice.fr\/it\/wp-json\/wp\/v2\/media?parent=1083"}],"curies":[{"name":"wp","href":"https:\/\/api.w.org\/{rel}","templated":true}]}}