{"id":1085,"date":"2017-08-18T14:42:22","date_gmt":"2017-08-18T12:42:22","guid":{"rendered":"https:\/\/chirurgie-main-pied.fr\/?page_id=1085"},"modified":"2020-08-18T15:13:41","modified_gmt":"2020-08-18T13:13:41","slug":"guide-domaine-cleverland","status":"publish","type":"page","link":"https:\/\/hallux-valgus-nice.fr\/it\/guide-domaine-cleverland\/","title":{"rendered":"guida immobiliare cleverland"},"content":{"rendered":"<p>[et_pb_section fb_built=\u00a0\u00bb1&Prime; _builder_version=\u00a0\u00bb3.23.3&Prime;][et_pb_row _builder_version=\u00a0\u00bb3.23.3&Prime;][et_pb_column type=\u00a0\u00bb1_4&Prime; _builder_version=\u00a0\u00bb3.23.3&Prime;][et_pb_image src=\u00a0\u00bbhttp:\/\/hallux-valgus-nice.fr\/wp-content\/uploads\/2020\/08\/nextnet-agence-communication-freelance-nice-domaine-cleverland-mockup-1-guide.jpg\u00a0\u00bb _builder_version=\u00a0\u00bb3.23.3&Prime;][\/et_pb_image][\/et_pb_column][et_pb_column type=\u00a0\u00bb3_4&Prime; _builder_version=\u00a0\u00bb3.23.3&Prime;][et_pb_text _builder_version=\u00a0\u00bb3.23.3&Prime;]<\/p>\n<h2>Tenuta Cleverland<\/h2>\n<p style=\"text-align: left;\">La Commanderie de Bellet se trouve sur les collines de Nice, \u00e0 moins de 15 minutes de la baie des anges, en plein coeur des vignobles de Bellet, dans le calme et la s\u00e9r\u00e9nit\u00e9, loin de toute agitation, en toute discr\u00e9tion.<\/p>\n<p>Dominant plein sud, avec une vue panoramique depuis le Baou de Saint Jeannet, l\u2019Esterel jusqu\u2019au Cap d\u2019Antibes et le phare de la Garoupe, \u00ab La Commanderie \u00bb,se trouve \u00e0 150m \u00e0 vol d\u2019oiseau, de la tour de guet, dite \u00ab sarrasine \u00bb, construite par l\u2019Ordre des Templiers.<\/p>\n<p>La Commanderie de Bellet d\u2019un style \u00e9pur\u00e9, a\u00e9r\u00e9 et chic, con\u00e7u pour r\u00e9pondre \u00e0 toutes les exigences priv\u00e9es ou professionnelles, les espaces int\u00e9rieurs et ext\u00e9rieurs s\u2019adaptent en fonction de vos besoins :<\/p>\n<p>cocktails ap\u00e9ritifs ou d\u00eenatoires, d\u00eeners de gala, d\u00eeners d\u2019affaires, r\u00e9ceptions, soir\u00e9es priv\u00e9es, r\u00e9unions\u2026 o\u00f9 tout est mis en \u0153uvre pour votre satisfaction et celle de vos invit\u00e9s.<\/p>\n<p>[\/et_pb_text][et_pb_button button_text=\u00a0\u00bbAller sur le site\u00a0\u00bb _builder_version=\u00a0\u00bb3.23.3&Prime; button_url=\u00a0\u00bbhttps:\/\/domainedecleverland.com\/\u00a0\u00bb][\/et_pb_button][\/et_pb_column][\/et_pb_row][\/et_pb_section]<\/p>","protected":false},"excerpt":{"rendered":"<p>Domaine de Cleverland La Commanderie de Bellet se trouve sur les collines de Nice, \u00e0 moins de 15 minutes de la baie des anges, en plein coeur des vignobles de Bellet, dans le calme et la s\u00e9r\u00e9nit\u00e9, loin de toute agitation, en toute discr\u00e9tion. Dominant plein sud, avec une vue panoramique depuis le Baou de [&hellip;]<\/p>","protected":false},"author":4,"featured_media":0,"parent":0,"menu_order":0,"comment_status":"closed","ping_status":"closed","template":"","meta":{"_et_pb_use_builder":"on","_et_pb_old_content":"","_et_gb_content_width":""},"yoast_head":"<!-- This site is optimized with the Yoast SEO plugin v18.1 - https:\/\/yoast.com\/wordpress\/plugins\/seo\/ -->\n<title>guide domaine cleverland - Hallux Valgus Nice | Chirurgie pied Nice<\/title>\n<meta name=\"robots\" content=\"index, follow, max-snippet:-1, max-image-preview:large, max-video-preview:-1\" \/>\n<link rel=\"canonical\" href=\"https:\/\/hallux-valgus-nice.fr\/it\/guide-domaine-cleverland\/\" \/>\n<meta property=\"og:locale\" content=\"it_IT\" \/>\n<meta property=\"og:type\" content=\"article\" \/>\n<meta property=\"og:title\" content=\"guide domaine cleverland - Hallux Valgus Nice | Chirurgie pied Nice\" \/>\n<meta property=\"og:description\" content=\"Domaine de Cleverland La Commanderie de Bellet se trouve sur les collines de Nice, \u00e0 moins de 15 minutes de la baie des anges, en plein coeur des vignobles de Bellet, dans le calme et la s\u00e9r\u00e9nit\u00e9, loin de toute agitation, en toute discr\u00e9tion. Dominant plein sud, avec une vue panoramique depuis le Baou de [&hellip;]\" \/>\n<meta property=\"og:url\" content=\"https:\/\/hallux-valgus-nice.fr\/it\/guide-domaine-cleverland\/\" \/>\n<meta property=\"og:site_name\" content=\"Hallux Valgus Nice | Chirurgie pied Nice\" \/>\n<meta property=\"article:modified_time\" content=\"2020-08-18T13:13:41+00:00\" \/>\n<meta name=\"twitter:card\" content=\"summary_large_image\" \/>\n<meta name=\"twitter:label1\" content=\"Tempo di lettura stimato\" \/>\n\t<meta name=\"twitter:data1\" content=\"1 minuto\" \/>\n<script type=\"application\/ld+json\" class=\"yoast-schema-graph\">{\"@context\":\"https:\/\/schema.org\",\"@graph\":[{\"@type\":\"WebSite\",\"@id\":\"https:\/\/hallux-valgus-nice.fr\/#website\",\"url\":\"https:\/\/hallux-valgus-nice.fr\/\",\"name\":\"Hallux Valgus Nice | Chirurgie pied Nice\",\"description\":\"Docteur Eddy BECQUET | Chirurgien du pied et de la main \u00e0 Nice\",\"potentialAction\":[{\"@type\":\"SearchAction\",\"target\":{\"@type\":\"EntryPoint\",\"urlTemplate\":\"https:\/\/hallux-valgus-nice.fr\/?s={search_term_string}\"},\"query-input\":\"required name=search_term_string\"}],\"inLanguage\":\"it-IT\"},{\"@type\":\"WebPage\",\"@id\":\"https:\/\/hallux-valgus-nice.fr\/guide-domaine-cleverland\/#webpage\",\"url\":\"https:\/\/hallux-valgus-nice.fr\/guide-domaine-cleverland\/\",\"name\":\"guide domaine cleverland - Hallux Valgus Nice | Chirurgie pied Nice\",\"isPartOf\":{\"@id\":\"https:\/\/hallux-valgus-nice.fr\/#website\"},\"datePublished\":\"2017-08-18T12:42:22+00:00\",\"dateModified\":\"2020-08-18T13:13:41+00:00\",\"breadcrumb\":{\"@id\":\"https:\/\/hallux-valgus-nice.fr\/guide-domaine-cleverland\/#breadcrumb\"},\"inLanguage\":\"it-IT\",\"potentialAction\":[{\"@type\":\"ReadAction\",\"target\":[\"https:\/\/hallux-valgus-nice.fr\/guide-domaine-cleverland\/\"]}]},{\"@type\":\"BreadcrumbList\",\"@id\":\"https:\/\/hallux-valgus-nice.fr\/guide-domaine-cleverland\/#breadcrumb\",\"itemListElement\":[{\"@type\":\"ListItem\",\"position\":1,\"name\":\"Accueil\",\"item\":\"https:\/\/hallux-valgus-nice.fr\/\"},{\"@type\":\"ListItem\",\"position\":2,\"name\":\"guide domaine cleverland\"}]}]}<\/script>\n<!-- \/ Yoast SEO plugin. -->","yoast_head_json":{"title":"guide domaine cleverland - Hallux Valgus Nice | Chirurgie pied Nice","robots":{"index":"index","follow":"follow","max-snippet":"max-snippet:-1","max-image-preview":"max-image-preview:large","max-video-preview":"max-video-preview:-1"},"canonical":"https:\/\/hallux-valgus-nice.fr\/it\/guide-domaine-cleverland\/","og_locale":"it_IT","og_type":"article","og_title":"guide domaine cleverland - Hallux Valgus Nice | Chirurgie pied Nice","og_description":"Domaine de Cleverland La Commanderie de Bellet se trouve sur les collines de Nice, \u00e0 moins de 15 minutes de la baie des anges, en plein coeur des vignobles de Bellet, dans le calme et la s\u00e9r\u00e9nit\u00e9, loin de toute agitation, en toute discr\u00e9tion. Dominant plein sud, avec une vue panoramique depuis le Baou de [&hellip;]","og_url":"https:\/\/hallux-valgus-nice.fr\/it\/guide-domaine-cleverland\/","og_site_name":"Hallux Valgus Nice | Chirurgie pied Nice","article_modified_time":"2020-08-18T13:13:41+00:00","twitter_card":"summary_large_image","twitter_misc":{"Tempo di lettura stimato":"1 minuto"},"schema":{"@context":"https:\/\/schema.org","@graph":[{"@type":"WebSite","@id":"https:\/\/hallux-valgus-nice.fr\/#website","url":"https:\/\/hallux-valgus-nice.fr\/","name":"Hallux Valgus Nice | Chirurgie pied Nice","description":"Docteur Eddy BECQUET | Chirurgien du pied et de la main \u00e0 Nice","potentialAction":[{"@type":"SearchAction","target":{"@type":"EntryPoint","urlTemplate":"https:\/\/hallux-valgus-nice.fr\/?s={search_term_string}"},"query-input":"required name=search_term_string"}],"inLanguage":"it-IT"},{"@type":"WebPage","@id":"https:\/\/hallux-valgus-nice.fr\/guide-domaine-cleverland\/#webpage","url":"https:\/\/hallux-valgus-nice.fr\/guide-domaine-cleverland\/","name":"guide domaine cleverland - Hallux Valgus Nice | Chirurgie pied Nice","isPartOf":{"@id":"https:\/\/hallux-valgus-nice.fr\/#website"},"datePublished":"2017-08-18T12:42:22+00:00","dateModified":"2020-08-18T13:13:41+00:00","breadcrumb":{"@id":"https:\/\/hallux-valgus-nice.fr\/guide-domaine-cleverland\/#breadcrumb"},"inLanguage":"it-IT","potentialAction":[{"@type":"ReadAction","target":["https:\/\/hallux-valgus-nice.fr\/guide-domaine-cleverland\/"]}]},{"@type":"BreadcrumbList","@id":"https:\/\/hallux-valgus-nice.fr\/guide-domaine-cleverland\/#breadcrumb","itemListElement":[{"@type":"ListItem","position":1,"name":"Accueil","item":"https:\/\/hallux-valgus-nice.fr\/"},{"@type":"ListItem","position":2,"name":"guide domaine cleverland"}]}]}},"_links":{"self":[{"href":"https:\/\/hallux-valgus-nice.fr\/it\/wp-json\/wp\/v2\/pages\/1085"}],"collection":[{"href":"https:\/\/hallux-valgus-nice.fr\/it\/wp-json\/wp\/v2\/pages"}],"about":[{"href":"https:\/\/hallux-valgus-nice.fr\/it\/wp-json\/wp\/v2\/types\/page"}],"author":[{"embeddable":true,"href":"https:\/\/hallux-valgus-nice.fr\/it\/wp-json\/wp\/v2\/users\/4"}],"replies":[{"embeddable":true,"href":"https:\/\/hallux-valgus-nice.fr\/it\/wp-json\/wp\/v2\/comments?post=1085"}],"version-history":[{"count":3,"href":"https:\/\/hallux-valgus-nice.fr\/it\/wp-json\/wp\/v2\/pages\/1085\/revisions"}],"predecessor-version":[{"id":1205,"href":"https:\/\/hallux-valgus-nice.fr\/it\/wp-json\/wp\/v2\/pages\/1085\/revisions\/1205"}],"wp:attachment":[{"href":"https:\/\/hallux-valgus-nice.fr\/it\/wp-json\/wp\/v2\/media?parent=1085"}],"curies":[{"name":"wp","href":"https:\/\/api.w.org\/{rel}","templated":true}]}}