{"id":1087,"date":"2017-08-18T14:42:23","date_gmt":"2017-08-18T12:42:23","guid":{"rendered":"https:\/\/chirurgie-main-pied.fr\/?page_id=1087"},"modified":"2020-08-18T15:13:44","modified_gmt":"2020-08-18T13:13:44","slug":"guide-chirurgie-main-pied","status":"publish","type":"page","link":"https:\/\/hallux-valgus-nice.fr\/it\/guide-chirurgie-main-pied\/","title":{"rendered":"guida alla chirurgia mano-piede"},"content":{"rendered":"<p>[et_pb_section fb_built=\u00a0\u00bb1&Prime; _builder_version=\u00a0\u00bb3.23.3&Prime;][et_pb_row _builder_version=\u00a0\u00bb3.23.3&Prime;][et_pb_column type=\u00a0\u00bb1_4&Prime; _builder_version=\u00a0\u00bb3.23.3&Prime;][et_pb_image src=\u00a0\u00bbhttp:\/\/hallux-valgus-nice.fr\/wp-content\/uploads\/2020\/08\/nextnet-agence-communication-freelance-nice-dr-becquet-mockup-5-guide.jpg\u00a0\u00bb _builder_version=\u00a0\u00bb3.23.3&Prime;][\/et_pb_image][\/et_pb_column][et_pb_column type=\u00a0\u00bb3_4&Prime; _builder_version=\u00a0\u00bb3.23.3&Prime;][et_pb_text _builder_version=\u00a0\u00bb3.23.3&Prime;]<\/p>\n<h2>Chirurgia del piede e della mano<\/h2>\n<p style=\"text-align: left;\">\n<p>Sur le site le docteur Eddy BECQUET et son \u00e9quipe<br \/>\nEnti\u00e8rement d\u00e9di\u00e9 \u00e0 la chirurgie du pied (Hallux valgus, mini-invasive et percutan\u00e9e\u2026) et de la main (Entorse, plaies\u2026), ce site \u00e0 pour vocation de d\u00e9livrer une information aussi compl\u00e8te et loyale que possible. Information au T\u00e9l : 04 93 169 169.<\/p>\n<p>En r\u00e9pondant \u00e0 vos questions et en apportant des informations pratiques, ce site vous permettra de mieux pr\u00e9parer une \u00e9ventuelle consultation , ou de prolonger celle ci \u00e0 t\u00eate repos\u00e9e. Nullement destin\u00e9 \u00e0 remplacer la consultation, et encore moins \u00e9courter la relation directe entre le patient et son m\u00e9decin, ce site internet sert d\u2019outil de communication efficace et de source d\u2019information au service du patient.\n<\/p>\n<p>[\/et_pb_text][et_pb_button button_text=\u00a0\u00bbAller sur le site\u00a0\u00bb _builder_version=\u00a0\u00bb3.23.3&Prime; button_url=\u00a0\u00bbhttp:\/\/hallux-valgus-nice.fr\/\u00a0\u00bb][\/et_pb_button][\/et_pb_column][\/et_pb_row][\/et_pb_section]<\/p>","protected":false},"excerpt":{"rendered":"<p>Chirurgie main pied Sur le site le docteur Eddy BECQUET et son \u00e9quipe Enti\u00e8rement d\u00e9di\u00e9 \u00e0 la chirurgie du pied (Hallux valgus, mini-invasive et percutan\u00e9e\u2026) et de la main (Entorse, plaies\u2026), ce site \u00e0 pour vocation de d\u00e9livrer une information aussi compl\u00e8te et loyale que possible. Information au T\u00e9l : 04 93 169 169. En [&hellip;]<\/p>","protected":false},"author":4,"featured_media":0,"parent":0,"menu_order":0,"comment_status":"closed","ping_status":"closed","template":"","meta":{"_et_pb_use_builder":"on","_et_pb_old_content":"","_et_gb_content_width":""},"yoast_head":"<!-- This site is optimized with the Yoast SEO plugin v18.1 - https:\/\/yoast.com\/wordpress\/plugins\/seo\/ -->\n<title>guide chirurgie main pied - Hallux Valgus Nice | Chirurgie pied Nice<\/title>\n<meta name=\"robots\" content=\"index, follow, max-snippet:-1, max-image-preview:large, max-video-preview:-1\" \/>\n<link rel=\"canonical\" href=\"https:\/\/hallux-valgus-nice.fr\/it\/guide-chirurgie-main-pied\/\" \/>\n<meta property=\"og:locale\" content=\"it_IT\" \/>\n<meta property=\"og:type\" content=\"article\" \/>\n<meta property=\"og:title\" content=\"guide chirurgie main pied - Hallux Valgus Nice | Chirurgie pied Nice\" \/>\n<meta property=\"og:description\" content=\"Chirurgie main pied Sur le site le docteur Eddy BECQUET et son \u00e9quipe Enti\u00e8rement d\u00e9di\u00e9 \u00e0 la chirurgie du pied (Hallux valgus, mini-invasive et percutan\u00e9e\u2026) et de la main (Entorse, plaies\u2026), ce site \u00e0 pour vocation de d\u00e9livrer une information aussi compl\u00e8te et loyale que possible. Information au T\u00e9l : 04 93 169 169. En [&hellip;]\" \/>\n<meta property=\"og:url\" content=\"https:\/\/hallux-valgus-nice.fr\/it\/guide-chirurgie-main-pied\/\" \/>\n<meta property=\"og:site_name\" content=\"Hallux Valgus Nice | Chirurgie pied Nice\" \/>\n<meta property=\"article:modified_time\" content=\"2020-08-18T13:13:44+00:00\" \/>\n<meta name=\"twitter:card\" content=\"summary_large_image\" \/>\n<meta name=\"twitter:label1\" content=\"Tempo di lettura stimato\" \/>\n\t<meta name=\"twitter:data1\" content=\"1 minuto\" \/>\n<script type=\"application\/ld+json\" class=\"yoast-schema-graph\">{\"@context\":\"https:\/\/schema.org\",\"@graph\":[{\"@type\":\"WebSite\",\"@id\":\"https:\/\/hallux-valgus-nice.fr\/#website\",\"url\":\"https:\/\/hallux-valgus-nice.fr\/\",\"name\":\"Hallux Valgus Nice | Chirurgie pied Nice\",\"description\":\"Docteur Eddy BECQUET | Chirurgien du pied et de la main \u00e0 Nice\",\"potentialAction\":[{\"@type\":\"SearchAction\",\"target\":{\"@type\":\"EntryPoint\",\"urlTemplate\":\"https:\/\/hallux-valgus-nice.fr\/?s={search_term_string}\"},\"query-input\":\"required name=search_term_string\"}],\"inLanguage\":\"it-IT\"},{\"@type\":\"WebPage\",\"@id\":\"https:\/\/hallux-valgus-nice.fr\/guide-chirurgie-main-pied\/#webpage\",\"url\":\"https:\/\/hallux-valgus-nice.fr\/guide-chirurgie-main-pied\/\",\"name\":\"guide chirurgie main pied - Hallux Valgus Nice | Chirurgie pied Nice\",\"isPartOf\":{\"@id\":\"https:\/\/hallux-valgus-nice.fr\/#website\"},\"datePublished\":\"2017-08-18T12:42:23+00:00\",\"dateModified\":\"2020-08-18T13:13:44+00:00\",\"breadcrumb\":{\"@id\":\"https:\/\/hallux-valgus-nice.fr\/guide-chirurgie-main-pied\/#breadcrumb\"},\"inLanguage\":\"it-IT\",\"potentialAction\":[{\"@type\":\"ReadAction\",\"target\":[\"https:\/\/hallux-valgus-nice.fr\/guide-chirurgie-main-pied\/\"]}]},{\"@type\":\"BreadcrumbList\",\"@id\":\"https:\/\/hallux-valgus-nice.fr\/guide-chirurgie-main-pied\/#breadcrumb\",\"itemListElement\":[{\"@type\":\"ListItem\",\"position\":1,\"name\":\"Accueil\",\"item\":\"https:\/\/hallux-valgus-nice.fr\/\"},{\"@type\":\"ListItem\",\"position\":2,\"name\":\"guide chirurgie main pied\"}]}]}<\/script>\n<!-- \/ Yoast SEO plugin. -->","yoast_head_json":{"title":"guide chirurgie main pied - Hallux Valgus Nice | Chirurgie pied Nice","robots":{"index":"index","follow":"follow","max-snippet":"max-snippet:-1","max-image-preview":"max-image-preview:large","max-video-preview":"max-video-preview:-1"},"canonical":"https:\/\/hallux-valgus-nice.fr\/it\/guide-chirurgie-main-pied\/","og_locale":"it_IT","og_type":"article","og_title":"guide chirurgie main pied - Hallux Valgus Nice | Chirurgie pied Nice","og_description":"Chirurgie main pied Sur le site le docteur Eddy BECQUET et son \u00e9quipe Enti\u00e8rement d\u00e9di\u00e9 \u00e0 la chirurgie du pied (Hallux valgus, mini-invasive et percutan\u00e9e\u2026) et de la main (Entorse, plaies\u2026), ce site \u00e0 pour vocation de d\u00e9livrer une information aussi compl\u00e8te et loyale que possible. Information au T\u00e9l : 04 93 169 169. En [&hellip;]","og_url":"https:\/\/hallux-valgus-nice.fr\/it\/guide-chirurgie-main-pied\/","og_site_name":"Hallux Valgus Nice | Chirurgie pied Nice","article_modified_time":"2020-08-18T13:13:44+00:00","twitter_card":"summary_large_image","twitter_misc":{"Tempo di lettura stimato":"1 minuto"},"schema":{"@context":"https:\/\/schema.org","@graph":[{"@type":"WebSite","@id":"https:\/\/hallux-valgus-nice.fr\/#website","url":"https:\/\/hallux-valgus-nice.fr\/","name":"Hallux Valgus Nice | Chirurgie pied Nice","description":"Docteur Eddy BECQUET | Chirurgien du pied et de la main \u00e0 Nice","potentialAction":[{"@type":"SearchAction","target":{"@type":"EntryPoint","urlTemplate":"https:\/\/hallux-valgus-nice.fr\/?s={search_term_string}"},"query-input":"required name=search_term_string"}],"inLanguage":"it-IT"},{"@type":"WebPage","@id":"https:\/\/hallux-valgus-nice.fr\/guide-chirurgie-main-pied\/#webpage","url":"https:\/\/hallux-valgus-nice.fr\/guide-chirurgie-main-pied\/","name":"guide chirurgie main pied - Hallux Valgus Nice | Chirurgie pied Nice","isPartOf":{"@id":"https:\/\/hallux-valgus-nice.fr\/#website"},"datePublished":"2017-08-18T12:42:23+00:00","dateModified":"2020-08-18T13:13:44+00:00","breadcrumb":{"@id":"https:\/\/hallux-valgus-nice.fr\/guide-chirurgie-main-pied\/#breadcrumb"},"inLanguage":"it-IT","potentialAction":[{"@type":"ReadAction","target":["https:\/\/hallux-valgus-nice.fr\/guide-chirurgie-main-pied\/"]}]},{"@type":"BreadcrumbList","@id":"https:\/\/hallux-valgus-nice.fr\/guide-chirurgie-main-pied\/#breadcrumb","itemListElement":[{"@type":"ListItem","position":1,"name":"Accueil","item":"https:\/\/hallux-valgus-nice.fr\/"},{"@type":"ListItem","position":2,"name":"guide chirurgie main pied"}]}]}},"_links":{"self":[{"href":"https:\/\/hallux-valgus-nice.fr\/it\/wp-json\/wp\/v2\/pages\/1087"}],"collection":[{"href":"https:\/\/hallux-valgus-nice.fr\/it\/wp-json\/wp\/v2\/pages"}],"about":[{"href":"https:\/\/hallux-valgus-nice.fr\/it\/wp-json\/wp\/v2\/types\/page"}],"author":[{"embeddable":true,"href":"https:\/\/hallux-valgus-nice.fr\/it\/wp-json\/wp\/v2\/users\/4"}],"replies":[{"embeddable":true,"href":"https:\/\/hallux-valgus-nice.fr\/it\/wp-json\/wp\/v2\/comments?post=1087"}],"version-history":[{"count":3,"href":"https:\/\/hallux-valgus-nice.fr\/it\/wp-json\/wp\/v2\/pages\/1087\/revisions"}],"predecessor-version":[{"id":1207,"href":"https:\/\/hallux-valgus-nice.fr\/it\/wp-json\/wp\/v2\/pages\/1087\/revisions\/1207"}],"wp:attachment":[{"href":"https:\/\/hallux-valgus-nice.fr\/it\/wp-json\/wp\/v2\/media?parent=1087"}],"curies":[{"name":"wp","href":"https:\/\/api.w.org\/{rel}","templated":true}]}}