{"id":1090,"date":"2017-08-18T14:42:24","date_gmt":"2017-08-18T12:42:24","guid":{"rendered":"https:\/\/chirurgie-main-pied.fr\/?page_id=1090"},"modified":"2020-08-18T15:13:49","modified_gmt":"2020-08-18T13:13:49","slug":"guide-sushi-cristal","status":"publish","type":"page","link":"https:\/\/hallux-valgus-nice.fr\/it\/guide-sushi-cristal\/","title":{"rendered":"guida al sushi di cristallo"},"content":{"rendered":"<p>[et_pb_section fb_built=\u00a0\u00bb1&Prime; _builder_version=\u00a0\u00bb3.23.3&Prime;][et_pb_row _builder_version=\u00a0\u00bb3.23.3&Prime;][et_pb_column type=\u00a0\u00bb1_4&Prime; _builder_version=\u00a0\u00bb3.23.3&Prime;][et_pb_image src=\u00a0\u00bbhttp:\/\/hallux-valgus-nice.fr\/wp-content\/uploads\/2020\/08\/nextnet-agence-communication-freelance-nice-sushi-cristal-1-guide.jpg\u00a0\u00bb _builder_version=\u00a0\u00bb3.23.3&Prime;][\/et_pb_image][\/et_pb_column][et_pb_column type=\u00a0\u00bb3_4&Prime; _builder_version=\u00a0\u00bb3.23.3&Prime;][et_pb_text _builder_version=\u00a0\u00bb3.23.3&Prime;]<\/p>\n<h2>Sushi Cristal<\/h2>\n<p style=\"text-align: left;\">Notre Chef et son \u00e9quipe, vous propose tous les jours des recettes in\u00e9dites. Innovant, imaginatif, le ma\u00eetre sushi s&rsquo;adapte \u00e0 vos demandes et vous offre la meilleure qualit\u00e9 \u00e0 vos repas.<\/p>\n<p>D\u00e9couvrez tous nos produits, Maki, Temaki, California, Tartare, Sashimi, Sushi ou encore chirashi, ainsi que nos nombreux menus pour les plus gourmands. Nous vous proposons \u00e9galement un large choix d\u2019accompagnements, plats chauds et desserts, ainsi que des boissons (softs, bi\u00e8res, sak\u00e9, vins\u2026)<\/p>\n<p>Gr\u00e2ce \u00e0 la cuisine ouverte, vous pouvez appr\u00e9cier du regard la pr\u00e9paration et la fraicheur de nos poissons. Profitez \u00e9galement de notre espace sushi-bar pour une pause d\u00e9jeuner sur-mesure ou un diner \u00e0 deux en toute convivialit\u00e9. <\/p>\n<p>[\/et_pb_text][et_pb_button button_text=\u00a0\u00bbAller sur le site\u00a0\u00bb _builder_version=\u00a0\u00bb3.23.3&Prime; button_url=\u00a0\u00bbhttps:\/\/sushi-cristal.fr\/\u00a0\u00bb][\/et_pb_button][\/et_pb_column][\/et_pb_row][\/et_pb_section]<\/p>","protected":false},"excerpt":{"rendered":"<p>Sushi Cristal Notre Chef et son \u00e9quipe, vous propose tous les jours des recettes in\u00e9dites. Innovant, imaginatif, le ma\u00eetre sushi s&rsquo;adapte \u00e0 vos demandes et vous offre la meilleure qualit\u00e9 \u00e0 vos repas. D\u00e9couvrez tous nos produits, Maki, Temaki, California, Tartare, Sashimi, Sushi ou encore chirashi, ainsi que nos nombreux menus pour les plus gourmands. [&hellip;]<\/p>","protected":false},"author":4,"featured_media":0,"parent":0,"menu_order":0,"comment_status":"closed","ping_status":"closed","template":"","meta":{"_et_pb_use_builder":"on","_et_pb_old_content":"","_et_gb_content_width":""},"yoast_head":"<!-- This site is optimized with the Yoast SEO plugin v18.1 - https:\/\/yoast.com\/wordpress\/plugins\/seo\/ -->\n<title>guide sushi cristal - Hallux Valgus Nice | Chirurgie pied Nice<\/title>\n<meta name=\"robots\" content=\"index, follow, max-snippet:-1, max-image-preview:large, max-video-preview:-1\" \/>\n<link rel=\"canonical\" href=\"https:\/\/hallux-valgus-nice.fr\/it\/guide-sushi-cristal\/\" \/>\n<meta property=\"og:locale\" content=\"it_IT\" \/>\n<meta property=\"og:type\" content=\"article\" \/>\n<meta property=\"og:title\" content=\"guide sushi cristal - Hallux Valgus Nice | Chirurgie pied Nice\" \/>\n<meta property=\"og:description\" content=\"Sushi Cristal Notre Chef et son \u00e9quipe, vous propose tous les jours des recettes in\u00e9dites. Innovant, imaginatif, le ma\u00eetre sushi s&#039;adapte \u00e0 vos demandes et vous offre la meilleure qualit\u00e9 \u00e0 vos repas. D\u00e9couvrez tous nos produits, Maki, Temaki, California, Tartare, Sashimi, Sushi ou encore chirashi, ainsi que nos nombreux menus pour les plus gourmands. [&hellip;]\" \/>\n<meta property=\"og:url\" content=\"https:\/\/hallux-valgus-nice.fr\/it\/guide-sushi-cristal\/\" \/>\n<meta property=\"og:site_name\" content=\"Hallux Valgus Nice | Chirurgie pied Nice\" \/>\n<meta property=\"article:modified_time\" content=\"2020-08-18T13:13:49+00:00\" \/>\n<meta name=\"twitter:card\" content=\"summary_large_image\" \/>\n<meta name=\"twitter:label1\" content=\"Tempo di lettura stimato\" \/>\n\t<meta name=\"twitter:data1\" content=\"1 minuto\" \/>\n<script type=\"application\/ld+json\" class=\"yoast-schema-graph\">{\"@context\":\"https:\/\/schema.org\",\"@graph\":[{\"@type\":\"WebSite\",\"@id\":\"https:\/\/hallux-valgus-nice.fr\/#website\",\"url\":\"https:\/\/hallux-valgus-nice.fr\/\",\"name\":\"Hallux Valgus Nice | Chirurgie pied Nice\",\"description\":\"Docteur Eddy BECQUET | Chirurgien du pied et de la main \u00e0 Nice\",\"potentialAction\":[{\"@type\":\"SearchAction\",\"target\":{\"@type\":\"EntryPoint\",\"urlTemplate\":\"https:\/\/hallux-valgus-nice.fr\/?s={search_term_string}\"},\"query-input\":\"required name=search_term_string\"}],\"inLanguage\":\"it-IT\"},{\"@type\":\"WebPage\",\"@id\":\"https:\/\/hallux-valgus-nice.fr\/guide-sushi-cristal\/#webpage\",\"url\":\"https:\/\/hallux-valgus-nice.fr\/guide-sushi-cristal\/\",\"name\":\"guide sushi cristal - Hallux Valgus Nice | Chirurgie pied Nice\",\"isPartOf\":{\"@id\":\"https:\/\/hallux-valgus-nice.fr\/#website\"},\"datePublished\":\"2017-08-18T12:42:24+00:00\",\"dateModified\":\"2020-08-18T13:13:49+00:00\",\"breadcrumb\":{\"@id\":\"https:\/\/hallux-valgus-nice.fr\/guide-sushi-cristal\/#breadcrumb\"},\"inLanguage\":\"it-IT\",\"potentialAction\":[{\"@type\":\"ReadAction\",\"target\":[\"https:\/\/hallux-valgus-nice.fr\/guide-sushi-cristal\/\"]}]},{\"@type\":\"BreadcrumbList\",\"@id\":\"https:\/\/hallux-valgus-nice.fr\/guide-sushi-cristal\/#breadcrumb\",\"itemListElement\":[{\"@type\":\"ListItem\",\"position\":1,\"name\":\"Accueil\",\"item\":\"https:\/\/hallux-valgus-nice.fr\/\"},{\"@type\":\"ListItem\",\"position\":2,\"name\":\"guide sushi cristal\"}]}]}<\/script>\n<!-- \/ Yoast SEO plugin. -->","yoast_head_json":{"title":"guide sushi cristal - Hallux Valgus Nice | Chirurgie pied Nice","robots":{"index":"index","follow":"follow","max-snippet":"max-snippet:-1","max-image-preview":"max-image-preview:large","max-video-preview":"max-video-preview:-1"},"canonical":"https:\/\/hallux-valgus-nice.fr\/it\/guide-sushi-cristal\/","og_locale":"it_IT","og_type":"article","og_title":"guide sushi cristal - Hallux Valgus Nice | Chirurgie pied Nice","og_description":"Sushi Cristal Notre Chef et son \u00e9quipe, vous propose tous les jours des recettes in\u00e9dites. Innovant, imaginatif, le ma\u00eetre sushi s'adapte \u00e0 vos demandes et vous offre la meilleure qualit\u00e9 \u00e0 vos repas. D\u00e9couvrez tous nos produits, Maki, Temaki, California, Tartare, Sashimi, Sushi ou encore chirashi, ainsi que nos nombreux menus pour les plus gourmands. [&hellip;]","og_url":"https:\/\/hallux-valgus-nice.fr\/it\/guide-sushi-cristal\/","og_site_name":"Hallux Valgus Nice | Chirurgie pied Nice","article_modified_time":"2020-08-18T13:13:49+00:00","twitter_card":"summary_large_image","twitter_misc":{"Tempo di lettura stimato":"1 minuto"},"schema":{"@context":"https:\/\/schema.org","@graph":[{"@type":"WebSite","@id":"https:\/\/hallux-valgus-nice.fr\/#website","url":"https:\/\/hallux-valgus-nice.fr\/","name":"Hallux Valgus Nice | Chirurgie pied Nice","description":"Docteur Eddy BECQUET | Chirurgien du pied et de la main \u00e0 Nice","potentialAction":[{"@type":"SearchAction","target":{"@type":"EntryPoint","urlTemplate":"https:\/\/hallux-valgus-nice.fr\/?s={search_term_string}"},"query-input":"required name=search_term_string"}],"inLanguage":"it-IT"},{"@type":"WebPage","@id":"https:\/\/hallux-valgus-nice.fr\/guide-sushi-cristal\/#webpage","url":"https:\/\/hallux-valgus-nice.fr\/guide-sushi-cristal\/","name":"guide sushi cristal - Hallux Valgus Nice | Chirurgie pied Nice","isPartOf":{"@id":"https:\/\/hallux-valgus-nice.fr\/#website"},"datePublished":"2017-08-18T12:42:24+00:00","dateModified":"2020-08-18T13:13:49+00:00","breadcrumb":{"@id":"https:\/\/hallux-valgus-nice.fr\/guide-sushi-cristal\/#breadcrumb"},"inLanguage":"it-IT","potentialAction":[{"@type":"ReadAction","target":["https:\/\/hallux-valgus-nice.fr\/guide-sushi-cristal\/"]}]},{"@type":"BreadcrumbList","@id":"https:\/\/hallux-valgus-nice.fr\/guide-sushi-cristal\/#breadcrumb","itemListElement":[{"@type":"ListItem","position":1,"name":"Accueil","item":"https:\/\/hallux-valgus-nice.fr\/"},{"@type":"ListItem","position":2,"name":"guide sushi cristal"}]}]}},"_links":{"self":[{"href":"https:\/\/hallux-valgus-nice.fr\/it\/wp-json\/wp\/v2\/pages\/1090"}],"collection":[{"href":"https:\/\/hallux-valgus-nice.fr\/it\/wp-json\/wp\/v2\/pages"}],"about":[{"href":"https:\/\/hallux-valgus-nice.fr\/it\/wp-json\/wp\/v2\/types\/page"}],"author":[{"embeddable":true,"href":"https:\/\/hallux-valgus-nice.fr\/it\/wp-json\/wp\/v2\/users\/4"}],"replies":[{"embeddable":true,"href":"https:\/\/hallux-valgus-nice.fr\/it\/wp-json\/wp\/v2\/comments?post=1090"}],"version-history":[{"count":3,"href":"https:\/\/hallux-valgus-nice.fr\/it\/wp-json\/wp\/v2\/pages\/1090\/revisions"}],"predecessor-version":[{"id":1210,"href":"https:\/\/hallux-valgus-nice.fr\/it\/wp-json\/wp\/v2\/pages\/1090\/revisions\/1210"}],"wp:attachment":[{"href":"https:\/\/hallux-valgus-nice.fr\/it\/wp-json\/wp\/v2\/media?parent=1090"}],"curies":[{"name":"wp","href":"https:\/\/api.w.org\/{rel}","templated":true}]}}