{"id":1094,"date":"2017-08-18T14:42:25","date_gmt":"2017-08-18T12:42:25","guid":{"rendered":"https:\/\/chirurgie-main-pied.fr\/?page_id=1094"},"modified":"2020-08-18T15:13:59","modified_gmt":"2020-08-18T13:13:59","slug":"guide-bernard-fauroux","status":"publish","type":"page","link":"https:\/\/hallux-valgus-nice.fr\/it\/guide-bernard-fauroux\/","title":{"rendered":"guida bernard fauroux"},"content":{"rendered":"<p>[et_pb_section fb_built=\u00a0\u00bb1&Prime; _builder_version=\u00a0\u00bb3.23.3&Prime;][et_pb_row _builder_version=\u00a0\u00bb3.23.3&Prime;][et_pb_column type=\u00a0\u00bb1_4&Prime; _builder_version=\u00a0\u00bb3.23.3&Prime;][et_pb_image src=\u00a0\u00bbhttp:\/\/hallux-valgus-nice.fr\/wp-content\/uploads\/2020\/08\/nextnet-agence-communication-freelance-nice-bernard-fauroux-mockup-5-guide.jpg\u00a0\u00bb _builder_version=\u00a0\u00bb3.23.3&Prime;][\/et_pb_image][\/et_pb_column][et_pb_column type=\u00a0\u00bb3_4&Prime; _builder_version=\u00a0\u00bb3.23.3&Prime;][et_pb_text _builder_version=\u00a0\u00bb3.23.3&Prime;]<\/p>\n<h2>Bernard Fauroux<\/h2>\n<p style=\"text-align: left;\">Questo sito web che presenta le realizzazioni del nostro studio di architettura e urbanistica non potrebbe esistere oggi senza la fiducia dei nostri clienti, proprietari privati o pubblici, che ci hanno affidato i loro progetti, senza il know-how delle imprese che li hanno realizzati e senza, naturalmente, il lavoro del nostro team che li ha ideati, progettati e supportati durante tutta la loro realizzazione. Vi ringraziamo tutti per questo!<\/p>\n<p>Quanti clienti ci confidano, sulla soglia di casa, che avrebbero voluto \"fare\" l'architetto! Questa professione esaltante, come quella degli artigiani, \u00e8 una professione in cui il frutto del lavoro \u00e8 concreto. Scelta per vocazione, \u00e8 diventata una passione... spesso divorante. Perch\u00e9 questa professione richiede impegno, standard elevati e, soprattutto, una vigilanza costante per garantire che il progetto, una volta immaginato e poi disegnato, diventi realt\u00e0... fedele alla sua concezione.<\/p>\n<p>Nel corso degli anni abbiamo fatto nostre le parole di Bruno ZEVI, che pone l'essere umano al centro di ogni progetto: \"L'architettura \u00e8 come una grande scultura scavata dentro la quale l'uomo entra, cammina, vive...\" ( (Imparare a vedere l'architettura - Les \u00e9ditions de minuit). Quando questa dimensione viene dimenticata, l'architettura non rimane forse fredda, senza vita, come un concetto intellettuale?<\/p>\n<p>\u00c8 ormai chiaro che ci ispiriamo alle fonti dell'architettura del bacino mediterraneo in cui abbiamo messo le nostre radici. Offrire costantemente nuove scoperte all'occhio, permettergli di attraversare il progetto diventando allo stesso tempo trasparente o aprendolo su un patio interno, e soprattutto lasciarlo arricchire dal gioco mutevole delle luci del sud: questo \u00e8 ci\u00f2 che ci fa vibrare e che vorremmo condividere con voi in queste pagine.<\/p>\n<p>[\/et_pb_text][et_pb_button button_text=\u00a0\u00bbAller sur le site\u00a0\u00bb _builder_version=\u00a0\u00bb3.23.3&Prime; button_url=\u00a0\u00bbhttps:\/\/fauroux.fr\/\u00a0\u00bb][\/et_pb_button][\/et_pb_column][\/et_pb_row][\/et_pb_section]<\/p>","protected":false},"excerpt":{"rendered":"<p>Bernard Fauroux Ce site Web pr\u00e9sentant les r\u00e9alisations de notre agence d\u2019architecture et d\u2019urbanisme ne pourrait aujourd\u2019hui exister sans la confiance de nos clients, ma\u00eetres d\u2019ouvrage priv\u00e9s ou publics, qui nous ont charg\u00e9 de leurs projets, sans le savoir-faire des entreprises qui les ont b\u00e2tis, et sans, bien s\u00fbr, le travail de notre \u00e9quipe qui [&hellip;]<\/p>","protected":false},"author":4,"featured_media":0,"parent":0,"menu_order":0,"comment_status":"closed","ping_status":"closed","template":"","meta":{"_et_pb_use_builder":"on","_et_pb_old_content":"","_et_gb_content_width":""},"yoast_head":"<!-- This site is optimized with the Yoast SEO plugin v18.1 - https:\/\/yoast.com\/wordpress\/plugins\/seo\/ -->\n<title>guide bernard fauroux - Hallux Valgus Nice | Chirurgie pied Nice<\/title>\n<meta name=\"robots\" content=\"index, follow, max-snippet:-1, max-image-preview:large, max-video-preview:-1\" \/>\n<link rel=\"canonical\" href=\"https:\/\/hallux-valgus-nice.fr\/it\/guide-bernard-fauroux\/\" \/>\n<meta property=\"og:locale\" content=\"it_IT\" \/>\n<meta property=\"og:type\" content=\"article\" \/>\n<meta property=\"og:title\" content=\"guide bernard fauroux - Hallux Valgus Nice | Chirurgie pied Nice\" \/>\n<meta property=\"og:description\" content=\"Bernard Fauroux Ce site Web pr\u00e9sentant les r\u00e9alisations de notre agence d\u2019architecture et d\u2019urbanisme ne pourrait aujourd\u2019hui exister sans la confiance de nos clients, ma\u00eetres d\u2019ouvrage priv\u00e9s ou publics, qui nous ont charg\u00e9 de leurs projets, sans le savoir-faire des entreprises qui les ont b\u00e2tis, et sans, bien s\u00fbr, le travail de notre \u00e9quipe qui [&hellip;]\" \/>\n<meta property=\"og:url\" content=\"https:\/\/hallux-valgus-nice.fr\/it\/guide-bernard-fauroux\/\" \/>\n<meta property=\"og:site_name\" content=\"Hallux Valgus Nice | Chirurgie pied Nice\" \/>\n<meta property=\"article:modified_time\" content=\"2020-08-18T13:13:59+00:00\" \/>\n<meta name=\"twitter:card\" content=\"summary_large_image\" \/>\n<meta name=\"twitter:label1\" content=\"Tempo di lettura stimato\" \/>\n\t<meta name=\"twitter:data1\" content=\"2 minuti\" \/>\n<script type=\"application\/ld+json\" class=\"yoast-schema-graph\">{\"@context\":\"https:\/\/schema.org\",\"@graph\":[{\"@type\":\"WebSite\",\"@id\":\"https:\/\/hallux-valgus-nice.fr\/#website\",\"url\":\"https:\/\/hallux-valgus-nice.fr\/\",\"name\":\"Hallux Valgus Nice | Chirurgie pied Nice\",\"description\":\"Docteur Eddy BECQUET | Chirurgien du pied et de la main \u00e0 Nice\",\"potentialAction\":[{\"@type\":\"SearchAction\",\"target\":{\"@type\":\"EntryPoint\",\"urlTemplate\":\"https:\/\/hallux-valgus-nice.fr\/?s={search_term_string}\"},\"query-input\":\"required name=search_term_string\"}],\"inLanguage\":\"it-IT\"},{\"@type\":\"WebPage\",\"@id\":\"https:\/\/hallux-valgus-nice.fr\/guide-bernard-fauroux\/#webpage\",\"url\":\"https:\/\/hallux-valgus-nice.fr\/guide-bernard-fauroux\/\",\"name\":\"guide bernard fauroux - Hallux Valgus Nice | Chirurgie pied Nice\",\"isPartOf\":{\"@id\":\"https:\/\/hallux-valgus-nice.fr\/#website\"},\"datePublished\":\"2017-08-18T12:42:25+00:00\",\"dateModified\":\"2020-08-18T13:13:59+00:00\",\"breadcrumb\":{\"@id\":\"https:\/\/hallux-valgus-nice.fr\/guide-bernard-fauroux\/#breadcrumb\"},\"inLanguage\":\"it-IT\",\"potentialAction\":[{\"@type\":\"ReadAction\",\"target\":[\"https:\/\/hallux-valgus-nice.fr\/guide-bernard-fauroux\/\"]}]},{\"@type\":\"BreadcrumbList\",\"@id\":\"https:\/\/hallux-valgus-nice.fr\/guide-bernard-fauroux\/#breadcrumb\",\"itemListElement\":[{\"@type\":\"ListItem\",\"position\":1,\"name\":\"Accueil\",\"item\":\"https:\/\/hallux-valgus-nice.fr\/\"},{\"@type\":\"ListItem\",\"position\":2,\"name\":\"guide bernard fauroux\"}]}]}<\/script>\n<!-- \/ Yoast SEO plugin. -->","yoast_head_json":{"title":"guide bernard fauroux - Hallux Valgus Nice | Chirurgie pied Nice","robots":{"index":"index","follow":"follow","max-snippet":"max-snippet:-1","max-image-preview":"max-image-preview:large","max-video-preview":"max-video-preview:-1"},"canonical":"https:\/\/hallux-valgus-nice.fr\/it\/guide-bernard-fauroux\/","og_locale":"it_IT","og_type":"article","og_title":"guide bernard fauroux - Hallux Valgus Nice | Chirurgie pied Nice","og_description":"Bernard Fauroux Ce site Web pr\u00e9sentant les r\u00e9alisations de notre agence d\u2019architecture et d\u2019urbanisme ne pourrait aujourd\u2019hui exister sans la confiance de nos clients, ma\u00eetres d\u2019ouvrage priv\u00e9s ou publics, qui nous ont charg\u00e9 de leurs projets, sans le savoir-faire des entreprises qui les ont b\u00e2tis, et sans, bien s\u00fbr, le travail de notre \u00e9quipe qui [&hellip;]","og_url":"https:\/\/hallux-valgus-nice.fr\/it\/guide-bernard-fauroux\/","og_site_name":"Hallux Valgus Nice | Chirurgie pied Nice","article_modified_time":"2020-08-18T13:13:59+00:00","twitter_card":"summary_large_image","twitter_misc":{"Tempo di lettura stimato":"2 minuti"},"schema":{"@context":"https:\/\/schema.org","@graph":[{"@type":"WebSite","@id":"https:\/\/hallux-valgus-nice.fr\/#website","url":"https:\/\/hallux-valgus-nice.fr\/","name":"Hallux Valgus Nice | Chirurgie pied Nice","description":"Docteur Eddy BECQUET | Chirurgien du pied et de la main \u00e0 Nice","potentialAction":[{"@type":"SearchAction","target":{"@type":"EntryPoint","urlTemplate":"https:\/\/hallux-valgus-nice.fr\/?s={search_term_string}"},"query-input":"required name=search_term_string"}],"inLanguage":"it-IT"},{"@type":"WebPage","@id":"https:\/\/hallux-valgus-nice.fr\/guide-bernard-fauroux\/#webpage","url":"https:\/\/hallux-valgus-nice.fr\/guide-bernard-fauroux\/","name":"guide bernard fauroux - Hallux Valgus Nice | Chirurgie pied Nice","isPartOf":{"@id":"https:\/\/hallux-valgus-nice.fr\/#website"},"datePublished":"2017-08-18T12:42:25+00:00","dateModified":"2020-08-18T13:13:59+00:00","breadcrumb":{"@id":"https:\/\/hallux-valgus-nice.fr\/guide-bernard-fauroux\/#breadcrumb"},"inLanguage":"it-IT","potentialAction":[{"@type":"ReadAction","target":["https:\/\/hallux-valgus-nice.fr\/guide-bernard-fauroux\/"]}]},{"@type":"BreadcrumbList","@id":"https:\/\/hallux-valgus-nice.fr\/guide-bernard-fauroux\/#breadcrumb","itemListElement":[{"@type":"ListItem","position":1,"name":"Accueil","item":"https:\/\/hallux-valgus-nice.fr\/"},{"@type":"ListItem","position":2,"name":"guide bernard fauroux"}]}]}},"_links":{"self":[{"href":"https:\/\/hallux-valgus-nice.fr\/it\/wp-json\/wp\/v2\/pages\/1094"}],"collection":[{"href":"https:\/\/hallux-valgus-nice.fr\/it\/wp-json\/wp\/v2\/pages"}],"about":[{"href":"https:\/\/hallux-valgus-nice.fr\/it\/wp-json\/wp\/v2\/types\/page"}],"author":[{"embeddable":true,"href":"https:\/\/hallux-valgus-nice.fr\/it\/wp-json\/wp\/v2\/users\/4"}],"replies":[{"embeddable":true,"href":"https:\/\/hallux-valgus-nice.fr\/it\/wp-json\/wp\/v2\/comments?post=1094"}],"version-history":[{"count":2,"href":"https:\/\/hallux-valgus-nice.fr\/it\/wp-json\/wp\/v2\/pages\/1094\/revisions"}],"predecessor-version":[{"id":1214,"href":"https:\/\/hallux-valgus-nice.fr\/it\/wp-json\/wp\/v2\/pages\/1094\/revisions\/1214"}],"wp:attachment":[{"href":"https:\/\/hallux-valgus-nice.fr\/it\/wp-json\/wp\/v2\/media?parent=1094"}],"curies":[{"name":"wp","href":"https:\/\/api.w.org\/{rel}","templated":true}]}}