{"id":1096,"date":"2017-08-18T14:42:32","date_gmt":"2017-08-18T12:42:32","guid":{"rendered":"https:\/\/chirurgie-main-pied.fr\/?page_id=1096"},"modified":"2020-08-18T15:14:04","modified_gmt":"2020-08-18T13:14:04","slug":"guide-ecole-hoang-nam","status":"publish","type":"page","link":"https:\/\/hallux-valgus-nice.fr\/it\/guide-ecole-hoang-nam\/","title":{"rendered":"guida scolastica di hoang nam"},"content":{"rendered":"<p>[et_pb_section fb_built=\u00a0\u00bb1&Prime; _builder_version=\u00a0\u00bb3.23.3&Prime;][et_pb_row _builder_version=\u00a0\u00bb3.23.3&Prime;][et_pb_column type=\u00a0\u00bb1_4&Prime; _builder_version=\u00a0\u00bb3.23.3&Prime;][et_pb_image src=\u00a0\u00bbhttp:\/\/hallux-valgus-nice.fr\/wp-content\/uploads\/2020\/08\/nextnet-agence-communication-freelance-nice-hoang-nam-mockup-1-guide-2.png\u00a0\u00bb _builder_version=\u00a0\u00bb3.23.3&Prime;][\/et_pb_image][\/et_pb_column][et_pb_column type=\u00a0\u00bb3_4&Prime; _builder_version=\u00a0\u00bb3.23.3&Prime;][et_pb_text _builder_version=\u00a0\u00bb3.23.3&Prime;]<\/p>\n<h2>Scuola Hoang Nam<\/h2>\n<p style=\"text-align: left;\">Scuola creata dal Maestro Hoang Nam, pioniere del Kung-Fu in Francia.<\/p>\n<p>Pr\u00e8s de 10000 adh\u00e9rents ont \u00e9t\u00e9 form\u00e9s dans la salle de la rue Gairaud depuis 1975 \u00e0 Antibes. Ecole cr\u00e9\u00e9e par le Ma\u00eetre Hoang Nam, pionnier du Kung-Fu en France, c&rsquo;est la 1\u00e8re \u00e9cole de France en terme de licenci\u00e9s. Hoang Nghi le directeur technique a \u00e9t\u00e9 \u00e9lu en 2010 meilleur professeur de Kung Fu des 25 derni\u00e8res ann\u00e9es par les lecteurs du magazine \u00ab\u00a0Karat\u00e9 Bushido\u00a0\u00bb.<\/p>\n<p>Nous vous invitons \u00e0 venir faire une s\u00e9ance d&rsquo;essai sans engagement de votre part, pour vous rendre compte du bien-\u00eatre mental et physique que procure la pratique d&rsquo;un art martial tout cela dans une parfaite ambiance.<\/p>\n<p>Discipline, maitrise, humilit\u00e9, confiance en soi et respect d\u00e9finisse la pratique d&rsquo;un art martial&#8230;<\/p>\n<p> N\u00e9 en Chine 500 ans apr\u00e8s J\u00e9sus-Christ le Kung Fu est n\u00e9 de l&rsquo;imitation des animaux. Popularis\u00e9 par Bruce Lee, il est \u00e0 l&rsquo;origine des arts martiaux.<\/p>\n<p>Le Kung Fu est l&rsquo;art de combattre avec les armes naturelles du corps (extrait du livre : Kung Fu traditionnel de Me Ho\u00e0ng Nam).<\/p>\n<p>Discipline compl\u00e8te, le Kung Fu Wutao (la voie par la technique) cr\u00e9\u00e9 par Ma\u00eetre Ho\u00e0ng Nam en 1962, est une discipline comprenant de la self-d\u00e9fense, des techniques de combat (pieds, poings), des taos (encha\u00eenements codifi\u00e9s) , de la respiration et de la m\u00e9ditation. Le corps travaille de fa\u00e7on harmonieuse les muscles, la souplesse et la rapidit\u00e9.<\/p>\n<p>L&rsquo;\u00e9cole est renomm\u00e9e \u00e0 travers cet art, enseign\u00e9 \u00e0 Antibes d\u00e8s 1975, o\u00f9 elle est class\u00e9e premi\u00e8re en France par le nombre d&rsquo;adh\u00e9rents. Le Ma\u00eetre Hoang Nghi fut champion du Monde, 7\u00e8me Duan et \u00e9lu meilleur professeur de Kung Fu des 25 derni\u00e8res ann\u00e9es par les lecteurs du magazine Karat\u00e9 Bushido. Il est connu \u00e9galement pour \u00eatre la doublure de Jet Li et chor\u00e9graphe combat au cin\u00e9ma pour Mike Tyson<\/p>\n<p>[\/et_pb_text][et_pb_button button_text=\u00a0\u00bbAller sur le site\u00a0\u00bb _builder_version=\u00a0\u00bb3.23.3&Prime; button_url=\u00a0\u00bbhttps:\/\/www.ecolehoangnam.com\/\u00a0\u00bb][\/et_pb_button][\/et_pb_column][\/et_pb_row][\/et_pb_section]<\/p>","protected":false},"excerpt":{"rendered":"<p>Ecole Hoang Nam Ecole cr\u00e9\u00e9e par le Ma\u00eetre Hoang Nam, pionnier du Kung-Fu en France. Pr\u00e8s de 10000 adh\u00e9rents ont \u00e9t\u00e9 form\u00e9s dans la salle de la rue Gairaud depuis 1975 \u00e0 Antibes. Ecole cr\u00e9\u00e9e par le Ma\u00eetre Hoang Nam, pionnier du Kung-Fu en France, c&rsquo;est la 1\u00e8re \u00e9cole de France en terme de licenci\u00e9s. [&hellip;]<\/p>","protected":false},"author":4,"featured_media":0,"parent":0,"menu_order":0,"comment_status":"closed","ping_status":"closed","template":"","meta":{"_et_pb_use_builder":"on","_et_pb_old_content":"","_et_gb_content_width":""},"yoast_head":"<!-- This site is optimized with the Yoast SEO plugin v18.1 - https:\/\/yoast.com\/wordpress\/plugins\/seo\/ -->\n<title>guide ecole hoang nam - Hallux Valgus Nice | Chirurgie pied Nice<\/title>\n<meta name=\"robots\" content=\"index, follow, max-snippet:-1, max-image-preview:large, max-video-preview:-1\" \/>\n<link rel=\"canonical\" href=\"https:\/\/hallux-valgus-nice.fr\/it\/guide-ecole-hoang-nam\/\" \/>\n<meta property=\"og:locale\" content=\"it_IT\" \/>\n<meta property=\"og:type\" content=\"article\" \/>\n<meta property=\"og:title\" content=\"guide ecole hoang nam - Hallux Valgus Nice | Chirurgie pied Nice\" \/>\n<meta property=\"og:description\" content=\"Ecole Hoang Nam Ecole cr\u00e9\u00e9e par le Ma\u00eetre Hoang Nam, pionnier du Kung-Fu en France. Pr\u00e8s de 10000 adh\u00e9rents ont \u00e9t\u00e9 form\u00e9s dans la salle de la rue Gairaud depuis 1975 \u00e0 Antibes. Ecole cr\u00e9\u00e9e par le Ma\u00eetre Hoang Nam, pionnier du Kung-Fu en France, c&#039;est la 1\u00e8re \u00e9cole de France en terme de licenci\u00e9s. [&hellip;]\" \/>\n<meta property=\"og:url\" content=\"https:\/\/hallux-valgus-nice.fr\/it\/guide-ecole-hoang-nam\/\" \/>\n<meta property=\"og:site_name\" content=\"Hallux Valgus Nice | Chirurgie pied Nice\" \/>\n<meta property=\"article:modified_time\" content=\"2020-08-18T13:14:04+00:00\" \/>\n<meta name=\"twitter:card\" content=\"summary_large_image\" \/>\n<meta name=\"twitter:label1\" content=\"Tempo di lettura stimato\" \/>\n\t<meta name=\"twitter:data1\" content=\"2 minuti\" \/>\n<script type=\"application\/ld+json\" class=\"yoast-schema-graph\">{\"@context\":\"https:\/\/schema.org\",\"@graph\":[{\"@type\":\"WebSite\",\"@id\":\"https:\/\/hallux-valgus-nice.fr\/#website\",\"url\":\"https:\/\/hallux-valgus-nice.fr\/\",\"name\":\"Hallux Valgus Nice | Chirurgie pied Nice\",\"description\":\"Docteur Eddy BECQUET | Chirurgien du pied et de la main \u00e0 Nice\",\"potentialAction\":[{\"@type\":\"SearchAction\",\"target\":{\"@type\":\"EntryPoint\",\"urlTemplate\":\"https:\/\/hallux-valgus-nice.fr\/?s={search_term_string}\"},\"query-input\":\"required name=search_term_string\"}],\"inLanguage\":\"it-IT\"},{\"@type\":\"WebPage\",\"@id\":\"https:\/\/hallux-valgus-nice.fr\/guide-ecole-hoang-nam\/#webpage\",\"url\":\"https:\/\/hallux-valgus-nice.fr\/guide-ecole-hoang-nam\/\",\"name\":\"guide ecole hoang nam - Hallux Valgus Nice | Chirurgie pied Nice\",\"isPartOf\":{\"@id\":\"https:\/\/hallux-valgus-nice.fr\/#website\"},\"datePublished\":\"2017-08-18T12:42:32+00:00\",\"dateModified\":\"2020-08-18T13:14:04+00:00\",\"breadcrumb\":{\"@id\":\"https:\/\/hallux-valgus-nice.fr\/guide-ecole-hoang-nam\/#breadcrumb\"},\"inLanguage\":\"it-IT\",\"potentialAction\":[{\"@type\":\"ReadAction\",\"target\":[\"https:\/\/hallux-valgus-nice.fr\/guide-ecole-hoang-nam\/\"]}]},{\"@type\":\"BreadcrumbList\",\"@id\":\"https:\/\/hallux-valgus-nice.fr\/guide-ecole-hoang-nam\/#breadcrumb\",\"itemListElement\":[{\"@type\":\"ListItem\",\"position\":1,\"name\":\"Accueil\",\"item\":\"https:\/\/hallux-valgus-nice.fr\/\"},{\"@type\":\"ListItem\",\"position\":2,\"name\":\"guide ecole hoang nam\"}]}]}<\/script>\n<!-- \/ Yoast SEO plugin. -->","yoast_head_json":{"title":"guide ecole hoang nam - Hallux Valgus Nice | Chirurgie pied Nice","robots":{"index":"index","follow":"follow","max-snippet":"max-snippet:-1","max-image-preview":"max-image-preview:large","max-video-preview":"max-video-preview:-1"},"canonical":"https:\/\/hallux-valgus-nice.fr\/it\/guide-ecole-hoang-nam\/","og_locale":"it_IT","og_type":"article","og_title":"guide ecole hoang nam - Hallux Valgus Nice | Chirurgie pied Nice","og_description":"Ecole Hoang Nam Ecole cr\u00e9\u00e9e par le Ma\u00eetre Hoang Nam, pionnier du Kung-Fu en France. Pr\u00e8s de 10000 adh\u00e9rents ont \u00e9t\u00e9 form\u00e9s dans la salle de la rue Gairaud depuis 1975 \u00e0 Antibes. Ecole cr\u00e9\u00e9e par le Ma\u00eetre Hoang Nam, pionnier du Kung-Fu en France, c'est la 1\u00e8re \u00e9cole de France en terme de licenci\u00e9s. [&hellip;]","og_url":"https:\/\/hallux-valgus-nice.fr\/it\/guide-ecole-hoang-nam\/","og_site_name":"Hallux Valgus Nice | Chirurgie pied Nice","article_modified_time":"2020-08-18T13:14:04+00:00","twitter_card":"summary_large_image","twitter_misc":{"Tempo di lettura stimato":"2 minuti"},"schema":{"@context":"https:\/\/schema.org","@graph":[{"@type":"WebSite","@id":"https:\/\/hallux-valgus-nice.fr\/#website","url":"https:\/\/hallux-valgus-nice.fr\/","name":"Hallux Valgus Nice | Chirurgie pied Nice","description":"Docteur Eddy BECQUET | Chirurgien du pied et de la main \u00e0 Nice","potentialAction":[{"@type":"SearchAction","target":{"@type":"EntryPoint","urlTemplate":"https:\/\/hallux-valgus-nice.fr\/?s={search_term_string}"},"query-input":"required name=search_term_string"}],"inLanguage":"it-IT"},{"@type":"WebPage","@id":"https:\/\/hallux-valgus-nice.fr\/guide-ecole-hoang-nam\/#webpage","url":"https:\/\/hallux-valgus-nice.fr\/guide-ecole-hoang-nam\/","name":"guide ecole hoang nam - Hallux Valgus Nice | Chirurgie pied Nice","isPartOf":{"@id":"https:\/\/hallux-valgus-nice.fr\/#website"},"datePublished":"2017-08-18T12:42:32+00:00","dateModified":"2020-08-18T13:14:04+00:00","breadcrumb":{"@id":"https:\/\/hallux-valgus-nice.fr\/guide-ecole-hoang-nam\/#breadcrumb"},"inLanguage":"it-IT","potentialAction":[{"@type":"ReadAction","target":["https:\/\/hallux-valgus-nice.fr\/guide-ecole-hoang-nam\/"]}]},{"@type":"BreadcrumbList","@id":"https:\/\/hallux-valgus-nice.fr\/guide-ecole-hoang-nam\/#breadcrumb","itemListElement":[{"@type":"ListItem","position":1,"name":"Accueil","item":"https:\/\/hallux-valgus-nice.fr\/"},{"@type":"ListItem","position":2,"name":"guide ecole hoang nam"}]}]}},"_links":{"self":[{"href":"https:\/\/hallux-valgus-nice.fr\/it\/wp-json\/wp\/v2\/pages\/1096"}],"collection":[{"href":"https:\/\/hallux-valgus-nice.fr\/it\/wp-json\/wp\/v2\/pages"}],"about":[{"href":"https:\/\/hallux-valgus-nice.fr\/it\/wp-json\/wp\/v2\/types\/page"}],"author":[{"embeddable":true,"href":"https:\/\/hallux-valgus-nice.fr\/it\/wp-json\/wp\/v2\/users\/4"}],"replies":[{"embeddable":true,"href":"https:\/\/hallux-valgus-nice.fr\/it\/wp-json\/wp\/v2\/comments?post=1096"}],"version-history":[{"count":2,"href":"https:\/\/hallux-valgus-nice.fr\/it\/wp-json\/wp\/v2\/pages\/1096\/revisions"}],"predecessor-version":[{"id":1202,"href":"https:\/\/hallux-valgus-nice.fr\/it\/wp-json\/wp\/v2\/pages\/1096\/revisions\/1202"}],"wp:attachment":[{"href":"https:\/\/hallux-valgus-nice.fr\/it\/wp-json\/wp\/v2\/media?parent=1096"}],"curies":[{"name":"wp","href":"https:\/\/api.w.org\/{rel}","templated":true}]}}