{"id":1130,"date":"2017-08-18T14:50:06","date_gmt":"2017-08-18T12:50:06","guid":{"rendered":"https:\/\/chirurgie-main-pied.fr\/?page_id=1130"},"modified":"2020-08-18T15:09:53","modified_gmt":"2020-08-18T13:09:53","slug":"guide-neodym","status":"publish","type":"page","link":"https:\/\/hallux-valgus-nice.fr\/it\/guide-neodym\/","title":{"rendered":"guida al neodimio"},"content":{"rendered":"<p>[et_pb_section fb_built=\u00a0\u00bb1&Prime; _builder_version=\u00a0\u00bb3.23.3&Prime;][et_pb_row _builder_version=\u00a0\u00bb3.23.3&Prime;][et_pb_column type=\u00a0\u00bb1_4&Prime; _builder_version=\u00a0\u00bb3.23.3&Prime;][et_pb_image src=\u00a0\u00bbhttp:\/\/hallux-valgus-nice.fr\/wp-content\/uploads\/2020\/08\/nextnet-agence-communication-freelance-nice-neodym-mockup-4-guide.jpg\u00a0\u00bb _builder_version=\u00a0\u00bb3.23.3&Prime;][\/et_pb_image][\/et_pb_column][et_pb_column type=\u00a0\u00bb3_4&Prime; _builder_version=\u00a0\u00bb3.23.3&Prime;][et_pb_text _builder_version=\u00a0\u00bb3.23.3&Prime;]<\/p>\n<h2>Neodym<\/h2>\n<p style=\"text-align: left;\">Soci\u00e9t\u00e9 de conseil et communication, r\u00e9alisant des prestations dans le domaine du technologique et m\u00e9dical.<\/p>\n<p>NEODYM s&rsquo;est constitu\u00e9e fin 2015, par l\u2019association de 3 techniciens ayant d\u00e9cid\u00e9 de mettre en commun leurs exp\u00e9riences, principalement acquises dans les secteurs de a\u00e9rospatiale, du m\u00e9dical et de l\u2019architecture.<\/p>\n<p>Les exp\u00e9riences et les comp\u00e9tences des cog\u00e9rants fondateurs et des salari\u00e9s sont mises au service des industriels, collectivit\u00e9s et administrations dans le but de les aider dans leurs d\u00e9marches li\u00e9es \u00e0 la communication de processus, de conception d&rsquo;installations ou produits et la pr\u00e9sentations de concepts ou projets en vue de communication \u00e0 un large publique.<\/p>\n<p>[\/et_pb_text][et_pb_button button_text=\u00a0\u00bbAller sur le site\u00a0\u00bb _builder_version=\u00a0\u00bb3.23.3&Prime; button_url=\u00a0\u00bbhttps:\/\/www.neodym.fr\/\u00a0\u00bb][\/et_pb_button][\/et_pb_column][\/et_pb_row][\/et_pb_section]<\/p>","protected":false},"excerpt":{"rendered":"<p>Neodym Soci\u00e9t\u00e9 de conseil et communication, r\u00e9alisant des prestations dans le domaine du technologique et m\u00e9dical. NEODYM s&rsquo;est constitu\u00e9e fin 2015, par l\u2019association de 3 techniciens ayant d\u00e9cid\u00e9 de mettre en commun leurs exp\u00e9riences, principalement acquises dans les secteurs de a\u00e9rospatiale, du m\u00e9dical et de l\u2019architecture. Les exp\u00e9riences et les comp\u00e9tences des cog\u00e9rants fondateurs et [&hellip;]<\/p>","protected":false},"author":4,"featured_media":0,"parent":0,"menu_order":0,"comment_status":"closed","ping_status":"closed","template":"","meta":{"_et_pb_use_builder":"on","_et_pb_old_content":"","_et_gb_content_width":""},"yoast_head":"<!-- This site is optimized with the Yoast SEO plugin v18.1 - https:\/\/yoast.com\/wordpress\/plugins\/seo\/ -->\n<title>guide neodym - Hallux Valgus Nice | Chirurgie pied Nice<\/title>\n<meta name=\"robots\" content=\"index, follow, max-snippet:-1, max-image-preview:large, max-video-preview:-1\" \/>\n<link rel=\"canonical\" href=\"https:\/\/hallux-valgus-nice.fr\/it\/guide-neodym\/\" \/>\n<meta property=\"og:locale\" content=\"it_IT\" \/>\n<meta property=\"og:type\" content=\"article\" \/>\n<meta property=\"og:title\" content=\"guide neodym - Hallux Valgus Nice | Chirurgie pied Nice\" \/>\n<meta property=\"og:description\" content=\"Neodym Soci\u00e9t\u00e9 de conseil et communication, r\u00e9alisant des prestations dans le domaine du technologique et m\u00e9dical. NEODYM s&#039;est constitu\u00e9e fin 2015, par l\u2019association de 3 techniciens ayant d\u00e9cid\u00e9 de mettre en commun leurs exp\u00e9riences, principalement acquises dans les secteurs de a\u00e9rospatiale, du m\u00e9dical et de l\u2019architecture. Les exp\u00e9riences et les comp\u00e9tences des cog\u00e9rants fondateurs et [&hellip;]\" \/>\n<meta property=\"og:url\" content=\"https:\/\/hallux-valgus-nice.fr\/it\/guide-neodym\/\" \/>\n<meta property=\"og:site_name\" content=\"Hallux Valgus Nice | Chirurgie pied Nice\" \/>\n<meta property=\"article:modified_time\" content=\"2020-08-18T13:09:53+00:00\" \/>\n<meta name=\"twitter:card\" content=\"summary_large_image\" \/>\n<meta name=\"twitter:label1\" content=\"Tempo di lettura stimato\" \/>\n\t<meta name=\"twitter:data1\" content=\"1 minuto\" \/>\n<script type=\"application\/ld+json\" class=\"yoast-schema-graph\">{\"@context\":\"https:\/\/schema.org\",\"@graph\":[{\"@type\":\"WebSite\",\"@id\":\"https:\/\/hallux-valgus-nice.fr\/#website\",\"url\":\"https:\/\/hallux-valgus-nice.fr\/\",\"name\":\"Hallux Valgus Nice | Chirurgie pied Nice\",\"description\":\"Docteur Eddy BECQUET | Chirurgien du pied et de la main \u00e0 Nice\",\"potentialAction\":[{\"@type\":\"SearchAction\",\"target\":{\"@type\":\"EntryPoint\",\"urlTemplate\":\"https:\/\/hallux-valgus-nice.fr\/?s={search_term_string}\"},\"query-input\":\"required name=search_term_string\"}],\"inLanguage\":\"it-IT\"},{\"@type\":\"WebPage\",\"@id\":\"https:\/\/hallux-valgus-nice.fr\/guide-neodym\/#webpage\",\"url\":\"https:\/\/hallux-valgus-nice.fr\/guide-neodym\/\",\"name\":\"guide neodym - Hallux Valgus Nice | Chirurgie pied Nice\",\"isPartOf\":{\"@id\":\"https:\/\/hallux-valgus-nice.fr\/#website\"},\"datePublished\":\"2017-08-18T12:50:06+00:00\",\"dateModified\":\"2020-08-18T13:09:53+00:00\",\"breadcrumb\":{\"@id\":\"https:\/\/hallux-valgus-nice.fr\/guide-neodym\/#breadcrumb\"},\"inLanguage\":\"it-IT\",\"potentialAction\":[{\"@type\":\"ReadAction\",\"target\":[\"https:\/\/hallux-valgus-nice.fr\/guide-neodym\/\"]}]},{\"@type\":\"BreadcrumbList\",\"@id\":\"https:\/\/hallux-valgus-nice.fr\/guide-neodym\/#breadcrumb\",\"itemListElement\":[{\"@type\":\"ListItem\",\"position\":1,\"name\":\"Accueil\",\"item\":\"https:\/\/hallux-valgus-nice.fr\/\"},{\"@type\":\"ListItem\",\"position\":2,\"name\":\"guide neodym\"}]}]}<\/script>\n<!-- \/ Yoast SEO plugin. -->","yoast_head_json":{"title":"guide neodym - Hallux Valgus Nice | Chirurgie pied Nice","robots":{"index":"index","follow":"follow","max-snippet":"max-snippet:-1","max-image-preview":"max-image-preview:large","max-video-preview":"max-video-preview:-1"},"canonical":"https:\/\/hallux-valgus-nice.fr\/it\/guide-neodym\/","og_locale":"it_IT","og_type":"article","og_title":"guide neodym - Hallux Valgus Nice | Chirurgie pied Nice","og_description":"Neodym Soci\u00e9t\u00e9 de conseil et communication, r\u00e9alisant des prestations dans le domaine du technologique et m\u00e9dical. NEODYM s'est constitu\u00e9e fin 2015, par l\u2019association de 3 techniciens ayant d\u00e9cid\u00e9 de mettre en commun leurs exp\u00e9riences, principalement acquises dans les secteurs de a\u00e9rospatiale, du m\u00e9dical et de l\u2019architecture. Les exp\u00e9riences et les comp\u00e9tences des cog\u00e9rants fondateurs et [&hellip;]","og_url":"https:\/\/hallux-valgus-nice.fr\/it\/guide-neodym\/","og_site_name":"Hallux Valgus Nice | Chirurgie pied Nice","article_modified_time":"2020-08-18T13:09:53+00:00","twitter_card":"summary_large_image","twitter_misc":{"Tempo di lettura stimato":"1 minuto"},"schema":{"@context":"https:\/\/schema.org","@graph":[{"@type":"WebSite","@id":"https:\/\/hallux-valgus-nice.fr\/#website","url":"https:\/\/hallux-valgus-nice.fr\/","name":"Hallux Valgus Nice | Chirurgie pied Nice","description":"Docteur Eddy BECQUET | Chirurgien du pied et de la main \u00e0 Nice","potentialAction":[{"@type":"SearchAction","target":{"@type":"EntryPoint","urlTemplate":"https:\/\/hallux-valgus-nice.fr\/?s={search_term_string}"},"query-input":"required name=search_term_string"}],"inLanguage":"it-IT"},{"@type":"WebPage","@id":"https:\/\/hallux-valgus-nice.fr\/guide-neodym\/#webpage","url":"https:\/\/hallux-valgus-nice.fr\/guide-neodym\/","name":"guide neodym - Hallux Valgus Nice | Chirurgie pied Nice","isPartOf":{"@id":"https:\/\/hallux-valgus-nice.fr\/#website"},"datePublished":"2017-08-18T12:50:06+00:00","dateModified":"2020-08-18T13:09:53+00:00","breadcrumb":{"@id":"https:\/\/hallux-valgus-nice.fr\/guide-neodym\/#breadcrumb"},"inLanguage":"it-IT","potentialAction":[{"@type":"ReadAction","target":["https:\/\/hallux-valgus-nice.fr\/guide-neodym\/"]}]},{"@type":"BreadcrumbList","@id":"https:\/\/hallux-valgus-nice.fr\/guide-neodym\/#breadcrumb","itemListElement":[{"@type":"ListItem","position":1,"name":"Accueil","item":"https:\/\/hallux-valgus-nice.fr\/"},{"@type":"ListItem","position":2,"name":"guide neodym"}]}]}},"_links":{"self":[{"href":"https:\/\/hallux-valgus-nice.fr\/it\/wp-json\/wp\/v2\/pages\/1130"}],"collection":[{"href":"https:\/\/hallux-valgus-nice.fr\/it\/wp-json\/wp\/v2\/pages"}],"about":[{"href":"https:\/\/hallux-valgus-nice.fr\/it\/wp-json\/wp\/v2\/types\/page"}],"author":[{"embeddable":true,"href":"https:\/\/hallux-valgus-nice.fr\/it\/wp-json\/wp\/v2\/users\/4"}],"replies":[{"embeddable":true,"href":"https:\/\/hallux-valgus-nice.fr\/it\/wp-json\/wp\/v2\/comments?post=1130"}],"version-history":[{"count":3,"href":"https:\/\/hallux-valgus-nice.fr\/it\/wp-json\/wp\/v2\/pages\/1130\/revisions"}],"predecessor-version":[{"id":1196,"href":"https:\/\/hallux-valgus-nice.fr\/it\/wp-json\/wp\/v2\/pages\/1130\/revisions\/1196"}],"wp:attachment":[{"href":"https:\/\/hallux-valgus-nice.fr\/it\/wp-json\/wp\/v2\/media?parent=1130"}],"curies":[{"name":"wp","href":"https:\/\/api.w.org\/{rel}","templated":true}]}}