{"id":116,"date":"2019-05-31T16:25:23","date_gmt":"2019-05-31T14:25:23","guid":{"rendered":"http:\/\/nextnet.fr\/wp30\/?page_id=116"},"modified":"2019-07-29T00:14:29","modified_gmt":"2019-07-28T22:14:29","slug":"chirurgie-de-main","status":"publish","type":"page","link":"https:\/\/hallux-valgus-nice.fr\/it\/chirurgie-de-main\/","title":{"rendered":"Chirurgia della mano"},"content":{"rendered":"[et_pb_section fb_built=\u00a0\u00bb1&Prime; admin_label=\u00a0\u00bbDoctors\u00a0\u00bb _builder_version=\u00a0\u00bb3.22.3&Prime;][et_pb_row _builder_version=\u00a0\u00bb3.23.3&Prime; width=\u00a0\u00bb100%\u00a0\u00bb module_alignment=\u00a0\u00bbcenter\u00a0\u00bb][et_pb_column type=\u00a0\u00bb1_4&Prime; _builder_version=\u00a0\u00bb3.23.3&Prime;][et_pb_image src=\u00a0\u00bbhttp:\/\/hallux-valgus-nice.fr\/wp-content\/uploads\/2019\/06\/chirurgie-main-pied-Nice-Becquet-ENTORSE-GRAVE-POUCE.jpg\u00a0\u00bb url=\u00a0\u00bbhttp:\/\/hallux-valgus-nice.fr\/index.php\/entorse-grave-du-pouce\/\u00a0\u00bb _builder_version=\u00a0\u00bb3.23.3&Prime; border_radii=\u00a0\u00bb|30px||30px|\u00a0\u00bb border_width_all=\u00a0\u00bb2px\u00a0\u00bb border_color_all=\u00a0\u00bb#0c71c3&Prime; border_style_all=\u00a0\u00bbnone\u00a0\u00bb][\/et_pb_image][et_pb_text _builder_version=\u00a0\u00bb3.23.3&Prime; text_font=\u00a0\u00bb||||||||\u00a0\u00bb text_text_align=\u00a0\u00bbcenter\u00a0\u00bb text_text_color=\u00a0\u00bb#000000&Prime; text_orientation=\u00a0\u00bbcenter\u00a0\u00bb custom_margin=\u00a0\u00bb-16px||\u00a0\u00bb animation_style=\u00a0\u00bbslide\u00a0\u00bb]<h4 style=\"text-align: center;\"><a href=\"https:\/\/hallux-valgus-nice.fr\/it\/entorse-grave-du-pouce\/\"><strong>Entorse grave du Pouce<\/strong><\/a><\/h4>[\/et_pb_text][\/et_pb_column][et_pb_column type=\u00a0\u00bb1_4&Prime; _builder_version=\u00a0\u00bb3.23.3&Prime;][et_pb_image src=\u00a0\u00bbhttp:\/\/hallux-valgus-nice.fr\/wp-content\/uploads\/2019\/06\/chirurgie-main-pied-Nice-Becquet-PLAIES-MAIN.jpg\u00a0\u00bb url=\u00a0\u00bbhttp:\/\/hallux-valgus-nice.fr\/index.php\/plaies-de-la-main\/\u00a0\u00bb _builder_version=\u00a0\u00bb3.23.3&Prime; border_radii=\u00a0\u00bb|30px||30px|\u00a0\u00bb border_width_all=\u00a0\u00bb2px\u00a0\u00bb border_color_all=\u00a0\u00bb#0c71c3&Prime; border_style_all=\u00a0\u00bbnone\u00a0\u00bb][\/et_pb_image][et_pb_text _builder_version=\u00a0\u00bb3.23.3&Prime; text_font=\u00a0\u00bb||||||||\u00a0\u00bb text_text_align=\u00a0\u00bbcenter\u00a0\u00bb text_text_color=\u00a0\u00bb#000000&Prime; text_orientation=\u00a0\u00bbcenter\u00a0\u00bb custom_margin=\u00a0\u00bb-16px||\u00a0\u00bb animation_style=\u00a0\u00bbslide\u00a0\u00bb]<h4 style=\"text-align: center;\"><a href=\"https:\/\/hallux-valgus-nice.fr\/it\/plaies-de-la-main\/\" title=\"Plaies de la Main\"><strong>Plaies de la Main<\/strong><\/a><\/h4>[\/et_pb_text][\/et_pb_column][et_pb_column type=\u00a0\u00bb1_4&Prime; _builder_version=\u00a0\u00bb3.23.3&Prime;][et_pb_image src=\u00a0\u00bbhttp:\/\/hallux-valgus-nice.fr\/wp-content\/uploads\/2019\/06\/chirurgie-main-pied-Nice-Becquet-MALADIE-DUPUYTREN.jpg\u00a0\u00bb url=\u00a0\u00bbhttp:\/\/hallux-valgus-nice.fr\/index.php\/maladie-de-dupuytren\/\u00a0\u00bb _builder_version=\u00a0\u00bb3.23.3&Prime; border_radii=\u00a0\u00bb||||\u00a0\u00bb border_width_all=\u00a0\u00bb2px\u00a0\u00bb border_color_all=\u00a0\u00bb#0c71c3&Prime; border_style_all=\u00a0\u00bbnone\u00a0\u00bb][\/et_pb_image][et_pb_text _builder_version=\u00a0\u00bb3.23.3&Prime; text_font=\u00a0\u00bb||||||||\u00a0\u00bb text_text_align=\u00a0\u00bbcenter\u00a0\u00bb text_text_color=\u00a0\u00bb#000000&Prime; text_orientation=\u00a0\u00bbcenter\u00a0\u00bb custom_margin=\u00a0\u00bb-16px||\u00a0\u00bb animation_style=\u00a0\u00bbslide\u00a0\u00bb]<h4 style=\"text-align: center;\"><a href=\"https:\/\/hallux-valgus-nice.fr\/it\/maladie-de-dupuytren\/\"><strong>Malattia di Dupuytren<\/strong><\/a><\/h4>\n[\/et_pb_text][\/et_pb_column][et_pb_column type=\u00a0\u00bb1_4&Prime; _builder_version=\u00a0\u00bb3.23.3&Prime;][et_pb_image src=\u00a0\u00bbhttp:\/\/hallux-valgus-nice.fr\/wp-content\/uploads\/2019\/06\/chirurgie-main-pied-Nice-Becquet-CANAL-CARPIEN.jpg\u00a0\u00bb url=\u00a0\u00bbhttp:\/\/hallux-valgus-nice.fr\/index.php\/syndrome-du-canal-caprien\/\u00a0\u00bb _builder_version=\u00a0\u00bb3.23.3&Prime; border_radii=\u00a0\u00bb||||\u00a0\u00bb border_width_all=\u00a0\u00bb2px\u00a0\u00bb border_color_all=\u00a0\u00bb#0c71c3&Prime; border_style_all=\u00a0\u00bbnone\u00a0\u00bb][\/et_pb_image][et_pb_text _builder_version=\u00a0\u00bb3.23.3&Prime; text_font=\u00a0\u00bb||||||||\u00a0\u00bb text_text_align=\u00a0\u00bbcenter\u00a0\u00bb text_text_color=\u00a0\u00bb#000000&Prime; text_orientation=\u00a0\u00bbcenter\u00a0\u00bb custom_margin=\u00a0\u00bb-16px||\u00a0\u00bb animation_style=\u00a0\u00bbslide\u00a0\u00bb]<h4 style=\"text-align: center;\"><a href=\"https:\/\/hallux-valgus-nice.fr\/it\/syndrome-du-canal-caprien\/\"><strong>Canal Carpien<\/strong><\/a><\/h4>[\/et_pb_text][\/et_pb_column][\/et_pb_row][et_pb_row _builder_version=\u00a0\u00bb3.23.3&Prime; width=\u00a0\u00bb100%\u00a0\u00bb module_alignment=\u00a0\u00bbcenter\u00a0\u00bb][et_pb_column type=\u00a0\u00bb1_4&Prime; _builder_version=\u00a0\u00bb3.23.3&Prime;][et_pb_image src=\u00a0\u00bbhttp:\/\/hallux-valgus-nice.fr\/wp-content\/uploads\/2019\/06\/chirurgie-main-pied-Nice-Becquet-TENDINOPATHIE-QUERVAIN.jpg\u00a0\u00bb url=\u00a0\u00bbhttp:\/\/hallux-valgus-nice.fr\/index.php\/tendinopathie-de-de-quervain\/\u00a0\u00bb _builder_version=\u00a0\u00bb3.23.3&Prime; border_radii=\u00a0\u00bb||||\u00a0\u00bb border_width_all=\u00a0\u00bb2px\u00a0\u00bb border_color_all=\u00a0\u00bb#0c71c3&Prime; border_style_all=\u00a0\u00bbnone\u00a0\u00bb][\/et_pb_image][et_pb_text _builder_version=\u00a0\u00bb3.23.3&Prime; text_font=\u00a0\u00bb||||||||\u00a0\u00bb text_text_align=\u00a0\u00bbcenter\u00a0\u00bb text_text_color=\u00a0\u00bb#000000&Prime; text_line_height=\u00a0\u00bb1em\u00a0\u00bb text_orientation=\u00a0\u00bbcenter\u00a0\u00bb custom_margin=\u00a0\u00bb-16px||\u00a0\u00bb animation_style=\u00a0\u00bbslide\u00a0\u00bb]<h4 style=\"text-align: center;\"><a href=\"https:\/\/hallux-valgus-nice.fr\/it\/tendinopathie-de-de-quervain\/\"><strong>Tendinopathie de Quervain<\/strong><\/a><\/h4>\n[\/et_pb_text][\/et_pb_column][et_pb_column type=\u00a0\u00bb1_4&Prime; _builder_version=\u00a0\u00bb3.23.3&Prime;][et_pb_image src=\u00a0\u00bbhttp:\/\/hallux-valgus-nice.fr\/wp-content\/uploads\/2019\/06\/chirurgie-main-pied-Nice-Becquet-RHIZARTHROSE.jpg\u00a0\u00bb url=\u00a0\u00bbhttp:\/\/hallux-valgus-nice.fr\/index.php\/rhizarthrose\/\u00a0\u00bb _builder_version=\u00a0\u00bb3.23.3&Prime; border_radii=\u00a0\u00bb||||\u00a0\u00bb border_width_all=\u00a0\u00bb2px\u00a0\u00bb border_color_all=\u00a0\u00bb#0c71c3&Prime; border_style_all=\u00a0\u00bbnone\u00a0\u00bb][\/et_pb_image][et_pb_text _builder_version=\u00a0\u00bb3.23.3&Prime; text_font=\u00a0\u00bb||||||||\u00a0\u00bb text_text_align=\u00a0\u00bbcenter\u00a0\u00bb text_text_color=\u00a0\u00bb#000000&Prime; text_orientation=\u00a0\u00bbcenter\u00a0\u00bb custom_margin=\u00a0\u00bb-16px||\u00a0\u00bb animation_style=\u00a0\u00bbslide\u00a0\u00bb]<h4 style=\"text-align: center;\"><a href=\"https:\/\/hallux-valgus-nice.fr\/it\/rhizarthrose\/\" title=\"Plaies de la Main\"><strong>Rizartrosi<\/strong><\/a><\/h4>[\/et_pb_text][\/et_pb_column][et_pb_column type=\u00a0\u00bb1_4&Prime; _builder_version=\u00a0\u00bb3.23.3&Prime;][et_pb_image src=\u00a0\u00bbhttp:\/\/hallux-valgus-nice.fr\/wp-content\/uploads\/2019\/06\/chirurgie-main-pied-Nice-Becquet-DOIGT-RESSAUT.jpg\u00a0\u00bb url=\u00a0\u00bbhttp:\/\/hallux-valgus-nice.fr\/index.php\/doigt-a-ressaut\/\u00a0\u00bb _builder_version=\u00a0\u00bb3.23.3&Prime; border_radii=\u00a0\u00bb||||\u00a0\u00bb border_width_all=\u00a0\u00bb2px\u00a0\u00bb border_color_all=\u00a0\u00bb#0c71c3&Prime; border_style_all=\u00a0\u00bbnone\u00a0\u00bb][\/et_pb_image][et_pb_text _builder_version=\u00a0\u00bb3.23.3&Prime; text_font=\u00a0\u00bb||||||||\u00a0\u00bb text_text_align=\u00a0\u00bbcenter\u00a0\u00bb text_text_color=\u00a0\u00bb#000000&Prime; text_orientation=\u00a0\u00bbcenter\u00a0\u00bb custom_margin=\u00a0\u00bb-16px||\u00a0\u00bb animation_style=\u00a0\u00bbslide\u00a0\u00bb]<h4 style=\"text-align: center;\"><a href=\"https:\/\/hallux-valgus-nice.fr\/it\/doigt-a-ressaut\/\"><strong>Doigt a Ressaut<\/strong><\/a><\/h4>[\/et_pb_text][\/et_pb_column][et_pb_column type=\u00a0\u00bb1_4&Prime; _builder_version=\u00a0\u00bb3.23.3&Prime;][\/et_pb_column][\/et_pb_row][\/et_pb_section][et_pb_section fb_built=\u00a0\u00bb1&Prime; admin_label=\u00a0\u00bbFooter\u00a0\u00bb _builder_version=\u00a0\u00bb3.22.3&Prime; background_color=\u00a0\u00bb#2f8cff\u00a0\u00bb custom_padding=\u00a0\u00bb120px||120px||false|false\u00a0\u00bb top_divider_height=\u00a0\u00bb660px\u00a0\u00bb top_divider_flip=\u00a0\u00bbhorizontal\u00a0\u00bb bottom_divider_style=\u00a0\u00bbclouds2&Prime; bottom_divider_color=\u00a0\u00bbrgba(255,255,255,0.08)\u00a0\u00bb bottom_divider_height=\u00a0\u00bb600px\u00a0\u00bb bottom_divider_flip=\u00a0\u00bbvertical\u00a0\u00bb global_module=\u00a0\u00bb662&Prime;][et_pb_row _builder_version=\u00a0\u00bb3.22.3&Prime;][et_pb_column type=\u00a0\u00bb1_3&Prime; _builder_version=\u00a0\u00bb3.0.106&Prime;][et_pb_text _builder_version=\u00a0\u00bb3.23.3&Prime; text_font=\u00a0\u00bb||||||||\u00a0\u00bb text_font_size=\u00a0\u00bb30px\u00a0\u00bb]<p><span style=\"color: #ffffff;\"><strong>LIENS RAPIDES<\/strong><\/span><\/p>[\/et_pb_text][et_pb_text _builder_version=\u00a0\u00bb3.23.3&Prime; text_font=\u00a0\u00bb||||||||\u00a0\u00bb text_font_size=\u00a0\u00bb15px\u00a0\u00bb text_line_height=\u00a0\u00bb1.8em\u00a0\u00bb]<p><span style=\"color: #ffffff;\"><a href=\"http:\/\/hallux-valgus-nice.fr\/it\/index.php\/hallux-valgus\/\" style=\"color: #ffffff;\" target=\"_blank\" rel=\"noopener noreferrer\">Chirurgie de l&rsquo;hallux valgus<\/a><br \/> <a href=\"https:\/\/hallux-valgus-nice.fr\/it\/nevrome-de-morton\/\" target=\"_blank\" rel=\"noopener noreferrer\" style=\"color: #ffffff;\">Chirurgie du n\u00e9vrome de Morton<\/a><br \/> <a href=\"https:\/\/hallux-valgus-nice.fr\/it\/orteils-en-griffe\/\" target=\"_blank\" rel=\"noopener noreferrer\" style=\"color: #ffffff;\">Chirurgie des orteils en griffe<\/a><br \/> <a href=\"https:\/\/hallux-valgus-nice.fr\/it\/ongle-incarne\/\" target=\"_blank\" rel=\"noopener noreferrer\" style=\"color: #ffffff;\">Ongles incarn\u00e9s<\/a><br \/> <a href=\"http:\/\/hallux-valgus-nice.fr\/it\/index.php\/chirurgie-du-pied\/\" target=\"_blank\" rel=\"noopener noreferrer\" style=\"color: #ffffff;\">Toutes les pathologies du pied&#8230;<\/a><\/span><\/p>[\/et_pb_text][\/et_pb_column][et_pb_column type=\u00a0\u00bb1_3&Prime; _builder_version=\u00a0\u00bb3.0.106&Prime;][et_pb_text _builder_version=\u00a0\u00bb3.23.3&Prime; text_font=\u00a0\u00bb||||||||\u00a0\u00bb text_font_size=\u00a0\u00bb15px\u00a0\u00bb text_line_height=\u00a0\u00bb1.8em\u00a0\u00bb custom_margin=\u00a0\u00bb60px||\u00a0\u00bb]<p><span style=\"color: #ffffff;\"><a href=\"https:\/\/hallux-valgus-nice.fr\/it\/syndrome-du-canal-caprien\/\" target=\"_blank\" rel=\"noopener noreferrer\" style=\"color: #ffffff;\">Chirurgie du canal carpien<\/a><\/span><br \/> <span style=\"color: #ffffff;\"><a href=\"https:\/\/hallux-valgus-nice.fr\/it\/maladie-de-dupuytren\/\" target=\"_blank\" rel=\"noopener noreferrer\" style=\"color: #ffffff;\">Malattia di Dupuytren<\/a><\/span><br \/> <span style=\"color: #ffffff;\"><a href=\"https:\/\/hallux-valgus-nice.fr\/it\/rhizarthrose\/\" target=\"_blank\" rel=\"noopener noreferrer\" style=\"color: #ffffff;\"> Rizartrosi<\/a><br \/> <a href=\"https:\/\/hallux-valgus-nice.fr\/it\/doigt-a-ressaut\/\" target=\"_blank\" rel=\"noopener noreferrer\" style=\"color: #ffffff;\">Dito sporgente<\/a><\/span><br \/> <span style=\"color: #ffffff;\"><a href=\"https:\/\/hallux-valgus-nice.fr\/it\/chirurgie-de-main\/\" target=\"_blank\" rel=\"noopener noreferrer\" style=\"color: #ffffff;\"> Toutes les pathologies de la main&#8230;<\/a><\/span><\/p>[\/et_pb_text][\/et_pb_column][et_pb_column type=\u00a0\u00bb1_3&Prime; _builder_version=\u00a0\u00bb3.0.106&Prime;][et_pb_text _builder_version=\u00a0\u00bb3.23.3&Prime; text_font=\u00a0\u00bb||||||||\u00a0\u00bb text_font_size=\u00a0\u00bb30px\u00a0\u00bb]<p><span style=\"color: #ffffff;\">Cabinet<\/span><\/p>[\/et_pb_text][et_pb_text _builder_version=\u00a0\u00bb3.23.3&Prime; text_font=\u00a0\u00bb||||||||\u00a0\u00bb text_font_size=\u00a0\u00bb23px\u00a0\u00bb text_line_height=\u00a0\u00bb1.6em\u00a0\u00bb custom_margin=\u00a0\u00bb0px||\u00a0\u00bb]<p><span style=\"color: #ffffff;\">Clinica Saint-George<\/span><br \/><span style=\"color: #ffffff;\">2 Avenue de Rimiez<\/span><br \/><span style=\"color: #ffffff;\">Bat H, 3\u00e8me \u00e9tage<\/span><br \/><span style=\"color: #ffffff;\">06100 Nice &#8211; France<\/span><\/p>[\/et_pb_text][\/et_pb_column][\/et_pb_row][et_pb_row admin_label=\u00a0\u00bbContent Area\u00a0\u00bb _builder_version=\u00a0\u00bb3.22.3&Prime;][et_pb_column type=\u00a0\u00bb1_3&Prime; _builder_version=\u00a0\u00bb3.0.106&Prime;][et_pb_blurb title=\u00a0\u00bbT\u00e9l. : 04 93 16 91 69&Prime; use_icon=\u00a0\u00bbon\u00a0\u00bb font_icon=\u00a0\u00bb%%264%%\u00a0\u00bb icon_color=\u00a0\u00bb#2f8cff\u00a0\u00bb use_circle=\u00a0\u00bbon\u00a0\u00bb circle_color=\u00a0\u00bb#ffffff\u00a0\u00bb icon_placement=\u00a0\u00bbleft\u00a0\u00bb use_icon_font_size=\u00a0\u00bbon\u00a0\u00bb icon_font_size=\u00a0\u00bb16px\u00a0\u00bb _builder_version=\u00a0\u00bb3.23.3&Prime; header_font=\u00a0\u00bbMontserrat||||||||\u00a0\u00bb header_text_color=\u00a0\u00bb#ffffff\u00a0\u00bb header_font_size=\u00a0\u00bb20px\u00a0\u00bb header_line_height=\u00a0\u00bb1.7em\u00a0\u00bb][\/et_pb_blurb][\/et_pb_column][et_pb_column type=\u00a0\u00bb1_3&Prime; _builder_version=\u00a0\u00bb3.0.106&Prime;][et_pb_blurb title=\u00a0\u00bbNous contacter\u00a0\u00bb use_icon=\u00a0\u00bbon\u00a0\u00bb font_icon=\u00a0\u00bb%%238%%\u00a0\u00bb icon_color=\u00a0\u00bb#2f8cff\u00a0\u00bb use_circle=\u00a0\u00bbon\u00a0\u00bb circle_color=\u00a0\u00bb#ffffff\u00a0\u00bb icon_placement=\u00a0\u00bbleft\u00a0\u00bb use_icon_font_size=\u00a0\u00bbon\u00a0\u00bb icon_font_size=\u00a0\u00bb16px\u00a0\u00bb _builder_version=\u00a0\u00bb3.23.3&Prime; header_font=\u00a0\u00bbMontserrat||||||||\u00a0\u00bb header_text_color=\u00a0\u00bb#ffffff\u00a0\u00bb header_font_size=\u00a0\u00bb20px\u00a0\u00bb header_line_height=\u00a0\u00bb1.7em\u00a0\u00bb link_option_url=\u00a0\u00bbhttp:\/\/hallux-valgus-nice.fr\/index.php\/contact\/\u00a0\u00bb locked=\u00a0\u00bboff\u00a0\u00bb][\/et_pb_blurb][\/et_pb_column][et_pb_column type=\u00a0\u00bb1_3&Prime; _builder_version=\u00a0\u00bb3.0.106&Prime;][et_pb_blurb title=\u00a0\u00bbPrendre RDV\u00a0\u00bb url=\u00a0\u00bbhttps:\/\/www.doctolib.fr\/chirurgien-orthopediste\/nice\/eddy-becquet\u00a0\u00bb use_icon=\u00a0\u00bbon\u00a0\u00bb font_icon=\u00a0\u00bb%%131%%\u00a0\u00bb icon_color=\u00a0\u00bb#2f8cff\u00a0\u00bb use_circle=\u00a0\u00bbon\u00a0\u00bb circle_color=\u00a0\u00bb#ffffff\u00a0\u00bb icon_placement=\u00a0\u00bbleft\u00a0\u00bb use_icon_font_size=\u00a0\u00bbon\u00a0\u00bb icon_font_size=\u00a0\u00bb16px\u00a0\u00bb _builder_version=\u00a0\u00bb3.23.3&Prime; header_font=\u00a0\u00bbMontserrat||||||||\u00a0\u00bb header_text_color=\u00a0\u00bb#ffffff\u00a0\u00bb header_font_size=\u00a0\u00bb20px\u00a0\u00bb header_line_height=\u00a0\u00bb1.7em\u00a0\u00bb locked=\u00a0\u00bboff\u00a0\u00bb][\/et_pb_blurb][\/et_pb_column][\/et_pb_row][\/et_pb_section]","protected":false},"excerpt":{"rendered":"<p>Entorse grave du PoucePlaies de la MainMaladie de Dupuytren Canal CarpienTendinopathie de Quervain RhizarthroseDoigt a RessautLIENS RAPIDESChirurgie de l&rsquo;hallux valgus Chirurgie du n\u00e9vrome de Morton Chirurgie des orteils en griffe Ongles incarn\u00e9s Toutes les pathologies du pied&#8230;Chirurgie du canal carpien Maladie de Dupuytren Rhizarthrose Doigt \u00e0 ressaut Toutes les pathologies de la main&#8230;CabinetClinique Saint-George2 Avenue [&hellip;]<\/p>","protected":false},"author":1,"featured_media":0,"parent":0,"menu_order":0,"comment_status":"closed","ping_status":"closed","template":"","meta":{"_et_pb_use_builder":"on","_et_pb_old_content":"","_et_gb_content_width":""},"yoast_head":"<!-- This site is optimized with the Yoast SEO plugin v18.1 - https:\/\/yoast.com\/wordpress\/plugins\/seo\/ -->\n<title>Chirurgie de main - Hallux Valgus Nice | Chirurgie pied Nice<\/title>\n<meta name=\"description\" content=\"Dr Becquet Chirurgien de la main \u00e0 Nice. Informations sur la chirurgie du pied \/ mini-invasive et percutan\u00e9e \/ Hallux Valgus | Nice. Info TEL: 04 93 169 169\" \/>\n<meta name=\"robots\" content=\"index, follow, max-snippet:-1, max-image-preview:large, max-video-preview:-1\" \/>\n<link rel=\"canonical\" href=\"https:\/\/hallux-valgus-nice.fr\/it\/chirurgie-de-main\/\" \/>\n<meta property=\"og:locale\" content=\"it_IT\" \/>\n<meta property=\"og:type\" content=\"article\" \/>\n<meta property=\"og:title\" content=\"Chirurgie de main - Hallux Valgus Nice | Chirurgie pied Nice\" \/>\n<meta property=\"og:description\" content=\"Dr Becquet Chirurgien de la main \u00e0 Nice. Informations sur la chirurgie du pied \/ mini-invasive et percutan\u00e9e \/ Hallux Valgus | Nice. Info TEL: 04 93 169 169\" \/>\n<meta property=\"og:url\" content=\"https:\/\/hallux-valgus-nice.fr\/it\/chirurgie-de-main\/\" \/>\n<meta property=\"og:site_name\" content=\"Hallux Valgus Nice | Chirurgie pied Nice\" \/>\n<meta property=\"article:modified_time\" content=\"2019-07-28T22:14:29+00:00\" \/>\n<meta name=\"twitter:card\" content=\"summary_large_image\" \/>\n<meta name=\"twitter:label1\" content=\"Tempo di lettura stimato\" \/>\n\t<meta name=\"twitter:data1\" content=\"5 minuti\" \/>\n<script type=\"application\/ld+json\" class=\"yoast-schema-graph\">{\"@context\":\"https:\/\/schema.org\",\"@graph\":[{\"@type\":\"WebSite\",\"@id\":\"https:\/\/hallux-valgus-nice.fr\/#website\",\"url\":\"https:\/\/hallux-valgus-nice.fr\/\",\"name\":\"Hallux Valgus Nice | Chirurgie pied Nice\",\"description\":\"Docteur Eddy BECQUET | Chirurgien du pied et de la main \u00e0 Nice\",\"potentialAction\":[{\"@type\":\"SearchAction\",\"target\":{\"@type\":\"EntryPoint\",\"urlTemplate\":\"https:\/\/hallux-valgus-nice.fr\/?s={search_term_string}\"},\"query-input\":\"required name=search_term_string\"}],\"inLanguage\":\"it-IT\"},{\"@type\":\"WebPage\",\"@id\":\"https:\/\/hallux-valgus-nice.fr\/chirurgie-de-main\/#webpage\",\"url\":\"https:\/\/hallux-valgus-nice.fr\/chirurgie-de-main\/\",\"name\":\"Chirurgie de main - Hallux Valgus Nice | Chirurgie pied Nice\",\"isPartOf\":{\"@id\":\"https:\/\/hallux-valgus-nice.fr\/#website\"},\"datePublished\":\"2019-05-31T14:25:23+00:00\",\"dateModified\":\"2019-07-28T22:14:29+00:00\",\"description\":\"Dr Becquet Chirurgien de la main \u00e0 Nice. Informations sur la chirurgie du pied \/ mini-invasive et percutan\u00e9e \/ Hallux Valgus | Nice. Info TEL: 04 93 169 169\",\"breadcrumb\":{\"@id\":\"https:\/\/hallux-valgus-nice.fr\/chirurgie-de-main\/#breadcrumb\"},\"inLanguage\":\"it-IT\",\"potentialAction\":[{\"@type\":\"ReadAction\",\"target\":[\"https:\/\/hallux-valgus-nice.fr\/chirurgie-de-main\/\"]}]},{\"@type\":\"BreadcrumbList\",\"@id\":\"https:\/\/hallux-valgus-nice.fr\/chirurgie-de-main\/#breadcrumb\",\"itemListElement\":[{\"@type\":\"ListItem\",\"position\":1,\"name\":\"Accueil\",\"item\":\"https:\/\/hallux-valgus-nice.fr\/\"},{\"@type\":\"ListItem\",\"position\":2,\"name\":\"Chirurgie de main\"}]}]}<\/script>\n<!-- \/ Yoast SEO plugin. -->","yoast_head_json":{"title":"Chirurgie de main - Hallux Valgus Nice | Chirurgie pied Nice","description":"Dr Becquet Chirurgien de la main \u00e0 Nice. Informations sur la chirurgie du pied \/ mini-invasive et percutan\u00e9e \/ Hallux Valgus | Nice. Info TEL: 04 93 169 169","robots":{"index":"index","follow":"follow","max-snippet":"max-snippet:-1","max-image-preview":"max-image-preview:large","max-video-preview":"max-video-preview:-1"},"canonical":"https:\/\/hallux-valgus-nice.fr\/it\/chirurgie-de-main\/","og_locale":"it_IT","og_type":"article","og_title":"Chirurgie de main - Hallux Valgus Nice | Chirurgie pied Nice","og_description":"Dr Becquet Chirurgien de la main \u00e0 Nice. Informations sur la chirurgie du pied \/ mini-invasive et percutan\u00e9e \/ Hallux Valgus | Nice. Info TEL: 04 93 169 169","og_url":"https:\/\/hallux-valgus-nice.fr\/it\/chirurgie-de-main\/","og_site_name":"Hallux Valgus Nice | Chirurgie pied Nice","article_modified_time":"2019-07-28T22:14:29+00:00","twitter_card":"summary_large_image","twitter_misc":{"Tempo di lettura stimato":"5 minuti"},"schema":{"@context":"https:\/\/schema.org","@graph":[{"@type":"WebSite","@id":"https:\/\/hallux-valgus-nice.fr\/#website","url":"https:\/\/hallux-valgus-nice.fr\/","name":"Hallux Valgus Nice | Chirurgie pied Nice","description":"Docteur Eddy BECQUET | Chirurgien du pied et de la main \u00e0 Nice","potentialAction":[{"@type":"SearchAction","target":{"@type":"EntryPoint","urlTemplate":"https:\/\/hallux-valgus-nice.fr\/?s={search_term_string}"},"query-input":"required name=search_term_string"}],"inLanguage":"it-IT"},{"@type":"WebPage","@id":"https:\/\/hallux-valgus-nice.fr\/chirurgie-de-main\/#webpage","url":"https:\/\/hallux-valgus-nice.fr\/chirurgie-de-main\/","name":"Chirurgie de main - Hallux Valgus Nice | Chirurgie pied Nice","isPartOf":{"@id":"https:\/\/hallux-valgus-nice.fr\/#website"},"datePublished":"2019-05-31T14:25:23+00:00","dateModified":"2019-07-28T22:14:29+00:00","description":"Dr Becquet Chirurgien de la main \u00e0 Nice. Informations sur la chirurgie du pied \/ mini-invasive et percutan\u00e9e \/ Hallux Valgus | Nice. Info TEL: 04 93 169 169","breadcrumb":{"@id":"https:\/\/hallux-valgus-nice.fr\/chirurgie-de-main\/#breadcrumb"},"inLanguage":"it-IT","potentialAction":[{"@type":"ReadAction","target":["https:\/\/hallux-valgus-nice.fr\/chirurgie-de-main\/"]}]},{"@type":"BreadcrumbList","@id":"https:\/\/hallux-valgus-nice.fr\/chirurgie-de-main\/#breadcrumb","itemListElement":[{"@type":"ListItem","position":1,"name":"Accueil","item":"https:\/\/hallux-valgus-nice.fr\/"},{"@type":"ListItem","position":2,"name":"Chirurgie de main"}]}]}},"_links":{"self":[{"href":"https:\/\/hallux-valgus-nice.fr\/it\/wp-json\/wp\/v2\/pages\/116"}],"collection":[{"href":"https:\/\/hallux-valgus-nice.fr\/it\/wp-json\/wp\/v2\/pages"}],"about":[{"href":"https:\/\/hallux-valgus-nice.fr\/it\/wp-json\/wp\/v2\/types\/page"}],"author":[{"embeddable":true,"href":"https:\/\/hallux-valgus-nice.fr\/it\/wp-json\/wp\/v2\/users\/1"}],"replies":[{"embeddable":true,"href":"https:\/\/hallux-valgus-nice.fr\/it\/wp-json\/wp\/v2\/comments?post=116"}],"version-history":[{"count":16,"href":"https:\/\/hallux-valgus-nice.fr\/it\/wp-json\/wp\/v2\/pages\/116\/revisions"}],"predecessor-version":[{"id":772,"href":"https:\/\/hallux-valgus-nice.fr\/it\/wp-json\/wp\/v2\/pages\/116\/revisions\/772"}],"wp:attachment":[{"href":"https:\/\/hallux-valgus-nice.fr\/it\/wp-json\/wp\/v2\/media?parent=116"}],"curies":[{"name":"wp","href":"https:\/\/api.w.org\/{rel}","templated":true}]}}