{"id":127,"date":"2019-05-31T16:42:58","date_gmt":"2019-05-31T14:42:58","guid":{"rendered":"http:\/\/nextnet.fr\/wp30\/?page_id=127"},"modified":"2021-01-15T19:53:25","modified_gmt":"2021-01-15T18:53:25","slug":"chirurgie-pied-nice-2","status":"publish","type":"page","link":"https:\/\/hallux-valgus-nice.fr\/it\/chirurgie-pied-nice-2\/","title":{"rendered":"Chirurgia del piede"},"content":{"rendered":"[et_pb_section fb_built=\u00a0\u00bb1&Prime; admin_label=\u00a0\u00bbDoctors\u00a0\u00bb _builder_version=\u00a0\u00bb3.22.3&Prime;][et_pb_row _builder_version=\u00a0\u00bb3.23.3&Prime; width=\u00a0\u00bb100%\u00a0\u00bb][et_pb_column type=\u00a0\u00bb1_3&Prime; _builder_version=\u00a0\u00bb3.23.3&Prime;][et_pb_image src=\u00a0\u00bbhttp:\/\/hallux-valgus-nice.fr\/wp-content\/uploads\/2019\/06\/chirurgie-main-pied-Nice-Becquet-HALLUX-VALGUS-1.jpg\u00a0\u00bb url=\u00a0\u00bbhttp:\/\/hallux-valgus-nice.fr\/index.php\/hallux-valgus\/\u00a0\u00bb _builder_version=\u00a0\u00bb3.23.3&Prime;][\/et_pb_image][et_pb_text _builder_version=\u00a0\u00bb3.23.3&Prime; text_font=\u00a0\u00bb||||||||\u00a0\u00bb animation_style=\u00a0\u00bbslide\u00a0\u00bb]<h3 style=\"text-align: center;\"><strong><a href=\"http:\/\/hallux-valgus-nice.fr\/it\/index.php\/hallux-valgus\/\">Chirurgie du pied Nice | Hallux Valgus<\/a><\/strong><\/h3>[\/et_pb_text][\/et_pb_column][et_pb_column type=\u00a0\u00bb1_3&Prime; _builder_version=\u00a0\u00bb3.23.3&Prime;][et_pb_image src=\u00a0\u00bbhttp:\/\/hallux-valgus-nice.fr\/wp-content\/uploads\/2019\/06\/chirurgie-main-pied-Nice-Becquet-ORTEILS-GRIFFE.jpg\u00a0\u00bb url=\u00a0\u00bbhttp:\/\/hallux-valgus-nice.fr\/index.php\/orteils-en-griffe\/\u00a0\u00bb _builder_version=\u00a0\u00bb3.23.3&Prime;][\/et_pb_image][et_pb_text _builder_version=\u00a0\u00bb3.23.3&Prime; text_font=\u00a0\u00bb||||||||\u00a0\u00bb animation_style=\u00a0\u00bbslide\u00a0\u00bb]<h3 style=\"text-align: center;\"><strong><a href=\"http:\/\/hallux-valgus-nice.fr\/it\/index.php\/hallux-valgus\/\">Chirurgie du pied Nice | <\/a><\/strong><a href=\"https:\/\/hallux-valgus-nice.fr\/it\/orteils-en-griffe\/\"><strong>Orteils en Griffe<\/strong><\/a><\/h3>[\/et_pb_text][\/et_pb_column][et_pb_column type=\u00a0\u00bb1_3&Prime; _builder_version=\u00a0\u00bb3.23.3&Prime;][et_pb_image src=\u00a0\u00bbhttp:\/\/hallux-valgus-nice.fr\/wp-content\/uploads\/2019\/06\/chirurgie-main-pied-Nice-Becquet-EPINE-CALCANEENNE.jpg\u00a0\u00bb url=\u00a0\u00bbhttp:\/\/hallux-valgus-nice.fr\/index.php\/epine-calcaneenne\/\u00a0\u00bb _builder_version=\u00a0\u00bb3.23.3&Prime;][\/et_pb_image][et_pb_text _builder_version=\u00a0\u00bb3.23.3&Prime; text_font=\u00a0\u00bb||||||||\u00a0\u00bb animation_style=\u00a0\u00bbslide\u00a0\u00bb]<h3 style=\"text-align: center;\"><strong><a href=\"http:\/\/hallux-valgus-nice.fr\/it\/index.php\/hallux-valgus\/\">Chirurgie du pied Nice | <\/a><\/strong><a href=\"https:\/\/hallux-valgus-nice.fr\/it\/epine-calcaneenne\/\"><strong>\u00c9pine Calcan\u00e9enne<\/strong><\/a><\/h3>[\/et_pb_text][\/et_pb_column][\/et_pb_row][et_pb_row _builder_version=\u00a0\u00bb3.23.3&Prime; width=\u00a0\u00bb100%\u00a0\u00bb][et_pb_column type=\u00a0\u00bb1_2&Prime; _builder_version=\u00a0\u00bb3.23.3&Prime;][et_pb_image src=\u00a0\u00bbhttp:\/\/hallux-valgus-nice.fr\/wp-content\/uploads\/2019\/06\/chirurgie-main-pied-Nice-Becquet-NEVROME-MORTON.jpg\u00a0\u00bb url=\u00a0\u00bbhttp:\/\/hallux-valgus-nice.fr\/index.php\/nevrome-de-morton\/\u00a0\u00bb _builder_version=\u00a0\u00bb3.23.3&Prime;][\/et_pb_image][et_pb_text _builder_version=\u00a0\u00bb3.23.3&Prime; text_font=\u00a0\u00bb||||||||\u00a0\u00bb animation_style=\u00a0\u00bbslide\u00a0\u00bb]<h3 style=\"text-align: center;\"><a href=\"https:\/\/hallux-valgus-nice.fr\/it\/nevrome-de-morton\/\"><strong><\/strong><\/a><\/h3>\n<h3 style=\"text-align: center;\"><strong><a href=\"http:\/\/hallux-valgus-nice.fr\/it\/index.php\/hallux-valgus\/\">Chirurgie du pied Nice | <\/a><\/strong><a href=\"https:\/\/hallux-valgus-nice.fr\/it\/nevrome-de-morton\/\"><strong>Nevrome de Morton<\/strong><\/a><\/h3>[\/et_pb_text][\/et_pb_column][et_pb_column type=\u00a0\u00bb1_2&Prime; _builder_version=\u00a0\u00bb3.23.3&Prime;][et_pb_image src=\u00a0\u00bbhttp:\/\/hallux-valgus-nice.fr\/wp-content\/uploads\/2019\/06\/chirurgie-main-pied-Nice-Becquet-ONGLES-INCARNES-1.jpg\u00a0\u00bb url=\u00a0\u00bbhttp:\/\/hallux-valgus-nice.fr\/index.php\/ongle-incarne\/\u00a0\u00bb _builder_version=\u00a0\u00bb3.23.3&Prime;][\/et_pb_image][et_pb_text _builder_version=\u00a0\u00bb3.23.3&Prime; text_font=\u00a0\u00bb||||||||\u00a0\u00bb animation_style=\u00a0\u00bbslide\u00a0\u00bb]<h3 style=\"text-align: center;\"><strong><a href=\"http:\/\/hallux-valgus-nice.fr\/it\/index.php\/hallux-valgus\/\">Chirurgie du pied Nice | <\/a><\/strong><strong>Ongles incarn\u00e9s<\/strong><\/h3>[\/et_pb_text][\/et_pb_column][\/et_pb_row][\/et_pb_section][et_pb_section fb_built=\u00a0\u00bb1&Prime; _builder_version=\u00a0\u00bb3.23.3&Prime;][et_pb_row _builder_version=\u00a0\u00bb3.23.3&Prime;][et_pb_column type=\u00a0\u00bb4_4&Prime; _builder_version=\u00a0\u00bb3.23.3&Prime;][et_pb_text _builder_version=\u00a0\u00bb3.23.3&Prime;]<h1>Tout savoir sur la Chirurgie du pied \u00e0 Nice<\/h1>\n<div class=\"image_frame image_item no_link scale-with-grid alignnone no_border\">\n<div class=\"image_wrapper\"><\/div>\n<\/div>\n<hr class=\"no_line\" \/>\n<p>La chirurgie du pied est une partie de la m\u00e9decine o\u00f9 le traitement n\u00e9cessite une intervention physique sur le corps, le plus souvent au moyen d\u2019une op\u00e9ration. Elle peut \u00eatre manuelle ou instrumentale. Il existe plusieurs types de chirurgie dans la mesure o\u00f9 il est possible de contracter plusieurs maux n\u00e9cessitant une intervention chirurgicale.<\/p>\n<p>On citera entre autres\u00a0: la chirurgie du pied, la chirurgie visc\u00e9rale, la neurochirurgie, etc. Bien entendu, chaque sp\u00e9cialit\u00e9 de chirurgie pr\u00e9alablement cit\u00e9e concerne une ou plusieurs parties de l\u2019organisme. Ainsi, une chirurgie du pied peut concerner\u00a0: les bras, les pieds, etc. Cette sp\u00e9cialit\u00e9 de la chirurgie traite les affections li\u00e9es au squelette, les pieds \u00e9tant en g\u00e9n\u00e9ral une des parties du corps les plus expos\u00e9 \u00e0 un mal orthop\u00e9dique.<\/p>\n<p>L\u2019une des d\u00e9formations les plus courantes au niveau des pieds est l\u2019hallux valgus ou encore oignon. Cette d\u00e9formation du pied n\u00e9cessite dans la majeure partie du cas une intervention chirurgicale. Toutefois, certaines personnes ont recours \u00e0 la chirurgie pour des raisons d\u2019ordre esth\u00e9tiques.<\/p>\n<p>&nbsp;<\/p>\n<p>&nbsp;<\/p>\n<h2>Gu\u00e9rir l\u2019hallux valgus par la chirurgie du pied<\/h2>\n<div class=\"image_frame image_item no_link scale-with-grid alignnone no_border\">\n<div class=\"image_wrapper\"><\/div>\n<\/div>\n<hr class=\"no_line\" \/>\n<p>L\u2019hallux valgus est un mal qui \u00e9volue continuellement. Ainsi, une chirurgie est pr\u00e9f\u00e9rable sur un hallux valgus isol\u00e9 plut\u00f4t qu\u2019un hallux valgus \u00e9volu\u00e9 ayant engendr\u00e9 d\u2019autres maux comme l\u2019apparition d\u2019orteils en griffe. En cas d\u2019\u00e9chec des m\u00e9thodes pr\u00e9alablement cit\u00e9es, le recours \u00e0 la chirurgie peut devenir une n\u00e9cessit\u00e9. L\u2019objectif de la chirurgie est de r\u00e9axer le gros orteil en r\u00e9duisant l\u2019\u00e9cart entre le 1er et le 2\u00e8me m\u00e9tatarsien. Plusieurs techniques de chirurgie sont disponibles. On dispose des techniques percutan\u00e9es et des techniques mini-invasives.<\/p>\n<p>\u2022 La chirurgie percutan\u00e9e est r\u00e9alis\u00e9e \u00e0 travers une incision de la peau de 2\u00a0mm. Elle n\u00e9cessite des interventions sp\u00e9cifiques permettant au chirurgien de mieux r\u00e9aliser son op\u00e9ration. Elle pr\u00e9sente l\u2019avantage d\u2019\u00eatre r\u00e9alis\u00e9 en ambulatoire \u00e9vitant de ce fait une hospitalisation.<\/p>\n<p>\u2022 La chirurgie mini-invasive permet de r\u00e9aliser des incisions minimes de la peau (2\u00a0cm) tout en utilisant les techniques de la chirurgie classique. C\u2019est une fusion en quelque sorte de la chirurgie classique et de la chirurgie percutan\u00e9e.<\/p>\n<p>De d\u00e9formations l\u00e9gers au d\u00e9but, l\u2019hallux valgus peut devenir un mal s\u00e9rieux. En cas d\u2019apparition de ce mal, il est important d\u2019adopter certaines r\u00e8gles afin de r\u00e9duire la douleur. Une intervention chirurgicale peut devenir toutefois n\u00e9cessaire si le mal \u00e9volue.<\/p>[\/et_pb_text][\/et_pb_column][\/et_pb_row][\/et_pb_section][et_pb_section fb_built=\u00a0\u00bb1&Prime; admin_label=\u00a0\u00bbFooter\u00a0\u00bb _builder_version=\u00a0\u00bb3.23.3&Prime; background_color=\u00a0\u00bb#000c42&Prime; custom_padding=\u00a0\u00bb120px||120px||false|false\u00a0\u00bb top_divider_height=\u00a0\u00bb660px\u00a0\u00bb top_divider_flip=\u00a0\u00bbhorizontal\u00a0\u00bb bottom_divider_style=\u00a0\u00bbclouds2&Prime; bottom_divider_color=\u00a0\u00bbrgba(255,255,255,0.08)\u00a0\u00bb bottom_divider_height=\u00a0\u00bb600px\u00a0\u00bb bottom_divider_flip=\u00a0\u00bbvertical\u00a0\u00bb background_last_edited=\u00a0\u00bbon|desktop\u00a0\u00bb global_module=\u00a0\u00bb662&Prime;][et_pb_row _builder_version=\u00a0\u00bb3.22.3&Prime;][et_pb_column type=\u00a0\u00bb1_3&Prime; _builder_version=\u00a0\u00bb3.0.106&Prime;][et_pb_text _builder_version=\u00a0\u00bb3.23.3&Prime; text_font=\u00a0\u00bbRoboto Condensed||||||||\u00a0\u00bb text_font_size=\u00a0\u00bb30px\u00a0\u00bb]<p><span style=\"color: #ffffff;\"><strong>LIENS RAPIDES<\/strong><\/span><\/p>[\/et_pb_text][et_pb_text _builder_version=\u00a0\u00bb3.23.3&Prime; text_font=\u00a0\u00bbRoboto Condensed||||||||\u00a0\u00bb text_font_size=\u00a0\u00bb15px\u00a0\u00bb text_line_height=\u00a0\u00bb1.8em\u00a0\u00bb custom_margin=\u00a0\u00bb|-18px||||\u00a0\u00bb custom_padding=\u00a0\u00bb|14px||||\u00a0\u00bb]<p><span style=\"color: #ffffff;\"><a href=\"http:\/\/hallux-valgus-nice.fr\/it\/index.php\/hallux-valgus\/\" style=\"color: #ffffff;\" target=\"_blank\" rel=\"noopener noreferrer\">Chirurgie du pied &#8211; l&rsquo;hallux valgus<\/a><br \/> <a href=\"https:\/\/hallux-valgus-nice.fr\/it\/nevrome-de-morton\/\" target=\"_blank\" rel=\"noopener noreferrer\" style=\"color: #ffffff;\">Chirurgie du pied &#8211; n\u00e9vrome de Morton<\/a><br \/> <a href=\"https:\/\/hallux-valgus-nice.fr\/it\/orteils-en-griffe\/\" target=\"_blank\" rel=\"noopener noreferrer\" style=\"color: #ffffff;\">Chirurgie du pied &#8211; orteils en griffe<\/a><br \/> <a href=\"https:\/\/chirurgie-percutanee-pied-nice.fr\/\" target=\"_blank\" rel=\"noopener noreferrer\" style=\"color: #ffffff;\">Chirurgie du pied &#8211; chirurgie percutan\u00e9e et chirurgie mini-invasive<\/a><br \/> <a href=\"http:\/\/hallux-valgus-nice.fr\/it\/index.php\/chirurgie-du-pied\/\" target=\"_blank\" rel=\"noopener noreferrer\" style=\"color: #ffffff;\">Chirurgie du pied &#8211; Toutes les pathologies du pied&#8230;<\/a><\/span><\/p>[\/et_pb_text][\/et_pb_column][et_pb_column type=\u00a0\u00bb1_3&Prime; _builder_version=\u00a0\u00bb3.0.106&Prime;][et_pb_text _builder_version=\u00a0\u00bb3.23.3&Prime; text_font=\u00a0\u00bbRoboto Condensed||||||||\u00a0\u00bb text_font_size=\u00a0\u00bb15px\u00a0\u00bb text_line_height=\u00a0\u00bb1.8em\u00a0\u00bb custom_margin=\u00a0\u00bb60px||\u00a0\u00bb]<p><span style=\"color: #ffffff;\"><a href=\"https:\/\/hallux-valgus-nice.fr\/it\/syndrome-du-canal-caprien\/\" target=\"_blank\" rel=\"noopener noreferrer\" style=\"color: #ffffff;\">Chirurgie du pied  &#8211; canal carpien<\/a><\/span><br \/> <span style=\"color: #ffffff;\"><a href=\"https:\/\/hallux-valgus-nice.fr\/it\/maladie-de-dupuytren\/\" target=\"_blank\" rel=\"noopener noreferrer\" style=\"color: #ffffff;\">Chirurgie du pied  &#8211; maladie de Dupuytren<\/a><\/span><br \/> <span style=\"color: #ffffff;\"><a href=\"https:\/\/hallux-valgus-nice.fr\/it\/rhizarthrose\/\" target=\"_blank\" rel=\"noopener noreferrer\" style=\"color: #ffffff;\">Chirurgie du pied  &#8211; rhizarthrose<\/a><br \/> <a href=\"https:\/\/hallux-valgus-nice.fr\/it\/doigt-a-ressaut\/\" target=\"_blank\" rel=\"noopener noreferrer\" style=\"color: #ffffff;\">Chirurgie du pied  &#8211; doigt \u00e0 ressaut<\/a><\/span><br \/> <span style=\"color: #ffffff;\"><a href=\"https:\/\/hallux-valgus-nice.fr\/it\/chirurgie-de-main\/\" target=\"_blank\" rel=\"noopener noreferrer\" style=\"color: #ffffff;\">Chirurgie du pied  &#8211; Toutes les pathologies de la main&#8230;<\/a><\/span><\/p>[\/et_pb_text][\/et_pb_column][et_pb_column type=\u00a0\u00bb1_3&Prime; _builder_version=\u00a0\u00bb3.0.106&Prime;][et_pb_text _builder_version=\u00a0\u00bb3.23.3&Prime; text_font=\u00a0\u00bbRoboto Condensed|700|||||||\u00a0\u00bb text_font_size=\u00a0\u00bb30px\u00a0\u00bb custom_margin=\u00a0\u00bb||6px|||\u00a0\u00bb]<p><span style=\"color: #ffffff;\">Cabinet<\/span><\/p>[\/et_pb_text][et_pb_text _builder_version=\u00a0\u00bb3.23.3&Prime; text_font=\u00a0\u00bbRoboto Condensed||||||||\u00a0\u00bb text_font_size=\u00a0\u00bb23px\u00a0\u00bb text_line_height=\u00a0\u00bb1.6em\u00a0\u00bb custom_margin=\u00a0\u00bb0px||\u00a0\u00bb custom_padding=\u00a0\u00bb23px|||||\u00a0\u00bb]<p><span style=\"color: #ffffff;\">Clinica Saint-George<\/span><br \/> <span style=\"color: #ffffff;\">2 Avenue de Rimiez<\/span><br \/> <span style=\"color: #ffffff;\">Bat H, 3\u00e8me \u00e9tage<\/span><br \/> <span style=\"color: #ffffff;\">06100 Nice &#8211; France<\/span><\/p>[\/et_pb_text][\/et_pb_column][\/et_pb_row][et_pb_row admin_label=\u00a0\u00bbContent Area\u00a0\u00bb _builder_version=\u00a0\u00bb3.22.3&Prime;][et_pb_column type=\u00a0\u00bb1_3&Prime; _builder_version=\u00a0\u00bb3.0.106&Prime;][et_pb_blurb title=\u00a0\u00bbT\u00e9l. : 04 93 16 91 69&Prime; use_icon=\u00a0\u00bbon\u00a0\u00bb font_icon=\u00a0\u00bb%%264%%\u00a0\u00bb icon_color=\u00a0\u00bb#2f8cff\u00a0\u00bb use_circle=\u00a0\u00bbon\u00a0\u00bb circle_color=\u00a0\u00bb#ffffff\u00a0\u00bb icon_placement=\u00a0\u00bbleft\u00a0\u00bb use_icon_font_size=\u00a0\u00bbon\u00a0\u00bb icon_font_size=\u00a0\u00bb16px\u00a0\u00bb _builder_version=\u00a0\u00bb3.23.3&Prime; header_font=\u00a0\u00bbRoboto Condensed|700|||||||\u00a0\u00bb header_text_color=\u00a0\u00bb#ffffff\u00a0\u00bb header_font_size=\u00a0\u00bb20px\u00a0\u00bb header_line_height=\u00a0\u00bb1.7em\u00a0\u00bb][\/et_pb_blurb][\/et_pb_column][et_pb_column type=\u00a0\u00bb1_3&Prime; _builder_version=\u00a0\u00bb3.0.106&Prime;][et_pb_blurb title=\u00a0\u00bbNous contacter\u00a0\u00bb use_icon=\u00a0\u00bbon\u00a0\u00bb font_icon=\u00a0\u00bb%%238%%\u00a0\u00bb icon_color=\u00a0\u00bb#2f8cff\u00a0\u00bb use_circle=\u00a0\u00bbon\u00a0\u00bb circle_color=\u00a0\u00bb#ffffff\u00a0\u00bb icon_placement=\u00a0\u00bbleft\u00a0\u00bb use_icon_font_size=\u00a0\u00bbon\u00a0\u00bb icon_font_size=\u00a0\u00bb16px\u00a0\u00bb _builder_version=\u00a0\u00bb3.23.3&Prime; header_font=\u00a0\u00bbRoboto Condensed||||||||\u00a0\u00bb header_text_color=\u00a0\u00bb#ffffff\u00a0\u00bb header_font_size=\u00a0\u00bb20px\u00a0\u00bb header_line_height=\u00a0\u00bb1.7em\u00a0\u00bb link_option_url=\u00a0\u00bbhttp:\/\/hallux-valgus-nice.fr\/index.php\/contact\/\u00a0\u00bb locked=\u00a0\u00bboff\u00a0\u00bb][\/et_pb_blurb][\/et_pb_column][et_pb_column type=\u00a0\u00bb1_3&Prime; _builder_version=\u00a0\u00bb3.0.106&Prime;][et_pb_blurb title=\u00a0\u00bbPrendre RDV\u00a0\u00bb url=\u00a0\u00bbhttps:\/\/www.doctolib.fr\/chirurgien-orthopediste\/nice\/eddy-becquet\u00a0\u00bb use_icon=\u00a0\u00bbon\u00a0\u00bb font_icon=\u00a0\u00bb%%131%%\u00a0\u00bb icon_color=\u00a0\u00bb#2f8cff\u00a0\u00bb use_circle=\u00a0\u00bbon\u00a0\u00bb circle_color=\u00a0\u00bb#ffffff\u00a0\u00bb icon_placement=\u00a0\u00bbleft\u00a0\u00bb use_icon_font_size=\u00a0\u00bbon\u00a0\u00bb icon_font_size=\u00a0\u00bb16px\u00a0\u00bb _builder_version=\u00a0\u00bb3.23.3&Prime; header_font=\u00a0\u00bbRoboto Condensed||||||||\u00a0\u00bb header_text_color=\u00a0\u00bb#ffffff\u00a0\u00bb header_font_size=\u00a0\u00bb20px\u00a0\u00bb header_line_height=\u00a0\u00bb1.7em\u00a0\u00bb locked=\u00a0\u00bboff\u00a0\u00bb][\/et_pb_blurb][\/et_pb_column][\/et_pb_row][\/et_pb_section]","protected":false},"excerpt":{"rendered":"<p>Chirurgie du pied Nice | Hallux ValgusChirurgie du pied Nice | Orteils en GriffeChirurgie du pied Nice | \u00c9pine Calcan\u00e9enne Chirurgie du pied Nice | Nevrome de MortonChirurgie du pied Nice | Ongles incarn\u00e9sTout savoir sur la Chirurgie du pied \u00e0 Nice La chirurgie du pied est une partie de la m\u00e9decine o\u00f9 le traitement [&hellip;]<\/p>","protected":false},"author":1,"featured_media":0,"parent":0,"menu_order":0,"comment_status":"closed","ping_status":"closed","template":"","meta":{"_et_pb_use_builder":"on","_et_pb_old_content":"","_et_gb_content_width":""},"yoast_head":"<!-- This site is optimized with the Yoast SEO plugin v18.1 - https:\/\/yoast.com\/wordpress\/plugins\/seo\/ -->\n<title>Chirurgie pied Nice | Chirurgie percutan\u00e9e pied Nice | Hallux Valgus Nice<\/title>\n<meta name=\"description\" content=\"Dr Becquet Chirurgien du Pied \u00e0 Nice. Informations sur la chirurgie du pied \/ mini-invasive et percutan\u00e9e \/ Hallux Valgus | Nice. Info TEL: 04 93 169 169.\" \/>\n<meta name=\"robots\" content=\"index, follow, max-snippet:-1, max-image-preview:large, max-video-preview:-1\" \/>\n<link rel=\"canonical\" href=\"https:\/\/hallux-valgus-nice.fr\/it\/chirurgie-pied-nice-2\/\" \/>\n<meta property=\"og:locale\" content=\"it_IT\" \/>\n<meta property=\"og:type\" content=\"article\" \/>\n<meta property=\"og:title\" content=\"Chirurgie pied Nice | Chirurgie percutan\u00e9e pied Nice | Hallux Valgus Nice\" \/>\n<meta property=\"og:description\" content=\"Dr Becquet Chirurgien du Pied \u00e0 Nice. Informations sur la chirurgie du pied \/ mini-invasive et percutan\u00e9e \/ Hallux Valgus | Nice. Info TEL: 04 93 169 169.\" \/>\n<meta property=\"og:url\" content=\"https:\/\/hallux-valgus-nice.fr\/it\/chirurgie-pied-nice-2\/\" \/>\n<meta property=\"og:site_name\" content=\"Hallux Valgus Nice | Chirurgie pied Nice\" \/>\n<meta property=\"article:modified_time\" content=\"2021-01-15T18:53:25+00:00\" \/>\n<meta name=\"twitter:card\" content=\"summary_large_image\" \/>\n<meta name=\"twitter:label1\" content=\"Tempo di lettura stimato\" \/>\n\t<meta name=\"twitter:data1\" content=\"6 minuti\" \/>\n<script type=\"application\/ld+json\" class=\"yoast-schema-graph\">{\"@context\":\"https:\/\/schema.org\",\"@graph\":[{\"@type\":\"WebSite\",\"@id\":\"https:\/\/hallux-valgus-nice.fr\/#website\",\"url\":\"https:\/\/hallux-valgus-nice.fr\/\",\"name\":\"Hallux Valgus Nice | Chirurgie pied Nice\",\"description\":\"Docteur Eddy BECQUET | Chirurgien du pied et de la main \u00e0 Nice\",\"potentialAction\":[{\"@type\":\"SearchAction\",\"target\":{\"@type\":\"EntryPoint\",\"urlTemplate\":\"https:\/\/hallux-valgus-nice.fr\/?s={search_term_string}\"},\"query-input\":\"required name=search_term_string\"}],\"inLanguage\":\"it-IT\"},{\"@type\":\"WebPage\",\"@id\":\"https:\/\/hallux-valgus-nice.fr\/chirurgie-pied-nice-2\/#webpage\",\"url\":\"https:\/\/hallux-valgus-nice.fr\/chirurgie-pied-nice-2\/\",\"name\":\"Chirurgie pied Nice | Chirurgie percutan\u00e9e pied Nice | Hallux Valgus Nice\",\"isPartOf\":{\"@id\":\"https:\/\/hallux-valgus-nice.fr\/#website\"},\"datePublished\":\"2019-05-31T14:42:58+00:00\",\"dateModified\":\"2021-01-15T18:53:25+00:00\",\"description\":\"Dr Becquet Chirurgien du Pied \u00e0 Nice. Informations sur la chirurgie du pied \/ mini-invasive et percutan\u00e9e \/ Hallux Valgus | Nice. Info TEL: 04 93 169 169.\",\"breadcrumb\":{\"@id\":\"https:\/\/hallux-valgus-nice.fr\/chirurgie-pied-nice-2\/#breadcrumb\"},\"inLanguage\":\"it-IT\",\"potentialAction\":[{\"@type\":\"ReadAction\",\"target\":[\"https:\/\/hallux-valgus-nice.fr\/chirurgie-pied-nice-2\/\"]}]},{\"@type\":\"BreadcrumbList\",\"@id\":\"https:\/\/hallux-valgus-nice.fr\/chirurgie-pied-nice-2\/#breadcrumb\",\"itemListElement\":[{\"@type\":\"ListItem\",\"position\":1,\"name\":\"Accueil\",\"item\":\"https:\/\/hallux-valgus-nice.fr\/\"},{\"@type\":\"ListItem\",\"position\":2,\"name\":\"Chirurgie du pied\"}]}]}<\/script>\n<!-- \/ Yoast SEO plugin. -->","yoast_head_json":{"title":"Chirurgie pied Nice | Chirurgie percutan\u00e9e pied Nice | Hallux Valgus Nice","description":"Dr Becquet Chirurgien du Pied \u00e0 Nice. Informations sur la chirurgie du pied \/ mini-invasive et percutan\u00e9e \/ Hallux Valgus | Nice. Info TEL: 04 93 169 169.","robots":{"index":"index","follow":"follow","max-snippet":"max-snippet:-1","max-image-preview":"max-image-preview:large","max-video-preview":"max-video-preview:-1"},"canonical":"https:\/\/hallux-valgus-nice.fr\/it\/chirurgie-pied-nice-2\/","og_locale":"it_IT","og_type":"article","og_title":"Chirurgie pied Nice | Chirurgie percutan\u00e9e pied Nice | Hallux Valgus Nice","og_description":"Dr Becquet Chirurgien du Pied \u00e0 Nice. Informations sur la chirurgie du pied \/ mini-invasive et percutan\u00e9e \/ Hallux Valgus | Nice. Info TEL: 04 93 169 169.","og_url":"https:\/\/hallux-valgus-nice.fr\/it\/chirurgie-pied-nice-2\/","og_site_name":"Hallux Valgus Nice | Chirurgie pied Nice","article_modified_time":"2021-01-15T18:53:25+00:00","twitter_card":"summary_large_image","twitter_misc":{"Tempo di lettura stimato":"6 minuti"},"schema":{"@context":"https:\/\/schema.org","@graph":[{"@type":"WebSite","@id":"https:\/\/hallux-valgus-nice.fr\/#website","url":"https:\/\/hallux-valgus-nice.fr\/","name":"Hallux Valgus Nice | Chirurgie pied Nice","description":"Docteur Eddy BECQUET | Chirurgien du pied et de la main \u00e0 Nice","potentialAction":[{"@type":"SearchAction","target":{"@type":"EntryPoint","urlTemplate":"https:\/\/hallux-valgus-nice.fr\/?s={search_term_string}"},"query-input":"required name=search_term_string"}],"inLanguage":"it-IT"},{"@type":"WebPage","@id":"https:\/\/hallux-valgus-nice.fr\/chirurgie-pied-nice-2\/#webpage","url":"https:\/\/hallux-valgus-nice.fr\/chirurgie-pied-nice-2\/","name":"Chirurgie pied Nice | Chirurgie percutan\u00e9e pied Nice | Hallux Valgus Nice","isPartOf":{"@id":"https:\/\/hallux-valgus-nice.fr\/#website"},"datePublished":"2019-05-31T14:42:58+00:00","dateModified":"2021-01-15T18:53:25+00:00","description":"Dr Becquet Chirurgien du Pied \u00e0 Nice. Informations sur la chirurgie du pied \/ mini-invasive et percutan\u00e9e \/ Hallux Valgus | Nice. Info TEL: 04 93 169 169.","breadcrumb":{"@id":"https:\/\/hallux-valgus-nice.fr\/chirurgie-pied-nice-2\/#breadcrumb"},"inLanguage":"it-IT","potentialAction":[{"@type":"ReadAction","target":["https:\/\/hallux-valgus-nice.fr\/chirurgie-pied-nice-2\/"]}]},{"@type":"BreadcrumbList","@id":"https:\/\/hallux-valgus-nice.fr\/chirurgie-pied-nice-2\/#breadcrumb","itemListElement":[{"@type":"ListItem","position":1,"name":"Accueil","item":"https:\/\/hallux-valgus-nice.fr\/"},{"@type":"ListItem","position":2,"name":"Chirurgie du pied"}]}]}},"_links":{"self":[{"href":"https:\/\/hallux-valgus-nice.fr\/it\/wp-json\/wp\/v2\/pages\/127"}],"collection":[{"href":"https:\/\/hallux-valgus-nice.fr\/it\/wp-json\/wp\/v2\/pages"}],"about":[{"href":"https:\/\/hallux-valgus-nice.fr\/it\/wp-json\/wp\/v2\/types\/page"}],"author":[{"embeddable":true,"href":"https:\/\/hallux-valgus-nice.fr\/it\/wp-json\/wp\/v2\/users\/1"}],"replies":[{"embeddable":true,"href":"https:\/\/hallux-valgus-nice.fr\/it\/wp-json\/wp\/v2\/comments?post=127"}],"version-history":[{"count":15,"href":"https:\/\/hallux-valgus-nice.fr\/it\/wp-json\/wp\/v2\/pages\/127\/revisions"}],"predecessor-version":[{"id":1318,"href":"https:\/\/hallux-valgus-nice.fr\/it\/wp-json\/wp\/v2\/pages\/127\/revisions\/1318"}],"wp:attachment":[{"href":"https:\/\/hallux-valgus-nice.fr\/it\/wp-json\/wp\/v2\/media?parent=127"}],"curies":[{"name":"wp","href":"https:\/\/api.w.org\/{rel}","templated":true}]}}