{"id":433,"date":"2019-06-04T10:59:15","date_gmt":"2019-06-04T08:59:15","guid":{"rendered":"http:\/\/nextnet.fr\/wp30\/?page_id=433"},"modified":"2021-01-15T19:25:54","modified_gmt":"2021-01-15T18:25:54","slug":"chirurgie-percutanee-pied-nice","status":"publish","type":"page","link":"https:\/\/hallux-valgus-nice.fr\/it\/chirurgie-percutanee-pied-nice\/","title":{"rendered":"Chirurgia percutanea e minimamente invasiva"},"content":{"rendered":"[et_pb_section fb_built=\u00a0\u00bb1&Prime; _builder_version=\u00a0\u00bb3.22.3&Prime; custom_padding=\u00a0\u00bb54px|0px|100px|0px|false|false\u00a0\u00bb locked=\u00a0\u00bboff\u00a0\u00bb][et_pb_row _builder_version=\u00a0\u00bb3.23.3&Prime;][et_pb_column type=\u00a0\u00bb4_4&Prime; _builder_version=\u00a0\u00bb3.23.3&Prime;][et_pb_text _builder_version=\u00a0\u00bb3.23.3&Prime; text_font=\u00a0\u00bb||||||||\u00a0\u00bb text_font_size=\u00a0\u00bb70px\u00a0\u00bb text_letter_spacing=\u00a0\u00bb3px\u00a0\u00bb text_line_height=\u00a0\u00bb1.75em\u00a0\u00bb header_font=\u00a0\u00bb||||||||\u00a0\u00bb custom_padding=\u00a0\u00bb|||||\u00a0\u00bb text_line_height_tablet=\u00a0\u00bb1em\u00a0\u00bb text_line_height_last_edited=\u00a0\u00bbon|tablet\u00a0\u00bb]<p style=\"text-align: center;\">La chirurgie percutan\u00e9e Nice<\/p>[\/et_pb_text][\/et_pb_column][\/et_pb_row][et_pb_row _builder_version=\u00a0\u00bb3.23.3&Prime;][et_pb_column type=\u00a0\u00bb3_5&Prime; _builder_version=\u00a0\u00bb3.23.3&Prime;][et_pb_text _builder_version=\u00a0\u00bb3.23.3&Prime;]<p>\u00e9duire l\u2019incision, limiter l\u2019agression cutan\u00e9e, simplifier les suites op\u00e9ratoires ont constamment \u00e9t\u00e9 une obsession en chirurgie, notamment orthop\u00e9dique. Gr\u00e2ce aux avanc\u00e9es technologiques (cam\u00e9ras et optiques arthroscopiques par exemple ), au d\u00e9veloppement d\u2019instrumentations sp\u00e9cifiques et \u00e0 l\u2019am\u00e9lioration des pratiques chirurgicales, la chirurgie percutan\u00e9e et mini invasive est devenue possible pour beaucoup d\u2019interventions. (chirurgie main, \u00e9paule , genou \u2026)<\/p>\n<p>La chirurgie du pied, \u00e0 l\u2019instar des autres sp\u00e9cialit\u00e9s chirurgicales n\u2019a de cesse de profiter des derni\u00e8res innovations technologiques pour s\u2019enrichir et progresser dans la voie d\u2019un abord aussi minime que possible, d\u2019autant plus que pour cette chirurgie, une composante esth\u00e9tique non n\u00e9gligeable est \u00e0 prendre en consid\u00e9ration.<\/p>\n<p>La chirurgie percutan\u00e9e et\u00a0 mini invasive du pied n\u2019est pas r\u00e9cente, en effet, elle fut pratiqu\u00e9e dans les ann\u00e9es 40 aux \u00e9tats unis par le docteur Morton M. POLOKOFF, qui est consid\u00e9r\u00e9 comme un pionnier dans ce domaine ainsi que dans la chirurgie ambulatoire du pied. Il s\u2019est servi notamment d\u2019 instruments utilis\u00e9s jusque l\u00e0 pour la chirurgie nasale ( rhinoplastie ) pour \u00e9liminer des exostoses du pied.<br \/> Plus tard, ses techniques ont \u00e9t\u00e9 pratiqu\u00e9es et am\u00e9lior\u00e9es notamment par les podiatres aux \u00e9tats unis, et c\u2019est en grande partie gr\u00e2ce au docteur Mariano DEL PRADO (en Espagne ) que ce type de chirurgie a \u00e9t\u00e9 import\u00e9 puis diffus\u00e9 en Europe.<\/p>[\/et_pb_text][et_pb_text _builder_version=\u00a0\u00bb3.23.3&Prime;]<p>Evidemment , la chirurgie percutan\u00e9e et mini invasive du pied n\u2019est pas une simple \u00bb miniaturisation \u00bb des techniques chirurgicales dites \u00bb conventionnelles \u00bb , elle n\u00e9cessite du mat\u00e9riel et des \u00e9quipements sp\u00e9cifiques (mini bistouris, fraises sp\u00e9cifiques, amplificateur de brillance ), ainsi qu\u2019une parfaite maitrise de la part du chirurgien ( protocoles op\u00e9ratoires et post op\u00e9ratoires rigoureux, courbe d\u2019apprentissage .. ) Son avanc\u00e9e ces derni\u00e8res ann\u00e9es l\u2019a rendue quasiment incontournable dans les propositions th\u00e9rapeutiques destin\u00e9es \u00e0 la correction de l\u2019hallux valgus.<\/p>[\/et_pb_text][\/et_pb_column][et_pb_column type=\u00a0\u00bb2_5&Prime; _builder_version=\u00a0\u00bb3.23.3&Prime;][et_pb_image src=\u00a0\u00bbhttp:\/\/hallux-valgus-nice.fr\/wp-content\/uploads\/2019\/06\/mini-1.png\u00a0\u00bb _builder_version=\u00a0\u00bb3.23.3&Prime;][\/et_pb_image][et_pb_image src=\u00a0\u00bbhttp:\/\/hallux-valgus-nice.fr\/wp-content\/uploads\/2019\/06\/mini_invasif_2.jpg\u00a0\u00bb _builder_version=\u00a0\u00bb3.23.3&Prime;][\/et_pb_image][\/et_pb_column][\/et_pb_row][et_pb_row _builder_version=\u00a0\u00bb3.23.3&Prime;][et_pb_column type=\u00a0\u00bb4_4&Prime; _builder_version=\u00a0\u00bb3.23.3&Prime;][et_pb_text _builder_version=\u00a0\u00bb3.23.3&Prime; text_font=\u00a0\u00bb||||||||\u00a0\u00bb]<h1 style=\"text-align: center;\"><strong>Pr\u00e9sentation : La chirurgie percutan\u00e9e et mini-invasive de l\u2019hallux valgus<\/strong><\/h1>[\/et_pb_text][et_pb_video src=\u00a0\u00bbhttps:\/\/www.youtube.com\/watch?v=knNcvnrxztk\u00a0\u00bb _builder_version=\u00a0\u00bb3.23.3&Prime;][\/et_pb_video][\/et_pb_column][\/et_pb_row][et_pb_row _builder_version=\u00a0\u00bb3.23.3&Prime;][et_pb_column type=\u00a0\u00bb1_2&Prime; _builder_version=\u00a0\u00bb3.23.3&Prime;][et_pb_text _builder_version=\u00a0\u00bb3.23.3&Prime;]<h1><strong>\u00a0Fast Track<\/strong><\/h1>\n<p><strong>Que signifie le \u00a0\u00bb Fast track\u00a0\u00bb ?<\/strong><\/p>\n<p>En savoir plus : <a href=\"http:\/\/hallux-valgus-nice.fr\/it\/wp-content\/uploads\/2017\/09\/Fast-Track.pdf\/\">Fast-Track.pdf<\/a><\/p>\n<p><strong>Quelles sont les causes de l\u2019hallux valgus ?<\/strong><\/p>\n<p>En savoir plus : <a title=\"Fast-Track-Hallux-P1.pdf\" href=\"http:\/\/hallux-valgus-nice.fr\/it\/wp-content\/uploads\/2017\/09\/Fast-Track-Hallux-P1-bis.pdf\/\">Fast-Track-Hallux-P1-bis.pdf<\/a><\/p>\n<p><strong>Quelles en sont les cons\u00e9quences au quotidien ?<\/strong><\/p>\n<p>En savoir plus :<a href=\"http:\/\/hallux-valgus-nice.fr\/it\/wp-content\/uploads\/2017\/09\/Fast-Track-Hallux-P2-bis.pdf\/\"> Fast-Track-Hallux-P2-bis.pdf<\/a><\/p>\n<p><strong>La prise en charge de l\u2019hallux valgus<\/strong><\/p>\n<p>En savoir plus :<a href=\"http:\/\/hallux-valgus-nice.fr\/it\/wp-content\/uploads\/2017\/10\/Becquet-chirurgie-main-rhizome-fast-track-version-mai-2017-001.jpg\/\">\u00a0Rhizome-fast-track-version-mai-2017-001.pdf<\/a><\/p>\n<p><strong>Quel type d\u2019hospitalisation faut-il privil\u00e9gier\u00a0?<\/strong><\/p>\n<p>En savoir plus :\u00a0<a title=\"Rhizome-fast-track-version-mai-2017-002.jpg\" href=\"http:\/\/hallux-valgus-nice.fr\/it\/wp-content\/uploads\/2017\/10\/Becquet-chirurgie-main-rhizome-fast-track-version-mai-2017-002.jpg\/\">Rhizome-fast-track-version-mai-2017-002.pdf<\/a><\/p>\n<p>&nbsp;<\/p>[\/et_pb_text][\/et_pb_column][et_pb_column type=\u00a0\u00bb1_2&Prime; _builder_version=\u00a0\u00bb3.23.3&Prime;][et_pb_text _builder_version=\u00a0\u00bb3.23.3&Prime;]<h1><strong>Newsletter :<\/strong><\/h1>\n<p><strong><\/strong><\/p>\n<p><strong>Les progr\u00e8s de la chirurgie de l\u2019hallux valgus gr\u00e2ce \u00e0 la Chirurgie Mini Invasive (CMI) :<\/strong><\/p>\n<p>En savoir plus : <a href=\"http:\/\/hallux-valgus-nice.fr\/it\/wp-content\/uploads\/2017\/09\/CHIRURGIE-MAIN-PIED-NICE-BECQUET-newsletter01_cmi-bis-reactualisee-mai-2017.pdf\/\">Newsletter 1<\/a><\/p>\n<p><strong>Le diffuseur antalgique dans la chirurgie ambulatoire de l\u2019hallux valgus :<\/strong><\/p>\n<p>En savoir plus : <a href=\"http:\/\/hallux-valgus-nice.fr\/it\/wp-content\/uploads\/2017\/09\/CHIRURGIE-MAIN-PIED-NICE-BECQUET-newsletter02_diffuseur-bis-reactualisee-mai-2017.pdf\/\">Newsletter 2<\/a><\/p>\n<p><strong>Quand est-il n\u00e9cessaire de se faire op\u00e9rer ? :<\/strong><\/p>\n<p>En savoir plus : <a href=\"http:\/\/hallux-valgus-nice.fr\/it\/wp-content\/uploads\/2017\/09\/CHIRURGIE-MAIN-PIED-NICE-BECQUET-newsletter03_reponses-bis-reactualisee-mai-2017.pdf\/\">Newsletter 3<\/a><\/p>\n<p><strong>5 Avanc\u00e9es qui changent la prise en charge de l\u2019hallux valgus :<\/strong><\/p>\n<p>En savoir plus : <a href=\"http:\/\/hallux-valgus-nice.fr\/it\/wp-content\/uploads\/2017\/09\/CHIRURGIE-MAIN-PIED-NICE-BECQUET-newsletter04-bis-reactualisee-mai-2017.pdf\/\">Newsletter 4<\/a><\/p>\n<p><strong>Optimiser la r\u00e9cup\u00e9ration post-op\u00e9ratoire d\u2019une chirurgie de l\u2019hallux valgus :<\/strong><\/p>\n<p>En savoir plus : <a href=\"http:\/\/hallux-valgus-nice.fr\/it\/wp-content\/uploads\/2017\/09\/CHIRURGIE-MAIN-PIED-NICE-BECQUET-newsletter05-bis-reactualisee-mai-2017.pdf\/\">Newsletter 5<\/a><\/p>[\/et_pb_text][\/et_pb_column][\/et_pb_row][\/et_pb_section]","protected":false},"excerpt":{"rendered":"<p>La chirurgie percutan\u00e9e Nice\u00e9duire l\u2019incision, limiter l\u2019agression cutan\u00e9e, simplifier les suites op\u00e9ratoires ont constamment \u00e9t\u00e9 une obsession en chirurgie, notamment orthop\u00e9dique. Gr\u00e2ce aux avanc\u00e9es technologiques (cam\u00e9ras et optiques arthroscopiques par exemple ), au d\u00e9veloppement d\u2019instrumentations sp\u00e9cifiques et \u00e0 l\u2019am\u00e9lioration des pratiques chirurgicales, la chirurgie percutan\u00e9e et mini invasive est devenue possible pour beaucoup d\u2019interventions. (chirurgie [&hellip;]<\/p>","protected":false},"author":1,"featured_media":0,"parent":0,"menu_order":0,"comment_status":"closed","ping_status":"closed","template":"","meta":{"_et_pb_use_builder":"on","_et_pb_old_content":"","_et_gb_content_width":""},"yoast_head":"<!-- This site is optimized with the Yoast SEO plugin v18.1 - https:\/\/yoast.com\/wordpress\/plugins\/seo\/ -->\n<title>Chirurgie percutan\u00e9e Nice | Chirurgie du Pied Nice | Hallux Vagus Nice<\/title>\n<meta name=\"description\" content=\"Dr Becquet | Chirurgien du Pied \u00e0 Nice. Informations sur la chirurgie percutan\u00e9e Nice | Hallux Valgus Nice. Info TEL: 04 93 169 169.\" \/>\n<meta name=\"robots\" content=\"index, follow, max-snippet:-1, max-image-preview:large, max-video-preview:-1\" \/>\n<link rel=\"canonical\" href=\"https:\/\/hallux-valgus-nice.fr\/it\/chirurgie-percutanee-pied-nice\/\" \/>\n<meta property=\"og:locale\" content=\"it_IT\" \/>\n<meta property=\"og:type\" content=\"article\" \/>\n<meta property=\"og:title\" content=\"Chirurgie percutan\u00e9e Nice | Chirurgie du Pied Nice | Hallux Vagus Nice\" \/>\n<meta property=\"og:description\" content=\"Dr Becquet | Chirurgien du Pied \u00e0 Nice. Informations sur la chirurgie percutan\u00e9e Nice | Hallux Valgus Nice. Info TEL: 04 93 169 169.\" \/>\n<meta property=\"og:url\" content=\"https:\/\/hallux-valgus-nice.fr\/it\/chirurgie-percutanee-pied-nice\/\" \/>\n<meta property=\"og:site_name\" content=\"Hallux Valgus Nice | Chirurgie pied Nice\" \/>\n<meta property=\"article:modified_time\" content=\"2021-01-15T18:25:54+00:00\" \/>\n<meta name=\"twitter:card\" content=\"summary_large_image\" \/>\n<meta name=\"twitter:label1\" content=\"Tempo di lettura stimato\" \/>\n\t<meta name=\"twitter:data1\" content=\"4 minuti\" \/>\n<script type=\"application\/ld+json\" class=\"yoast-schema-graph\">{\"@context\":\"https:\/\/schema.org\",\"@graph\":[{\"@type\":\"WebSite\",\"@id\":\"https:\/\/hallux-valgus-nice.fr\/#website\",\"url\":\"https:\/\/hallux-valgus-nice.fr\/\",\"name\":\"Hallux Valgus Nice | Chirurgie pied Nice\",\"description\":\"Docteur Eddy BECQUET | Chirurgien du pied et de la main \u00e0 Nice\",\"potentialAction\":[{\"@type\":\"SearchAction\",\"target\":{\"@type\":\"EntryPoint\",\"urlTemplate\":\"https:\/\/hallux-valgus-nice.fr\/?s={search_term_string}\"},\"query-input\":\"required name=search_term_string\"}],\"inLanguage\":\"it-IT\"},{\"@type\":\"WebPage\",\"@id\":\"https:\/\/hallux-valgus-nice.fr\/chirurgie-percutanee-pied-nice\/#webpage\",\"url\":\"https:\/\/hallux-valgus-nice.fr\/chirurgie-percutanee-pied-nice\/\",\"name\":\"Chirurgie percutan\u00e9e Nice | Chirurgie du Pied Nice | Hallux Vagus Nice\",\"isPartOf\":{\"@id\":\"https:\/\/hallux-valgus-nice.fr\/#website\"},\"datePublished\":\"2019-06-04T08:59:15+00:00\",\"dateModified\":\"2021-01-15T18:25:54+00:00\",\"description\":\"Dr Becquet | Chirurgien du Pied \u00e0 Nice. Informations sur la chirurgie percutan\u00e9e Nice | Hallux Valgus Nice. Info TEL: 04 93 169 169.\",\"breadcrumb\":{\"@id\":\"https:\/\/hallux-valgus-nice.fr\/chirurgie-percutanee-pied-nice\/#breadcrumb\"},\"inLanguage\":\"it-IT\",\"potentialAction\":[{\"@type\":\"ReadAction\",\"target\":[\"https:\/\/hallux-valgus-nice.fr\/chirurgie-percutanee-pied-nice\/\"]}]},{\"@type\":\"BreadcrumbList\",\"@id\":\"https:\/\/hallux-valgus-nice.fr\/chirurgie-percutanee-pied-nice\/#breadcrumb\",\"itemListElement\":[{\"@type\":\"ListItem\",\"position\":1,\"name\":\"Accueil\",\"item\":\"https:\/\/hallux-valgus-nice.fr\/\"},{\"@type\":\"ListItem\",\"position\":2,\"name\":\"La chirurgie percutan\u00e9e et mini-invasive\"}]}]}<\/script>\n<!-- \/ Yoast SEO plugin. -->","yoast_head_json":{"title":"Chirurgie percutan\u00e9e Nice | Chirurgie du Pied Nice | Hallux Vagus Nice","description":"Dr Becquet | Chirurgien du Pied \u00e0 Nice. Informations sur la chirurgie percutan\u00e9e Nice | Hallux Valgus Nice. Info TEL: 04 93 169 169.","robots":{"index":"index","follow":"follow","max-snippet":"max-snippet:-1","max-image-preview":"max-image-preview:large","max-video-preview":"max-video-preview:-1"},"canonical":"https:\/\/hallux-valgus-nice.fr\/it\/chirurgie-percutanee-pied-nice\/","og_locale":"it_IT","og_type":"article","og_title":"Chirurgie percutan\u00e9e Nice | Chirurgie du Pied Nice | Hallux Vagus Nice","og_description":"Dr Becquet | Chirurgien du Pied \u00e0 Nice. Informations sur la chirurgie percutan\u00e9e Nice | Hallux Valgus Nice. Info TEL: 04 93 169 169.","og_url":"https:\/\/hallux-valgus-nice.fr\/it\/chirurgie-percutanee-pied-nice\/","og_site_name":"Hallux Valgus Nice | Chirurgie pied Nice","article_modified_time":"2021-01-15T18:25:54+00:00","twitter_card":"summary_large_image","twitter_misc":{"Tempo di lettura stimato":"4 minuti"},"schema":{"@context":"https:\/\/schema.org","@graph":[{"@type":"WebSite","@id":"https:\/\/hallux-valgus-nice.fr\/#website","url":"https:\/\/hallux-valgus-nice.fr\/","name":"Hallux Valgus Nice | Chirurgie pied Nice","description":"Docteur Eddy BECQUET | Chirurgien du pied et de la main \u00e0 Nice","potentialAction":[{"@type":"SearchAction","target":{"@type":"EntryPoint","urlTemplate":"https:\/\/hallux-valgus-nice.fr\/?s={search_term_string}"},"query-input":"required name=search_term_string"}],"inLanguage":"it-IT"},{"@type":"WebPage","@id":"https:\/\/hallux-valgus-nice.fr\/chirurgie-percutanee-pied-nice\/#webpage","url":"https:\/\/hallux-valgus-nice.fr\/chirurgie-percutanee-pied-nice\/","name":"Chirurgie percutan\u00e9e Nice | Chirurgie du Pied Nice | Hallux Vagus Nice","isPartOf":{"@id":"https:\/\/hallux-valgus-nice.fr\/#website"},"datePublished":"2019-06-04T08:59:15+00:00","dateModified":"2021-01-15T18:25:54+00:00","description":"Dr Becquet | Chirurgien du Pied \u00e0 Nice. Informations sur la chirurgie percutan\u00e9e Nice | Hallux Valgus Nice. Info TEL: 04 93 169 169.","breadcrumb":{"@id":"https:\/\/hallux-valgus-nice.fr\/chirurgie-percutanee-pied-nice\/#breadcrumb"},"inLanguage":"it-IT","potentialAction":[{"@type":"ReadAction","target":["https:\/\/hallux-valgus-nice.fr\/chirurgie-percutanee-pied-nice\/"]}]},{"@type":"BreadcrumbList","@id":"https:\/\/hallux-valgus-nice.fr\/chirurgie-percutanee-pied-nice\/#breadcrumb","itemListElement":[{"@type":"ListItem","position":1,"name":"Accueil","item":"https:\/\/hallux-valgus-nice.fr\/"},{"@type":"ListItem","position":2,"name":"La chirurgie percutan\u00e9e et mini-invasive"}]}]}},"_links":{"self":[{"href":"https:\/\/hallux-valgus-nice.fr\/it\/wp-json\/wp\/v2\/pages\/433"}],"collection":[{"href":"https:\/\/hallux-valgus-nice.fr\/it\/wp-json\/wp\/v2\/pages"}],"about":[{"href":"https:\/\/hallux-valgus-nice.fr\/it\/wp-json\/wp\/v2\/types\/page"}],"author":[{"embeddable":true,"href":"https:\/\/hallux-valgus-nice.fr\/it\/wp-json\/wp\/v2\/users\/1"}],"replies":[{"embeddable":true,"href":"https:\/\/hallux-valgus-nice.fr\/it\/wp-json\/wp\/v2\/comments?post=433"}],"version-history":[{"count":17,"href":"https:\/\/hallux-valgus-nice.fr\/it\/wp-json\/wp\/v2\/pages\/433\/revisions"}],"predecessor-version":[{"id":1301,"href":"https:\/\/hallux-valgus-nice.fr\/it\/wp-json\/wp\/v2\/pages\/433\/revisions\/1301"}],"wp:attachment":[{"href":"https:\/\/hallux-valgus-nice.fr\/it\/wp-json\/wp\/v2\/media?parent=433"}],"curies":[{"name":"wp","href":"https:\/\/api.w.org\/{rel}","templated":true}]}}